{"id":110607,"date":"2024-06-21T09:51:48","date_gmt":"2024-06-21T08:51:48","guid":{"rendered":"https:\/\/kayak-innovations.com\/?page_id=110607"},"modified":"2025-07-17T09:13:02","modified_gmt":"2025-07-17T08:13:02","slug":"kundenmeinungen","status":"publish","type":"page","link":"https:\/\/kayak-innovations.com\/en\/kundenmeinungen\/","title":{"rendered":"Kundenmeinungen"},"content":{"rendered":"<p>[et_pb_section fb_built=&#8220;1&#8243; custom_padding_last_edited=&#8220;on|tablet&#8220; next_background_color=&#8220;#ffffff&#8220; _builder_version=&#8220;4.27.4&#8243; _module_preset=&#8220;default&#8220; background_color=&#8220;#4996D1&#8243; background_enable_image=&#8220;off&#8220; custom_margin=&#8220;0px|0px|0px|0px|false|false&#8220; custom_padding=&#8220;100px|0px|100px|0px|false|false&#8220; custom_padding_tablet=&#8220;60px|0px|80px|0px|false|false&#8220; custom_padding_phone=&#8220;40px|0px|40px|0px|false|false&#8220; bottom_divider_style=&#8220;asymmetric&#8220; bottom_divider_height=&#8220;40px&#8220; bottom_divider_flip=&#8220;vertical&#8220; bottom_divider_height_tablet=&#8220;20px&#8220; bottom_divider_height_phone=&#8220;20px&#8220; bottom_divider_height_last_edited=&#8220;on|tablet&#8220; hover_enabled=&#8220;0&#8243; saved_tabs=&#8220;all&#8220; locked=&#8220;off&#8220; global_colors_info=&#8220;{}&#8220; sticky_enabled=&#8220;0&#8243;][et_pb_row _builder_version=&#8220;4.20.4&#8243; _module_preset=&#8220;default&#8220; width=&#8220;70%&#8220; width_tablet=&#8220;80%&#8220; width_phone=&#8220;80%&#8220; width_last_edited=&#8220;on|phone&#8220; max_width=&#8220;none&#8220; module_alignment=&#8220;center&#8220; custom_margin=&#8220;0px|0px|0px|0px|false|false&#8220; custom_padding=&#8220;0px|0px|0px|0px|false|false&#8220; saved_tabs=&#8220;all&#8220; global_colors_info=&#8220;{}&#8220;][et_pb_column type=&#8220;4_4&#8243; _builder_version=&#8220;4.19.5&#8243; _module_preset=&#8220;default&#8220; custom_padding=&#8220;0px||0px||false|false&#8220; global_colors_info=&#8220;{}&#8220;][et_pb_text _builder_version=&#8220;4.25.1&#8243; _module_preset=&#8220;default&#8220; header_font_size=&#8220;40px&#8220; custom_margin=&#8220;0px||0px||false|false&#8220; custom_padding=&#8220;0px||0px||false|false&#8220; animation_direction=&#8220;left&#8220; scroll_horizontal_motion=&#8220;0|80|80|100|-4|0|0&#8243; scroll_blur=&#8220;0|15|15|26|10|0|0&#8243; text_font_size_tablet=&#8220;&#8220; text_font_size_phone=&#8220;&#8220; text_font_size_last_edited=&#8220;on|desktop&#8220; header_font_size_phone=&#8220;32px&#8220; border_color_bottom=&#8220;#FFFFFF&#8220; global_colors_info=&#8220;{}&#8220;]<\/p>\n<h1>Das sagen unsere Kunden:<\/h1>\n<p>[\/et_pb_text][\/et_pb_column][\/et_pb_row][\/et_pb_section][et_pb_section fb_built=&#8220;1&#8243; _builder_version=&#8220;4.25.1&#8243; _module_preset=&#8220;default&#8220; global_colors_info=&#8220;{}&#8220;][et_pb_row _builder_version=&#8220;4.25.1&#8243; _module_preset=&#8220;default&#8220; global_colors_info=&#8220;{}&#8220;][et_pb_column type=&#8220;4_4&#8243; _builder_version=&#8220;4.25.1&#8243; _module_preset=&#8220;default&#8220; global_colors_info=&#8220;{}&#8220;][et_pb_testimonial author=&#8220;Familie Krippner&#8220; portrait_url=&#8220;https:\/\/kayak-innovations.com\/wp-content\/uploads\/2024\/06\/Familienabenteuer_800x800.jpg&#8220; _builder_version=&#8220;4.25.1&#8243; _module_preset=&#8220;default&#8220; body_font=&#8220;Square_Roman||||||||&#8220; global_colors_info=&#8220;{}&#8220;]<\/p>\n<p>Wir sind eine Camper-Familie, die es liebt, mit dem Wohnmobil auch mal spontan am Wochenende wegzufahren. Unsere Jungs sind gern und viel drau\u00dfen unterwegs und so haben wir uns sehr gefreut, zwei NATSEQs testen zu d\u00fcrfen. Das Auseinandernehmen in jeweils vier Module ist bei unserem Wohnmobil die einzige M\u00f6glichkeit, Kajaks mitzunehmen. Die Dachlast reicht f\u00fcr zwei Tandems nicht aus.<br \/>Der Zusammenbau ist schnell und unkompliziert und wir haben die Zeit zu viert auf dem Wasser mehr als geno\u00dfen. Die Kajaks sind stabil, kippen nicht und haben sehr viel Stauraum. Man kann sogar ein Zelt f\u00fcr uns vier mitnehmen.<br \/>Mittlerweile haben wir selbst zwei Tandem-NATSEQs und sind auch ohne Wohnmobil spontan auf dem Wasser unterwegs. Einfach Freitagabend lospaddeln und schauen, wohin uns das Wasser tr\u00e4gt. Das ist Freiheit, Abenteuer und Entspannung \u2013\u00a0Was will man mehr?<\/p>\n<p>[\/et_pb_testimonial][et_pb_gallery gallery_ids=&#8220;110603,110491,110621,110622,110623,110624,110625,111030,111029,111028&#8243; show_title_and_caption=&#8220;off&#8220; _builder_version=&#8220;4.25.1&#8243; _module_preset=&#8220;default&#8220; box_shadow_style_image=&#8220;preset3&#8243; global_colors_info=&#8220;{}&#8220;][\/et_pb_gallery][\/et_pb_column][\/et_pb_row][et_pb_row _builder_version=&#8220;4.25.1&#8243; _module_preset=&#8220;default&#8220; global_colors_info=&#8220;{}&#8220;][et_pb_column type=&#8220;4_4&#8243; _builder_version=&#8220;4.25.1&#8243; _module_preset=&#8220;default&#8220; global_colors_info=&#8220;{}&#8220;][et_pb_testimonial author=&#8220;Tabea S.&#8220; portrait_url=&#8220;https:\/\/kayak-innovations.com\/wp-content\/uploads\/2024\/06\/Weiher_800x800.jpg&#8220; _builder_version=&#8220;4.25.1&#8243; _module_preset=&#8220;default&#8220; body_font=&#8220;Square_Roman||||||||&#8220; global_colors_info=&#8220;{}&#8220;]<\/p>\n<p>Ich war zun\u00e4chst ziemlich skeptisch, wie es sich anf\u00fchlen w\u00fcrde, in einem Kajak zu sitzen. Das hatte ich vorher noch nie ausprobiert. Aber ich wurde sehr positiv \u00fcberrascht! Die Module lassen sich auch als Frau gut tragen und das Zusammenstecken geht wirklich total leicht.<br \/>W\u00e4hrend des Paddelns hatte ich ein gutes Gef\u00fchl, es hat nicht gewackelt und ich hatte auch keine Angst zu kippen. Ein Erlebnis, das ich gern wiederholen werde.<\/p>\n<p>[\/et_pb_testimonial][et_pb_gallery gallery_ids=&#8220;110632,110628,110629,110630,110631&#8243; show_title_and_caption=&#8220;off&#8220; _builder_version=&#8220;4.25.1&#8243; _module_preset=&#8220;default&#8220; box_shadow_style_image=&#8220;preset3&#8243; global_colors_info=&#8220;{}&#8220;][\/et_pb_gallery][\/et_pb_column][\/et_pb_row][et_pb_row _builder_version=&#8220;4.25.1&#8243; _module_preset=&#8220;default&#8220; global_colors_info=&#8220;{}&#8220;][et_pb_column type=&#8220;4_4&#8243; _builder_version=&#8220;4.25.1&#8243; _module_preset=&#8220;default&#8220; global_colors_info=&#8220;{}&#8220;][et_pb_testimonial author=&#8220;Silke F.&#8220; portrait_url=&#8220;https:\/\/kayak-innovations.com\/wp-content\/uploads\/2024\/06\/Hund_800x800.jpg&#8220; _builder_version=&#8220;4.25.1&#8243; _module_preset=&#8220;default&#8220; body_font=&#8220;Square_Roman||||||||&#8220; global_colors_info=&#8220;{}&#8220;]<\/p>\n<p>Bei einer Reise \u201eBayerische Seen\u201c (mit den Kajakhelden) hatte ich die Gelegenheit mit meinem Hund Sam das NATSEQ kennenzulernen. Wir paddelten in einem Solo, erweitert um einem Packer. Der Packer bietet dem Hund gen\u00fcgend Platz um sich auch gem\u00fctlich hinzulegen. Da man seinen Hund gerne im Auge hat, ist es etwas gew\u00f6hnungsbed\u00fcrftig, dass der Hund hinter einem sitzt. Es hat aber prima geklappt und Sam hat mich beim Paddeln nicht in meinen Bewegungen eingeschr\u00e4nkt. Und er, als wasserscheuer Hund wurde nicht nass \ud83d\ude09. Das NATSEQ l\u00e4sst sich auf Seen super fahren. Wird die Fahrt auf einem schnelleren Gew\u00e4sser mal etwas spritziger, bleiben Hund und Packer zuhause und man f\u00e4hrt einen k\u00fcrzeren Einer. Die Modulbauweise macht das Boot sehr flexibel. Da das NATSEQ f\u00fcr mich und Hund aus 4 Einzelteilen besteht, l\u00e4sst es sich auch alleine gut H\u00e4ndeln bzw. transpotieren.<\/p>\n<p>[\/et_pb_testimonial][et_pb_gallery gallery_ids=&#8220;110641,110642,110643,110644,110645&#8243; show_title_and_caption=&#8220;off&#8220; _builder_version=&#8220;4.25.1&#8243; _module_preset=&#8220;default&#8220; box_shadow_style_image=&#8220;preset3&#8243; global_colors_info=&#8220;{}&#8220;][\/et_pb_gallery][\/et_pb_column][\/et_pb_row][et_pb_row _builder_version=&#8220;4.25.1&#8243; _module_preset=&#8220;default&#8220; global_colors_info=&#8220;{}&#8220;][et_pb_column type=&#8220;4_4&#8243; _builder_version=&#8220;4.25.1&#8243; _module_preset=&#8220;default&#8220; global_colors_info=&#8220;{}&#8220;][et_pb_testimonial portrait_url=&#8220;https:\/\/kayak-innovations.com\/wp-content\/uploads\/2024\/06\/IMG-20240609-WA0023.jpg&#8220; _builder_version=&#8220;4.25.1&#8243; _module_preset=&#8220;default&#8220; body_font=&#8220;Square_Roman||||||||&#8220; global_colors_info=&#8220;{}&#8220;]<\/p>\n<p>Wir pers\u00f6nlich lieben die Schnelligkeit mit der man auf dem Wasser ist. Mit dem SUP oder Schlauchboot mussten wir immer erstmal pumpen&#8230; Unser NATSEQ nehmen wir vom Camperdach und zack direkt aufs Wasser. Seit wir dieses Kajak haben, wagen wir uns auch auf Fl\u00fcsse damit weil wir uns darin sicher f\u00fchlen. Unsere allererste Tour war auf dem Wesel-Dattel-Kanal wo uns gro\u00dfe Lastk\u00e4hne entgegenkamen. Leichtes Popowackeln, das war alles. Unser Wuffi Filou liebt es auch. Er sitzt schon beim Transport ans Wasser mit im Cockpit und ist dabei v\u00f6llig relaxed. Wenn wir mit unserem Minicamper unterwegs sind, f\u00e4hrt unser NATSEQ &#8222;Urmeline&#8220; auf dem Dachtr\u00e4ger mit. Freunde von uns transportieren ihr NATSEQ im VW Caddy wenn sie zum Campen fahren, das klappt auch gut. Fazit: Das einfache handling von einem sicheren aber nicht tr\u00e4gen Kajak sprechen wirklich f\u00fcr das NATSEQ.<\/p>\n<p><strong class=\"et_pb_testimonial_author et-fb-editable-element et-fb-editable-element__editing\" contenteditable=\"true\" data-shortcode-id=\"2.2.0.0-1719567311598\" data-quickaccess-id=\"author\" data-quickaccess-order=\"1\">Anja von Minicamper Alldays<\/strong><\/p>\n<p>[\/et_pb_testimonial][et_pb_gallery gallery_ids=&#8220;110836,110865,110867,110866,110835,110834,110825,110829&#8243; show_title_and_caption=&#8220;off&#8220; _builder_version=&#8220;4.25.1&#8243; _module_preset=&#8220;default&#8220; box_shadow_style_image=&#8220;preset3&#8243; locked=&#8220;off&#8220; global_colors_info=&#8220;{}&#8220;][\/et_pb_gallery][\/et_pb_column][\/et_pb_row][\/et_pb_section]<\/p>\n","protected":false},"excerpt":{"rendered":"<p>Das sagen unsere Kunden:Wir sind eine Camper-Familie, die es liebt, mit dem Wohnmobil auch mal spontan am Wochenende wegzufahren. Unsere Jungs sind gern und viel drau\u00dfen unterwegs und so haben wir uns sehr gefreut, zwei NATSEQs testen zu d\u00fcrfen. Das Auseinandernehmen in jeweils vier Module ist bei unserem Wohnmobil die einzige M\u00f6glichkeit, Kajaks mitzunehmen. Die [&hellip;]<\/p>\n","protected":false},"author":20,"featured_media":0,"parent":0,"menu_order":0,"comment_status":"closed","ping_status":"closed","template":"","meta":{"_et_pb_use_builder":"on","_et_pb_old_content":"<!-- wp:divi\/placeholder \/-->","_et_gb_content_width":"","footnotes":""},"class_list":["post-110607","page","type-page","status-publish","hentry"],"yoast_head":"<!-- This site is optimized with the Yoast SEO plugin v27.4 - https:\/\/yoast.com\/product\/yoast-seo-wordpress\/ -->\n<title>Kundenmeinungen - KAYAK INNOVATIONS<\/title>\n<meta name=\"robots\" content=\"index, follow, max-snippet:-1, max-image-preview:large, max-video-preview:-1\" \/>\n<link rel=\"canonical\" href=\"https:\/\/kayak-innovations.com\/en\/kundenmeinungen\/\" \/>\n<meta property=\"og:locale\" content=\"en_GB\" \/>\n<meta property=\"og:type\" content=\"article\" \/>\n<meta property=\"og:title\" content=\"Kundenmeinungen - KAYAK INNOVATIONS\" \/>\n<meta property=\"og:description\" content=\"Das sagen unsere Kunden:Wir sind eine Camper-Familie, die es liebt, mit dem Wohnmobil auch mal spontan am Wochenende wegzufahren. Unsere Jungs sind gern und viel drau\u00dfen unterwegs und so haben wir uns sehr gefreut, zwei NATSEQs testen zu d\u00fcrfen. Das Auseinandernehmen in jeweils vier Module ist bei unserem Wohnmobil die einzige M\u00f6glichkeit, Kajaks mitzunehmen. Die [&hellip;]\" \/>\n<meta property=\"og:url\" content=\"https:\/\/kayak-innovations.com\/en\/kundenmeinungen\/\" \/>\n<meta property=\"og:site_name\" content=\"KAYAK INNOVATIONS\" \/>\n<meta property=\"article:publisher\" content=\"https:\/\/www.facebook.com\/NATSEQ-108045581073906\" \/>\n<meta property=\"article:modified_time\" content=\"2025-07-17T08:13:02+00:00\" \/>\n<meta name=\"twitter:card\" content=\"summary_large_image\" \/>\n<meta name=\"twitter:label1\" content=\"Estimated reading time\" \/>\n\t<meta name=\"twitter:data1\" content=\"9 minutes\" \/>\n<script type=\"application\/ld+json\" class=\"yoast-schema-graph\">{\"@context\":\"https:\\\/\\\/schema.org\",\"@graph\":[{\"@type\":\"WebPage\",\"@id\":\"https:\\\/\\\/kayak-innovations.com\\\/kundenmeinungen\\\/\",\"url\":\"https:\\\/\\\/kayak-innovations.com\\\/kundenmeinungen\\\/\",\"name\":\"Kundenmeinungen - KAYAK INNOVATIONS\",\"isPartOf\":{\"@id\":\"https:\\\/\\\/kayak-innovations.com\\\/#website\"},\"datePublished\":\"2024-06-21T08:51:48+00:00\",\"dateModified\":\"2025-07-17T08:13:02+00:00\",\"breadcrumb\":{\"@id\":\"https:\\\/\\\/kayak-innovations.com\\\/kundenmeinungen\\\/#breadcrumb\"},\"inLanguage\":\"en-GB\",\"potentialAction\":[{\"@type\":\"ReadAction\",\"target\":[\"https:\\\/\\\/kayak-innovations.com\\\/kundenmeinungen\\\/\"]}]},{\"@type\":\"BreadcrumbList\",\"@id\":\"https:\\\/\\\/kayak-innovations.com\\\/kundenmeinungen\\\/#breadcrumb\",\"itemListElement\":[{\"@type\":\"ListItem\",\"position\":1,\"name\":\"Startseite\",\"item\":\"https:\\\/\\\/kayak-innovations.com\\\/\"},{\"@type\":\"ListItem\",\"position\":2,\"name\":\"Kundenmeinungen\"}]},{\"@type\":\"WebSite\",\"@id\":\"https:\\\/\\\/kayak-innovations.com\\\/#website\",\"url\":\"https:\\\/\\\/kayak-innovations.com\\\/\",\"name\":\"KAYAK INNOVATIONS\",\"description\":\"Modulares Kajakdesign\",\"publisher\":{\"@id\":\"https:\\\/\\\/kayak-innovations.com\\\/#organization\"},\"potentialAction\":[{\"@type\":\"SearchAction\",\"target\":{\"@type\":\"EntryPoint\",\"urlTemplate\":\"https:\\\/\\\/kayak-innovations.com\\\/?s={search_term_string}\"},\"query-input\":{\"@type\":\"PropertyValueSpecification\",\"valueRequired\":true,\"valueName\":\"search_term_string\"}}],\"inLanguage\":\"en-GB\"},{\"@type\":\"Organization\",\"@id\":\"https:\\\/\\\/kayak-innovations.com\\\/#organization\",\"name\":\"KAYAK INNOVATIONS\",\"url\":\"https:\\\/\\\/kayak-innovations.com\\\/\",\"logo\":{\"@type\":\"ImageObject\",\"inLanguage\":\"en-GB\",\"@id\":\"https:\\\/\\\/kayak-innovations.com\\\/#\\\/schema\\\/logo\\\/image\\\/\",\"url\":\"https:\\\/\\\/kayak-innovations.com\\\/wp-content\\\/uploads\\\/2023\\\/03\\\/Logo_Kayak_Innovations.png\",\"contentUrl\":\"https:\\\/\\\/kayak-innovations.com\\\/wp-content\\\/uploads\\\/2023\\\/03\\\/Logo_Kayak_Innovations.png\",\"width\":640,\"height\":132,\"caption\":\"KAYAK INNOVATIONS\"},\"image\":{\"@id\":\"https:\\\/\\\/kayak-innovations.com\\\/#\\\/schema\\\/logo\\\/image\\\/\"},\"sameAs\":[\"https:\\\/\\\/www.facebook.com\\\/NATSEQ-108045581073906\",\"https:\\\/\\\/www.instagram.com\\\/kayak.innovations\\\/\"]}]}<\/script>\n<!-- \/ Yoast SEO plugin. -->","yoast_head_json":{"title":"Kundenmeinungen - KAYAK INNOVATIONS","robots":{"index":"index","follow":"follow","max-snippet":"max-snippet:-1","max-image-preview":"max-image-preview:large","max-video-preview":"max-video-preview:-1"},"canonical":"https:\/\/kayak-innovations.com\/en\/kundenmeinungen\/","og_locale":"en_GB","og_type":"article","og_title":"Kundenmeinungen - KAYAK INNOVATIONS","og_description":"Das sagen unsere Kunden:Wir sind eine Camper-Familie, die es liebt, mit dem Wohnmobil auch mal spontan am Wochenende wegzufahren. Unsere Jungs sind gern und viel drau\u00dfen unterwegs und so haben wir uns sehr gefreut, zwei NATSEQs testen zu d\u00fcrfen. Das Auseinandernehmen in jeweils vier Module ist bei unserem Wohnmobil die einzige M\u00f6glichkeit, Kajaks mitzunehmen. Die [&hellip;]","og_url":"https:\/\/kayak-innovations.com\/en\/kundenmeinungen\/","og_site_name":"KAYAK INNOVATIONS","article_publisher":"https:\/\/www.facebook.com\/NATSEQ-108045581073906","article_modified_time":"2025-07-17T08:13:02+00:00","twitter_card":"summary_large_image","twitter_misc":{"Estimated reading time":"9 minutes"},"schema":{"@context":"https:\/\/schema.org","@graph":[{"@type":"WebPage","@id":"https:\/\/kayak-innovations.com\/kundenmeinungen\/","url":"https:\/\/kayak-innovations.com\/kundenmeinungen\/","name":"Kundenmeinungen - KAYAK INNOVATIONS","isPartOf":{"@id":"https:\/\/kayak-innovations.com\/#website"},"datePublished":"2024-06-21T08:51:48+00:00","dateModified":"2025-07-17T08:13:02+00:00","breadcrumb":{"@id":"https:\/\/kayak-innovations.com\/kundenmeinungen\/#breadcrumb"},"inLanguage":"en-GB","potentialAction":[{"@type":"ReadAction","target":["https:\/\/kayak-innovations.com\/kundenmeinungen\/"]}]},{"@type":"BreadcrumbList","@id":"https:\/\/kayak-innovations.com\/kundenmeinungen\/#breadcrumb","itemListElement":[{"@type":"ListItem","position":1,"name":"Startseite","item":"https:\/\/kayak-innovations.com\/"},{"@type":"ListItem","position":2,"name":"Kundenmeinungen"}]},{"@type":"WebSite","@id":"https:\/\/kayak-innovations.com\/#website","url":"https:\/\/kayak-innovations.com\/","name":"KAYAK INNOVATIONS","description":"Modular kayak design","publisher":{"@id":"https:\/\/kayak-innovations.com\/#organization"},"potentialAction":[{"@type":"SearchAction","target":{"@type":"EntryPoint","urlTemplate":"https:\/\/kayak-innovations.com\/?s={search_term_string}"},"query-input":{"@type":"PropertyValueSpecification","valueRequired":true,"valueName":"search_term_string"}}],"inLanguage":"en-GB"},{"@type":"Organization","@id":"https:\/\/kayak-innovations.com\/#organization","name":"KAYAK INNOVATIONS","url":"https:\/\/kayak-innovations.com\/","logo":{"@type":"ImageObject","inLanguage":"en-GB","@id":"https:\/\/kayak-innovations.com\/#\/schema\/logo\/image\/","url":"https:\/\/kayak-innovations.com\/wp-content\/uploads\/2023\/03\/Logo_Kayak_Innovations.png","contentUrl":"https:\/\/kayak-innovations.com\/wp-content\/uploads\/2023\/03\/Logo_Kayak_Innovations.png","width":640,"height":132,"caption":"KAYAK INNOVATIONS"},"image":{"@id":"https:\/\/kayak-innovations.com\/#\/schema\/logo\/image\/"},"sameAs":["https:\/\/www.facebook.com\/NATSEQ-108045581073906","https:\/\/www.instagram.com\/kayak.innovations\/"]}]}},"_links":{"self":[{"href":"https:\/\/kayak-innovations.com\/en\/wp-json\/wp\/v2\/pages\/110607","targetHints":{"allow":["GET"]}}],"collection":[{"href":"https:\/\/kayak-innovations.com\/en\/wp-json\/wp\/v2\/pages"}],"about":[{"href":"https:\/\/kayak-innovations.com\/en\/wp-json\/wp\/v2\/types\/page"}],"author":[{"embeddable":true,"href":"https:\/\/kayak-innovations.com\/en\/wp-json\/wp\/v2\/users\/20"}],"replies":[{"embeddable":true,"href":"https:\/\/kayak-innovations.com\/en\/wp-json\/wp\/v2\/comments?post=110607"}],"version-history":[{"count":7,"href":"https:\/\/kayak-innovations.com\/en\/wp-json\/wp\/v2\/pages\/110607\/revisions"}],"predecessor-version":[{"id":114453,"href":"https:\/\/kayak-innovations.com\/en\/wp-json\/wp\/v2\/pages\/110607\/revisions\/114453"}],"wp:attachment":[{"href":"https:\/\/kayak-innovations.com\/en\/wp-json\/wp\/v2\/media?parent=110607"}],"curies":[{"name":"wp","href":"https:\/\/api.w.org\/{rel}","templated":true}]}}