{"id":113886,"date":"2025-11-05T08:50:48","date_gmt":"2025-11-05T07:50:48","guid":{"rendered":"https:\/\/kayak-innovations.com\/?page_id=113886"},"modified":"2025-11-18T16:37:10","modified_gmt":"2025-11-18T15:37:10","slug":"natseq-trolley","status":"publish","type":"page","link":"https:\/\/kayak-innovations.com\/en\/natseq-trolley\/","title":{"rendered":"LP Trolley"},"content":{"rendered":"<p>[et_pb_section fb_built=&#8220;1&#8243; disabled_on=&#8220;on|on|on&#8220; _builder_version=&#8220;4.27.4&#8243; _module_preset=&#8220;default&#8220; background_color=&#8220;#FFFFFF&#8220; z_index=&#8220;9999&#8243; custom_margin=&#8220;0px||0px||false|false&#8220; custom_padding=&#8220;0px||0px||false|false&#8220; bottom_divider_color=&#8220;#FFFFFF&#8220; bottom_divider_height=&#8220;20px&#8220; bottom_divider_arrangement=&#8220;above_content&#8220; sticky_position=&#8220;top&#8220; disabled=&#8220;on&#8220; global_colors_info=&#8220;{}&#8220;][et_pb_row custom_padding_last_edited=&#8220;on|phone&#8220; _builder_version=&#8220;4.27.4&#8243; _module_preset=&#8220;default&#8220; max_width=&#8220;none&#8220; module_alignment=&#8220;center&#8220; custom_padding=&#8220;10px||10px||true|false&#8220; custom_padding_tablet=&#8220;20px||20px||true|false&#8220; custom_padding_phone=&#8220;20px||20px||true|false&#8220; global_colors_info=&#8220;{}&#8220;][et_pb_column type=&#8220;4_4&#8243; _builder_version=&#8220;4.27.4&#8243; _module_preset=&#8220;default&#8220; global_colors_info=&#8220;{}&#8220;][et_pb_menu submenu_direction=&#8220;downwards&#8220; active_link_color=&#8220;#4996D1&#8243; logo=&#8220;https:\/\/kayak-innovations.com\/wp-content\/uploads\/2023\/03\/Logo_Kayak_Innovations.png&#8220; logo_url=&#8220;@ET-DC@eyJkeW5hbWljIjp0cnVlLCJjb250ZW50IjoiaG9tZV91cmwiLCJzZXR0aW5ncyI6e319@&#8220; logo_width=&#8220;20%&#8220; show_cart_icon=&#8220;on&#8220; show_cart_quantity=&#8220;on&#8220; show_search_icon=&#8220;on&#8220; cart_icon_color=&#8220;#383939&#8243; search_icon_color=&#8220;#383939&#8243; menu_icon_color=&#8220;#383939&#8243; cart_icon_font_size=&#8220;16px&#8220; search_icon_font_size=&#8220;16px&#8220; logo_width_tablet=&#8220;40%&#8220; logo_width_phone=&#8220;45%&#8220; logo_width_last_edited=&#8220;on|desktop&#8220; _builder_version=&#8220;4.27.4&#8243; _dynamic_attributes=&#8220;logo_url&#8220; _module_preset=&#8220;default&#8220; menu_font=&#8220;Square_Roman||||||||&#8220; menu_text_color=&#8220;#383939&#8243; menu_font_size=&#8220;18px&#8220; menu_line_height=&#8220;1.6em&#8220; cart_quantity_font=&#8220;Square_Roman||||||||&#8220; custom_margin=&#8220;0px||0px||false|false&#8220; custom_padding=&#8220;0px||0px||false|false&#8220; menu_font_size_tablet=&#8220;18px&#8220; menu_font_size_phone=&#8220;16px&#8220; menu_font_size_last_edited=&#8220;on|desktop&#8220; global_colors_info=&#8220;{}&#8220; menu_font_size__hover_enabled=&#8220;off|desktop&#8220; menu_font_size__sticky_enabled=&#8220;on|desktop&#8220; menu_font_size__sticky=&#8220;16px&#8220; menu_line_height__sticky_enabled=&#8220;on|sticky&#8220; menu_line_height__sticky=&#8220;1.4em&#8220;][\/et_pb_menu][\/et_pb_column][\/et_pb_row][\/et_pb_section][et_pb_section fb_built=&#8220;1&#8243; custom_padding_last_edited=&#8220;on|phone&#8220; module_id=&#8220;1&#8243; _builder_version=&#8220;4.27.4&#8243; _module_preset=&#8220;default&#8220; background_color=&#8220;#FFFFFF&#8220; module_alignment=&#8220;center&#8220; custom_margin=&#8220;0px||0px||false|false&#8220; custom_padding=&#8220;0px||60px||false|false&#8220; custom_padding_tablet=&#8220;40px||40px||false|false&#8220; custom_padding_phone=&#8220;40px||40px||false|false&#8220; top_divider_height=&#8220;20px&#8220; top_divider_flip=&#8220;horizontal&#8220; top_divider_arrangement=&#8220;above_content&#8220; top_divider_style_tablet=&#8220;wave2&#8243; top_divider_style_phone=&#8220;none&#8220; top_divider_style_last_edited=&#8220;off|desktop&#8220; saved_tabs=&#8220;all&#8220; global_colors_info=&#8220;{}&#8220;][et_pb_row _builder_version=&#8220;4.27.4&#8243; _module_preset=&#8220;default&#8220; width=&#8220;100%&#8220; width_tablet=&#8220;80%&#8220; width_phone=&#8220;&#8220; width_last_edited=&#8220;on|desktop&#8220; max_width=&#8220;1552px&#8220; max_width_tablet=&#8220;1425%&#8220; max_width_phone=&#8220;&#8220; max_width_last_edited=&#8220;on|phone&#8220; max_height=&#8220;1000px&#8220; custom_margin=&#8220;20px||0px||false|false&#8220; custom_padding=&#8220;0px||0px||false|false&#8220; collapsed=&#8220;off&#8220; global_colors_info=&#8220;{}&#8220;][et_pb_column type=&#8220;4_4&#8243; _builder_version=&#8220;4.27.4&#8243; _module_preset=&#8220;default&#8220; global_colors_info=&#8220;{}&#8220;][et_pb_code disabled_on=&#8220;on|on|off&#8220; _builder_version=&#8220;4.27.4&#8243; _module_preset=&#8220;default&#8220; custom_margin=&#8220;0px||0px||false|false&#8220; custom_padding=&#8220;0px||0px||false|false&#8220; global_colors_info=&#8220;{}&#8220;]<video autoplay muted loop playsinline style=\"width:100%; height:auto;\" id=\"meinVideo\"><!-- [et_pb_line_break_holder] --><source src=\"\/wp-content\/uploads\/2025\/09\/Kajakwagen_Montage_kurz-Gross-540p.mp4\" type=\"video\/mp4\"><!-- [et_pb_line_break_holder] --><\/video>[\/et_pb_code][\/et_pb_column][\/et_pb_row][et_pb_row column_structure=&#8220;1_2,1_2&#8243; use_custom_gutter=&#8220;on&#8220; make_equal=&#8220;on&#8220; custom_padding_last_edited=&#8220;on|tablet&#8220; _builder_version=&#8220;4.27.4&#8243; _module_preset=&#8220;default&#8220; width_tablet=&#8220;80%&#8220; width_phone=&#8220;80%&#8220; width_last_edited=&#8220;on|phone&#8220; max_width=&#8220;none&#8220; module_alignment=&#8220;center&#8220; custom_margin=&#8220;40px|0px|0px|0px|false|false&#8220; custom_padding=&#8220;0px|0px|0px|0px|false|false&#8220; custom_padding_tablet=&#8220;0px|0px|0px|0px|false|false&#8220; custom_padding_phone=&#8220;|0px||0%|false|false&#8220; module_alignment_tablet=&#8220;center&#8220; module_alignment_phone=&#8220;center&#8220; module_alignment_last_edited=&#8220;on|phone&#8220; custom_css_main_element=&#8220;display:flex;||flex-wrap: wrap;&#8220; global_colors_info=&#8220;{}&#8220; custom_css_main_element_last_edited=&#8220;off|desktop&#8220; custom_css_main_element_tablet=&#8220;display:block;&#8220; custom_css_main_element_phone=&#8220;display:block;&#8220;][et_pb_column type=&#8220;1_2&#8243; _builder_version=&#8220;4.21.0&#8243; _module_preset=&#8220;default&#8220; background_enable_color=&#8220;off&#8220; custom_padding=&#8220;||||false|false&#8220; custom_css_main_element=&#8220;order:1;&#8220; global_colors_info=&#8220;{}&#8220; custom_css_main_element_last_edited=&#8220;on|desktop&#8220; custom_css_main_element_tablet=&#8220;order:2;&#8220; custom_css_main_element_phone=&#8220;order:2;&#8220;][et_pb_text _builder_version=&#8220;4.27.4&#8243; _module_preset=&#8220;default&#8220; header_text_color=&#8220;#383939&#8243; header_2_text_color=&#8220;#383939&#8243; text_font_size_tablet=&#8220;&#8220; text_font_size_phone=&#8220;&#8220; text_font_size_last_edited=&#8220;on|desktop&#8220; global_colors_info=&#8220;{}&#8220;]<\/p>\n<h3><strong>Der NATSEQ-Trolley<\/strong><\/h3>\n<h4><strong>Leicht. Einfache Montage. Perfekt.<\/strong><\/h4>\n<p>Dieser Kajakwagen wurde eigens f\u00fcr das NATSEQ entwickelt. Die Passform ist perfekt auf das Solo-Cockpit abgestimmt. <br \/>Mit diesem Trolley k\u00f6nnt ihr euer NATSEQ optimal transportieren. Auf dem Wasser kann er in der Bugluke vollst\u00e4ndig verstaut werden. Mit wenigen Handgriffen ist unser Kajakwagen zusammen- bzw. auseinandergebaut, was ihn super leicht zu transportieren macht.<\/p>\n<ul>\n<li class=\"p1\">Werkzeugfreie Montage<\/li>\n<li class=\"p1\">Keine Spanngurte oder \u00e4hnliches erforderlich<\/li>\n<li class=\"p1\">Passt dank derselben Geometrie unserer patentierten Steckverbindung perfekt unter das Solo-Cockpit<\/li>\n<li class=\"p1\">In Sekunden montiert und zerlegt<\/li>\n<li class=\"p1\">Transport im Bug oder Heck<\/li>\n<li class=\"p1\">Gewicht: &lt; 1kg<\/li>\n<\/ul>\n<p>&nbsp;<\/p>\n<p>[\/et_pb_text][et_pb_button button_url=&#8220;@ET-DC@eyJkeW5hbWljIjp0cnVlLCJjb250ZW50IjoicG9zdF9saW5rX3VybF9wcm9kdWN0Iiwic2V0dGluZ3MiOnsicG9zdF9pZCI6IjExMzY2NyJ9fQ==@&#8220; button_text=&#8220;Jetzt kaufen.&#8220; _builder_version=&#8220;4.27.4&#8243; _dynamic_attributes=&#8220;button_url&#8220; _module_preset=&#8220;default&#8220; custom_button=&#8220;on&#8220; button_text_color=&#8220;#FFFFFF&#8220; button_bg_color=&#8220;#222222&#8243; button_font=&#8220;Square _Light||||||||&#8220; button_use_icon=&#8220;off&#8220; custom_padding=&#8220;2px|33px|2px|33px|true|true&#8220; global_colors_info=&#8220;{}&#8220;][\/et_pb_button][\/et_pb_column][et_pb_column type=&#8220;1_2&#8243; _builder_version=&#8220;4.21.0&#8243; _module_preset=&#8220;default&#8220; background_enable_color=&#8220;off&#8220; background_enable_image=&#8220;off&#8220; custom_padding=&#8220;||||false|false&#8220; custom_css_main_element=&#8220;order:2;&#8220; global_colors_info=&#8220;{}&#8220; custom_css_main_element_last_edited=&#8220;on|phone&#8220; custom_css_main_element_phone=&#8220;order:1;&#8220; custom_css_main_element_tablet=&#8220;order:1;&#8220;][et_pb_gallery gallery_ids=&#8220;114009,114010,113674,113673,113672,113671,113669,113668&#8243; fullwidth=&#8220;on&#8220; _builder_version=&#8220;4.27.4&#8243; _module_preset=&#8220;default&#8220; pagination_text_color=&#8220;#222222&#8243; global_colors_info=&#8220;{}&#8220;][\/et_pb_gallery][\/et_pb_column][\/et_pb_row][\/et_pb_section]<\/p>\n","protected":false},"excerpt":{"rendered":"<p>Der NATSEQ-Trolley Leicht. Einfache Montage. Perfekt. Dieser Kajakwagen wurde eigens f\u00fcr das NATSEQ entwickelt. Die Passform ist perfekt auf das Solo-Cockpit abgestimmt. Mit diesem Trolley k\u00f6nnt ihr euer NATSEQ optimal transportieren. Auf dem Wasser kann er in der Bugluke vollst\u00e4ndig verstaut werden. Mit wenigen Handgriffen ist unser Kajakwagen zusammen- bzw. auseinandergebaut, was ihn super leicht [&hellip;]<\/p>\n","protected":false},"author":20,"featured_media":0,"parent":0,"menu_order":0,"comment_status":"closed","ping_status":"closed","template":"","meta":{"_et_pb_use_builder":"on","_et_pb_old_content":"[et_pb_section fb_built=\"1\" custom_padding_last_edited=\"on|phone\" module_id=\"1\" _builder_version=\"4.27.4\" _module_preset=\"default\" background_color=\"#FFFFFF\" module_alignment=\"center\" custom_padding=\"40px||60px||false|false\" custom_padding_tablet=\"40px||40px||false|false\" custom_padding_phone=\"40px||40px||false|false\" top_divider_height=\"20px\" top_divider_flip=\"horizontal\" top_divider_arrangement=\"above_content\" top_divider_style_tablet=\"wave2\" top_divider_style_phone=\"none\" top_divider_style_last_edited=\"off|desktop\" hover_enabled=\"0\" saved_tabs=\"all\" global_colors_info=\"{}\" custom_margin=\"0px||0px||false|false\" sticky_enabled=\"0\"][et_pb_row _builder_version=\"4.27.4\" _module_preset=\"default\" custom_margin=\"20px||0px||false|false\" custom_padding=\"0px||0px||false|false\" hover_enabled=\"0\" collapsed=\"off\" global_colors_info=\"{}\" sticky_enabled=\"0\"][et_pb_column type=\"4_4\" _builder_version=\"4.27.4\" _module_preset=\"default\" global_colors_info=\"{}\"][et_pb_slider show_arrows=\"off\" show_pagination=\"off\" _builder_version=\"4.27.4\" _module_preset=\"default\" height=\"685px\" height_tablet=\"300px\" height_phone=\"300px\" height_last_edited=\"on|desktop\" max_height=\"685px\" hover_enabled=\"0\" global_colors_info=\"{}\" min_height_last_edited=\"on|desktop\" sticky_enabled=\"0\"][et_pb_slide admin_title=\"Header_Blackforestgreen\" _builder_version=\"4.27.4\" _module_preset=\"default\" background_color=\"RGBA(255,255,255,0)\" background_enable_color=\"on\" background_video_webm=\"https:\/\/kayak-innovations.com\/wp-content\/uploads\/2025\/11\/Blackforest-LP_Header.mp4\" background_enable_video_webm=\"on\" global_colors_info=\"{}\" sticky_transition=\"on\"][\/et_pb_slide][\/et_pb_slider][\/et_pb_column][\/et_pb_row][et_pb_row column_structure=\"1_2,1_2\" use_custom_gutter=\"on\" make_equal=\"on\" custom_padding_last_edited=\"on|tablet\" _builder_version=\"4.27.4\" _module_preset=\"default\" width_tablet=\"80%\" width_phone=\"80%\" width_last_edited=\"on|phone\" max_width=\"none\" module_alignment=\"center\" custom_margin=\"40px|0px|0px|0px|false|false\" custom_padding=\"0px|0px|0px|0px|false|false\" custom_padding_tablet=\"0px|0px|0px|0px|false|false\" custom_padding_phone=\"|0px||0%|false|false\" module_alignment_tablet=\"center\" module_alignment_phone=\"center\" module_alignment_last_edited=\"on|phone\" custom_css_main_element=\"display:flex;||flex-wrap: wrap;\" global_colors_info=\"{}\" custom_css_main_element_last_edited=\"off|desktop\" custom_css_main_element_tablet=\"display:block;\" custom_css_main_element_phone=\"display:block;\"][et_pb_column type=\"1_2\" _builder_version=\"4.21.0\" _module_preset=\"default\" background_enable_color=\"off\" custom_padding=\"||||false|false\" custom_css_main_element=\"order:1;\" global_colors_info=\"{}\" custom_css_main_element_last_edited=\"on|desktop\" custom_css_main_element_tablet=\"order:2;\" custom_css_main_element_phone=\"order:2;\"][et_pb_text _builder_version=\"4.27.4\" _module_preset=\"default\" header_text_color=\"#383939\" header_2_text_color=\"#383939\" hover_enabled=\"0\" text_font_size_tablet=\"\" text_font_size_phone=\"\" text_font_size_last_edited=\"on|desktop\" global_colors_info=\"{}\" sticky_enabled=\"0\"]\r\n<h3><strong>AKTION<\/strong><\/h3>\r\n<h4><strong>15 Komplettpakete in der neuen Farbe<\/strong><\/h4>\r\n\u00a0\r\n\r\nBei unserer neue Farbe Blackforestgreen haben wir uns von der Natur inspirieren lassen. Zur Einf\u00fchrung haben wir 15 Sets f\u00fcr euch zusammengestellt: inkl. Original Steueranlage, Spritzdecken und Paddel zum Aktionspreis. Ihr spart 15% im Vergleich zu den Einzelprodukten.\r\n<p style=\"box-sizing: border-box; margin: 0px; padding: 0px 0px 1em; border: 0px; outline: 0px; font-size: 18px; vertical-align: baseline; background: #ffffff; color: #383939; font-family: Square_Roman, Helvetica, Arial, Lucida, sans-serif; font-variant-ligatures: normal; orphans: 2; widows: 2; text-decoration-thickness: initial; text-decoration-style: initial; text-decoration-color: initial;\">Von diesen Rundum-Sorglos-Paketen gibt es 10 Solos und 5 Tandem. Schnell sein, lohnt sich also.<\/p>\r\n[\/et_pb_text][et_pb_button button_url=\"@ET-DC@eyJkeW5hbWljIjp0cnVlLCJjb250ZW50IjoicG9zdF9saW5rX3VybF9wcm9kdWN0Iiwic2V0dGluZ3MiOnsicG9zdF9pZCI6IjExMzg2MCJ9fQ==@\" button_text=\"Zum Solo-Set\" _builder_version=\"4.27.4\" _dynamic_attributes=\"button_url\" _module_preset=\"default\" custom_button=\"on\" button_text_color=\"#FFFFFF\" button_bg_color=\"#222222\" button_font=\"Square _Light||||||||\" button_use_icon=\"off\" custom_padding=\"2px|33px|2px|33px|true|true\" global_colors_info=\"{}\"][\/et_pb_button][et_pb_button button_text=\"Zum Tandem-Set\" _builder_version=\"4.27.4\" _module_preset=\"default\" custom_button=\"on\" button_text_color=\"#FFFFFF\" button_bg_color=\"#222222\" button_font=\"Square_Roman||||||||\" button_use_icon=\"off\" custom_padding=\"2px|24px|2px|24px|true|true\" custom_padding_tablet=\"2px|24px|2px|24px|true|true\" custom_padding_phone=\"2px|24px|2px|24px|true|true\" custom_padding_last_edited=\"on|phone\" hover_enabled=\"0\" global_colors_info=\"{}\" button_url=\"@ET-DC@eyJkeW5hbWljIjp0cnVlLCJjb250ZW50IjoicG9zdF9saW5rX3VybF9wcm9kdWN0Iiwic2V0dGluZ3MiOnsicG9zdF9pZCI6IjExMzg1MSJ9fQ==@\" _dynamic_attributes=\"button_url\" button_bg_enable_color=\"on\" sticky_enabled=\"0\"][\/et_pb_button][et_pb_text _builder_version=\"4.27.4\" _module_preset=\"default\" hover_enabled=\"0\" global_colors_info=\"{}\" sticky_enabled=\"0\"]\r\n\r\nDie Aktion gilt nur solange der Vorrat reicht.\r\n\r\n[\/et_pb_text][\/et_pb_column][et_pb_column type=\"1_2\" _builder_version=\"4.21.0\" _module_preset=\"default\" background_enable_color=\"off\" background_enable_image=\"off\" custom_padding=\"||||false|false\" custom_css_main_element=\"order:2;\" global_colors_info=\"{}\" custom_css_main_element_last_edited=\"on|phone\" custom_css_main_element_phone=\"order:1;\" custom_css_main_element_tablet=\"order:1;\"][et_pb_image src=\"https:\/\/kayak-innovations.com\/wp-content\/uploads\/2025\/11\/Abstract-Special-Offer-Announcement-Free-Facebook-Post.png\" title_text=\"Abstract Special Offer Announcement Free Facebook Post\" _builder_version=\"4.27.4\" _module_preset=\"default\" hover_enabled=\"0\" global_colors_info=\"{}\" sticky_enabled=\"0\"][\/et_pb_image][\/et_pb_column][\/et_pb_row][\/et_pb_section]","_et_gb_content_width":"","footnotes":""},"class_list":["post-113886","page","type-page","status-publish","hentry"],"yoast_head":"<!-- This site is optimized with the Yoast SEO plugin v27.1.1 - https:\/\/yoast.com\/product\/yoast-seo-wordpress\/ -->\n<title>LP Trolley - KAYAK INNOVATIONS<\/title>\n<meta name=\"robots\" content=\"index, follow, max-snippet:-1, max-image-preview:large, max-video-preview:-1\" \/>\n<link rel=\"canonical\" href=\"https:\/\/kayak-innovations.com\/en\/natseq-trolley\/\" \/>\n<meta property=\"og:locale\" content=\"en_GB\" \/>\n<meta property=\"og:type\" content=\"article\" \/>\n<meta property=\"og:title\" content=\"LP Trolley - KAYAK INNOVATIONS\" \/>\n<meta property=\"og:description\" content=\"Der NATSEQ-Trolley Leicht. Einfache Montage. Perfekt. Dieser Kajakwagen wurde eigens f\u00fcr das NATSEQ entwickelt. Die Passform ist perfekt auf das Solo-Cockpit abgestimmt. Mit diesem Trolley k\u00f6nnt ihr euer NATSEQ optimal transportieren. Auf dem Wasser kann er in der Bugluke vollst\u00e4ndig verstaut werden. Mit wenigen Handgriffen ist unser Kajakwagen zusammen- bzw. auseinandergebaut, was ihn super leicht [&hellip;]\" \/>\n<meta property=\"og:url\" content=\"https:\/\/kayak-innovations.com\/en\/natseq-trolley\/\" \/>\n<meta property=\"og:site_name\" content=\"KAYAK INNOVATIONS\" \/>\n<meta property=\"article:publisher\" content=\"https:\/\/www.facebook.com\/NATSEQ-108045581073906\" \/>\n<meta property=\"article:modified_time\" content=\"2025-11-18T15:37:10+00:00\" \/>\n<meta name=\"twitter:card\" content=\"summary_large_image\" \/>\n<meta name=\"twitter:label1\" content=\"Estimated reading time\" \/>\n\t<meta name=\"twitter:data1\" content=\"3 minutes\" \/>\n<script type=\"application\/ld+json\" class=\"yoast-schema-graph\">{\"@context\":\"https:\/\/schema.org\",\"@graph\":[{\"@type\":\"WebPage\",\"@id\":\"https:\/\/kayak-innovations.com\/natseq-trolley\/\",\"url\":\"https:\/\/kayak-innovations.com\/natseq-trolley\/\",\"name\":\"LP Trolley - KAYAK INNOVATIONS\",\"isPartOf\":{\"@id\":\"https:\/\/kayak-innovations.com\/#website\"},\"datePublished\":\"2025-11-05T07:50:48+00:00\",\"dateModified\":\"2025-11-18T15:37:10+00:00\",\"breadcrumb\":{\"@id\":\"https:\/\/kayak-innovations.com\/natseq-trolley\/#breadcrumb\"},\"inLanguage\":\"en-GB\",\"potentialAction\":[{\"@type\":\"ReadAction\",\"target\":[\"https:\/\/kayak-innovations.com\/natseq-trolley\/\"]}]},{\"@type\":\"BreadcrumbList\",\"@id\":\"https:\/\/kayak-innovations.com\/natseq-trolley\/#breadcrumb\",\"itemListElement\":[{\"@type\":\"ListItem\",\"position\":1,\"name\":\"Startseite\",\"item\":\"https:\/\/kayak-innovations.com\/\"},{\"@type\":\"ListItem\",\"position\":2,\"name\":\"LP Trolley\"}]},{\"@type\":\"WebSite\",\"@id\":\"https:\/\/kayak-innovations.com\/#website\",\"url\":\"https:\/\/kayak-innovations.com\/\",\"name\":\"KAYAK INNOVATIONS\",\"description\":\"Modulares Kajakdesign\",\"publisher\":{\"@id\":\"https:\/\/kayak-innovations.com\/#organization\"},\"potentialAction\":[{\"@type\":\"SearchAction\",\"target\":{\"@type\":\"EntryPoint\",\"urlTemplate\":\"https:\/\/kayak-innovations.com\/?s={search_term_string}\"},\"query-input\":{\"@type\":\"PropertyValueSpecification\",\"valueRequired\":true,\"valueName\":\"search_term_string\"}}],\"inLanguage\":\"en-GB\"},{\"@type\":\"Organization\",\"@id\":\"https:\/\/kayak-innovations.com\/#organization\",\"name\":\"KAYAK INNOVATIONS\",\"url\":\"https:\/\/kayak-innovations.com\/\",\"logo\":{\"@type\":\"ImageObject\",\"inLanguage\":\"en-GB\",\"@id\":\"https:\/\/kayak-innovations.com\/#\/schema\/logo\/image\/\",\"url\":\"https:\/\/kayak-innovations.com\/wp-content\/uploads\/2023\/03\/Logo_Kayak_Innovations.png\",\"contentUrl\":\"https:\/\/kayak-innovations.com\/wp-content\/uploads\/2023\/03\/Logo_Kayak_Innovations.png\",\"width\":640,\"height\":132,\"caption\":\"KAYAK INNOVATIONS\"},\"image\":{\"@id\":\"https:\/\/kayak-innovations.com\/#\/schema\/logo\/image\/\"},\"sameAs\":[\"https:\/\/www.facebook.com\/NATSEQ-108045581073906\",\"https:\/\/www.instagram.com\/kayak.innovations\/\"]}]}<\/script>\n<!-- \/ Yoast SEO plugin. -->","yoast_head_json":{"title":"LP Trolley - KAYAK INNOVATIONS","robots":{"index":"index","follow":"follow","max-snippet":"max-snippet:-1","max-image-preview":"max-image-preview:large","max-video-preview":"max-video-preview:-1"},"canonical":"https:\/\/kayak-innovations.com\/en\/natseq-trolley\/","og_locale":"en_GB","og_type":"article","og_title":"LP Trolley - KAYAK INNOVATIONS","og_description":"Der NATSEQ-Trolley Leicht. Einfache Montage. Perfekt. Dieser Kajakwagen wurde eigens f\u00fcr das NATSEQ entwickelt. Die Passform ist perfekt auf das Solo-Cockpit abgestimmt. Mit diesem Trolley k\u00f6nnt ihr euer NATSEQ optimal transportieren. Auf dem Wasser kann er in der Bugluke vollst\u00e4ndig verstaut werden. Mit wenigen Handgriffen ist unser Kajakwagen zusammen- bzw. auseinandergebaut, was ihn super leicht [&hellip;]","og_url":"https:\/\/kayak-innovations.com\/en\/natseq-trolley\/","og_site_name":"KAYAK INNOVATIONS","article_publisher":"https:\/\/www.facebook.com\/NATSEQ-108045581073906","article_modified_time":"2025-11-18T15:37:10+00:00","twitter_card":"summary_large_image","twitter_misc":{"Estimated reading time":"3 minutes"},"schema":{"@context":"https:\/\/schema.org","@graph":[{"@type":"WebPage","@id":"https:\/\/kayak-innovations.com\/natseq-trolley\/","url":"https:\/\/kayak-innovations.com\/natseq-trolley\/","name":"LP Trolley - KAYAK INNOVATIONS","isPartOf":{"@id":"https:\/\/kayak-innovations.com\/#website"},"datePublished":"2025-11-05T07:50:48+00:00","dateModified":"2025-11-18T15:37:10+00:00","breadcrumb":{"@id":"https:\/\/kayak-innovations.com\/natseq-trolley\/#breadcrumb"},"inLanguage":"en-GB","potentialAction":[{"@type":"ReadAction","target":["https:\/\/kayak-innovations.com\/natseq-trolley\/"]}]},{"@type":"BreadcrumbList","@id":"https:\/\/kayak-innovations.com\/natseq-trolley\/#breadcrumb","itemListElement":[{"@type":"ListItem","position":1,"name":"Startseite","item":"https:\/\/kayak-innovations.com\/"},{"@type":"ListItem","position":2,"name":"LP Trolley"}]},{"@type":"WebSite","@id":"https:\/\/kayak-innovations.com\/#website","url":"https:\/\/kayak-innovations.com\/","name":"KAYAK INNOVATIONS","description":"Modular kayak design","publisher":{"@id":"https:\/\/kayak-innovations.com\/#organization"},"potentialAction":[{"@type":"SearchAction","target":{"@type":"EntryPoint","urlTemplate":"https:\/\/kayak-innovations.com\/?s={search_term_string}"},"query-input":{"@type":"PropertyValueSpecification","valueRequired":true,"valueName":"search_term_string"}}],"inLanguage":"en-GB"},{"@type":"Organization","@id":"https:\/\/kayak-innovations.com\/#organization","name":"KAYAK INNOVATIONS","url":"https:\/\/kayak-innovations.com\/","logo":{"@type":"ImageObject","inLanguage":"en-GB","@id":"https:\/\/kayak-innovations.com\/#\/schema\/logo\/image\/","url":"https:\/\/kayak-innovations.com\/wp-content\/uploads\/2023\/03\/Logo_Kayak_Innovations.png","contentUrl":"https:\/\/kayak-innovations.com\/wp-content\/uploads\/2023\/03\/Logo_Kayak_Innovations.png","width":640,"height":132,"caption":"KAYAK INNOVATIONS"},"image":{"@id":"https:\/\/kayak-innovations.com\/#\/schema\/logo\/image\/"},"sameAs":["https:\/\/www.facebook.com\/NATSEQ-108045581073906","https:\/\/www.instagram.com\/kayak.innovations\/"]}]}},"_links":{"self":[{"href":"https:\/\/kayak-innovations.com\/en\/wp-json\/wp\/v2\/pages\/113886","targetHints":{"allow":["GET"]}}],"collection":[{"href":"https:\/\/kayak-innovations.com\/en\/wp-json\/wp\/v2\/pages"}],"about":[{"href":"https:\/\/kayak-innovations.com\/en\/wp-json\/wp\/v2\/types\/page"}],"author":[{"embeddable":true,"href":"https:\/\/kayak-innovations.com\/en\/wp-json\/wp\/v2\/users\/20"}],"replies":[{"embeddable":true,"href":"https:\/\/kayak-innovations.com\/en\/wp-json\/wp\/v2\/comments?post=113886"}],"version-history":[{"count":34,"href":"https:\/\/kayak-innovations.com\/en\/wp-json\/wp\/v2\/pages\/113886\/revisions"}],"predecessor-version":[{"id":114050,"href":"https:\/\/kayak-innovations.com\/en\/wp-json\/wp\/v2\/pages\/113886\/revisions\/114050"}],"wp:attachment":[{"href":"https:\/\/kayak-innovations.com\/en\/wp-json\/wp\/v2\/media?parent=113886"}],"curies":[{"name":"wp","href":"https:\/\/api.w.org\/{rel}","templated":true}]}}