{"id":105629,"date":"2023-03-23T11:36:41","date_gmt":"2023-03-23T10:36:41","guid":{"rendered":"https:\/\/kayak-innovations.com\/product\/kajak-natseq-solo-gruen\/"},"modified":"2025-12-08T16:01:50","modified_gmt":"2025-12-08T15:01:50","slug":"kajak-natseq-solo-gruen","status":"publish","type":"product","link":"https:\/\/kayak-innovations.com\/en\/product\/kajak-natseq-solo-gruen\/","title":{"rendered":"Kayak NATSEQ - Solo Green"},"content":{"rendered":"<p><strong>NATSEQ - A unique, divisible kayak:<\/strong><\/p>\n<ul>\n<li>can be converted from a double to a single in seconds<\/li>\n<li>Fast, agile and easy to manoeuvre<\/li>\n<li>with patented locking system for quick assembly and disassembly as well as space-saving transport and storage<\/li>\n<li>for beginners and advanced paddlers<\/li>\n<li>100% Made in Germany.<\/li>\n<\/ul>\n<p>The colours shown may differ slightly from the actual product.<\/p>\n<p>Sportliche Linienf\u00fchrung gepaart mit viel Platz in Bug und Heck als komplett nutzbarem Stauraum \u2013 bis zu 160kg kommen beim Solo mit an Bord \u2013 sowie ein riesiges Cockpit, in dem selbst \u00fcber 2 Meter gro\u00dfe Paddler:innen komfortabel Platz nehmen k\u00f6nnen. Die verstellbare R\u00fcckenlehne sowie Fu\u00dfrasten erm\u00f6glichen euch die perfekte bequeme Sitzposition.<\/p>\n<p>NATSEQ is ideal for rivers, lakes and coastal waters - for a few hours or days, alone or as a pair in tandem, ... with luggage or dog, the PACKER offers a further 60 litres of load volume and carries up to another 50kg.<\/p>\n<p>Currently available in 3 colours: red, green, blue<\/p>\n<p>If you have any questions, please contact us by e-mail <em><span id=\"eeb-155689-965993\"><span id=\"eeb-225489-687193\">service@kayak-innovations.com<\/span><\/span><\/em><\/p>\n<p>You can find more NATSEQ modules, accessories and accessories in the shop main menu.<\/p>\n<p>Ihr \u00fcberlegt noch? Dann schaut doch mal nach Erfahrungsberichten im Netz. Einfach \u201cNATSEQ Kajak\u201d bei YouTube, facebook oder Instagram eingeben und gespannt sein. \ud83d\ude09<\/p>","protected":false},"excerpt":{"rendered":"<p><strong>NATSEQ Solo:<br \/>\n<\/strong>1x Heck mit Lukendeckel<br \/>\n1x Cockpit Solo mit Lukendeckel<br \/>\n1x Bug mit Lukendeckel<\/p>","protected":false},"featured_media":111427,"template":"","meta":{"_et_pb_use_builder":"","_et_pb_old_content":"","_et_gb_content_width":""},"product_brand":[],"product_cat":[153],"product_tag":[123,170,35,36],"class_list":{"0":"post-105629","1":"product","2":"type-product","3":"status-publish","4":"has-post-thumbnail","6":"product_cat-natseq-als-solo","7":"product_tag-kajak","8":"product_tag-kajak-natseq-solo-gruen","9":"product_tag-modular","10":"product_tag-natseq","11":"product_shipping_class-eu-einweg-palette","13":"first","14":"instock","15":"taxable","16":"shipping-taxable","17":"purchasable","18":"product-type-simple"},"yoast_head":"<!-- This site is optimized with the Yoast SEO plugin v27.1.1 - https:\/\/yoast.com\/product\/yoast-seo-wordpress\/ -->\n<title>Kajak NATSEQ - Solo Gr\u00fcn - KAYAK INNOVATIONS<\/title>\n<meta name=\"robots\" content=\"index, follow, max-snippet:-1, max-image-preview:large, max-video-preview:-1\" \/>\n<link rel=\"canonical\" href=\"https:\/\/kayak-innovations.com\/en\/product\/kajak-natseq-solo-gruen\/\" \/>\n<meta property=\"og:locale\" content=\"en_GB\" \/>\n<meta property=\"og:type\" content=\"article\" \/>\n<meta property=\"og:title\" content=\"Kajak NATSEQ - Solo Gr\u00fcn - KAYAK INNOVATIONS\" \/>\n<meta property=\"og:description\" content=\"NATSEQ Solo: 1x Heck mit Lukendeckel 1x Cockpit Solo mit Lukendeckel 1x Bug mit Lukendeckel\" \/>\n<meta property=\"og:url\" content=\"https:\/\/kayak-innovations.com\/en\/product\/kajak-natseq-solo-gruen\/\" \/>\n<meta property=\"og:site_name\" content=\"KAYAK INNOVATIONS\" \/>\n<meta property=\"article:publisher\" content=\"https:\/\/www.facebook.com\/NATSEQ-108045581073906\" \/>\n<meta property=\"article:modified_time\" content=\"2025-12-08T15:01:50+00:00\" \/>\n<meta property=\"og:image\" content=\"https:\/\/kayak-innovations.com\/wp-content\/uploads\/2023\/03\/Solo_gruen_schraeg.jpg\" \/>\n\t<meta property=\"og:image:width\" content=\"1500\" \/>\n\t<meta property=\"og:image:height\" content=\"1500\" \/>\n\t<meta property=\"og:image:type\" content=\"image\/jpeg\" \/>\n<meta name=\"twitter:card\" content=\"summary_large_image\" \/>\n<meta name=\"twitter:label1\" content=\"Estimated reading time\" \/>\n\t<meta name=\"twitter:data1\" content=\"2 minutes\" \/>\n<script type=\"application\/ld+json\" class=\"yoast-schema-graph\">{\"@context\":\"https:\/\/schema.org\",\"@graph\":[{\"@type\":\"WebPage\",\"@id\":\"https:\/\/kayak-innovations.com\/product\/kajak-natseq-solo-gruen\/\",\"url\":\"https:\/\/kayak-innovations.com\/product\/kajak-natseq-solo-gruen\/\",\"name\":\"Kajak NATSEQ - Solo Gr\u00fcn - KAYAK INNOVATIONS\",\"isPartOf\":{\"@id\":\"https:\/\/kayak-innovations.com\/#website\"},\"primaryImageOfPage\":{\"@id\":\"https:\/\/kayak-innovations.com\/product\/kajak-natseq-solo-gruen\/#primaryimage\"},\"image\":{\"@id\":\"https:\/\/kayak-innovations.com\/product\/kajak-natseq-solo-gruen\/#primaryimage\"},\"thumbnailUrl\":\"https:\/\/kayak-innovations.com\/wp-content\/uploads\/2023\/03\/Solo_gruen_schraeg.jpg\",\"datePublished\":\"2023-03-23T10:36:41+00:00\",\"dateModified\":\"2025-12-08T15:01:50+00:00\",\"breadcrumb\":{\"@id\":\"https:\/\/kayak-innovations.com\/product\/kajak-natseq-solo-gruen\/#breadcrumb\"},\"inLanguage\":\"en-GB\",\"potentialAction\":[{\"@type\":\"ReadAction\",\"target\":[\"https:\/\/kayak-innovations.com\/product\/kajak-natseq-solo-gruen\/\"]}]},{\"@type\":\"ImageObject\",\"inLanguage\":\"en-GB\",\"@id\":\"https:\/\/kayak-innovations.com\/product\/kajak-natseq-solo-gruen\/#primaryimage\",\"url\":\"https:\/\/kayak-innovations.com\/wp-content\/uploads\/2023\/03\/Solo_gruen_schraeg.jpg\",\"contentUrl\":\"https:\/\/kayak-innovations.com\/wp-content\/uploads\/2023\/03\/Solo_gruen_schraeg.jpg\",\"width\":1500,\"height\":1500},{\"@type\":\"BreadcrumbList\",\"@id\":\"https:\/\/kayak-innovations.com\/product\/kajak-natseq-solo-gruen\/#breadcrumb\",\"itemListElement\":[{\"@type\":\"ListItem\",\"position\":1,\"name\":\"Startseite\",\"item\":\"https:\/\/kayak-innovations.com\/\"},{\"@type\":\"ListItem\",\"position\":2,\"name\":\"Shop\",\"item\":\"https:\/\/kayak-innovations.com\/kayak-innovations-online-shop-fuer-zubehoer-ersatzteile-und-mehr\/\"},{\"@type\":\"ListItem\",\"position\":3,\"name\":\"NATSEQ modulares Kayak\",\"item\":\"https:\/\/kayak-innovations.com\/product-category\/natseq-modulares-kayak\/\"},{\"@type\":\"ListItem\",\"position\":4,\"name\":\"NATSEQ als Solo\",\"item\":\"https:\/\/kayak-innovations.com\/product-category\/natseq-modulares-kayak\/natseq-als-solo\/\"},{\"@type\":\"ListItem\",\"position\":5,\"name\":\"Kajak NATSEQ &#8211; Solo Gr\u00fcn\"}]},{\"@type\":\"WebSite\",\"@id\":\"https:\/\/kayak-innovations.com\/#website\",\"url\":\"https:\/\/kayak-innovations.com\/\",\"name\":\"KAYAK INNOVATIONS\",\"description\":\"Modulares Kajakdesign\",\"publisher\":{\"@id\":\"https:\/\/kayak-innovations.com\/#organization\"},\"potentialAction\":[{\"@type\":\"SearchAction\",\"target\":{\"@type\":\"EntryPoint\",\"urlTemplate\":\"https:\/\/kayak-innovations.com\/?s={search_term_string}\"},\"query-input\":{\"@type\":\"PropertyValueSpecification\",\"valueRequired\":true,\"valueName\":\"search_term_string\"}}],\"inLanguage\":\"en-GB\"},{\"@type\":\"Organization\",\"@id\":\"https:\/\/kayak-innovations.com\/#organization\",\"name\":\"KAYAK INNOVATIONS\",\"url\":\"https:\/\/kayak-innovations.com\/\",\"logo\":{\"@type\":\"ImageObject\",\"inLanguage\":\"en-GB\",\"@id\":\"https:\/\/kayak-innovations.com\/#\/schema\/logo\/image\/\",\"url\":\"https:\/\/kayak-innovations.com\/wp-content\/uploads\/2023\/03\/Logo_Kayak_Innovations.png\",\"contentUrl\":\"https:\/\/kayak-innovations.com\/wp-content\/uploads\/2023\/03\/Logo_Kayak_Innovations.png\",\"width\":640,\"height\":132,\"caption\":\"KAYAK INNOVATIONS\"},\"image\":{\"@id\":\"https:\/\/kayak-innovations.com\/#\/schema\/logo\/image\/\"},\"sameAs\":[\"https:\/\/www.facebook.com\/NATSEQ-108045581073906\",\"https:\/\/www.instagram.com\/kayak.innovations\/\"]}]}<\/script>\n<!-- \/ Yoast SEO plugin. -->","yoast_head_json":{"title":"Kajak NATSEQ - Solo Gr\u00fcn - KAYAK INNOVATIONS","robots":{"index":"index","follow":"follow","max-snippet":"max-snippet:-1","max-image-preview":"max-image-preview:large","max-video-preview":"max-video-preview:-1"},"canonical":"https:\/\/kayak-innovations.com\/en\/product\/kajak-natseq-solo-gruen\/","og_locale":"en_GB","og_type":"article","og_title":"Kajak NATSEQ - Solo Gr\u00fcn - KAYAK INNOVATIONS","og_description":"NATSEQ Solo: 1x Heck mit Lukendeckel 1x Cockpit Solo mit Lukendeckel 1x Bug mit Lukendeckel","og_url":"https:\/\/kayak-innovations.com\/en\/product\/kajak-natseq-solo-gruen\/","og_site_name":"KAYAK INNOVATIONS","article_publisher":"https:\/\/www.facebook.com\/NATSEQ-108045581073906","article_modified_time":"2025-12-08T15:01:50+00:00","og_image":[{"width":1500,"height":1500,"url":"https:\/\/kayak-innovations.com\/wp-content\/uploads\/2023\/03\/Solo_gruen_schraeg.jpg","type":"image\/jpeg"}],"twitter_card":"summary_large_image","twitter_misc":{"Estimated reading time":"2 minutes"},"schema":{"@context":"https:\/\/schema.org","@graph":[{"@type":"WebPage","@id":"https:\/\/kayak-innovations.com\/product\/kajak-natseq-solo-gruen\/","url":"https:\/\/kayak-innovations.com\/product\/kajak-natseq-solo-gruen\/","name":"Kajak NATSEQ - Solo Gr\u00fcn - KAYAK INNOVATIONS","isPartOf":{"@id":"https:\/\/kayak-innovations.com\/#website"},"primaryImageOfPage":{"@id":"https:\/\/kayak-innovations.com\/product\/kajak-natseq-solo-gruen\/#primaryimage"},"image":{"@id":"https:\/\/kayak-innovations.com\/product\/kajak-natseq-solo-gruen\/#primaryimage"},"thumbnailUrl":"https:\/\/kayak-innovations.com\/wp-content\/uploads\/2023\/03\/Solo_gruen_schraeg.jpg","datePublished":"2023-03-23T10:36:41+00:00","dateModified":"2025-12-08T15:01:50+00:00","breadcrumb":{"@id":"https:\/\/kayak-innovations.com\/product\/kajak-natseq-solo-gruen\/#breadcrumb"},"inLanguage":"en-GB","potentialAction":[{"@type":"ReadAction","target":["https:\/\/kayak-innovations.com\/product\/kajak-natseq-solo-gruen\/"]}]},{"@type":"ImageObject","inLanguage":"en-GB","@id":"https:\/\/kayak-innovations.com\/product\/kajak-natseq-solo-gruen\/#primaryimage","url":"https:\/\/kayak-innovations.com\/wp-content\/uploads\/2023\/03\/Solo_gruen_schraeg.jpg","contentUrl":"https:\/\/kayak-innovations.com\/wp-content\/uploads\/2023\/03\/Solo_gruen_schraeg.jpg","width":1500,"height":1500},{"@type":"BreadcrumbList","@id":"https:\/\/kayak-innovations.com\/product\/kajak-natseq-solo-gruen\/#breadcrumb","itemListElement":[{"@type":"ListItem","position":1,"name":"Startseite","item":"https:\/\/kayak-innovations.com\/"},{"@type":"ListItem","position":2,"name":"Shop","item":"https:\/\/kayak-innovations.com\/kayak-innovations-online-shop-fuer-zubehoer-ersatzteile-und-mehr\/"},{"@type":"ListItem","position":3,"name":"NATSEQ modulares Kayak","item":"https:\/\/kayak-innovations.com\/product-category\/natseq-modulares-kayak\/"},{"@type":"ListItem","position":4,"name":"NATSEQ als Solo","item":"https:\/\/kayak-innovations.com\/product-category\/natseq-modulares-kayak\/natseq-als-solo\/"},{"@type":"ListItem","position":5,"name":"Kajak NATSEQ &#8211; Solo Gr\u00fcn"}]},{"@type":"WebSite","@id":"https:\/\/kayak-innovations.com\/#website","url":"https:\/\/kayak-innovations.com\/","name":"KAYAK INNOVATIONS","description":"Modular kayak design","publisher":{"@id":"https:\/\/kayak-innovations.com\/#organization"},"potentialAction":[{"@type":"SearchAction","target":{"@type":"EntryPoint","urlTemplate":"https:\/\/kayak-innovations.com\/?s={search_term_string}"},"query-input":{"@type":"PropertyValueSpecification","valueRequired":true,"valueName":"search_term_string"}}],"inLanguage":"en-GB"},{"@type":"Organization","@id":"https:\/\/kayak-innovations.com\/#organization","name":"KAYAK INNOVATIONS","url":"https:\/\/kayak-innovations.com\/","logo":{"@type":"ImageObject","inLanguage":"en-GB","@id":"https:\/\/kayak-innovations.com\/#\/schema\/logo\/image\/","url":"https:\/\/kayak-innovations.com\/wp-content\/uploads\/2023\/03\/Logo_Kayak_Innovations.png","contentUrl":"https:\/\/kayak-innovations.com\/wp-content\/uploads\/2023\/03\/Logo_Kayak_Innovations.png","width":640,"height":132,"caption":"KAYAK INNOVATIONS"},"image":{"@id":"https:\/\/kayak-innovations.com\/#\/schema\/logo\/image\/"},"sameAs":["https:\/\/www.facebook.com\/NATSEQ-108045581073906","https:\/\/www.instagram.com\/kayak.innovations\/"]}]}},"_links":{"self":[{"href":"https:\/\/kayak-innovations.com\/en\/wp-json\/wp\/v2\/product\/105629","targetHints":{"allow":["GET"]}}],"collection":[{"href":"https:\/\/kayak-innovations.com\/en\/wp-json\/wp\/v2\/product"}],"about":[{"href":"https:\/\/kayak-innovations.com\/en\/wp-json\/wp\/v2\/types\/product"}],"wp:featuredmedia":[{"embeddable":true,"href":"https:\/\/kayak-innovations.com\/en\/wp-json\/wp\/v2\/media\/111427"}],"wp:attachment":[{"href":"https:\/\/kayak-innovations.com\/en\/wp-json\/wp\/v2\/media?parent=105629"}],"wp:term":[{"taxonomy":"product_brand","embeddable":true,"href":"https:\/\/kayak-innovations.com\/en\/wp-json\/wp\/v2\/product_brand?post=105629"},{"taxonomy":"product_cat","embeddable":true,"href":"https:\/\/kayak-innovations.com\/en\/wp-json\/wp\/v2\/product_cat?post=105629"},{"taxonomy":"product_tag","embeddable":true,"href":"https:\/\/kayak-innovations.com\/en\/wp-json\/wp\/v2\/product_tag?post=105629"}],"curies":[{"name":"wp","href":"https:\/\/api.w.org\/{rel}","templated":true}]}}