{"id":113632,"date":"2025-08-13T10:41:01","date_gmt":"2025-08-13T09:41:01","guid":{"rendered":"https:\/\/kayak-innovations.com\/?post_type=product&#038;p=113632"},"modified":"2026-04-14T09:04:01","modified_gmt":"2026-04-14T08:04:01","slug":"kajak-natseq-tandem-darkgreen","status":"publish","type":"product","link":"https:\/\/kayak-innovations.com\/en\/product\/kajak-natseq-tandem-darkgreen\/","title":{"rendered":"Kajak NATSEQ Tandem &#8211; Blackforest Green"},"content":{"rendered":"<p><strong>NATSEQ - A unique, divisible kayak:<\/strong><\/p>\n<ul>\n<li>can be converted from a double to a single in seconds<\/li>\n<li>Fast, agile and easy to manoeuvre<\/li>\n<li>with patented locking system for quick assembly and disassembly as well as space-saving transport and storage<\/li>\n<li>for beginners and advanced paddlers<\/li>\n<li>100% Made in Germany.<\/li>\n<\/ul>\n<p>The colours shown may differ slightly from the actual product.<strong><br \/>\nlimited edition nur f\u00fcr kurze Zeit<\/strong><\/p>\n<p>Sportliche Linienf\u00fchrung gepaart mit viel Platz in Bug und Heck als komplett nutzbarem Stauraum \u2013 bis zu 260kg kommen beim Tandem mit an Bord \u2013 sowie zwei riesige Cockpits, in denen selbst \u00fcber 2 Meter gro\u00dfe Paddler:innen komfortabel Platz nehmen k\u00f6nnen. Die verstellbare R\u00fcckenlehne sowie Fu\u00dfrasten erm\u00f6glichen euch die perfekte bequeme Sitzposition.<\/p>\n<p>NATSEQ is ideal for rivers, lakes and coastal waters - for a few hours or days, alone or as a pair in tandem, ... with luggage or dog, the PACKER offers a further 60 litres of load volume and carries up to another 50kg.<\/p>\n<p>If you have any questions, please contact us by e-mail <em><span id=\"eeb-155689-965993\"><span id=\"eeb-273225-905031\">service@kayak-innovations.com<br \/>\n<\/span><\/span><\/em>You can find more NATSEQ modules, accessories and accessories in the shop main menu.<\/p>\n<p>Ihr \u00fcberlegt noch? Dann schaut doch mal nach Erfahrungsberichten im Netz. Einfach \u201cNATSEQ Kajak\u201d bei YouTube, facebook oder Instagram eingeben und gespannt sein. \ud83d\ude09<\/p>","protected":false},"excerpt":{"rendered":"<p><strong>NATSEQ Tandem <\/strong><strong>special edition dark forest<\/strong><\/p>\n<p>Die Farbgebung erh\u00e4lt diese Natseq Edition durch die Mischung aus gr\u00fcnem und schwarzem PE-Material. Das tats\u00e4chliche Farbbild ist bei jedem Natseq dieser Serie individuell.<\/p>\n<p>1x Heck mit Lukendeckel<br \/>\n1x Cockpit Solo mit Lukendeckel<br \/>\n1x Cockpit Tandem mit Lukendeckel<br \/>\n1x Bug mit Lukendeckel<\/p>","protected":false},"featured_media":113666,"template":"","meta":{"_et_pb_use_builder":"off","_et_pb_old_content":"NATSEQ ist ein einzigartiges teilbares, weil modulares Kajak mit bester Performance und der wohl l\u00e4ngsten Wasserlinie in dieser Bootsl\u00e4nge.\r\n\r\nSportliche Linienf\u00fchrung gepaart mit viel Platz in Bug und Heck als komplett nutzbarem Stauraum sowie ein riesiges Cockpit, in dem selbst \u00fcber 2 Meter gro\u00dfe Paddler:innen komfortabel Platz nehmen k\u00f6nnen.\r\n\r\nDie hydrodynamisch vollendete Unterwasserform aus U-Spant zu Knickspant, gem\u00e4\u00dfigtem Kielsprung und geringer benetzter Fl\u00e4che, durch perfektes L\u00e4ngen-Breitenverh\u00e4ltnis und gr\u00f6\u00dfter Breite hinter dem Cockpit verleiht dem NATSEQ eine hervorragende Performance. Die Wasserlinie ist vielleicht die L\u00e4ngste in dieser Bootsl\u00e4nge.\r\n\r\nNATSEQ eignet sich hervorragend f\u00fcr Fl\u00fcsse, Seen und K\u00fcstengew\u00e4sser \u2013 f\u00fcr ein paar Stunden oder Tage, allein oder zu zweit, dritt, \u2026 mit Gep\u00e4ck, Hund oder ohne.\r\n\r\nNATSEQ als Solo schafft eine Zuladung von 160kg, als Tandem kommen bis zu 260kg mit an Bord. F\u00fcr noch l\u00e4ngere Touren oder den Hund + Gep\u00e4ck bietet der PACKER weitere 60l an Ladevolumen und tr\u00e4gt nochmal bis zu 50kg.\r\n\r\nWir haben ein schnelles, wendiges und leicht zu man\u00f6vrierendes Kajak konstruiert und gebaut, dass den Vergleich mit anderen hochwertigen Kajaks nicht zu scheuen braucht und Euch viel Freude und entspannte Stunden auf dem Wasser bereiten wird!\r\n\r\nNATSEQ ist regional, weil zu 100 Prozent Made in Germany!\r\n\r\nAktuell in 3 Farben lieferbar: Rot, Gr\u00fcn, Blau","_et_gb_content_width":""},"product_brand":[],"product_cat":[156],"product_tag":[123,172,35,36],"class_list":{"0":"post-113632","1":"product","2":"type-product","3":"status-publish","4":"has-post-thumbnail","6":"product_cat-natseq-als-tandem","7":"product_tag-kajak","8":"product_tag-kajak-natseq-tandem-gruen","9":"product_tag-modular","10":"product_tag-natseq","11":"product_shipping_class-eu-einweg-palette","13":"first","14":"onbackorder","15":"taxable","16":"shipping-taxable","17":"purchasable","18":"product-type-simple"},"yoast_head":"<!-- This site is optimized with the Yoast SEO plugin v27.1.1 - https:\/\/yoast.com\/product\/yoast-seo-wordpress\/ -->\n<title>Kajak NATSEQ Tandem - Blackforest Green - KAYAK INNOVATIONS<\/title>\n<meta name=\"robots\" content=\"index, follow, max-snippet:-1, max-image-preview:large, max-video-preview:-1\" \/>\n<link rel=\"canonical\" href=\"https:\/\/kayak-innovations.com\/en\/product\/kajak-natseq-tandem-darkgreen\/\" \/>\n<meta property=\"og:locale\" content=\"en_GB\" \/>\n<meta property=\"og:type\" content=\"article\" \/>\n<meta property=\"og:title\" content=\"Kajak NATSEQ Tandem - Blackforest Green - KAYAK INNOVATIONS\" \/>\n<meta property=\"og:description\" content=\"NATSEQ Tandem special edition dark forest  Die Farbgebung erh\u00e4lt diese Natseq Edition durch die Mischung aus gr\u00fcnem und schwarzem PE-Material. Das tats\u00e4chliche Farbbild ist bei jedem Natseq dieser Serie individuell.  1x Heck mit Lukendeckel 1x Cockpit Solo mit Lukendeckel 1x Cockpit Tandem mit Lukendeckel 1x Bug mit Lukendeckel\" \/>\n<meta property=\"og:url\" content=\"https:\/\/kayak-innovations.com\/en\/product\/kajak-natseq-tandem-darkgreen\/\" \/>\n<meta property=\"og:site_name\" content=\"KAYAK INNOVATIONS\" \/>\n<meta property=\"article:publisher\" content=\"https:\/\/www.facebook.com\/NATSEQ-108045581073906\" \/>\n<meta property=\"article:modified_time\" content=\"2026-04-14T08:04:01+00:00\" \/>\n<meta property=\"og:image\" content=\"https:\/\/kayak-innovations.com\/wp-content\/uploads\/2025\/08\/Tandem_Darkgreen.jpg\" \/>\n\t<meta property=\"og:image:width\" content=\"2000\" \/>\n\t<meta property=\"og:image:height\" content=\"2000\" \/>\n\t<meta property=\"og:image:type\" content=\"image\/jpeg\" \/>\n<meta name=\"twitter:card\" content=\"summary_large_image\" \/>\n<meta name=\"twitter:label1\" content=\"Estimated reading time\" \/>\n\t<meta name=\"twitter:data1\" content=\"2 minutes\" \/>\n<script type=\"application\/ld+json\" class=\"yoast-schema-graph\">{\"@context\":\"https:\/\/schema.org\",\"@graph\":[{\"@type\":\"WebPage\",\"@id\":\"https:\/\/kayak-innovations.com\/product\/kajak-natseq-tandem-darkgreen\/\",\"url\":\"https:\/\/kayak-innovations.com\/product\/kajak-natseq-tandem-darkgreen\/\",\"name\":\"Kajak NATSEQ Tandem - Blackforest Green - KAYAK INNOVATIONS\",\"isPartOf\":{\"@id\":\"https:\/\/kayak-innovations.com\/#website\"},\"primaryImageOfPage\":{\"@id\":\"https:\/\/kayak-innovations.com\/product\/kajak-natseq-tandem-darkgreen\/#primaryimage\"},\"image\":{\"@id\":\"https:\/\/kayak-innovations.com\/product\/kajak-natseq-tandem-darkgreen\/#primaryimage\"},\"thumbnailUrl\":\"https:\/\/kayak-innovations.com\/wp-content\/uploads\/2025\/08\/Tandem_Darkgreen.jpg\",\"datePublished\":\"2025-08-13T09:41:01+00:00\",\"dateModified\":\"2026-04-14T08:04:01+00:00\",\"breadcrumb\":{\"@id\":\"https:\/\/kayak-innovations.com\/product\/kajak-natseq-tandem-darkgreen\/#breadcrumb\"},\"inLanguage\":\"en-GB\",\"potentialAction\":[{\"@type\":\"ReadAction\",\"target\":[\"https:\/\/kayak-innovations.com\/product\/kajak-natseq-tandem-darkgreen\/\"]}]},{\"@type\":\"ImageObject\",\"inLanguage\":\"en-GB\",\"@id\":\"https:\/\/kayak-innovations.com\/product\/kajak-natseq-tandem-darkgreen\/#primaryimage\",\"url\":\"https:\/\/kayak-innovations.com\/wp-content\/uploads\/2025\/08\/Tandem_Darkgreen.jpg\",\"contentUrl\":\"https:\/\/kayak-innovations.com\/wp-content\/uploads\/2025\/08\/Tandem_Darkgreen.jpg\",\"width\":2000,\"height\":2000},{\"@type\":\"BreadcrumbList\",\"@id\":\"https:\/\/kayak-innovations.com\/product\/kajak-natseq-tandem-darkgreen\/#breadcrumb\",\"itemListElement\":[{\"@type\":\"ListItem\",\"position\":1,\"name\":\"Startseite\",\"item\":\"https:\/\/kayak-innovations.com\/\"},{\"@type\":\"ListItem\",\"position\":2,\"name\":\"Shop\",\"item\":\"https:\/\/kayak-innovations.com\/kayak-innovations-online-shop-fuer-zubehoer-ersatzteile-und-mehr\/\"},{\"@type\":\"ListItem\",\"position\":3,\"name\":\"NATSEQ modulares Kayak\",\"item\":\"https:\/\/kayak-innovations.com\/product-category\/natseq-modulares-kayak\/\"},{\"@type\":\"ListItem\",\"position\":4,\"name\":\"NATSEQ als Tandem\",\"item\":\"https:\/\/kayak-innovations.com\/product-category\/natseq-modulares-kayak\/natseq-als-tandem\/\"},{\"@type\":\"ListItem\",\"position\":5,\"name\":\"Kajak NATSEQ Tandem &#8211; Blackforest Green\"}]},{\"@type\":\"WebSite\",\"@id\":\"https:\/\/kayak-innovations.com\/#website\",\"url\":\"https:\/\/kayak-innovations.com\/\",\"name\":\"KAYAK INNOVATIONS\",\"description\":\"Modulares Kajakdesign\",\"publisher\":{\"@id\":\"https:\/\/kayak-innovations.com\/#organization\"},\"potentialAction\":[{\"@type\":\"SearchAction\",\"target\":{\"@type\":\"EntryPoint\",\"urlTemplate\":\"https:\/\/kayak-innovations.com\/?s={search_term_string}\"},\"query-input\":{\"@type\":\"PropertyValueSpecification\",\"valueRequired\":true,\"valueName\":\"search_term_string\"}}],\"inLanguage\":\"en-GB\"},{\"@type\":\"Organization\",\"@id\":\"https:\/\/kayak-innovations.com\/#organization\",\"name\":\"KAYAK INNOVATIONS\",\"url\":\"https:\/\/kayak-innovations.com\/\",\"logo\":{\"@type\":\"ImageObject\",\"inLanguage\":\"en-GB\",\"@id\":\"https:\/\/kayak-innovations.com\/#\/schema\/logo\/image\/\",\"url\":\"https:\/\/kayak-innovations.com\/wp-content\/uploads\/2023\/03\/Logo_Kayak_Innovations.png\",\"contentUrl\":\"https:\/\/kayak-innovations.com\/wp-content\/uploads\/2023\/03\/Logo_Kayak_Innovations.png\",\"width\":640,\"height\":132,\"caption\":\"KAYAK INNOVATIONS\"},\"image\":{\"@id\":\"https:\/\/kayak-innovations.com\/#\/schema\/logo\/image\/\"},\"sameAs\":[\"https:\/\/www.facebook.com\/NATSEQ-108045581073906\",\"https:\/\/www.instagram.com\/kayak.innovations\/\"]}]}<\/script>\n<!-- \/ Yoast SEO plugin. -->","yoast_head_json":{"title":"Kajak NATSEQ Tandem - Blackforest Green - KAYAK INNOVATIONS","robots":{"index":"index","follow":"follow","max-snippet":"max-snippet:-1","max-image-preview":"max-image-preview:large","max-video-preview":"max-video-preview:-1"},"canonical":"https:\/\/kayak-innovations.com\/en\/product\/kajak-natseq-tandem-darkgreen\/","og_locale":"en_GB","og_type":"article","og_title":"Kajak NATSEQ Tandem - Blackforest Green - KAYAK INNOVATIONS","og_description":"NATSEQ Tandem special edition dark forest  Die Farbgebung erh\u00e4lt diese Natseq Edition durch die Mischung aus gr\u00fcnem und schwarzem PE-Material. Das tats\u00e4chliche Farbbild ist bei jedem Natseq dieser Serie individuell.  1x Heck mit Lukendeckel 1x Cockpit Solo mit Lukendeckel 1x Cockpit Tandem mit Lukendeckel 1x Bug mit Lukendeckel","og_url":"https:\/\/kayak-innovations.com\/en\/product\/kajak-natseq-tandem-darkgreen\/","og_site_name":"KAYAK INNOVATIONS","article_publisher":"https:\/\/www.facebook.com\/NATSEQ-108045581073906","article_modified_time":"2026-04-14T08:04:01+00:00","og_image":[{"width":2000,"height":2000,"url":"https:\/\/kayak-innovations.com\/wp-content\/uploads\/2025\/08\/Tandem_Darkgreen.jpg","type":"image\/jpeg"}],"twitter_card":"summary_large_image","twitter_misc":{"Estimated reading time":"2 minutes"},"schema":{"@context":"https:\/\/schema.org","@graph":[{"@type":"WebPage","@id":"https:\/\/kayak-innovations.com\/product\/kajak-natseq-tandem-darkgreen\/","url":"https:\/\/kayak-innovations.com\/product\/kajak-natseq-tandem-darkgreen\/","name":"Kajak NATSEQ Tandem - Blackforest Green - KAYAK INNOVATIONS","isPartOf":{"@id":"https:\/\/kayak-innovations.com\/#website"},"primaryImageOfPage":{"@id":"https:\/\/kayak-innovations.com\/product\/kajak-natseq-tandem-darkgreen\/#primaryimage"},"image":{"@id":"https:\/\/kayak-innovations.com\/product\/kajak-natseq-tandem-darkgreen\/#primaryimage"},"thumbnailUrl":"https:\/\/kayak-innovations.com\/wp-content\/uploads\/2025\/08\/Tandem_Darkgreen.jpg","datePublished":"2025-08-13T09:41:01+00:00","dateModified":"2026-04-14T08:04:01+00:00","breadcrumb":{"@id":"https:\/\/kayak-innovations.com\/product\/kajak-natseq-tandem-darkgreen\/#breadcrumb"},"inLanguage":"en-GB","potentialAction":[{"@type":"ReadAction","target":["https:\/\/kayak-innovations.com\/product\/kajak-natseq-tandem-darkgreen\/"]}]},{"@type":"ImageObject","inLanguage":"en-GB","@id":"https:\/\/kayak-innovations.com\/product\/kajak-natseq-tandem-darkgreen\/#primaryimage","url":"https:\/\/kayak-innovations.com\/wp-content\/uploads\/2025\/08\/Tandem_Darkgreen.jpg","contentUrl":"https:\/\/kayak-innovations.com\/wp-content\/uploads\/2025\/08\/Tandem_Darkgreen.jpg","width":2000,"height":2000},{"@type":"BreadcrumbList","@id":"https:\/\/kayak-innovations.com\/product\/kajak-natseq-tandem-darkgreen\/#breadcrumb","itemListElement":[{"@type":"ListItem","position":1,"name":"Startseite","item":"https:\/\/kayak-innovations.com\/"},{"@type":"ListItem","position":2,"name":"Shop","item":"https:\/\/kayak-innovations.com\/kayak-innovations-online-shop-fuer-zubehoer-ersatzteile-und-mehr\/"},{"@type":"ListItem","position":3,"name":"NATSEQ modulares Kayak","item":"https:\/\/kayak-innovations.com\/product-category\/natseq-modulares-kayak\/"},{"@type":"ListItem","position":4,"name":"NATSEQ als Tandem","item":"https:\/\/kayak-innovations.com\/product-category\/natseq-modulares-kayak\/natseq-als-tandem\/"},{"@type":"ListItem","position":5,"name":"Kajak NATSEQ Tandem &#8211; Blackforest Green"}]},{"@type":"WebSite","@id":"https:\/\/kayak-innovations.com\/#website","url":"https:\/\/kayak-innovations.com\/","name":"KAYAK INNOVATIONS","description":"Modular kayak design","publisher":{"@id":"https:\/\/kayak-innovations.com\/#organization"},"potentialAction":[{"@type":"SearchAction","target":{"@type":"EntryPoint","urlTemplate":"https:\/\/kayak-innovations.com\/?s={search_term_string}"},"query-input":{"@type":"PropertyValueSpecification","valueRequired":true,"valueName":"search_term_string"}}],"inLanguage":"en-GB"},{"@type":"Organization","@id":"https:\/\/kayak-innovations.com\/#organization","name":"KAYAK INNOVATIONS","url":"https:\/\/kayak-innovations.com\/","logo":{"@type":"ImageObject","inLanguage":"en-GB","@id":"https:\/\/kayak-innovations.com\/#\/schema\/logo\/image\/","url":"https:\/\/kayak-innovations.com\/wp-content\/uploads\/2023\/03\/Logo_Kayak_Innovations.png","contentUrl":"https:\/\/kayak-innovations.com\/wp-content\/uploads\/2023\/03\/Logo_Kayak_Innovations.png","width":640,"height":132,"caption":"KAYAK INNOVATIONS"},"image":{"@id":"https:\/\/kayak-innovations.com\/#\/schema\/logo\/image\/"},"sameAs":["https:\/\/www.facebook.com\/NATSEQ-108045581073906","https:\/\/www.instagram.com\/kayak.innovations\/"]}]}},"_links":{"self":[{"href":"https:\/\/kayak-innovations.com\/en\/wp-json\/wp\/v2\/product\/113632","targetHints":{"allow":["GET"]}}],"collection":[{"href":"https:\/\/kayak-innovations.com\/en\/wp-json\/wp\/v2\/product"}],"about":[{"href":"https:\/\/kayak-innovations.com\/en\/wp-json\/wp\/v2\/types\/product"}],"wp:featuredmedia":[{"embeddable":true,"href":"https:\/\/kayak-innovations.com\/en\/wp-json\/wp\/v2\/media\/113666"}],"wp:attachment":[{"href":"https:\/\/kayak-innovations.com\/en\/wp-json\/wp\/v2\/media?parent=113632"}],"wp:term":[{"taxonomy":"product_brand","embeddable":true,"href":"https:\/\/kayak-innovations.com\/en\/wp-json\/wp\/v2\/product_brand?post=113632"},{"taxonomy":"product_cat","embeddable":true,"href":"https:\/\/kayak-innovations.com\/en\/wp-json\/wp\/v2\/product_cat?post=113632"},{"taxonomy":"product_tag","embeddable":true,"href":"https:\/\/kayak-innovations.com\/en\/wp-json\/wp\/v2\/product_tag?post=113632"}],"curies":[{"name":"wp","href":"https:\/\/api.w.org\/{rel}","templated":true}]}}