{"id":113667,"date":"2025-08-20T12:28:26","date_gmt":"2025-08-20T11:28:26","guid":{"rendered":"https:\/\/kayak-innovations.com\/?post_type=product&#038;p=113667"},"modified":"2026-03-25T22:05:49","modified_gmt":"2026-03-25T21:05:49","slug":"kajakwagen-natseq","status":"publish","type":"product","link":"https:\/\/kayak-innovations.com\/en\/product\/kajakwagen-natseq\/","title":{"rendered":"Kajakwagen NATSEQ"},"content":{"rendered":"<p>Dieser Kajakwagen wurde eigens f\u00fcr das NATSEQ entwickelt. Mit ihm k\u00f6nnt ihr euer NATSEQ optimal transportieren. Auf dem Wasser kann der Kajakwagen in der Bugluke vollst\u00e4ndig verstaut werden. Mit wenigen Handgriffen ist unser original NATSEQ Trolley zusammen- bzw. auseinandergebaut, was ihn super leicht zu transportieren macht.<\/p>\n<ul>\n<li class=\"p1\">Werkzeugfreie<i> Montage<\/i><\/li>\n<li class=\"p1\">Keine Spanngurte oder \u00e4hnliches erforderlich<\/li>\n<li class=\"p1\">Passt dank derselben Geometrie unserer patentierten Steckverbindung perfekt unter das Solo-Cockpit<\/li>\n<li class=\"p1\">In Sekunden montiert und zerlegt<\/li>\n<li class=\"p1\">Transport im Bug oder Heck<\/li>\n<li class=\"p1\">Gewicht: &lt; 1kg<\/li>\n<\/ul>\n<p class=\"p1\"><strong>Einfach das Solo-Cockpit draufstecken und schon geht\u2019s los!<\/strong><\/p>","protected":false},"excerpt":{"rendered":"<ul>\n<li class=\"p1\">Werkzeugfreie Montage<\/li>\n<li class=\"p1\">Keine Spanngurte oder \u00e4hnliches erforderlich<\/li>\n<li class=\"p1\">Passt dank derselben Geometrie unserer patentierten Steckverbindung perfekt unter das Solo-Cockpit<\/li>\n<li class=\"p1\">In Sekunden montiert und zerlegt<\/li>\n<li class=\"p1\">Transport im Bug oder Heck<\/li>\n<li class=\"p1\">Gewicht: &lt; 1kg<\/li>\n<\/ul>\n<p>Einfach das Solo-Cockpit draufstecken und schon geht\u2019s los!<\/p>","protected":false},"featured_media":113671,"template":"","meta":{"_et_pb_use_builder":"off","_et_pb_old_content":"Eigens f\u00fcr das NATSEQ entwickelter Kajakwagen. Mit diesem Kajakwagen k\u00f6nnt ihr euer NATSEQ optimal transportieren. Auf dem Wasser kann der Kajakwagen in der Bugluke vollst\u00e4ndig verstaut werden. Mit wenigen Handgriffen ist unser original Natseq Kajakwagen zusammen- bzw. auseinandergebaut was ihn super leicht zu transportieren macht.\r\n<p class=\"p1\"><i>Werkzeugfreie Montage<\/i><\/p>\r\n<p class=\"p1\"><i>\u2022 Keine Spanngurte oder \u00e4hnliches erforderlich<\/i><\/p>\r\n<p class=\"p1\"><i>\u2022 Passt dank derselben Geometrie unserer patentierten Steckverbindung perfekt unter <\/i><i>das Solo-Cockpit<\/i><\/p>\r\n<p class=\"p1\"><i>\u2022 In Sekunden montiert und zerlegt<\/i><\/p>\r\n<p class=\"p1\"><i>\u2022 Transport im Bug oder Heck<\/i><\/p>\r\n<p class=\"p1\"><i>\u2022 Gewicht: < 1kg<\/i><\/p>\r\n<p class=\"p1\"><i>Einfach das Solo-Cockpit draufstecken und schon geht\u2019s los!<\/i><\/p>","_et_gb_content_width":""},"product_brand":[],"product_cat":[189],"product_tag":[],"class_list":{"0":"post-113667","1":"product","2":"type-product","3":"status-publish","4":"has-post-thumbnail","6":"product_cat-kayak-innovations-original-zubehoer","7":"product_shipping_class-paket","9":"first","10":"outofstock","11":"taxable","12":"shipping-taxable","13":"purchasable","14":"product-type-simple"},"yoast_head":"<!-- This site is optimized with the Yoast SEO plugin v27.1.1 - https:\/\/yoast.com\/product\/yoast-seo-wordpress\/ -->\n<title>Kajakwagen NATSEQ - KAYAK INNOVATIONS<\/title>\n<meta name=\"robots\" content=\"index, follow, max-snippet:-1, max-image-preview:large, max-video-preview:-1\" \/>\n<link rel=\"canonical\" href=\"https:\/\/kayak-innovations.com\/en\/product\/kajakwagen-natseq\/\" \/>\n<meta property=\"og:locale\" content=\"en_GB\" \/>\n<meta property=\"og:type\" content=\"article\" \/>\n<meta property=\"og:title\" content=\"Kajakwagen NATSEQ - KAYAK INNOVATIONS\" \/>\n<meta property=\"og:description\" content=\"Werkzeugfreie Montage  Keine Spanngurte oder \u00e4hnliches erforderlich  Passt dank derselben Geometrie unserer patentierten Steckverbindung perfekt unter das Solo-Cockpit  In Sekunden montiert und zerlegt  Transport im Bug oder Heck  Gewicht: &lt; 1kg  Einfach das Solo-Cockpit draufstecken und schon geht\u2019s los!\" \/>\n<meta property=\"og:url\" content=\"https:\/\/kayak-innovations.com\/en\/product\/kajakwagen-natseq\/\" \/>\n<meta property=\"og:site_name\" content=\"KAYAK INNOVATIONS\" \/>\n<meta property=\"article:publisher\" content=\"https:\/\/www.facebook.com\/NATSEQ-108045581073906\" \/>\n<meta property=\"article:modified_time\" content=\"2026-03-25T21:05:49+00:00\" \/>\n<meta property=\"og:image\" content=\"https:\/\/kayak-innovations.com\/wp-content\/uploads\/2025\/08\/Kajakwagen_800x800_4.jpg\" \/>\n\t<meta property=\"og:image:width\" content=\"800\" \/>\n\t<meta property=\"og:image:height\" content=\"800\" \/>\n\t<meta property=\"og:image:type\" content=\"image\/jpeg\" \/>\n<meta name=\"twitter:card\" content=\"summary_large_image\" \/>\n<meta name=\"twitter:label1\" content=\"Estimated reading time\" \/>\n\t<meta name=\"twitter:data1\" content=\"1 minute\" \/>\n<script type=\"application\/ld+json\" class=\"yoast-schema-graph\">{\"@context\":\"https:\/\/schema.org\",\"@graph\":[{\"@type\":\"WebPage\",\"@id\":\"https:\/\/kayak-innovations.com\/product\/kajakwagen-natseq\/\",\"url\":\"https:\/\/kayak-innovations.com\/product\/kajakwagen-natseq\/\",\"name\":\"Kajakwagen NATSEQ - KAYAK INNOVATIONS\",\"isPartOf\":{\"@id\":\"https:\/\/kayak-innovations.com\/#website\"},\"primaryImageOfPage\":{\"@id\":\"https:\/\/kayak-innovations.com\/product\/kajakwagen-natseq\/#primaryimage\"},\"image\":{\"@id\":\"https:\/\/kayak-innovations.com\/product\/kajakwagen-natseq\/#primaryimage\"},\"thumbnailUrl\":\"https:\/\/kayak-innovations.com\/wp-content\/uploads\/2025\/08\/Kajakwagen_800x800_4.jpg\",\"datePublished\":\"2025-08-20T11:28:26+00:00\",\"dateModified\":\"2026-03-25T21:05:49+00:00\",\"breadcrumb\":{\"@id\":\"https:\/\/kayak-innovations.com\/product\/kajakwagen-natseq\/#breadcrumb\"},\"inLanguage\":\"en-GB\",\"potentialAction\":[{\"@type\":\"ReadAction\",\"target\":[\"https:\/\/kayak-innovations.com\/product\/kajakwagen-natseq\/\"]}]},{\"@type\":\"ImageObject\",\"inLanguage\":\"en-GB\",\"@id\":\"https:\/\/kayak-innovations.com\/product\/kajakwagen-natseq\/#primaryimage\",\"url\":\"https:\/\/kayak-innovations.com\/wp-content\/uploads\/2025\/08\/Kajakwagen_800x800_4.jpg\",\"contentUrl\":\"https:\/\/kayak-innovations.com\/wp-content\/uploads\/2025\/08\/Kajakwagen_800x800_4.jpg\",\"width\":800,\"height\":800},{\"@type\":\"BreadcrumbList\",\"@id\":\"https:\/\/kayak-innovations.com\/product\/kajakwagen-natseq\/#breadcrumb\",\"itemListElement\":[{\"@type\":\"ListItem\",\"position\":1,\"name\":\"Startseite\",\"item\":\"https:\/\/kayak-innovations.com\/\"},{\"@type\":\"ListItem\",\"position\":2,\"name\":\"Shop\",\"item\":\"https:\/\/kayak-innovations.com\/kayak-innovations-online-shop-fuer-zubehoer-ersatzteile-und-mehr\/\"},{\"@type\":\"ListItem\",\"position\":3,\"name\":\"Kayak Innovations original Zubeh\u00f6r\",\"item\":\"https:\/\/kayak-innovations.com\/product-category\/kayak-innovations-original-zubehoer\/\"},{\"@type\":\"ListItem\",\"position\":4,\"name\":\"Kajakwagen NATSEQ\"}]},{\"@type\":\"WebSite\",\"@id\":\"https:\/\/kayak-innovations.com\/#website\",\"url\":\"https:\/\/kayak-innovations.com\/\",\"name\":\"KAYAK INNOVATIONS\",\"description\":\"Modulares Kajakdesign\",\"publisher\":{\"@id\":\"https:\/\/kayak-innovations.com\/#organization\"},\"potentialAction\":[{\"@type\":\"SearchAction\",\"target\":{\"@type\":\"EntryPoint\",\"urlTemplate\":\"https:\/\/kayak-innovations.com\/?s={search_term_string}\"},\"query-input\":{\"@type\":\"PropertyValueSpecification\",\"valueRequired\":true,\"valueName\":\"search_term_string\"}}],\"inLanguage\":\"en-GB\"},{\"@type\":\"Organization\",\"@id\":\"https:\/\/kayak-innovations.com\/#organization\",\"name\":\"KAYAK INNOVATIONS\",\"url\":\"https:\/\/kayak-innovations.com\/\",\"logo\":{\"@type\":\"ImageObject\",\"inLanguage\":\"en-GB\",\"@id\":\"https:\/\/kayak-innovations.com\/#\/schema\/logo\/image\/\",\"url\":\"https:\/\/kayak-innovations.com\/wp-content\/uploads\/2023\/03\/Logo_Kayak_Innovations.png\",\"contentUrl\":\"https:\/\/kayak-innovations.com\/wp-content\/uploads\/2023\/03\/Logo_Kayak_Innovations.png\",\"width\":640,\"height\":132,\"caption\":\"KAYAK INNOVATIONS\"},\"image\":{\"@id\":\"https:\/\/kayak-innovations.com\/#\/schema\/logo\/image\/\"},\"sameAs\":[\"https:\/\/www.facebook.com\/NATSEQ-108045581073906\",\"https:\/\/www.instagram.com\/kayak.innovations\/\"]}]}<\/script>\n<!-- \/ Yoast SEO plugin. -->","yoast_head_json":{"title":"Kajakwagen NATSEQ - KAYAK INNOVATIONS","robots":{"index":"index","follow":"follow","max-snippet":"max-snippet:-1","max-image-preview":"max-image-preview:large","max-video-preview":"max-video-preview:-1"},"canonical":"https:\/\/kayak-innovations.com\/en\/product\/kajakwagen-natseq\/","og_locale":"en_GB","og_type":"article","og_title":"Kajakwagen NATSEQ - KAYAK INNOVATIONS","og_description":"Werkzeugfreie Montage  Keine Spanngurte oder \u00e4hnliches erforderlich  Passt dank derselben Geometrie unserer patentierten Steckverbindung perfekt unter das Solo-Cockpit  In Sekunden montiert und zerlegt  Transport im Bug oder Heck  Gewicht: &lt; 1kg  Einfach das Solo-Cockpit draufstecken und schon geht\u2019s los!","og_url":"https:\/\/kayak-innovations.com\/en\/product\/kajakwagen-natseq\/","og_site_name":"KAYAK INNOVATIONS","article_publisher":"https:\/\/www.facebook.com\/NATSEQ-108045581073906","article_modified_time":"2026-03-25T21:05:49+00:00","og_image":[{"width":800,"height":800,"url":"https:\/\/kayak-innovations.com\/wp-content\/uploads\/2025\/08\/Kajakwagen_800x800_4.jpg","type":"image\/jpeg"}],"twitter_card":"summary_large_image","twitter_misc":{"Estimated reading time":"1 minute"},"schema":{"@context":"https:\/\/schema.org","@graph":[{"@type":"WebPage","@id":"https:\/\/kayak-innovations.com\/product\/kajakwagen-natseq\/","url":"https:\/\/kayak-innovations.com\/product\/kajakwagen-natseq\/","name":"Kajakwagen NATSEQ - KAYAK INNOVATIONS","isPartOf":{"@id":"https:\/\/kayak-innovations.com\/#website"},"primaryImageOfPage":{"@id":"https:\/\/kayak-innovations.com\/product\/kajakwagen-natseq\/#primaryimage"},"image":{"@id":"https:\/\/kayak-innovations.com\/product\/kajakwagen-natseq\/#primaryimage"},"thumbnailUrl":"https:\/\/kayak-innovations.com\/wp-content\/uploads\/2025\/08\/Kajakwagen_800x800_4.jpg","datePublished":"2025-08-20T11:28:26+00:00","dateModified":"2026-03-25T21:05:49+00:00","breadcrumb":{"@id":"https:\/\/kayak-innovations.com\/product\/kajakwagen-natseq\/#breadcrumb"},"inLanguage":"en-GB","potentialAction":[{"@type":"ReadAction","target":["https:\/\/kayak-innovations.com\/product\/kajakwagen-natseq\/"]}]},{"@type":"ImageObject","inLanguage":"en-GB","@id":"https:\/\/kayak-innovations.com\/product\/kajakwagen-natseq\/#primaryimage","url":"https:\/\/kayak-innovations.com\/wp-content\/uploads\/2025\/08\/Kajakwagen_800x800_4.jpg","contentUrl":"https:\/\/kayak-innovations.com\/wp-content\/uploads\/2025\/08\/Kajakwagen_800x800_4.jpg","width":800,"height":800},{"@type":"BreadcrumbList","@id":"https:\/\/kayak-innovations.com\/product\/kajakwagen-natseq\/#breadcrumb","itemListElement":[{"@type":"ListItem","position":1,"name":"Startseite","item":"https:\/\/kayak-innovations.com\/"},{"@type":"ListItem","position":2,"name":"Shop","item":"https:\/\/kayak-innovations.com\/kayak-innovations-online-shop-fuer-zubehoer-ersatzteile-und-mehr\/"},{"@type":"ListItem","position":3,"name":"Kayak Innovations original Zubeh\u00f6r","item":"https:\/\/kayak-innovations.com\/product-category\/kayak-innovations-original-zubehoer\/"},{"@type":"ListItem","position":4,"name":"Kajakwagen NATSEQ"}]},{"@type":"WebSite","@id":"https:\/\/kayak-innovations.com\/#website","url":"https:\/\/kayak-innovations.com\/","name":"KAYAK INNOVATIONS","description":"Modular kayak design","publisher":{"@id":"https:\/\/kayak-innovations.com\/#organization"},"potentialAction":[{"@type":"SearchAction","target":{"@type":"EntryPoint","urlTemplate":"https:\/\/kayak-innovations.com\/?s={search_term_string}"},"query-input":{"@type":"PropertyValueSpecification","valueRequired":true,"valueName":"search_term_string"}}],"inLanguage":"en-GB"},{"@type":"Organization","@id":"https:\/\/kayak-innovations.com\/#organization","name":"KAYAK INNOVATIONS","url":"https:\/\/kayak-innovations.com\/","logo":{"@type":"ImageObject","inLanguage":"en-GB","@id":"https:\/\/kayak-innovations.com\/#\/schema\/logo\/image\/","url":"https:\/\/kayak-innovations.com\/wp-content\/uploads\/2023\/03\/Logo_Kayak_Innovations.png","contentUrl":"https:\/\/kayak-innovations.com\/wp-content\/uploads\/2023\/03\/Logo_Kayak_Innovations.png","width":640,"height":132,"caption":"KAYAK INNOVATIONS"},"image":{"@id":"https:\/\/kayak-innovations.com\/#\/schema\/logo\/image\/"},"sameAs":["https:\/\/www.facebook.com\/NATSEQ-108045581073906","https:\/\/www.instagram.com\/kayak.innovations\/"]}]}},"_links":{"self":[{"href":"https:\/\/kayak-innovations.com\/en\/wp-json\/wp\/v2\/product\/113667","targetHints":{"allow":["GET"]}}],"collection":[{"href":"https:\/\/kayak-innovations.com\/en\/wp-json\/wp\/v2\/product"}],"about":[{"href":"https:\/\/kayak-innovations.com\/en\/wp-json\/wp\/v2\/types\/product"}],"wp:featuredmedia":[{"embeddable":true,"href":"https:\/\/kayak-innovations.com\/en\/wp-json\/wp\/v2\/media\/113671"}],"wp:attachment":[{"href":"https:\/\/kayak-innovations.com\/en\/wp-json\/wp\/v2\/media?parent=113667"}],"wp:term":[{"taxonomy":"product_brand","embeddable":true,"href":"https:\/\/kayak-innovations.com\/en\/wp-json\/wp\/v2\/product_brand?post=113667"},{"taxonomy":"product_cat","embeddable":true,"href":"https:\/\/kayak-innovations.com\/en\/wp-json\/wp\/v2\/product_cat?post=113667"},{"taxonomy":"product_tag","embeddable":true,"href":"https:\/\/kayak-innovations.com\/en\/wp-json\/wp\/v2\/product_tag?post=113667"}],"curies":[{"name":"wp","href":"https:\/\/api.w.org\/{rel}","templated":true}]}}