{"id":113851,"date":"2025-10-31T10:07:21","date_gmt":"2025-10-31T09:07:21","guid":{"rendered":"https:\/\/kayak-innovations.com\/?post_type=product&#038;p=113851"},"modified":"2026-04-14T08:54:15","modified_gmt":"2026-04-14T07:54:15","slug":"darkforestgreen-tandem-set","status":"publish","type":"product","link":"https:\/\/kayak-innovations.com\/en\/product\/darkforestgreen-tandem-set\/","title":{"rendered":"BLACKFOREST Tandem Set !!!NUR 5 Stk!!!"},"content":{"rendered":"<p>Mit dieser Version unseres <strong>NATSEQ Starter-Sests<\/strong>\u00a0seid ihr bestens ausgestattet, um eure ersten Paddelerlebnisse mit unserem modularen Kajak &#8222;NATSEQ&#8220; zu sammeln.Das Tandem kann in wenigen Sekunden zum Solo umgebaut werden. Ihr entscheidet, ob es allein oder gemeinsam aufs Wasser geht.<\/p>\n<p>NATSEQ als Solo schafft eine Zuladung von 160kg, als Tandem kommen bis zu 260kg mit an Bord. F\u00fcr noch l\u00e4ngere Touren ode den Hund + Gep\u00e4ck bietet der PACKER weitere 60l an Ladevolumen und tr\u00e4gt nochmal bis zu 50kg. Wir haben ein schnelles, wendiges und leicht zu man\u00f6vrierendes Kajak konstruiert und gebaut, dass Euch viel Freude und entspannte Stunden auf dem Wasser bereiten wird!<\/p>\n<p>NATSEQ ist Made in Germany<\/p>\n<p>If you have any questions, please contact us by e-mail <em>service@kayak-innovations.com<\/em><\/p>\n<p>You can find more NATSEQ modules, accessories and accessories in the shop main menu.<\/p>\n<p>Ihr \u00fcberlegt noch? Dann schaut doch mal nach Erfahrungsberichten im Netz. Einfach &#8222;NATSEQ Kajak&#8220; bei YouTube, facebook oder Instagram eingeben und gespannt sein. \ud83d\ude09<\/p>","protected":false},"excerpt":{"rendered":"<p>Das Starter-Set Tandem besteht aus:<\/p>\n<p>1x NATSEQ Tandem &#8222;DarkForestGreen&#8220; UVP 2.349,-<br \/>\n2x Original Kayak Innovations Paddel XLC HA 215-225cm UVP 344,-\/Stk.<br \/>\n2x Hiko Spritzdecke perfekt passend f\u00fcr den NATSEQ-S\u00fcllrand exklusiv im Set<br \/>\n1x original Kayak Innovations Ruderanlage UVP 159,-<\/p>\n<p><strong>Euer Preisvorteil gegen\u00fcber Einzelkauf: 480,- Euro<\/strong><\/p>","protected":false},"featured_media":113852,"template":"","meta":{"_et_pb_use_builder":"off","_et_pb_old_content":"Mit dieser Version unseres <strong>NATSEQ Starter-Sests<\/strong>\u00a0seid ihr bestens ausgestattet, um eure ersten Paddelerlebnisse mit unserem modularen Kajak \"NATSEQ\" zu sammeln.Das Tandem kann in wenigen Sekunden zum Solo umgebaut werden. Ihr entscheidet, ob es allein oder gemeinsam aufs Wasser geht.\r\n\r\nNATSEQ als Solo schafft eine Zuladung von 160kg, als Tandem kommen bis zu 260kg mit an Bord. F\u00fcr noch l\u00e4ngere Touren ode den Hund + Gep\u00e4ck bietet der PACKER weitere 60l an Ladevolumen und tr\u00e4gt nochmal bis zu 50kg. Wir haben ein schnelles, wendiges und leicht zu man\u00f6vrierendes Kajak konstruiert und gebaut, dass Euch viel Freude und entspannte Stunden auf dem Wasser bereiten wird!\r\n\r\nNATSEQ ist Made in Germany\r\n\r\nSolltet ihr noch Fragen haben, meldet euch gern per Mail an <em>service@kayak-innovations.com<\/em>\r\n\r\nWeitere NATSEQ Module, Zubeh\u00f6r und Accessoires findet ihr im Shop Hauptmen\u00fc.\r\n\r\nIhr \u00fcberlegt noch? Dann schaut doch mal nach Erfahrungsberichten im Netz. Einfach \"NATSEQ Kajak\" bei YouTube, facebook oder Instagram eingeben und gespannt sein. ;)","_et_gb_content_width":""},"product_brand":[],"product_cat":[211],"product_tag":[],"class_list":{"0":"post-113851","1":"product","2":"type-product","3":"status-publish","4":"has-post-thumbnail","6":"product_cat-natseq-rundum-sorglos-pakete-2","7":"product_shipping_class-eu-einweg-palette","9":"first","10":"outofstock","11":"taxable","12":"shipping-taxable","13":"purchasable","14":"product-type-simple"},"yoast_head":"<!-- This site is optimized with the Yoast SEO plugin v27.1.1 - https:\/\/yoast.com\/product\/yoast-seo-wordpress\/ -->\n<title>BLACKFOREST Tandem Set !!!NUR 5 Stk!!! - KAYAK INNOVATIONS<\/title>\n<meta name=\"robots\" content=\"index, follow, max-snippet:-1, max-image-preview:large, max-video-preview:-1\" \/>\n<link rel=\"canonical\" href=\"https:\/\/kayak-innovations.com\/en\/product\/darkforestgreen-tandem-set\/\" \/>\n<meta property=\"og:locale\" content=\"en_GB\" \/>\n<meta property=\"og:type\" content=\"article\" \/>\n<meta property=\"og:title\" content=\"BLACKFOREST Tandem Set !!!NUR 5 Stk!!! - KAYAK INNOVATIONS\" \/>\n<meta property=\"og:description\" content=\"Das Starter-Set Tandem besteht aus:  1x NATSEQ Tandem &quot;DarkForestGreen&quot; UVP 2.349,- 2x Original Kayak Innovations Paddel XLC HA 215-225cm UVP 344,-\/Stk. 2x Hiko Spritzdecke perfekt passend f\u00fcr den NATSEQ-S\u00fcllrand exklusiv im Set 1x original Kayak Innovations Ruderanlage UVP 159,-  Euer Preisvorteil gegen\u00fcber Einzelkauf: 480,- Euro\" \/>\n<meta property=\"og:url\" content=\"https:\/\/kayak-innovations.com\/en\/product\/darkforestgreen-tandem-set\/\" \/>\n<meta property=\"og:site_name\" content=\"KAYAK INNOVATIONS\" \/>\n<meta property=\"article:publisher\" content=\"https:\/\/www.facebook.com\/NATSEQ-108045581073906\" \/>\n<meta property=\"article:modified_time\" content=\"2026-04-14T07:54:15+00:00\" \/>\n<meta property=\"og:image\" content=\"https:\/\/kayak-innovations.com\/wp-content\/uploads\/2025\/10\/Set_Forestgreen_Tandem.jpg\" \/>\n\t<meta property=\"og:image:width\" content=\"2000\" \/>\n\t<meta property=\"og:image:height\" content=\"2000\" \/>\n\t<meta property=\"og:image:type\" content=\"image\/jpeg\" \/>\n<meta name=\"twitter:card\" content=\"summary_large_image\" \/>\n<meta name=\"twitter:label1\" content=\"Estimated reading time\" \/>\n\t<meta name=\"twitter:data1\" content=\"2 minutes\" \/>\n<script type=\"application\/ld+json\" class=\"yoast-schema-graph\">{\"@context\":\"https:\/\/schema.org\",\"@graph\":[{\"@type\":\"WebPage\",\"@id\":\"https:\/\/kayak-innovations.com\/product\/darkforestgreen-tandem-set\/\",\"url\":\"https:\/\/kayak-innovations.com\/product\/darkforestgreen-tandem-set\/\",\"name\":\"BLACKFOREST Tandem Set !!!NUR 5 Stk!!! - KAYAK INNOVATIONS\",\"isPartOf\":{\"@id\":\"https:\/\/kayak-innovations.com\/#website\"},\"primaryImageOfPage\":{\"@id\":\"https:\/\/kayak-innovations.com\/product\/darkforestgreen-tandem-set\/#primaryimage\"},\"image\":{\"@id\":\"https:\/\/kayak-innovations.com\/product\/darkforestgreen-tandem-set\/#primaryimage\"},\"thumbnailUrl\":\"https:\/\/kayak-innovations.com\/wp-content\/uploads\/2025\/10\/Set_Forestgreen_Tandem.jpg\",\"datePublished\":\"2025-10-31T09:07:21+00:00\",\"dateModified\":\"2026-04-14T07:54:15+00:00\",\"breadcrumb\":{\"@id\":\"https:\/\/kayak-innovations.com\/product\/darkforestgreen-tandem-set\/#breadcrumb\"},\"inLanguage\":\"en-GB\",\"potentialAction\":[{\"@type\":\"ReadAction\",\"target\":[\"https:\/\/kayak-innovations.com\/product\/darkforestgreen-tandem-set\/\"]}]},{\"@type\":\"ImageObject\",\"inLanguage\":\"en-GB\",\"@id\":\"https:\/\/kayak-innovations.com\/product\/darkforestgreen-tandem-set\/#primaryimage\",\"url\":\"https:\/\/kayak-innovations.com\/wp-content\/uploads\/2025\/10\/Set_Forestgreen_Tandem.jpg\",\"contentUrl\":\"https:\/\/kayak-innovations.com\/wp-content\/uploads\/2025\/10\/Set_Forestgreen_Tandem.jpg\",\"width\":2000,\"height\":2000},{\"@type\":\"BreadcrumbList\",\"@id\":\"https:\/\/kayak-innovations.com\/product\/darkforestgreen-tandem-set\/#breadcrumb\",\"itemListElement\":[{\"@type\":\"ListItem\",\"position\":1,\"name\":\"Startseite\",\"item\":\"https:\/\/kayak-innovations.com\/\"},{\"@type\":\"ListItem\",\"position\":2,\"name\":\"Shop\",\"item\":\"https:\/\/kayak-innovations.com\/kayak-innovations-online-shop-fuer-zubehoer-ersatzteile-und-mehr\/\"},{\"@type\":\"ListItem\",\"position\":3,\"name\":\"NATSEQ - Sets\",\"item\":\"https:\/\/kayak-innovations.com\/product-category\/natseq-rundum-sorglos-pakete-2\/\"},{\"@type\":\"ListItem\",\"position\":4,\"name\":\"BLACKFOREST Tandem Set !!!NUR 5 Stk!!!\"}]},{\"@type\":\"WebSite\",\"@id\":\"https:\/\/kayak-innovations.com\/#website\",\"url\":\"https:\/\/kayak-innovations.com\/\",\"name\":\"KAYAK INNOVATIONS\",\"description\":\"Modulares Kajakdesign\",\"publisher\":{\"@id\":\"https:\/\/kayak-innovations.com\/#organization\"},\"potentialAction\":[{\"@type\":\"SearchAction\",\"target\":{\"@type\":\"EntryPoint\",\"urlTemplate\":\"https:\/\/kayak-innovations.com\/?s={search_term_string}\"},\"query-input\":{\"@type\":\"PropertyValueSpecification\",\"valueRequired\":true,\"valueName\":\"search_term_string\"}}],\"inLanguage\":\"en-GB\"},{\"@type\":\"Organization\",\"@id\":\"https:\/\/kayak-innovations.com\/#organization\",\"name\":\"KAYAK INNOVATIONS\",\"url\":\"https:\/\/kayak-innovations.com\/\",\"logo\":{\"@type\":\"ImageObject\",\"inLanguage\":\"en-GB\",\"@id\":\"https:\/\/kayak-innovations.com\/#\/schema\/logo\/image\/\",\"url\":\"https:\/\/kayak-innovations.com\/wp-content\/uploads\/2023\/03\/Logo_Kayak_Innovations.png\",\"contentUrl\":\"https:\/\/kayak-innovations.com\/wp-content\/uploads\/2023\/03\/Logo_Kayak_Innovations.png\",\"width\":640,\"height\":132,\"caption\":\"KAYAK INNOVATIONS\"},\"image\":{\"@id\":\"https:\/\/kayak-innovations.com\/#\/schema\/logo\/image\/\"},\"sameAs\":[\"https:\/\/www.facebook.com\/NATSEQ-108045581073906\",\"https:\/\/www.instagram.com\/kayak.innovations\/\"]}]}<\/script>\n<!-- \/ Yoast SEO plugin. -->","yoast_head_json":{"title":"BLACKFOREST Tandem Set !!!NUR 5 Stk!!! - KAYAK INNOVATIONS","robots":{"index":"index","follow":"follow","max-snippet":"max-snippet:-1","max-image-preview":"max-image-preview:large","max-video-preview":"max-video-preview:-1"},"canonical":"https:\/\/kayak-innovations.com\/en\/product\/darkforestgreen-tandem-set\/","og_locale":"en_GB","og_type":"article","og_title":"BLACKFOREST Tandem Set !!!NUR 5 Stk!!! - KAYAK INNOVATIONS","og_description":"Das Starter-Set Tandem besteht aus:  1x NATSEQ Tandem \"DarkForestGreen\" UVP 2.349,- 2x Original Kayak Innovations Paddel XLC HA 215-225cm UVP 344,-\/Stk. 2x Hiko Spritzdecke perfekt passend f\u00fcr den NATSEQ-S\u00fcllrand exklusiv im Set 1x original Kayak Innovations Ruderanlage UVP 159,-  Euer Preisvorteil gegen\u00fcber Einzelkauf: 480,- Euro","og_url":"https:\/\/kayak-innovations.com\/en\/product\/darkforestgreen-tandem-set\/","og_site_name":"KAYAK INNOVATIONS","article_publisher":"https:\/\/www.facebook.com\/NATSEQ-108045581073906","article_modified_time":"2026-04-14T07:54:15+00:00","og_image":[{"width":2000,"height":2000,"url":"https:\/\/kayak-innovations.com\/wp-content\/uploads\/2025\/10\/Set_Forestgreen_Tandem.jpg","type":"image\/jpeg"}],"twitter_card":"summary_large_image","twitter_misc":{"Estimated reading time":"2 minutes"},"schema":{"@context":"https:\/\/schema.org","@graph":[{"@type":"WebPage","@id":"https:\/\/kayak-innovations.com\/product\/darkforestgreen-tandem-set\/","url":"https:\/\/kayak-innovations.com\/product\/darkforestgreen-tandem-set\/","name":"BLACKFOREST Tandem Set !!!NUR 5 Stk!!! - KAYAK INNOVATIONS","isPartOf":{"@id":"https:\/\/kayak-innovations.com\/#website"},"primaryImageOfPage":{"@id":"https:\/\/kayak-innovations.com\/product\/darkforestgreen-tandem-set\/#primaryimage"},"image":{"@id":"https:\/\/kayak-innovations.com\/product\/darkforestgreen-tandem-set\/#primaryimage"},"thumbnailUrl":"https:\/\/kayak-innovations.com\/wp-content\/uploads\/2025\/10\/Set_Forestgreen_Tandem.jpg","datePublished":"2025-10-31T09:07:21+00:00","dateModified":"2026-04-14T07:54:15+00:00","breadcrumb":{"@id":"https:\/\/kayak-innovations.com\/product\/darkforestgreen-tandem-set\/#breadcrumb"},"inLanguage":"en-GB","potentialAction":[{"@type":"ReadAction","target":["https:\/\/kayak-innovations.com\/product\/darkforestgreen-tandem-set\/"]}]},{"@type":"ImageObject","inLanguage":"en-GB","@id":"https:\/\/kayak-innovations.com\/product\/darkforestgreen-tandem-set\/#primaryimage","url":"https:\/\/kayak-innovations.com\/wp-content\/uploads\/2025\/10\/Set_Forestgreen_Tandem.jpg","contentUrl":"https:\/\/kayak-innovations.com\/wp-content\/uploads\/2025\/10\/Set_Forestgreen_Tandem.jpg","width":2000,"height":2000},{"@type":"BreadcrumbList","@id":"https:\/\/kayak-innovations.com\/product\/darkforestgreen-tandem-set\/#breadcrumb","itemListElement":[{"@type":"ListItem","position":1,"name":"Startseite","item":"https:\/\/kayak-innovations.com\/"},{"@type":"ListItem","position":2,"name":"Shop","item":"https:\/\/kayak-innovations.com\/kayak-innovations-online-shop-fuer-zubehoer-ersatzteile-und-mehr\/"},{"@type":"ListItem","position":3,"name":"NATSEQ - Sets","item":"https:\/\/kayak-innovations.com\/product-category\/natseq-rundum-sorglos-pakete-2\/"},{"@type":"ListItem","position":4,"name":"BLACKFOREST Tandem Set !!!NUR 5 Stk!!!"}]},{"@type":"WebSite","@id":"https:\/\/kayak-innovations.com\/#website","url":"https:\/\/kayak-innovations.com\/","name":"KAYAK INNOVATIONS","description":"Modular kayak design","publisher":{"@id":"https:\/\/kayak-innovations.com\/#organization"},"potentialAction":[{"@type":"SearchAction","target":{"@type":"EntryPoint","urlTemplate":"https:\/\/kayak-innovations.com\/?s={search_term_string}"},"query-input":{"@type":"PropertyValueSpecification","valueRequired":true,"valueName":"search_term_string"}}],"inLanguage":"en-GB"},{"@type":"Organization","@id":"https:\/\/kayak-innovations.com\/#organization","name":"KAYAK INNOVATIONS","url":"https:\/\/kayak-innovations.com\/","logo":{"@type":"ImageObject","inLanguage":"en-GB","@id":"https:\/\/kayak-innovations.com\/#\/schema\/logo\/image\/","url":"https:\/\/kayak-innovations.com\/wp-content\/uploads\/2023\/03\/Logo_Kayak_Innovations.png","contentUrl":"https:\/\/kayak-innovations.com\/wp-content\/uploads\/2023\/03\/Logo_Kayak_Innovations.png","width":640,"height":132,"caption":"KAYAK INNOVATIONS"},"image":{"@id":"https:\/\/kayak-innovations.com\/#\/schema\/logo\/image\/"},"sameAs":["https:\/\/www.facebook.com\/NATSEQ-108045581073906","https:\/\/www.instagram.com\/kayak.innovations\/"]}]}},"_links":{"self":[{"href":"https:\/\/kayak-innovations.com\/en\/wp-json\/wp\/v2\/product\/113851","targetHints":{"allow":["GET"]}}],"collection":[{"href":"https:\/\/kayak-innovations.com\/en\/wp-json\/wp\/v2\/product"}],"about":[{"href":"https:\/\/kayak-innovations.com\/en\/wp-json\/wp\/v2\/types\/product"}],"wp:featuredmedia":[{"embeddable":true,"href":"https:\/\/kayak-innovations.com\/en\/wp-json\/wp\/v2\/media\/113852"}],"wp:attachment":[{"href":"https:\/\/kayak-innovations.com\/en\/wp-json\/wp\/v2\/media?parent=113851"}],"wp:term":[{"taxonomy":"product_brand","embeddable":true,"href":"https:\/\/kayak-innovations.com\/en\/wp-json\/wp\/v2\/product_brand?post=113851"},{"taxonomy":"product_cat","embeddable":true,"href":"https:\/\/kayak-innovations.com\/en\/wp-json\/wp\/v2\/product_cat?post=113851"},{"taxonomy":"product_tag","embeddable":true,"href":"https:\/\/kayak-innovations.com\/en\/wp-json\/wp\/v2\/product_tag?post=113851"}],"curies":[{"name":"wp","href":"https:\/\/api.w.org\/{rel}","templated":true}]}}