{"id":101225,"date":"2023-02-28T16:10:53","date_gmt":"2023-02-28T15:10:53","guid":{"rendered":"https:\/\/kayak-innovations.com\/bezahlmoeglichkeiten\/"},"modified":"2025-02-04T11:44:22","modified_gmt":"2025-02-04T10:44:22","slug":"zahlungsarten","status":"publish","type":"page","link":"https:\/\/kayak-innovations.com\/fr\/zahlungsarten\/","title":{"rendered":"Modes de paiement"},"content":{"rendered":"<p>[et_pb_section fb_built=&#8220;1&#8243; custom_padding_last_edited=&#8220;on|tablet&#8220; next_background_color=&#8220;#FFFFFF&#8220; _builder_version=&#8220;4.20.4&#8243; _module_preset=&#8220;default&#8220; background_color=&#8220;#4996D1&#8243; background_enable_image=&#8220;off&#8220; custom_margin=&#8220;0px|0px|0px|0px|false|false&#8220; custom_padding=&#8220;100px|0px|100px|0px|false|false&#8220; custom_padding_tablet=&#8220;60px|0px|80px|0px|false|false&#8220; custom_padding_phone=&#8220;40px|0px|40px|0px|false|false&#8220; bottom_divider_style=&#8220;wave2&#8243; bottom_divider_height=&#8220;40px&#8220; bottom_divider_flip=&#8220;vertical&#8220; bottom_divider_height_tablet=&#8220;20px&#8220; bottom_divider_height_phone=&#8220;20px&#8220; bottom_divider_height_last_edited=&#8220;on|tablet&#8220; saved_tabs=&#8220;all&#8220; locked=&#8220;off&#8220; global_colors_info=&#8220;{}&#8220;][et_pb_row _builder_version=&#8220;4.20.4&#8243; _module_preset=&#8220;default&#8220; width=&#8220;70%&#8220; width_tablet=&#8220;80%&#8220; width_phone=&#8220;80%&#8220; width_last_edited=&#8220;on|phone&#8220; max_width=&#8220;none&#8220; module_alignment=&#8220;center&#8220; custom_margin=&#8220;0px|0px|0px|0px|false|false&#8220; custom_padding=&#8220;0px|0px|0px|0px|false|false&#8220; global_colors_info=&#8220;{}&#8220;][et_pb_column type=&#8220;4_4&#8243; _builder_version=&#8220;4.19.5&#8243; _module_preset=&#8220;default&#8220; custom_padding=&#8220;0px||0px||false|false&#8220; global_colors_info=&#8220;{}&#8220;][et_pb_text _builder_version=&#8220;4.20.4&#8243; _module_preset=&#8220;default&#8220; header_font_size=&#8220;40px&#8220; custom_margin=&#8220;0px||0px||false|false&#8220; custom_padding=&#8220;0px||0px||false|false&#8220; animation_direction=&#8220;left&#8220; scroll_horizontal_motion=&#8220;0|80|80|100|-4|0|0&#8243; scroll_blur=&#8220;0|15|15|26|10|0|0&#8243; header_font_size_phone=&#8220;32px&#8220; border_color_bottom=&#8220;#FFFFFF&#8220; global_colors_info=&#8220;{}&#8220;]<\/p>\n<h1>Zahlungsarten<\/h1>\n<p>[\/et_pb_text][\/et_pb_column][\/et_pb_row][\/et_pb_section][et_pb_section fb_built=&#8220;1&#8243; custom_padding_last_edited=&#8220;on|phone&#8220; next_background_color=&#8220;#ffffff&#8220; _builder_version=&#8220;4.20.4&#8243; _module_preset=&#8220;default&#8220; background_color=&#8220;#FFFFFF&#8220; custom_margin=&#8220;0px|0px|0px|0px|false|false&#8220; custom_padding=&#8220;60px|0px|80px|0px|false|false&#8220; custom_padding_tablet=&#8220;60px|0px|80px|0px|false|false&#8220; custom_padding_phone=&#8220;40px|0px|40px|0px|false|false&#8220; bottom_divider_style=&#8220;wave2&#8243; bottom_divider_height=&#8220;20px&#8220; bottom_divider_flip=&#8220;vertical&#8220; saved_tabs=&#8220;all&#8220; locked=&#8220;off&#8220; global_colors_info=&#8220;{}&#8220;][et_pb_row _builder_version=&#8220;4.21.0&#8243; _module_preset=&#8220;default&#8220; width=&#8220;70%&#8220; width_tablet=&#8220;80%&#8220; width_phone=&#8220;80%&#8220; width_last_edited=&#8220;on|phone&#8220; max_width=&#8220;none&#8220; module_alignment=&#8220;center&#8220; custom_margin=&#8220;0px|0px|0px|0px|false|false&#8220; custom_padding=&#8220;0px|0px|0px|0px|false|false&#8220; saved_tabs=&#8220;all&#8220; locked=&#8220;off&#8220; global_colors_info=&#8220;{}&#8220;][et_pb_column type=&#8220;4_4&#8243; _builder_version=&#8220;4.18.0&#8243; _module_preset=&#8220;default&#8220; global_colors_info=&#8220;{}&#8220;][et_pb_text _builder_version=&#8220;4.20.4&#8243; _module_preset=&#8220;default&#8220; header_4_text_color=&#8220;#4996D1&#8243; locked=&#8220;off&#8220; global_colors_info=&#8220;%91%93&#8243;]<\/p>\n<h4>Zahlung per Kreditkarte und Paypal<\/h4>\n<p>Bei uns kannst du bequem und sicher mit deiner Kreditkarte und mit Paypal bezahlen. Wir akzeptieren Kreditkarten der Anbieter MasterCard, Visa und American Express. Deine Kreditkarte wird belastet, bevor deine Bestellung verschickt ist.<\/p>\n<p>[\/et_pb_text][\/et_pb_column][\/et_pb_row][et_pb_row column_structure=&#8220;1_4,1_4,1_4,1_4&#8243; use_custom_gutter=&#8220;on&#8220; gutter_width=&#8220;1&#8243; make_equal=&#8220;on&#8220; disabled_on=&#8220;off|off|off&#8220; _builder_version=&#8220;4.21.0&#8243; _module_preset=&#8220;default&#8220; width=&#8220;70%&#8220; width_tablet=&#8220;80%&#8220; width_phone=&#8220;80%&#8220; width_last_edited=&#8220;on|phone&#8220; max_width=&#8220;none&#8220; module_alignment=&#8220;center&#8220; custom_margin=&#8220;0px|0px|0px|0px|false|false&#8220; custom_padding=&#8220;0px|0px|0px|0px|false|false&#8220; global_colors_info=&#8220;{}&#8220; custom_css_main_element_last_edited=&#8220;off|desktop&#8220; custom_css_main_element_phone=&#8220;display:flex;||column-gap:5px !important;&#8220;][et_pb_column type=&#8220;1_4&#8243; _builder_version=&#8220;4.20.4&#8243; _module_preset=&#8220;default&#8220; background_enable_color=&#8220;off&#8220; custom_padding=&#8220;20px||20px||false|false&#8220; custom_padding_tablet=&#8220;20px||20px||false|false&#8220; custom_padding_phone=&#8220;10px||10px||false|false&#8220; custom_padding_last_edited=&#8220;on|phone&#8220; custom_css_main_element=&#8220;width: 9%!important;&#8220; global_colors_info=&#8220;{}&#8220; custom_css_main_element__hover_enabled=&#8220;off|desktop&#8220; custom_css_main_element_last_edited=&#8220;on|desktop&#8220; custom_css_main_element_phone=&#8220;width: 5.5em!important;&#8220; custom_css_main_element_tablet=&#8220;width: 17%!important;&#8220;][et_pb_icon font_icon=&#8220;&#xf1f0;||fa||400&#8243; icon_color=&#8220;#383939&#8243; icon_width=&#8220;80px&#8220; align=&#8220;left&#8220; _builder_version=&#8220;4.20.4&#8243; _module_preset=&#8220;default&#8220; custom_margin=&#8220;0px||0px||false|false&#8220; custom_padding=&#8220;0px||0px||false|false&#8220; global_colors_info=&#8220;{}&#8220;][\/et_pb_icon][\/et_pb_column][et_pb_column type=&#8220;1_4&#8243; _builder_version=&#8220;4.20.4&#8243; _module_preset=&#8220;default&#8220; background_enable_color=&#8220;off&#8220; custom_padding=&#8220;20px||20px||false|false&#8220; custom_padding_tablet=&#8220;20px||20px||false|false&#8220; custom_padding_phone=&#8220;10px||10px||false|false&#8220; custom_padding_last_edited=&#8220;on|phone&#8220; custom_css_main_element=&#8220;width: 9%!important;&#8220; global_colors_info=&#8220;{}&#8220; custom_css_main_element_last_edited=&#8220;on|phone&#8220; custom_css_main_element_phone=&#8220;width: 5.5em!important;&#8220; custom_css_main_element_tablet=&#8220;width: 17%!important;&#8220;][et_pb_icon font_icon=&#8220;&#xf1f1;||fa||400&#8243; icon_color=&#8220;#383939&#8243; icon_width=&#8220;80px&#8220; align=&#8220;left&#8220; _builder_version=&#8220;4.20.4&#8243; _module_preset=&#8220;default&#8220; custom_margin=&#8220;0px||0px||false|false&#8220; custom_padding=&#8220;0px||0px||false|false&#8220; global_colors_info=&#8220;{}&#8220;][\/et_pb_icon][\/et_pb_column][et_pb_column type=&#8220;1_4&#8243; _builder_version=&#8220;4.20.4&#8243; _module_preset=&#8220;default&#8220; background_enable_color=&#8220;off&#8220; custom_padding=&#8220;20px||20px||false|false&#8220; custom_padding_tablet=&#8220;20px||20px||false|false&#8220; custom_padding_phone=&#8220;10px||10px||false|false&#8220; custom_padding_last_edited=&#8220;on|phone&#8220; custom_css_main_element=&#8220;width: 9%!important;&#8220; global_colors_info=&#8220;{}&#8220; custom_css_main_element_last_edited=&#8220;on|phone&#8220; custom_css_main_element_phone=&#8220;width: 5.5em!important;&#8220; custom_css_main_element_tablet=&#8220;width: 17%!important;&#8220;][et_pb_icon font_icon=&#8220;&#xf1f3;||fa||400&#8243; icon_color=&#8220;#383939&#8243; icon_width=&#8220;80px&#8220; align=&#8220;left&#8220; _builder_version=&#8220;4.20.4&#8243; _module_preset=&#8220;default&#8220; custom_margin=&#8220;0px||0px||false|false&#8220; custom_padding=&#8220;0px||0px||false|false&#8220; global_colors_info=&#8220;{}&#8220;][\/et_pb_icon][\/et_pb_column][et_pb_column type=&#8220;1_4&#8243; _builder_version=&#8220;4.20.4&#8243; _module_preset=&#8220;default&#8220; background_enable_color=&#8220;off&#8220; custom_padding=&#8220;20px||20px||false|false&#8220; custom_padding_tablet=&#8220;20px||20px||false|false&#8220; custom_padding_phone=&#8220;10px||10px||false|false&#8220; custom_padding_last_edited=&#8220;on|phone&#8220; custom_css_main_element=&#8220;width: 9%!important;&#8220; global_colors_info=&#8220;{}&#8220; custom_css_main_element_last_edited=&#8220;on|phone&#8220; custom_css_main_element_phone=&#8220;width: 5.5em!important;&#8220; custom_css_main_element_tablet=&#8220;width: 4em!important;&#8220;][et_pb_icon font_icon=&#8220;&#xf1f4;||fa||400&#8243; icon_color=&#8220;#383939&#8243; icon_width=&#8220;80px&#8220; align=&#8220;left&#8220; _builder_version=&#8220;4.20.4&#8243; _module_preset=&#8220;default&#8220; custom_margin=&#8220;0px||0px||false|false&#8220; custom_padding=&#8220;0px||0px||false|false&#8220; global_colors_info=&#8220;{}&#8220;][\/et_pb_icon][\/et_pb_column][\/et_pb_row][et_pb_row _builder_version=&#8220;4.20.4&#8243; _module_preset=&#8220;default&#8220; width=&#8220;70%&#8220; width_tablet=&#8220;80%&#8220; width_phone=&#8220;80%&#8220; width_last_edited=&#8220;on|phone&#8220; max_width=&#8220;none&#8220; module_alignment=&#8220;center&#8220; custom_margin=&#8220;0px|0px|0px|0px|false|false&#8220; custom_padding=&#8220;0px|0px|0px|0px|false|false&#8220; saved_tabs=&#8220;all&#8220; locked=&#8220;off&#8220; global_colors_info=&#8220;{}&#8220;][et_pb_column type=&#8220;4_4&#8243; _builder_version=&#8220;4.18.0&#8243; _module_preset=&#8220;default&#8220; global_colors_info=&#8220;{}&#8220;][et_pb_text _builder_version=&#8220;4.20.4&#8243; _module_preset=&#8220;default&#8220; header_4_text_color=&#8220;#4996D1&#8243; locked=&#8220;off&#8220; global_colors_info=&#8220;%91%93&#8243;]<\/p>\n<h4>R\u00fcckerstattung nach einer R\u00fccksendung<\/h4>\n<p class=\"_7Cm1F9 ka2E9k uMhVZi FxZV-M z-oVg8 pVrzNP mt-16 mb-16\">Wenn du einen oder mehrere Artikel zur\u00fcckschickst, wird der entsprechende Warenwert wieder auf das jeweilige Zahlungsmittel gutgeschrieben, sobald der Artikel bei uns eingetroffen ist.<\/p>\n<p class=\"_7Cm1F9 ka2E9k uMhVZi FxZV-M z-oVg8 pVrzNP mt-16 mb-16\">Bitte beachte: Wenn deine Kreditkarte abgelaufen ist, ist keine Erstattung auf deine Bankdaten m\u00f6glich. Wende dich hier bitte an dein Kreditkartenunternehmen.<\/p>\n<h4 class=\"_7Cm1F9 ka2E9k uMhVZi FxZV-M z-oVg8 pVrzNP mt-16 mb-16\">R\u00fcckerstattung bei einer Stornierung<\/h4>\n<p>Nat\u00fcrlich musst du keine Artikel bezahlen, die storniert wurden. Wir erstatten den Zahlungsbetrag umgehend auf das jeweilige Zahlungsmittel.<\/p>\n<h4>So w\u00e4hlst du deine Zahlungsart<\/h4>\n<p>Wenn du eine Bestellung abschlie\u00dft und zur Kasse gehst, kannst du aus einer Reihe von angebotenen Zahlungsarten ausw\u00e4hlen.<\/p>\n<p>[\/et_pb_text][\/et_pb_column][\/et_pb_row][\/et_pb_section]<\/p>\n","protected":false},"excerpt":{"rendered":"<p>ZahlungsartenZahlung per Kreditkarte und Paypal Bei uns kannst du bequem und sicher mit deiner Kreditkarte und mit Paypal bezahlen. Wir akzeptieren Kreditkarten der Anbieter MasterCard, Visa und American Express. Deine Kreditkarte wird belastet, bevor deine Bestellung verschickt ist.R\u00fcckerstattung nach einer R\u00fccksendung Wenn du einen oder mehrere Artikel zur\u00fcckschickst, wird der entsprechende Warenwert wieder auf das [&hellip;]<\/p>\n","protected":false},"author":1,"featured_media":0,"parent":0,"menu_order":0,"comment_status":"closed","ping_status":"closed","template":"","meta":{"_et_pb_use_builder":"on","_et_pb_old_content":"[payment_methods_info]","_et_gb_content_width":"","footnotes":""},"class_list":["post-101225","page","type-page","status-publish","hentry"],"yoast_head":"<!-- This site is optimized with the Yoast SEO plugin v27.1.1 - https:\/\/yoast.com\/product\/yoast-seo-wordpress\/ -->\n<title>Zahlungsarten - KAYAK INNOVATIONS<\/title>\n<meta name=\"robots\" content=\"index, follow, max-snippet:-1, max-image-preview:large, max-video-preview:-1\" \/>\n<link rel=\"canonical\" href=\"https:\/\/kayak-innovations.com\/fr\/zahlungsarten\/\" \/>\n<meta property=\"og:locale\" content=\"fr_FR\" \/>\n<meta property=\"og:type\" content=\"article\" \/>\n<meta property=\"og:title\" content=\"Zahlungsarten - KAYAK INNOVATIONS\" \/>\n<meta property=\"og:description\" content=\"ZahlungsartenZahlung per Kreditkarte und Paypal Bei uns kannst du bequem und sicher mit deiner Kreditkarte und mit Paypal bezahlen. Wir akzeptieren Kreditkarten der Anbieter MasterCard, Visa und American Express. Deine Kreditkarte wird belastet, bevor deine Bestellung verschickt ist.R\u00fcckerstattung nach einer R\u00fccksendung Wenn du einen oder mehrere Artikel zur\u00fcckschickst, wird der entsprechende Warenwert wieder auf das [&hellip;]\" \/>\n<meta property=\"og:url\" content=\"https:\/\/kayak-innovations.com\/fr\/zahlungsarten\/\" \/>\n<meta property=\"og:site_name\" content=\"KAYAK INNOVATIONS\" \/>\n<meta property=\"article:publisher\" content=\"https:\/\/www.facebook.com\/NATSEQ-108045581073906\" \/>\n<meta property=\"article:modified_time\" content=\"2025-02-04T10:44:22+00:00\" \/>\n<meta name=\"twitter:card\" content=\"summary_large_image\" \/>\n<meta name=\"twitter:label1\" content=\"Dur\u00e9e de lecture estim\u00e9e\" \/>\n\t<meta name=\"twitter:data1\" content=\"1 minute\" \/>\n<script type=\"application\/ld+json\" class=\"yoast-schema-graph\">{\"@context\":\"https:\/\/schema.org\",\"@graph\":[{\"@type\":\"WebPage\",\"@id\":\"https:\/\/kayak-innovations.com\/zahlungsarten\/\",\"url\":\"https:\/\/kayak-innovations.com\/zahlungsarten\/\",\"name\":\"Zahlungsarten - KAYAK INNOVATIONS\",\"isPartOf\":{\"@id\":\"https:\/\/kayak-innovations.com\/#website\"},\"datePublished\":\"2023-02-28T15:10:53+00:00\",\"dateModified\":\"2025-02-04T10:44:22+00:00\",\"breadcrumb\":{\"@id\":\"https:\/\/kayak-innovations.com\/zahlungsarten\/#breadcrumb\"},\"inLanguage\":\"fr-FR\",\"potentialAction\":[{\"@type\":\"ReadAction\",\"target\":[\"https:\/\/kayak-innovations.com\/zahlungsarten\/\"]}]},{\"@type\":\"BreadcrumbList\",\"@id\":\"https:\/\/kayak-innovations.com\/zahlungsarten\/#breadcrumb\",\"itemListElement\":[{\"@type\":\"ListItem\",\"position\":1,\"name\":\"Startseite\",\"item\":\"https:\/\/kayak-innovations.com\/\"},{\"@type\":\"ListItem\",\"position\":2,\"name\":\"Zahlungsarten\"}]},{\"@type\":\"WebSite\",\"@id\":\"https:\/\/kayak-innovations.com\/#website\",\"url\":\"https:\/\/kayak-innovations.com\/\",\"name\":\"KAYAK INNOVATIONS\",\"description\":\"Modulares Kajakdesign\",\"publisher\":{\"@id\":\"https:\/\/kayak-innovations.com\/#organization\"},\"potentialAction\":[{\"@type\":\"SearchAction\",\"target\":{\"@type\":\"EntryPoint\",\"urlTemplate\":\"https:\/\/kayak-innovations.com\/?s={search_term_string}\"},\"query-input\":{\"@type\":\"PropertyValueSpecification\",\"valueRequired\":true,\"valueName\":\"search_term_string\"}}],\"inLanguage\":\"fr-FR\"},{\"@type\":\"Organization\",\"@id\":\"https:\/\/kayak-innovations.com\/#organization\",\"name\":\"KAYAK INNOVATIONS\",\"url\":\"https:\/\/kayak-innovations.com\/\",\"logo\":{\"@type\":\"ImageObject\",\"inLanguage\":\"fr-FR\",\"@id\":\"https:\/\/kayak-innovations.com\/#\/schema\/logo\/image\/\",\"url\":\"https:\/\/kayak-innovations.com\/wp-content\/uploads\/2023\/03\/Logo_Kayak_Innovations.png\",\"contentUrl\":\"https:\/\/kayak-innovations.com\/wp-content\/uploads\/2023\/03\/Logo_Kayak_Innovations.png\",\"width\":640,\"height\":132,\"caption\":\"KAYAK INNOVATIONS\"},\"image\":{\"@id\":\"https:\/\/kayak-innovations.com\/#\/schema\/logo\/image\/\"},\"sameAs\":[\"https:\/\/www.facebook.com\/NATSEQ-108045581073906\",\"https:\/\/www.instagram.com\/kayak.innovations\/\"]}]}<\/script>\n<!-- \/ Yoast SEO plugin. -->","yoast_head_json":{"title":"Zahlungsarten - KAYAK INNOVATIONS","robots":{"index":"index","follow":"follow","max-snippet":"max-snippet:-1","max-image-preview":"max-image-preview:large","max-video-preview":"max-video-preview:-1"},"canonical":"https:\/\/kayak-innovations.com\/fr\/zahlungsarten\/","og_locale":"fr_FR","og_type":"article","og_title":"Zahlungsarten - KAYAK INNOVATIONS","og_description":"ZahlungsartenZahlung per Kreditkarte und Paypal Bei uns kannst du bequem und sicher mit deiner Kreditkarte und mit Paypal bezahlen. Wir akzeptieren Kreditkarten der Anbieter MasterCard, Visa und American Express. Deine Kreditkarte wird belastet, bevor deine Bestellung verschickt ist.R\u00fcckerstattung nach einer R\u00fccksendung Wenn du einen oder mehrere Artikel zur\u00fcckschickst, wird der entsprechende Warenwert wieder auf das [&hellip;]","og_url":"https:\/\/kayak-innovations.com\/fr\/zahlungsarten\/","og_site_name":"KAYAK INNOVATIONS","article_publisher":"https:\/\/www.facebook.com\/NATSEQ-108045581073906","article_modified_time":"2025-02-04T10:44:22+00:00","twitter_card":"summary_large_image","twitter_misc":{"Dur\u00e9e de lecture estim\u00e9e":"1 minute"},"schema":{"@context":"https:\/\/schema.org","@graph":[{"@type":"WebPage","@id":"https:\/\/kayak-innovations.com\/zahlungsarten\/","url":"https:\/\/kayak-innovations.com\/zahlungsarten\/","name":"Zahlungsarten - KAYAK INNOVATIONS","isPartOf":{"@id":"https:\/\/kayak-innovations.com\/#website"},"datePublished":"2023-02-28T15:10:53+00:00","dateModified":"2025-02-04T10:44:22+00:00","breadcrumb":{"@id":"https:\/\/kayak-innovations.com\/zahlungsarten\/#breadcrumb"},"inLanguage":"fr-FR","potentialAction":[{"@type":"ReadAction","target":["https:\/\/kayak-innovations.com\/zahlungsarten\/"]}]},{"@type":"BreadcrumbList","@id":"https:\/\/kayak-innovations.com\/zahlungsarten\/#breadcrumb","itemListElement":[{"@type":"ListItem","position":1,"name":"Startseite","item":"https:\/\/kayak-innovations.com\/"},{"@type":"ListItem","position":2,"name":"Zahlungsarten"}]},{"@type":"WebSite","@id":"https:\/\/kayak-innovations.com\/#website","url":"https:\/\/kayak-innovations.com\/","name":"KAYAK INNOVATIONS","description":"Conception modulaire du kayak","publisher":{"@id":"https:\/\/kayak-innovations.com\/#organization"},"potentialAction":[{"@type":"SearchAction","target":{"@type":"EntryPoint","urlTemplate":"https:\/\/kayak-innovations.com\/?s={search_term_string}"},"query-input":{"@type":"PropertyValueSpecification","valueRequired":true,"valueName":"search_term_string"}}],"inLanguage":"fr-FR"},{"@type":"Organization","@id":"https:\/\/kayak-innovations.com\/#organization","name":"KAYAK INNOVATIONS","url":"https:\/\/kayak-innovations.com\/","logo":{"@type":"ImageObject","inLanguage":"fr-FR","@id":"https:\/\/kayak-innovations.com\/#\/schema\/logo\/image\/","url":"https:\/\/kayak-innovations.com\/wp-content\/uploads\/2023\/03\/Logo_Kayak_Innovations.png","contentUrl":"https:\/\/kayak-innovations.com\/wp-content\/uploads\/2023\/03\/Logo_Kayak_Innovations.png","width":640,"height":132,"caption":"KAYAK INNOVATIONS"},"image":{"@id":"https:\/\/kayak-innovations.com\/#\/schema\/logo\/image\/"},"sameAs":["https:\/\/www.facebook.com\/NATSEQ-108045581073906","https:\/\/www.instagram.com\/kayak.innovations\/"]}]}},"_links":{"self":[{"href":"https:\/\/kayak-innovations.com\/fr\/wp-json\/wp\/v2\/pages\/101225","targetHints":{"allow":["GET"]}}],"collection":[{"href":"https:\/\/kayak-innovations.com\/fr\/wp-json\/wp\/v2\/pages"}],"about":[{"href":"https:\/\/kayak-innovations.com\/fr\/wp-json\/wp\/v2\/types\/page"}],"author":[{"embeddable":true,"href":"https:\/\/kayak-innovations.com\/fr\/wp-json\/wp\/v2\/users\/1"}],"replies":[{"embeddable":true,"href":"https:\/\/kayak-innovations.com\/fr\/wp-json\/wp\/v2\/comments?post=101225"}],"version-history":[{"count":7,"href":"https:\/\/kayak-innovations.com\/fr\/wp-json\/wp\/v2\/pages\/101225\/revisions"}],"predecessor-version":[{"id":112285,"href":"https:\/\/kayak-innovations.com\/fr\/wp-json\/wp\/v2\/pages\/101225\/revisions\/112285"}],"wp:attachment":[{"href":"https:\/\/kayak-innovations.com\/fr\/wp-json\/wp\/v2\/media?parent=101225"}],"curies":[{"name":"wp","href":"https:\/\/api.w.org\/{rel}","templated":true}]}}