{"id":105628,"date":"2023-03-23T11:36:41","date_gmt":"2023-03-23T10:36:41","guid":{"rendered":"https:\/\/kayak-innovations.com\/product\/kajak-natseq-solo-blau\/"},"modified":"2025-12-08T16:01:50","modified_gmt":"2025-12-08T15:01:50","slug":"kajak-natseq-solo-blau","status":"publish","type":"product","link":"https:\/\/kayak-innovations.com\/fr\/product\/kajak-natseq-solo-blau\/","title":{"rendered":"Kayak NATSEQ - Solo bleu"},"content":{"rendered":"<p><strong>NATSEQ - Un kayak divisible unique en son genre :<\/strong><\/p>\n<ul>\n<li>se transforme de deux en un en quelques secondes<\/li>\n<li>rapide, maniable et facile \u00e0 man\u0153uvrer<\/li>\n<li>avec un syst\u00e8me de fermeture brevet\u00e9 pour un montage et un d\u00e9montage rapides ainsi qu'un transport et un stockage peu encombrants<\/li>\n<li>pour les d\u00e9butants et les pagayeurs confirm\u00e9s<\/li>\n<li>100% Fabriqu\u00e9 en Allemagne.<\/li>\n<\/ul>\n<p>La repr\u00e9sentation de la couleur peut pr\u00e9senter de l\u00e9g\u00e8res diff\u00e9rences avec le produit r\u00e9el.<\/p>\n<p>Sportliche Linienf\u00fchrung gepaart mit viel Platz in Bug und Heck als komplett nutzbarem Stauraum \u2013 bis zu 160kg kommen beim Solo mit an Bord \u2013 sowie ein riesiges Cockpit, in dem selbst \u00fcber 2 Meter gro\u00dfe Paddler:innen komfortabel Platz nehmen k\u00f6nnen. Die verstellbare R\u00fcckenlehne sowie Fu\u00dfrasten erm\u00f6glichen euch die perfekte bequeme Sitzposition.<\/p>\n<p>NATSEQ est id\u00e9al pour les rivi\u00e8res, les lacs et les eaux c\u00f4ti\u00e8res - pour quelques heures ou quelques jours, seul ou \u00e0 deux en tandem, ... avec des bagages ou un chien, le PACKER offre un volume de chargement suppl\u00e9mentaire de 60l et supporte encore jusqu'\u00e0 50kg.<\/p>\n<p>Actuellement disponible en 3 couleurs : rouge, vert, bleu<\/p>\n<p>Si vous avez des questions, n'h\u00e9sitez pas \u00e0 nous contacter par e-mail \u00e0 l'adresse suivante <em><span id=\"eeb-155689-965993\">service@kayak-innovations.com<\/span><\/em><\/p>\n<p>Tu trouveras d'autres modules NATSEQ, des accessoires dans le menu principal de la boutique.<\/p>\n<p>Ihr \u00fcberlegt noch? Dann schaut doch mal nach Erfahrungsberichten im Netz. Einfach \u201cNATSEQ Kajak\u201d bei YouTube, facebook oder Instagram eingeben und gespannt sein. \ud83d\ude09<\/p>","protected":false},"excerpt":{"rendered":"<p><strong>NATSEQ Solo:<br \/>\n<\/strong>1x Heck mit Lukendeckel<br \/>\n1x Cockpit Solo mit Lukendeckel<br \/>\n1x Bug mit Lukendeckel<\/p>","protected":false},"featured_media":111437,"template":"","meta":{"_et_pb_use_builder":"off","_et_pb_old_content":"NATSEQ ist ein einzigartiges teilbares, weil modulares Kajak mit bester Performance und der wohl l\u00e4ngsten Wasserlinie in dieser Bootsl\u00e4nge.\r\n\r\nSportliche Linienf\u00fchrung gepaart mit viel Platz in Bug und Heck als komplett nutzbarem Stauraum sowie ein riesiges Cockpit, in dem selbst \u00fcber 2 Meter gro\u00dfe Paddler:innen komfortabel Platz nehmen k\u00f6nnen.\r\n\r\nDie hydrodynamisch vollendete Unterwasserform aus U-Spant zu Knickspant, gem\u00e4\u00dfigtem Kielsprung und geringer benetzter Fl\u00e4che, durch perfektes L\u00e4ngen-Breitenverh\u00e4ltnis und gr\u00f6\u00dfter Breite hinter dem Cockpit verleiht dem NATSEQ eine hervorragende Performance. Die Wasserlinie ist vielleicht die L\u00e4ngste in dieser Bootsl\u00e4nge.\r\n\r\nNATSEQ eignet sich hervorragend f\u00fcr Fl\u00fcsse, Seen und K\u00fcstengew\u00e4sser \u2013 f\u00fcr ein paar Stunden oder Tage, allein oder zu zweit, dritt, \u2026 mit Gep\u00e4ck, Hund oder ohne.\r\n\r\nNATSEQ als Solo schafft eine Zuladung von 160kg, als Tandem kommen bis zu 260kg mit an Bord. F\u00fcr noch l\u00e4ngere Touren oder den Hund + Gep\u00e4ck bietet der PACKER weitere 60l an Ladevolumen und tr\u00e4gt nochmal bis zu 50kg.\r\n\r\nWir haben ein schnelles, wendiges und leicht zu man\u00f6vrierendes Kajak konstruiert und gebaut, dass den Vergleich mit anderen hochwertigen Kajaks nicht zu scheuen braucht und Euch viel Freude und entspannte Stunden auf dem Wasser bereiten wird!\r\n\r\nNATSEQ ist regional, weil zu 100 Prozent Made in Germany!\r\n\r\nAktuell in 3 Farben lieferbar: Rot, Gr\u00fcn, Blau","_et_gb_content_width":""},"product_brand":[],"product_cat":[153],"product_tag":[123,35,36],"class_list":{"0":"post-105628","1":"product","2":"type-product","3":"status-publish","4":"has-post-thumbnail","6":"product_cat-natseq-als-solo","7":"product_tag-kajak","8":"product_tag-modular","9":"product_tag-natseq","10":"product_shipping_class-eu-einweg-palette","12":"first","13":"instock","14":"taxable","15":"shipping-taxable","16":"purchasable","17":"product-type-simple"},"yoast_head":"<!-- This site is optimized with the Yoast SEO plugin v27.1.1 - https:\/\/yoast.com\/product\/yoast-seo-wordpress\/ -->\n<title>Kajak NATSEQ - Solo Blau - KAYAK INNOVATIONS<\/title>\n<meta name=\"robots\" content=\"index, follow, max-snippet:-1, max-image-preview:large, max-video-preview:-1\" \/>\n<link rel=\"canonical\" href=\"https:\/\/kayak-innovations.com\/fr\/product\/kajak-natseq-solo-blau\/\" \/>\n<meta property=\"og:locale\" content=\"fr_FR\" \/>\n<meta property=\"og:type\" content=\"article\" \/>\n<meta property=\"og:title\" content=\"Kajak NATSEQ - Solo Blau - KAYAK INNOVATIONS\" \/>\n<meta property=\"og:description\" content=\"NATSEQ Solo: 1x Heck mit Lukendeckel 1x Cockpit Solo mit Lukendeckel 1x Bug mit Lukendeckel\" \/>\n<meta property=\"og:url\" content=\"https:\/\/kayak-innovations.com\/fr\/product\/kajak-natseq-solo-blau\/\" \/>\n<meta property=\"og:site_name\" content=\"KAYAK INNOVATIONS\" \/>\n<meta property=\"article:publisher\" content=\"https:\/\/www.facebook.com\/NATSEQ-108045581073906\" \/>\n<meta property=\"article:modified_time\" content=\"2025-12-08T15:01:50+00:00\" \/>\n<meta property=\"og:image\" content=\"https:\/\/kayak-innovations.com\/wp-content\/uploads\/2023\/03\/Solo_blau_schraeg.jpg\" \/>\n\t<meta property=\"og:image:width\" content=\"1500\" \/>\n\t<meta property=\"og:image:height\" content=\"1500\" \/>\n\t<meta property=\"og:image:type\" content=\"image\/jpeg\" \/>\n<meta name=\"twitter:card\" content=\"summary_large_image\" \/>\n<meta name=\"twitter:label1\" content=\"Dur\u00e9e de lecture estim\u00e9e\" \/>\n\t<meta name=\"twitter:data1\" content=\"2 minutes\" \/>\n<script type=\"application\/ld+json\" class=\"yoast-schema-graph\">{\"@context\":\"https:\/\/schema.org\",\"@graph\":[{\"@type\":\"WebPage\",\"@id\":\"https:\/\/kayak-innovations.com\/product\/kajak-natseq-solo-blau\/\",\"url\":\"https:\/\/kayak-innovations.com\/product\/kajak-natseq-solo-blau\/\",\"name\":\"Kajak NATSEQ - Solo Blau - KAYAK INNOVATIONS\",\"isPartOf\":{\"@id\":\"https:\/\/kayak-innovations.com\/#website\"},\"primaryImageOfPage\":{\"@id\":\"https:\/\/kayak-innovations.com\/product\/kajak-natseq-solo-blau\/#primaryimage\"},\"image\":{\"@id\":\"https:\/\/kayak-innovations.com\/product\/kajak-natseq-solo-blau\/#primaryimage\"},\"thumbnailUrl\":\"https:\/\/kayak-innovations.com\/wp-content\/uploads\/2023\/03\/Solo_blau_schraeg.jpg\",\"datePublished\":\"2023-03-23T10:36:41+00:00\",\"dateModified\":\"2025-12-08T15:01:50+00:00\",\"breadcrumb\":{\"@id\":\"https:\/\/kayak-innovations.com\/product\/kajak-natseq-solo-blau\/#breadcrumb\"},\"inLanguage\":\"fr-FR\",\"potentialAction\":[{\"@type\":\"ReadAction\",\"target\":[\"https:\/\/kayak-innovations.com\/product\/kajak-natseq-solo-blau\/\"]}]},{\"@type\":\"ImageObject\",\"inLanguage\":\"fr-FR\",\"@id\":\"https:\/\/kayak-innovations.com\/product\/kajak-natseq-solo-blau\/#primaryimage\",\"url\":\"https:\/\/kayak-innovations.com\/wp-content\/uploads\/2023\/03\/Solo_blau_schraeg.jpg\",\"contentUrl\":\"https:\/\/kayak-innovations.com\/wp-content\/uploads\/2023\/03\/Solo_blau_schraeg.jpg\",\"width\":1500,\"height\":1500},{\"@type\":\"BreadcrumbList\",\"@id\":\"https:\/\/kayak-innovations.com\/product\/kajak-natseq-solo-blau\/#breadcrumb\",\"itemListElement\":[{\"@type\":\"ListItem\",\"position\":1,\"name\":\"Startseite\",\"item\":\"https:\/\/kayak-innovations.com\/\"},{\"@type\":\"ListItem\",\"position\":2,\"name\":\"Shop\",\"item\":\"https:\/\/kayak-innovations.com\/kayak-innovations-online-shop-fuer-zubehoer-ersatzteile-und-mehr\/\"},{\"@type\":\"ListItem\",\"position\":3,\"name\":\"NATSEQ modulares Kayak\",\"item\":\"https:\/\/kayak-innovations.com\/product-category\/natseq-modulares-kayak\/\"},{\"@type\":\"ListItem\",\"position\":4,\"name\":\"NATSEQ als Solo\",\"item\":\"https:\/\/kayak-innovations.com\/product-category\/natseq-modulares-kayak\/natseq-als-solo\/\"},{\"@type\":\"ListItem\",\"position\":5,\"name\":\"Kajak NATSEQ &#8211; Solo Blau\"}]},{\"@type\":\"WebSite\",\"@id\":\"https:\/\/kayak-innovations.com\/#website\",\"url\":\"https:\/\/kayak-innovations.com\/\",\"name\":\"KAYAK INNOVATIONS\",\"description\":\"Modulares Kajakdesign\",\"publisher\":{\"@id\":\"https:\/\/kayak-innovations.com\/#organization\"},\"potentialAction\":[{\"@type\":\"SearchAction\",\"target\":{\"@type\":\"EntryPoint\",\"urlTemplate\":\"https:\/\/kayak-innovations.com\/?s={search_term_string}\"},\"query-input\":{\"@type\":\"PropertyValueSpecification\",\"valueRequired\":true,\"valueName\":\"search_term_string\"}}],\"inLanguage\":\"fr-FR\"},{\"@type\":\"Organization\",\"@id\":\"https:\/\/kayak-innovations.com\/#organization\",\"name\":\"KAYAK INNOVATIONS\",\"url\":\"https:\/\/kayak-innovations.com\/\",\"logo\":{\"@type\":\"ImageObject\",\"inLanguage\":\"fr-FR\",\"@id\":\"https:\/\/kayak-innovations.com\/#\/schema\/logo\/image\/\",\"url\":\"https:\/\/kayak-innovations.com\/wp-content\/uploads\/2023\/03\/Logo_Kayak_Innovations.png\",\"contentUrl\":\"https:\/\/kayak-innovations.com\/wp-content\/uploads\/2023\/03\/Logo_Kayak_Innovations.png\",\"width\":640,\"height\":132,\"caption\":\"KAYAK INNOVATIONS\"},\"image\":{\"@id\":\"https:\/\/kayak-innovations.com\/#\/schema\/logo\/image\/\"},\"sameAs\":[\"https:\/\/www.facebook.com\/NATSEQ-108045581073906\",\"https:\/\/www.instagram.com\/kayak.innovations\/\"]}]}<\/script>\n<!-- \/ Yoast SEO plugin. -->","yoast_head_json":{"title":"Kajak NATSEQ - Solo Blau - KAYAK INNOVATIONS","robots":{"index":"index","follow":"follow","max-snippet":"max-snippet:-1","max-image-preview":"max-image-preview:large","max-video-preview":"max-video-preview:-1"},"canonical":"https:\/\/kayak-innovations.com\/fr\/product\/kajak-natseq-solo-blau\/","og_locale":"fr_FR","og_type":"article","og_title":"Kajak NATSEQ - Solo Blau - KAYAK INNOVATIONS","og_description":"NATSEQ Solo: 1x Heck mit Lukendeckel 1x Cockpit Solo mit Lukendeckel 1x Bug mit Lukendeckel","og_url":"https:\/\/kayak-innovations.com\/fr\/product\/kajak-natseq-solo-blau\/","og_site_name":"KAYAK INNOVATIONS","article_publisher":"https:\/\/www.facebook.com\/NATSEQ-108045581073906","article_modified_time":"2025-12-08T15:01:50+00:00","og_image":[{"width":1500,"height":1500,"url":"https:\/\/kayak-innovations.com\/wp-content\/uploads\/2023\/03\/Solo_blau_schraeg.jpg","type":"image\/jpeg"}],"twitter_card":"summary_large_image","twitter_misc":{"Dur\u00e9e de lecture estim\u00e9e":"2 minutes"},"schema":{"@context":"https:\/\/schema.org","@graph":[{"@type":"WebPage","@id":"https:\/\/kayak-innovations.com\/product\/kajak-natseq-solo-blau\/","url":"https:\/\/kayak-innovations.com\/product\/kajak-natseq-solo-blau\/","name":"Kajak NATSEQ - Solo Blau - KAYAK INNOVATIONS","isPartOf":{"@id":"https:\/\/kayak-innovations.com\/#website"},"primaryImageOfPage":{"@id":"https:\/\/kayak-innovations.com\/product\/kajak-natseq-solo-blau\/#primaryimage"},"image":{"@id":"https:\/\/kayak-innovations.com\/product\/kajak-natseq-solo-blau\/#primaryimage"},"thumbnailUrl":"https:\/\/kayak-innovations.com\/wp-content\/uploads\/2023\/03\/Solo_blau_schraeg.jpg","datePublished":"2023-03-23T10:36:41+00:00","dateModified":"2025-12-08T15:01:50+00:00","breadcrumb":{"@id":"https:\/\/kayak-innovations.com\/product\/kajak-natseq-solo-blau\/#breadcrumb"},"inLanguage":"fr-FR","potentialAction":[{"@type":"ReadAction","target":["https:\/\/kayak-innovations.com\/product\/kajak-natseq-solo-blau\/"]}]},{"@type":"ImageObject","inLanguage":"fr-FR","@id":"https:\/\/kayak-innovations.com\/product\/kajak-natseq-solo-blau\/#primaryimage","url":"https:\/\/kayak-innovations.com\/wp-content\/uploads\/2023\/03\/Solo_blau_schraeg.jpg","contentUrl":"https:\/\/kayak-innovations.com\/wp-content\/uploads\/2023\/03\/Solo_blau_schraeg.jpg","width":1500,"height":1500},{"@type":"BreadcrumbList","@id":"https:\/\/kayak-innovations.com\/product\/kajak-natseq-solo-blau\/#breadcrumb","itemListElement":[{"@type":"ListItem","position":1,"name":"Startseite","item":"https:\/\/kayak-innovations.com\/"},{"@type":"ListItem","position":2,"name":"Shop","item":"https:\/\/kayak-innovations.com\/kayak-innovations-online-shop-fuer-zubehoer-ersatzteile-und-mehr\/"},{"@type":"ListItem","position":3,"name":"NATSEQ modulares Kayak","item":"https:\/\/kayak-innovations.com\/product-category\/natseq-modulares-kayak\/"},{"@type":"ListItem","position":4,"name":"NATSEQ als Solo","item":"https:\/\/kayak-innovations.com\/product-category\/natseq-modulares-kayak\/natseq-als-solo\/"},{"@type":"ListItem","position":5,"name":"Kajak NATSEQ &#8211; Solo Blau"}]},{"@type":"WebSite","@id":"https:\/\/kayak-innovations.com\/#website","url":"https:\/\/kayak-innovations.com\/","name":"KAYAK INNOVATIONS","description":"Conception modulaire du kayak","publisher":{"@id":"https:\/\/kayak-innovations.com\/#organization"},"potentialAction":[{"@type":"SearchAction","target":{"@type":"EntryPoint","urlTemplate":"https:\/\/kayak-innovations.com\/?s={search_term_string}"},"query-input":{"@type":"PropertyValueSpecification","valueRequired":true,"valueName":"search_term_string"}}],"inLanguage":"fr-FR"},{"@type":"Organization","@id":"https:\/\/kayak-innovations.com\/#organization","name":"KAYAK INNOVATIONS","url":"https:\/\/kayak-innovations.com\/","logo":{"@type":"ImageObject","inLanguage":"fr-FR","@id":"https:\/\/kayak-innovations.com\/#\/schema\/logo\/image\/","url":"https:\/\/kayak-innovations.com\/wp-content\/uploads\/2023\/03\/Logo_Kayak_Innovations.png","contentUrl":"https:\/\/kayak-innovations.com\/wp-content\/uploads\/2023\/03\/Logo_Kayak_Innovations.png","width":640,"height":132,"caption":"KAYAK INNOVATIONS"},"image":{"@id":"https:\/\/kayak-innovations.com\/#\/schema\/logo\/image\/"},"sameAs":["https:\/\/www.facebook.com\/NATSEQ-108045581073906","https:\/\/www.instagram.com\/kayak.innovations\/"]}]}},"_links":{"self":[{"href":"https:\/\/kayak-innovations.com\/fr\/wp-json\/wp\/v2\/product\/105628","targetHints":{"allow":["GET"]}}],"collection":[{"href":"https:\/\/kayak-innovations.com\/fr\/wp-json\/wp\/v2\/product"}],"about":[{"href":"https:\/\/kayak-innovations.com\/fr\/wp-json\/wp\/v2\/types\/product"}],"wp:featuredmedia":[{"embeddable":true,"href":"https:\/\/kayak-innovations.com\/fr\/wp-json\/wp\/v2\/media\/111437"}],"wp:attachment":[{"href":"https:\/\/kayak-innovations.com\/fr\/wp-json\/wp\/v2\/media?parent=105628"}],"wp:term":[{"taxonomy":"product_brand","embeddable":true,"href":"https:\/\/kayak-innovations.com\/fr\/wp-json\/wp\/v2\/product_brand?post=105628"},{"taxonomy":"product_cat","embeddable":true,"href":"https:\/\/kayak-innovations.com\/fr\/wp-json\/wp\/v2\/product_cat?post=105628"},{"taxonomy":"product_tag","embeddable":true,"href":"https:\/\/kayak-innovations.com\/fr\/wp-json\/wp\/v2\/product_tag?post=105628"}],"curies":[{"name":"wp","href":"https:\/\/api.w.org\/{rel}","templated":true}]}}