{"id":105637,"date":"2023-03-23T11:36:42","date_gmt":"2023-03-23T10:36:42","guid":{"rendered":"https:\/\/kayak-innovations.com\/product\/natseq-steueranlage\/"},"modified":"2025-05-19T09:39:28","modified_gmt":"2025-05-19T08:39:28","slug":"natseq-steueranlage","status":"publish","type":"product","link":"https:\/\/kayak-innovations.com\/fr\/product\/natseq-steueranlage\/","title":{"rendered":"NATSEQ - Installation fiscale"},"content":{"rendered":"<p>Syst\u00e8me de direction NATSEQ : accessoire original fortement recommand\u00e9 lors de l'utilisation avec le packer ou en tandem. Il am\u00e9liore la man\u0153uvrabilit\u00e9 de ton kayak, surtout par vent de travers, et offre un plus en mati\u00e8re de s\u00e9curit\u00e9, surtout pour les pagayeurs* inexp\u00e9riment\u00e9s. Le kit complet \u00e0 monter soi-m\u00eame comprend des composants parfaitement adapt\u00e9s au NATSEQ, \u00e0 savoir<\/p>\n<ul>\n<li>Support pour le safran<\/li>\n<li>safran d\u00e9crochable et amovible<\/li>\n<li>Lignes de commande et de collecte s\u00e9par\u00e9es avec connecteurs rapides pour faciliter le rangement des diff\u00e9rents modules<\/li>\n<li>Raccords de couverture<\/li>\n<li>Toutes les vis m\u00e9triques en acier inoxydable V4A pour un montage sans dommage<\/li>\n<\/ul>\n<p><a href=\"https:\/\/kayak-innovations.com\/fr\/download\/ruderanlage-natseq-montageanleitung\/\" target=\"_blank\" rel=\"noopener\">Montageanleitung<\/a><\/p>","protected":false},"excerpt":{"rendered":"<p>NATSEQ - Syst\u00e8me de gouvernail d'origine en kit complet avec toutes les pi\u00e8ces n\u00e9cessaires \u00e0 l'auto-assemblage sans dommage pour plus de s\u00e9curit\u00e9 gr\u00e2ce \u00e0 une meilleure manoeuvrabilit\u00e9.<\/p>","protected":false},"featured_media":111625,"template":"","meta":{"_et_pb_use_builder":"","_et_pb_old_content":"","_et_gb_content_width":""},"product_brand":[],"product_cat":[189],"product_tag":[123,35,36,168],"class_list":{"0":"post-105637","1":"product","2":"type-product","3":"status-publish","4":"has-post-thumbnail","6":"product_cat-kayak-innovations-original-zubehoer","7":"product_tag-kajak","8":"product_tag-modular","9":"product_tag-natseq","10":"product_tag-natseq-steueranlage","11":"product_shipping_class-paket","13":"first","14":"instock","15":"taxable","16":"shipping-taxable","17":"purchasable","18":"product-type-simple"},"yoast_head":"<!-- This site is optimized with the Yoast SEO plugin v27.1.1 - https:\/\/yoast.com\/product\/yoast-seo-wordpress\/ -->\n<title>NATSEQ - Steueranlage - KAYAK INNOVATIONS<\/title>\n<meta name=\"robots\" content=\"index, follow, max-snippet:-1, max-image-preview:large, max-video-preview:-1\" \/>\n<link rel=\"canonical\" href=\"https:\/\/kayak-innovations.com\/fr\/product\/natseq-steueranlage\/\" \/>\n<meta property=\"og:locale\" content=\"fr_FR\" \/>\n<meta property=\"og:type\" content=\"article\" \/>\n<meta property=\"og:title\" content=\"NATSEQ - Steueranlage - KAYAK INNOVATIONS\" \/>\n<meta property=\"og:description\" content=\"NATSEQ - Original Steueranlage als Komplettset mit allen erforderlichen Teilen zur besch\u00e4digungsfreien Selbstmontage f\u00fcr mehr Sicherheit durch besseres man\u00f6vrieren.\" \/>\n<meta property=\"og:url\" content=\"https:\/\/kayak-innovations.com\/fr\/product\/natseq-steueranlage\/\" \/>\n<meta property=\"og:site_name\" content=\"KAYAK INNOVATIONS\" \/>\n<meta property=\"article:publisher\" content=\"https:\/\/www.facebook.com\/NATSEQ-108045581073906\" \/>\n<meta property=\"article:modified_time\" content=\"2025-05-19T08:39:28+00:00\" \/>\n<meta property=\"og:image\" content=\"https:\/\/kayak-innovations.com\/wp-content\/uploads\/2023\/03\/Ruderanlage_1000x1000.jpg\" \/>\n\t<meta property=\"og:image:width\" content=\"1000\" \/>\n\t<meta property=\"og:image:height\" content=\"1000\" \/>\n\t<meta property=\"og:image:type\" content=\"image\/jpeg\" \/>\n<meta name=\"twitter:card\" content=\"summary_large_image\" \/>\n<meta name=\"twitter:label1\" content=\"Dur\u00e9e de lecture estim\u00e9e\" \/>\n\t<meta name=\"twitter:data1\" content=\"1 minute\" \/>\n<script type=\"application\/ld+json\" class=\"yoast-schema-graph\">{\"@context\":\"https:\/\/schema.org\",\"@graph\":[{\"@type\":\"WebPage\",\"@id\":\"https:\/\/kayak-innovations.com\/product\/natseq-steueranlage\/\",\"url\":\"https:\/\/kayak-innovations.com\/product\/natseq-steueranlage\/\",\"name\":\"NATSEQ - Steueranlage - KAYAK INNOVATIONS\",\"isPartOf\":{\"@id\":\"https:\/\/kayak-innovations.com\/#website\"},\"primaryImageOfPage\":{\"@id\":\"https:\/\/kayak-innovations.com\/product\/natseq-steueranlage\/#primaryimage\"},\"image\":{\"@id\":\"https:\/\/kayak-innovations.com\/product\/natseq-steueranlage\/#primaryimage\"},\"thumbnailUrl\":\"https:\/\/kayak-innovations.com\/wp-content\/uploads\/2023\/03\/Ruderanlage_1000x1000.jpg\",\"datePublished\":\"2023-03-23T10:36:42+00:00\",\"dateModified\":\"2025-05-19T08:39:28+00:00\",\"breadcrumb\":{\"@id\":\"https:\/\/kayak-innovations.com\/product\/natseq-steueranlage\/#breadcrumb\"},\"inLanguage\":\"fr-FR\",\"potentialAction\":[{\"@type\":\"ReadAction\",\"target\":[\"https:\/\/kayak-innovations.com\/product\/natseq-steueranlage\/\"]}]},{\"@type\":\"ImageObject\",\"inLanguage\":\"fr-FR\",\"@id\":\"https:\/\/kayak-innovations.com\/product\/natseq-steueranlage\/#primaryimage\",\"url\":\"https:\/\/kayak-innovations.com\/wp-content\/uploads\/2023\/03\/Ruderanlage_1000x1000.jpg\",\"contentUrl\":\"https:\/\/kayak-innovations.com\/wp-content\/uploads\/2023\/03\/Ruderanlage_1000x1000.jpg\",\"width\":1000,\"height\":1000},{\"@type\":\"BreadcrumbList\",\"@id\":\"https:\/\/kayak-innovations.com\/product\/natseq-steueranlage\/#breadcrumb\",\"itemListElement\":[{\"@type\":\"ListItem\",\"position\":1,\"name\":\"Startseite\",\"item\":\"https:\/\/kayak-innovations.com\/\"},{\"@type\":\"ListItem\",\"position\":2,\"name\":\"Shop\",\"item\":\"https:\/\/kayak-innovations.com\/kayak-innovations-online-shop-fuer-zubehoer-ersatzteile-und-mehr\/\"},{\"@type\":\"ListItem\",\"position\":3,\"name\":\"Kayak Innovations original Zubeh\u00f6r\",\"item\":\"https:\/\/kayak-innovations.com\/product-category\/kayak-innovations-original-zubehoer\/\"},{\"@type\":\"ListItem\",\"position\":4,\"name\":\"NATSEQ &#8211; Steueranlage\"}]},{\"@type\":\"WebSite\",\"@id\":\"https:\/\/kayak-innovations.com\/#website\",\"url\":\"https:\/\/kayak-innovations.com\/\",\"name\":\"KAYAK INNOVATIONS\",\"description\":\"Modulares Kajakdesign\",\"publisher\":{\"@id\":\"https:\/\/kayak-innovations.com\/#organization\"},\"potentialAction\":[{\"@type\":\"SearchAction\",\"target\":{\"@type\":\"EntryPoint\",\"urlTemplate\":\"https:\/\/kayak-innovations.com\/?s={search_term_string}\"},\"query-input\":{\"@type\":\"PropertyValueSpecification\",\"valueRequired\":true,\"valueName\":\"search_term_string\"}}],\"inLanguage\":\"fr-FR\"},{\"@type\":\"Organization\",\"@id\":\"https:\/\/kayak-innovations.com\/#organization\",\"name\":\"KAYAK INNOVATIONS\",\"url\":\"https:\/\/kayak-innovations.com\/\",\"logo\":{\"@type\":\"ImageObject\",\"inLanguage\":\"fr-FR\",\"@id\":\"https:\/\/kayak-innovations.com\/#\/schema\/logo\/image\/\",\"url\":\"https:\/\/kayak-innovations.com\/wp-content\/uploads\/2023\/03\/Logo_Kayak_Innovations.png\",\"contentUrl\":\"https:\/\/kayak-innovations.com\/wp-content\/uploads\/2023\/03\/Logo_Kayak_Innovations.png\",\"width\":640,\"height\":132,\"caption\":\"KAYAK INNOVATIONS\"},\"image\":{\"@id\":\"https:\/\/kayak-innovations.com\/#\/schema\/logo\/image\/\"},\"sameAs\":[\"https:\/\/www.facebook.com\/NATSEQ-108045581073906\",\"https:\/\/www.instagram.com\/kayak.innovations\/\"]}]}<\/script>\n<!-- \/ Yoast SEO plugin. -->","yoast_head_json":{"title":"NATSEQ - Steueranlage - KAYAK INNOVATIONS","robots":{"index":"index","follow":"follow","max-snippet":"max-snippet:-1","max-image-preview":"max-image-preview:large","max-video-preview":"max-video-preview:-1"},"canonical":"https:\/\/kayak-innovations.com\/fr\/product\/natseq-steueranlage\/","og_locale":"fr_FR","og_type":"article","og_title":"NATSEQ - Steueranlage - KAYAK INNOVATIONS","og_description":"NATSEQ - Original Steueranlage als Komplettset mit allen erforderlichen Teilen zur besch\u00e4digungsfreien Selbstmontage f\u00fcr mehr Sicherheit durch besseres man\u00f6vrieren.","og_url":"https:\/\/kayak-innovations.com\/fr\/product\/natseq-steueranlage\/","og_site_name":"KAYAK INNOVATIONS","article_publisher":"https:\/\/www.facebook.com\/NATSEQ-108045581073906","article_modified_time":"2025-05-19T08:39:28+00:00","og_image":[{"width":1000,"height":1000,"url":"https:\/\/kayak-innovations.com\/wp-content\/uploads\/2023\/03\/Ruderanlage_1000x1000.jpg","type":"image\/jpeg"}],"twitter_card":"summary_large_image","twitter_misc":{"Dur\u00e9e de lecture estim\u00e9e":"1 minute"},"schema":{"@context":"https:\/\/schema.org","@graph":[{"@type":"WebPage","@id":"https:\/\/kayak-innovations.com\/product\/natseq-steueranlage\/","url":"https:\/\/kayak-innovations.com\/product\/natseq-steueranlage\/","name":"NATSEQ - Steueranlage - KAYAK INNOVATIONS","isPartOf":{"@id":"https:\/\/kayak-innovations.com\/#website"},"primaryImageOfPage":{"@id":"https:\/\/kayak-innovations.com\/product\/natseq-steueranlage\/#primaryimage"},"image":{"@id":"https:\/\/kayak-innovations.com\/product\/natseq-steueranlage\/#primaryimage"},"thumbnailUrl":"https:\/\/kayak-innovations.com\/wp-content\/uploads\/2023\/03\/Ruderanlage_1000x1000.jpg","datePublished":"2023-03-23T10:36:42+00:00","dateModified":"2025-05-19T08:39:28+00:00","breadcrumb":{"@id":"https:\/\/kayak-innovations.com\/product\/natseq-steueranlage\/#breadcrumb"},"inLanguage":"fr-FR","potentialAction":[{"@type":"ReadAction","target":["https:\/\/kayak-innovations.com\/product\/natseq-steueranlage\/"]}]},{"@type":"ImageObject","inLanguage":"fr-FR","@id":"https:\/\/kayak-innovations.com\/product\/natseq-steueranlage\/#primaryimage","url":"https:\/\/kayak-innovations.com\/wp-content\/uploads\/2023\/03\/Ruderanlage_1000x1000.jpg","contentUrl":"https:\/\/kayak-innovations.com\/wp-content\/uploads\/2023\/03\/Ruderanlage_1000x1000.jpg","width":1000,"height":1000},{"@type":"BreadcrumbList","@id":"https:\/\/kayak-innovations.com\/product\/natseq-steueranlage\/#breadcrumb","itemListElement":[{"@type":"ListItem","position":1,"name":"Startseite","item":"https:\/\/kayak-innovations.com\/"},{"@type":"ListItem","position":2,"name":"Shop","item":"https:\/\/kayak-innovations.com\/kayak-innovations-online-shop-fuer-zubehoer-ersatzteile-und-mehr\/"},{"@type":"ListItem","position":3,"name":"Kayak Innovations original Zubeh\u00f6r","item":"https:\/\/kayak-innovations.com\/product-category\/kayak-innovations-original-zubehoer\/"},{"@type":"ListItem","position":4,"name":"NATSEQ &#8211; Steueranlage"}]},{"@type":"WebSite","@id":"https:\/\/kayak-innovations.com\/#website","url":"https:\/\/kayak-innovations.com\/","name":"KAYAK INNOVATIONS","description":"Conception modulaire du kayak","publisher":{"@id":"https:\/\/kayak-innovations.com\/#organization"},"potentialAction":[{"@type":"SearchAction","target":{"@type":"EntryPoint","urlTemplate":"https:\/\/kayak-innovations.com\/?s={search_term_string}"},"query-input":{"@type":"PropertyValueSpecification","valueRequired":true,"valueName":"search_term_string"}}],"inLanguage":"fr-FR"},{"@type":"Organization","@id":"https:\/\/kayak-innovations.com\/#organization","name":"KAYAK INNOVATIONS","url":"https:\/\/kayak-innovations.com\/","logo":{"@type":"ImageObject","inLanguage":"fr-FR","@id":"https:\/\/kayak-innovations.com\/#\/schema\/logo\/image\/","url":"https:\/\/kayak-innovations.com\/wp-content\/uploads\/2023\/03\/Logo_Kayak_Innovations.png","contentUrl":"https:\/\/kayak-innovations.com\/wp-content\/uploads\/2023\/03\/Logo_Kayak_Innovations.png","width":640,"height":132,"caption":"KAYAK INNOVATIONS"},"image":{"@id":"https:\/\/kayak-innovations.com\/#\/schema\/logo\/image\/"},"sameAs":["https:\/\/www.facebook.com\/NATSEQ-108045581073906","https:\/\/www.instagram.com\/kayak.innovations\/"]}]}},"_links":{"self":[{"href":"https:\/\/kayak-innovations.com\/fr\/wp-json\/wp\/v2\/product\/105637","targetHints":{"allow":["GET"]}}],"collection":[{"href":"https:\/\/kayak-innovations.com\/fr\/wp-json\/wp\/v2\/product"}],"about":[{"href":"https:\/\/kayak-innovations.com\/fr\/wp-json\/wp\/v2\/types\/product"}],"wp:featuredmedia":[{"embeddable":true,"href":"https:\/\/kayak-innovations.com\/fr\/wp-json\/wp\/v2\/media\/111625"}],"wp:attachment":[{"href":"https:\/\/kayak-innovations.com\/fr\/wp-json\/wp\/v2\/media?parent=105637"}],"wp:term":[{"taxonomy":"product_brand","embeddable":true,"href":"https:\/\/kayak-innovations.com\/fr\/wp-json\/wp\/v2\/product_brand?post=105637"},{"taxonomy":"product_cat","embeddable":true,"href":"https:\/\/kayak-innovations.com\/fr\/wp-json\/wp\/v2\/product_cat?post=105637"},{"taxonomy":"product_tag","embeddable":true,"href":"https:\/\/kayak-innovations.com\/fr\/wp-json\/wp\/v2\/product_tag?post=105637"}],"curies":[{"name":"wp","href":"https:\/\/api.w.org\/{rel}","templated":true}]}}