{"id":105639,"date":"2023-03-23T11:36:42","date_gmt":"2023-03-23T10:36:42","guid":{"rendered":"https:\/\/kayak-innovations.com\/product\/natseq-tandemcockpit-einzeln-blau\/"},"modified":"2026-04-19T03:54:25","modified_gmt":"2026-04-19T02:54:25","slug":"natseq-tandemcockpit-einzeln-blau","status":"publish","type":"product","link":"https:\/\/kayak-innovations.com\/fr\/product\/natseq-tandemcockpit-einzeln-blau\/","title":{"rendered":"NATSEQ - Cockpit tandem seul - Bleu"},"content":{"rendered":"<p>Beim Kauf eines original Tandem-Kajaks ist dieses Modul bereits enthalten.<br \/>\nLa repr\u00e9sentation de la couleur peut pr\u00e9senter de l\u00e9g\u00e8res diff\u00e9rences avec le produit r\u00e9el.<\/p>\n<p>NATSEQ - Un kayak divisible unique en son genre, qui se transforme en quelques secondes d'une place \u00e0 deux. Il est dot\u00e9 d'un syst\u00e8me de fermeture brevet\u00e9 qui permet un montage et un d\u00e9montage rapides ainsi qu'un transport et un stockage peu encombrants.<\/p>","protected":false},"excerpt":{"rendered":"<p>Mit diesem Erweiterungsmodul kann das Solo in ein Tandem oder das Tandem in einen Dreier verwandelt werden.<\/p>","protected":false},"featured_media":111542,"template":"","meta":{"_et_pb_use_builder":"","_et_pb_old_content":"","_et_gb_content_width":""},"product_brand":[],"product_cat":[160],"product_tag":[123,35,36],"class_list":{"0":"post-105639","1":"product","2":"type-product","3":"status-publish","4":"has-post-thumbnail","6":"product_cat-natseq-tandemcockpit","7":"product_tag-kajak","8":"product_tag-modular","9":"product_tag-natseq","10":"product_shipping_class-eu-einweg-palette","12":"first","13":"instock","14":"taxable","15":"shipping-taxable","16":"purchasable","17":"product-type-simple"},"yoast_head":"<!-- This site is optimized with the Yoast SEO plugin v27.1.1 - https:\/\/yoast.com\/product\/yoast-seo-wordpress\/ -->\n<title>NATSEQ - Tandemcockpit einzeln - Blau - KAYAK INNOVATIONS<\/title>\n<meta name=\"robots\" content=\"index, follow, max-snippet:-1, max-image-preview:large, max-video-preview:-1\" \/>\n<link rel=\"canonical\" href=\"https:\/\/kayak-innovations.com\/fr\/product\/natseq-tandemcockpit-einzeln-blau\/\" \/>\n<meta property=\"og:locale\" content=\"fr_FR\" \/>\n<meta property=\"og:type\" content=\"article\" \/>\n<meta property=\"og:title\" content=\"NATSEQ - Tandemcockpit einzeln - Blau - KAYAK INNOVATIONS\" \/>\n<meta property=\"og:description\" content=\"Mit diesem Erweiterungsmodul kann das Solo in ein Tandem oder das Tandem in einen Dreier verwandelt werden.\" \/>\n<meta property=\"og:url\" content=\"https:\/\/kayak-innovations.com\/fr\/product\/natseq-tandemcockpit-einzeln-blau\/\" \/>\n<meta property=\"og:site_name\" content=\"KAYAK INNOVATIONS\" \/>\n<meta property=\"article:publisher\" content=\"https:\/\/www.facebook.com\/NATSEQ-108045581073906\" \/>\n<meta property=\"article:modified_time\" content=\"2026-04-19T02:54:25+00:00\" \/>\n<meta property=\"og:image\" content=\"https:\/\/kayak-innovations.com\/wp-content\/uploads\/2023\/03\/Cockpit_blau_1000x1000_4.jpg\" \/>\n\t<meta property=\"og:image:width\" content=\"1000\" \/>\n\t<meta property=\"og:image:height\" content=\"1000\" \/>\n\t<meta property=\"og:image:type\" content=\"image\/jpeg\" \/>\n<meta name=\"twitter:card\" content=\"summary_large_image\" \/>\n<meta name=\"twitter:label1\" content=\"Dur\u00e9e de lecture estim\u00e9e\" \/>\n\t<meta name=\"twitter:data1\" content=\"1 minute\" \/>\n<script type=\"application\/ld+json\" class=\"yoast-schema-graph\">{\"@context\":\"https:\/\/schema.org\",\"@graph\":[{\"@type\":\"WebPage\",\"@id\":\"https:\/\/kayak-innovations.com\/product\/natseq-tandemcockpit-einzeln-blau\/\",\"url\":\"https:\/\/kayak-innovations.com\/product\/natseq-tandemcockpit-einzeln-blau\/\",\"name\":\"NATSEQ - Tandemcockpit einzeln - Blau - KAYAK INNOVATIONS\",\"isPartOf\":{\"@id\":\"https:\/\/kayak-innovations.com\/#website\"},\"primaryImageOfPage\":{\"@id\":\"https:\/\/kayak-innovations.com\/product\/natseq-tandemcockpit-einzeln-blau\/#primaryimage\"},\"image\":{\"@id\":\"https:\/\/kayak-innovations.com\/product\/natseq-tandemcockpit-einzeln-blau\/#primaryimage\"},\"thumbnailUrl\":\"https:\/\/kayak-innovations.com\/wp-content\/uploads\/2023\/03\/Cockpit_blau_1000x1000_4.jpg\",\"datePublished\":\"2023-03-23T10:36:42+00:00\",\"dateModified\":\"2026-04-19T02:54:25+00:00\",\"breadcrumb\":{\"@id\":\"https:\/\/kayak-innovations.com\/product\/natseq-tandemcockpit-einzeln-blau\/#breadcrumb\"},\"inLanguage\":\"fr-FR\",\"potentialAction\":[{\"@type\":\"ReadAction\",\"target\":[\"https:\/\/kayak-innovations.com\/product\/natseq-tandemcockpit-einzeln-blau\/\"]}]},{\"@type\":\"ImageObject\",\"inLanguage\":\"fr-FR\",\"@id\":\"https:\/\/kayak-innovations.com\/product\/natseq-tandemcockpit-einzeln-blau\/#primaryimage\",\"url\":\"https:\/\/kayak-innovations.com\/wp-content\/uploads\/2023\/03\/Cockpit_blau_1000x1000_4.jpg\",\"contentUrl\":\"https:\/\/kayak-innovations.com\/wp-content\/uploads\/2023\/03\/Cockpit_blau_1000x1000_4.jpg\",\"width\":1000,\"height\":1000},{\"@type\":\"BreadcrumbList\",\"@id\":\"https:\/\/kayak-innovations.com\/product\/natseq-tandemcockpit-einzeln-blau\/#breadcrumb\",\"itemListElement\":[{\"@type\":\"ListItem\",\"position\":1,\"name\":\"Startseite\",\"item\":\"https:\/\/kayak-innovations.com\/\"},{\"@type\":\"ListItem\",\"position\":2,\"name\":\"Shop\",\"item\":\"https:\/\/kayak-innovations.com\/kayak-innovations-online-shop-fuer-zubehoer-ersatzteile-und-mehr\/\"},{\"@type\":\"ListItem\",\"position\":3,\"name\":\"NATSEQ Erweiterungs\u00ad\u00admodule\",\"item\":\"https:\/\/kayak-innovations.com\/product-category\/natseq-erweiterungsmodule\/\"},{\"@type\":\"ListItem\",\"position\":4,\"name\":\"NATSEQ Tandemcockpit\",\"item\":\"https:\/\/kayak-innovations.com\/product-category\/natseq-erweiterungsmodule\/natseq-tandemcockpit\/\"},{\"@type\":\"ListItem\",\"position\":5,\"name\":\"NATSEQ &#8211; Tandemcockpit einzeln &#8211; Blau\"}]},{\"@type\":\"WebSite\",\"@id\":\"https:\/\/kayak-innovations.com\/#website\",\"url\":\"https:\/\/kayak-innovations.com\/\",\"name\":\"KAYAK INNOVATIONS\",\"description\":\"Modulares Kajakdesign\",\"publisher\":{\"@id\":\"https:\/\/kayak-innovations.com\/#organization\"},\"potentialAction\":[{\"@type\":\"SearchAction\",\"target\":{\"@type\":\"EntryPoint\",\"urlTemplate\":\"https:\/\/kayak-innovations.com\/?s={search_term_string}\"},\"query-input\":{\"@type\":\"PropertyValueSpecification\",\"valueRequired\":true,\"valueName\":\"search_term_string\"}}],\"inLanguage\":\"fr-FR\"},{\"@type\":\"Organization\",\"@id\":\"https:\/\/kayak-innovations.com\/#organization\",\"name\":\"KAYAK INNOVATIONS\",\"url\":\"https:\/\/kayak-innovations.com\/\",\"logo\":{\"@type\":\"ImageObject\",\"inLanguage\":\"fr-FR\",\"@id\":\"https:\/\/kayak-innovations.com\/#\/schema\/logo\/image\/\",\"url\":\"https:\/\/kayak-innovations.com\/wp-content\/uploads\/2023\/03\/Logo_Kayak_Innovations.png\",\"contentUrl\":\"https:\/\/kayak-innovations.com\/wp-content\/uploads\/2023\/03\/Logo_Kayak_Innovations.png\",\"width\":640,\"height\":132,\"caption\":\"KAYAK INNOVATIONS\"},\"image\":{\"@id\":\"https:\/\/kayak-innovations.com\/#\/schema\/logo\/image\/\"},\"sameAs\":[\"https:\/\/www.facebook.com\/NATSEQ-108045581073906\",\"https:\/\/www.instagram.com\/kayak.innovations\/\"]}]}<\/script>\n<!-- \/ Yoast SEO plugin. -->","yoast_head_json":{"title":"NATSEQ - Tandemcockpit einzeln - Blau - KAYAK INNOVATIONS","robots":{"index":"index","follow":"follow","max-snippet":"max-snippet:-1","max-image-preview":"max-image-preview:large","max-video-preview":"max-video-preview:-1"},"canonical":"https:\/\/kayak-innovations.com\/fr\/product\/natseq-tandemcockpit-einzeln-blau\/","og_locale":"fr_FR","og_type":"article","og_title":"NATSEQ - Tandemcockpit einzeln - Blau - KAYAK INNOVATIONS","og_description":"Mit diesem Erweiterungsmodul kann das Solo in ein Tandem oder das Tandem in einen Dreier verwandelt werden.","og_url":"https:\/\/kayak-innovations.com\/fr\/product\/natseq-tandemcockpit-einzeln-blau\/","og_site_name":"KAYAK INNOVATIONS","article_publisher":"https:\/\/www.facebook.com\/NATSEQ-108045581073906","article_modified_time":"2026-04-19T02:54:25+00:00","og_image":[{"width":1000,"height":1000,"url":"https:\/\/kayak-innovations.com\/wp-content\/uploads\/2023\/03\/Cockpit_blau_1000x1000_4.jpg","type":"image\/jpeg"}],"twitter_card":"summary_large_image","twitter_misc":{"Dur\u00e9e de lecture estim\u00e9e":"1 minute"},"schema":{"@context":"https:\/\/schema.org","@graph":[{"@type":"WebPage","@id":"https:\/\/kayak-innovations.com\/product\/natseq-tandemcockpit-einzeln-blau\/","url":"https:\/\/kayak-innovations.com\/product\/natseq-tandemcockpit-einzeln-blau\/","name":"NATSEQ - Tandemcockpit einzeln - Blau - KAYAK INNOVATIONS","isPartOf":{"@id":"https:\/\/kayak-innovations.com\/#website"},"primaryImageOfPage":{"@id":"https:\/\/kayak-innovations.com\/product\/natseq-tandemcockpit-einzeln-blau\/#primaryimage"},"image":{"@id":"https:\/\/kayak-innovations.com\/product\/natseq-tandemcockpit-einzeln-blau\/#primaryimage"},"thumbnailUrl":"https:\/\/kayak-innovations.com\/wp-content\/uploads\/2023\/03\/Cockpit_blau_1000x1000_4.jpg","datePublished":"2023-03-23T10:36:42+00:00","dateModified":"2026-04-19T02:54:25+00:00","breadcrumb":{"@id":"https:\/\/kayak-innovations.com\/product\/natseq-tandemcockpit-einzeln-blau\/#breadcrumb"},"inLanguage":"fr-FR","potentialAction":[{"@type":"ReadAction","target":["https:\/\/kayak-innovations.com\/product\/natseq-tandemcockpit-einzeln-blau\/"]}]},{"@type":"ImageObject","inLanguage":"fr-FR","@id":"https:\/\/kayak-innovations.com\/product\/natseq-tandemcockpit-einzeln-blau\/#primaryimage","url":"https:\/\/kayak-innovations.com\/wp-content\/uploads\/2023\/03\/Cockpit_blau_1000x1000_4.jpg","contentUrl":"https:\/\/kayak-innovations.com\/wp-content\/uploads\/2023\/03\/Cockpit_blau_1000x1000_4.jpg","width":1000,"height":1000},{"@type":"BreadcrumbList","@id":"https:\/\/kayak-innovations.com\/product\/natseq-tandemcockpit-einzeln-blau\/#breadcrumb","itemListElement":[{"@type":"ListItem","position":1,"name":"Startseite","item":"https:\/\/kayak-innovations.com\/"},{"@type":"ListItem","position":2,"name":"Shop","item":"https:\/\/kayak-innovations.com\/kayak-innovations-online-shop-fuer-zubehoer-ersatzteile-und-mehr\/"},{"@type":"ListItem","position":3,"name":"NATSEQ Erweiterungs\u00ad\u00admodule","item":"https:\/\/kayak-innovations.com\/product-category\/natseq-erweiterungsmodule\/"},{"@type":"ListItem","position":4,"name":"NATSEQ Tandemcockpit","item":"https:\/\/kayak-innovations.com\/product-category\/natseq-erweiterungsmodule\/natseq-tandemcockpit\/"},{"@type":"ListItem","position":5,"name":"NATSEQ &#8211; Tandemcockpit einzeln &#8211; Blau"}]},{"@type":"WebSite","@id":"https:\/\/kayak-innovations.com\/#website","url":"https:\/\/kayak-innovations.com\/","name":"KAYAK INNOVATIONS","description":"Conception modulaire du kayak","publisher":{"@id":"https:\/\/kayak-innovations.com\/#organization"},"potentialAction":[{"@type":"SearchAction","target":{"@type":"EntryPoint","urlTemplate":"https:\/\/kayak-innovations.com\/?s={search_term_string}"},"query-input":{"@type":"PropertyValueSpecification","valueRequired":true,"valueName":"search_term_string"}}],"inLanguage":"fr-FR"},{"@type":"Organization","@id":"https:\/\/kayak-innovations.com\/#organization","name":"KAYAK INNOVATIONS","url":"https:\/\/kayak-innovations.com\/","logo":{"@type":"ImageObject","inLanguage":"fr-FR","@id":"https:\/\/kayak-innovations.com\/#\/schema\/logo\/image\/","url":"https:\/\/kayak-innovations.com\/wp-content\/uploads\/2023\/03\/Logo_Kayak_Innovations.png","contentUrl":"https:\/\/kayak-innovations.com\/wp-content\/uploads\/2023\/03\/Logo_Kayak_Innovations.png","width":640,"height":132,"caption":"KAYAK INNOVATIONS"},"image":{"@id":"https:\/\/kayak-innovations.com\/#\/schema\/logo\/image\/"},"sameAs":["https:\/\/www.facebook.com\/NATSEQ-108045581073906","https:\/\/www.instagram.com\/kayak.innovations\/"]}]}},"_links":{"self":[{"href":"https:\/\/kayak-innovations.com\/fr\/wp-json\/wp\/v2\/product\/105639","targetHints":{"allow":["GET"]}}],"collection":[{"href":"https:\/\/kayak-innovations.com\/fr\/wp-json\/wp\/v2\/product"}],"about":[{"href":"https:\/\/kayak-innovations.com\/fr\/wp-json\/wp\/v2\/types\/product"}],"wp:featuredmedia":[{"embeddable":true,"href":"https:\/\/kayak-innovations.com\/fr\/wp-json\/wp\/v2\/media\/111542"}],"wp:attachment":[{"href":"https:\/\/kayak-innovations.com\/fr\/wp-json\/wp\/v2\/media?parent=105639"}],"wp:term":[{"taxonomy":"product_brand","embeddable":true,"href":"https:\/\/kayak-innovations.com\/fr\/wp-json\/wp\/v2\/product_brand?post=105639"},{"taxonomy":"product_cat","embeddable":true,"href":"https:\/\/kayak-innovations.com\/fr\/wp-json\/wp\/v2\/product_cat?post=105639"},{"taxonomy":"product_tag","embeddable":true,"href":"https:\/\/kayak-innovations.com\/fr\/wp-json\/wp\/v2\/product_tag?post=105639"}],"curies":[{"name":"wp","href":"https:\/\/api.w.org\/{rel}","templated":true}]}}