{"id":105642,"date":"2023-03-23T11:36:42","date_gmt":"2023-03-23T10:36:42","guid":{"rendered":"https:\/\/kayak-innovations.com\/product\/natseqpacker-rot\/"},"modified":"2025-12-08T16:03:06","modified_gmt":"2025-12-08T15:03:06","slug":"black-week-deal-natseqpacker","status":"publish","type":"product","link":"https:\/\/kayak-innovations.com\/fr\/product\/black-week-deal-natseqpacker\/","title":{"rendered":"NATSEQPacker rouge"},"content":{"rendered":"<p>Der NATSEQPacker ist die konsequente Weiterentwicklung der Idee eines idealen modularen Kajaks und das weltweit erste Modul dieser Art. Unser Angebot ist gedacht f\u00fcr kleinere oder vierbeinige Familienmitglieder, mehr Gep\u00e4ck, l\u00e4ngere Touren oder einfach alles, was ihr schon immer mal beim Paddeln mitnehmen wolltet. \u2022 Un\u00fcbertroffene Zuladung von 50 kg \u2022 Schnell und wendig \u2022 Einsatz im Solo und Tandem \u2022 Made in Germany \u2022 Optionales 8-Punkt-Spannleinenset (im Original Zubeh\u00f6r erh\u00e4ltlich) \u2022 Optionale Ruderanlage (sehr empfohlen) Bei der Darstellung der Farbe kann es zu leichten Abweichungen zum tats\u00e4chlichen Produkt kommen.<\/p>","protected":false},"excerpt":{"rendered":"<p>Das Zusatzmodul f\u00fcr mehr Gep\u00e4ck oder den Hund \u2013 f\u00fcr das NATSEQ Solo und Tandem.<\/p>","protected":false},"featured_media":111520,"template":"","meta":{"_et_pb_use_builder":"off","_et_pb_old_content":"Der NATSEQPacker ist die konsequente Weiterentwicklung der Idee eines idealen modularen Kajaks und das weltweit erste Modul dieser Art. Unser Angebot ist gedacht f\u00fcr kleinere oder vierbeinige Familienmitglieder, mehr Gep\u00e4ck, l\u00e4ngere Touren oder einfach alles, was ihr schon immer mal beim Paddeln mitnehmen wolltet.\r\n\r\n\u2022 Un\u00fcbertroffene Zuladung von 50 kg\r\n\u2022 Schnell und wendig\r\n\u2022 Einsatz im Solo und Tandem\r\n\u2022 Made in Germany\r\n\u2022 Optionales 8-Punkt-Spannleinenset (im Original Zubeh\u00f6r erh\u00e4ltlich)\r\n\u2022 Optionale Ruderanlage (sehr empfohlen)\r\n\r\nBei der Darstellung der Farbe kann es zu leichten Abweichungen zum tats\u00e4chlichen Produkt kommen.","_et_gb_content_width":""},"product_brand":[],"product_cat":[161],"product_tag":[123,35,36,165,130,164],"class_list":{"0":"post-105642","1":"product","2":"type-product","3":"status-publish","4":"has-post-thumbnail","6":"product_cat-natseqpacker","7":"product_tag-kajak","8":"product_tag-modular","9":"product_tag-natseq","10":"product_tag-natseq-packer","11":"product_tag-natseqpacker","12":"product_tag-natseqpacker-rot","13":"product_shipping_class-sperrgut","15":"first","16":"instock","17":"taxable","18":"shipping-taxable","19":"purchasable","20":"product-type-simple"},"yoast_head":"<!-- This site is optimized with the Yoast SEO plugin v27.1.1 - https:\/\/yoast.com\/product\/yoast-seo-wordpress\/ -->\n<title>NATSEQPacker Rot - KAYAK INNOVATIONS<\/title>\n<meta name=\"robots\" content=\"index, follow, max-snippet:-1, max-image-preview:large, max-video-preview:-1\" \/>\n<link rel=\"canonical\" href=\"https:\/\/kayak-innovations.com\/fr\/product\/black-week-deal-natseqpacker\/\" \/>\n<meta property=\"og:locale\" content=\"fr_FR\" \/>\n<meta property=\"og:type\" content=\"article\" \/>\n<meta property=\"og:title\" content=\"NATSEQPacker Rot - KAYAK INNOVATIONS\" \/>\n<meta property=\"og:description\" content=\"Das Zusatzmodul f\u00fcr mehr Gep\u00e4ck oder den Hund \u2013 f\u00fcr das NATSEQ Solo und Tandem.\" \/>\n<meta property=\"og:url\" content=\"https:\/\/kayak-innovations.com\/fr\/product\/black-week-deal-natseqpacker\/\" \/>\n<meta property=\"og:site_name\" content=\"KAYAK INNOVATIONS\" \/>\n<meta property=\"article:publisher\" content=\"https:\/\/www.facebook.com\/NATSEQ-108045581073906\" \/>\n<meta property=\"article:modified_time\" content=\"2025-12-08T15:03:06+00:00\" \/>\n<meta property=\"og:image\" content=\"https:\/\/kayak-innovations.com\/wp-content\/uploads\/2023\/03\/Packer_rot_1000x1000.png\" \/>\n\t<meta property=\"og:image:width\" content=\"1000\" \/>\n\t<meta property=\"og:image:height\" content=\"1000\" \/>\n\t<meta property=\"og:image:type\" content=\"image\/png\" \/>\n<meta name=\"twitter:card\" content=\"summary_large_image\" \/>\n<meta name=\"twitter:label1\" content=\"Dur\u00e9e de lecture estim\u00e9e\" \/>\n\t<meta name=\"twitter:data1\" content=\"1 minute\" \/>\n<script type=\"application\/ld+json\" class=\"yoast-schema-graph\">{\"@context\":\"https:\/\/schema.org\",\"@graph\":[{\"@type\":\"WebPage\",\"@id\":\"https:\/\/kayak-innovations.com\/product\/black-week-deal-natseqpacker\/\",\"url\":\"https:\/\/kayak-innovations.com\/product\/black-week-deal-natseqpacker\/\",\"name\":\"NATSEQPacker Rot - KAYAK INNOVATIONS\",\"isPartOf\":{\"@id\":\"https:\/\/kayak-innovations.com\/#website\"},\"primaryImageOfPage\":{\"@id\":\"https:\/\/kayak-innovations.com\/product\/black-week-deal-natseqpacker\/#primaryimage\"},\"image\":{\"@id\":\"https:\/\/kayak-innovations.com\/product\/black-week-deal-natseqpacker\/#primaryimage\"},\"thumbnailUrl\":\"https:\/\/kayak-innovations.com\/wp-content\/uploads\/2023\/03\/Packer_rot_1000x1000.png\",\"datePublished\":\"2023-03-23T10:36:42+00:00\",\"dateModified\":\"2025-12-08T15:03:06+00:00\",\"breadcrumb\":{\"@id\":\"https:\/\/kayak-innovations.com\/product\/black-week-deal-natseqpacker\/#breadcrumb\"},\"inLanguage\":\"fr-FR\",\"potentialAction\":[{\"@type\":\"ReadAction\",\"target\":[\"https:\/\/kayak-innovations.com\/product\/black-week-deal-natseqpacker\/\"]}]},{\"@type\":\"ImageObject\",\"inLanguage\":\"fr-FR\",\"@id\":\"https:\/\/kayak-innovations.com\/product\/black-week-deal-natseqpacker\/#primaryimage\",\"url\":\"https:\/\/kayak-innovations.com\/wp-content\/uploads\/2023\/03\/Packer_rot_1000x1000.png\",\"contentUrl\":\"https:\/\/kayak-innovations.com\/wp-content\/uploads\/2023\/03\/Packer_rot_1000x1000.png\",\"width\":1000,\"height\":1000},{\"@type\":\"BreadcrumbList\",\"@id\":\"https:\/\/kayak-innovations.com\/product\/black-week-deal-natseqpacker\/#breadcrumb\",\"itemListElement\":[{\"@type\":\"ListItem\",\"position\":1,\"name\":\"Startseite\",\"item\":\"https:\/\/kayak-innovations.com\/\"},{\"@type\":\"ListItem\",\"position\":2,\"name\":\"Shop\",\"item\":\"https:\/\/kayak-innovations.com\/kayak-innovations-online-shop-fuer-zubehoer-ersatzteile-und-mehr\/\"},{\"@type\":\"ListItem\",\"position\":3,\"name\":\"NATSEQ Erweiterungs\u00ad\u00admodule\",\"item\":\"https:\/\/kayak-innovations.com\/product-category\/natseq-erweiterungsmodule\/\"},{\"@type\":\"ListItem\",\"position\":4,\"name\":\"NATSEQPacker\",\"item\":\"https:\/\/kayak-innovations.com\/product-category\/natseq-erweiterungsmodule\/natseqpacker\/\"},{\"@type\":\"ListItem\",\"position\":5,\"name\":\"NATSEQPacker Rot\"}]},{\"@type\":\"WebSite\",\"@id\":\"https:\/\/kayak-innovations.com\/#website\",\"url\":\"https:\/\/kayak-innovations.com\/\",\"name\":\"KAYAK INNOVATIONS\",\"description\":\"Modulares Kajakdesign\",\"publisher\":{\"@id\":\"https:\/\/kayak-innovations.com\/#organization\"},\"potentialAction\":[{\"@type\":\"SearchAction\",\"target\":{\"@type\":\"EntryPoint\",\"urlTemplate\":\"https:\/\/kayak-innovations.com\/?s={search_term_string}\"},\"query-input\":{\"@type\":\"PropertyValueSpecification\",\"valueRequired\":true,\"valueName\":\"search_term_string\"}}],\"inLanguage\":\"fr-FR\"},{\"@type\":\"Organization\",\"@id\":\"https:\/\/kayak-innovations.com\/#organization\",\"name\":\"KAYAK INNOVATIONS\",\"url\":\"https:\/\/kayak-innovations.com\/\",\"logo\":{\"@type\":\"ImageObject\",\"inLanguage\":\"fr-FR\",\"@id\":\"https:\/\/kayak-innovations.com\/#\/schema\/logo\/image\/\",\"url\":\"https:\/\/kayak-innovations.com\/wp-content\/uploads\/2023\/03\/Logo_Kayak_Innovations.png\",\"contentUrl\":\"https:\/\/kayak-innovations.com\/wp-content\/uploads\/2023\/03\/Logo_Kayak_Innovations.png\",\"width\":640,\"height\":132,\"caption\":\"KAYAK INNOVATIONS\"},\"image\":{\"@id\":\"https:\/\/kayak-innovations.com\/#\/schema\/logo\/image\/\"},\"sameAs\":[\"https:\/\/www.facebook.com\/NATSEQ-108045581073906\",\"https:\/\/www.instagram.com\/kayak.innovations\/\"]}]}<\/script>\n<!-- \/ Yoast SEO plugin. -->","yoast_head_json":{"title":"NATSEQPacker Rot - KAYAK INNOVATIONS","robots":{"index":"index","follow":"follow","max-snippet":"max-snippet:-1","max-image-preview":"max-image-preview:large","max-video-preview":"max-video-preview:-1"},"canonical":"https:\/\/kayak-innovations.com\/fr\/product\/black-week-deal-natseqpacker\/","og_locale":"fr_FR","og_type":"article","og_title":"NATSEQPacker Rot - KAYAK INNOVATIONS","og_description":"Das Zusatzmodul f\u00fcr mehr Gep\u00e4ck oder den Hund \u2013 f\u00fcr das NATSEQ Solo und Tandem.","og_url":"https:\/\/kayak-innovations.com\/fr\/product\/black-week-deal-natseqpacker\/","og_site_name":"KAYAK INNOVATIONS","article_publisher":"https:\/\/www.facebook.com\/NATSEQ-108045581073906","article_modified_time":"2025-12-08T15:03:06+00:00","og_image":[{"width":1000,"height":1000,"url":"https:\/\/kayak-innovations.com\/wp-content\/uploads\/2023\/03\/Packer_rot_1000x1000.png","type":"image\/png"}],"twitter_card":"summary_large_image","twitter_misc":{"Dur\u00e9e de lecture estim\u00e9e":"1 minute"},"schema":{"@context":"https:\/\/schema.org","@graph":[{"@type":"WebPage","@id":"https:\/\/kayak-innovations.com\/product\/black-week-deal-natseqpacker\/","url":"https:\/\/kayak-innovations.com\/product\/black-week-deal-natseqpacker\/","name":"NATSEQPacker Rot - KAYAK INNOVATIONS","isPartOf":{"@id":"https:\/\/kayak-innovations.com\/#website"},"primaryImageOfPage":{"@id":"https:\/\/kayak-innovations.com\/product\/black-week-deal-natseqpacker\/#primaryimage"},"image":{"@id":"https:\/\/kayak-innovations.com\/product\/black-week-deal-natseqpacker\/#primaryimage"},"thumbnailUrl":"https:\/\/kayak-innovations.com\/wp-content\/uploads\/2023\/03\/Packer_rot_1000x1000.png","datePublished":"2023-03-23T10:36:42+00:00","dateModified":"2025-12-08T15:03:06+00:00","breadcrumb":{"@id":"https:\/\/kayak-innovations.com\/product\/black-week-deal-natseqpacker\/#breadcrumb"},"inLanguage":"fr-FR","potentialAction":[{"@type":"ReadAction","target":["https:\/\/kayak-innovations.com\/product\/black-week-deal-natseqpacker\/"]}]},{"@type":"ImageObject","inLanguage":"fr-FR","@id":"https:\/\/kayak-innovations.com\/product\/black-week-deal-natseqpacker\/#primaryimage","url":"https:\/\/kayak-innovations.com\/wp-content\/uploads\/2023\/03\/Packer_rot_1000x1000.png","contentUrl":"https:\/\/kayak-innovations.com\/wp-content\/uploads\/2023\/03\/Packer_rot_1000x1000.png","width":1000,"height":1000},{"@type":"BreadcrumbList","@id":"https:\/\/kayak-innovations.com\/product\/black-week-deal-natseqpacker\/#breadcrumb","itemListElement":[{"@type":"ListItem","position":1,"name":"Startseite","item":"https:\/\/kayak-innovations.com\/"},{"@type":"ListItem","position":2,"name":"Shop","item":"https:\/\/kayak-innovations.com\/kayak-innovations-online-shop-fuer-zubehoer-ersatzteile-und-mehr\/"},{"@type":"ListItem","position":3,"name":"NATSEQ Erweiterungs\u00ad\u00admodule","item":"https:\/\/kayak-innovations.com\/product-category\/natseq-erweiterungsmodule\/"},{"@type":"ListItem","position":4,"name":"NATSEQPacker","item":"https:\/\/kayak-innovations.com\/product-category\/natseq-erweiterungsmodule\/natseqpacker\/"},{"@type":"ListItem","position":5,"name":"NATSEQPacker Rot"}]},{"@type":"WebSite","@id":"https:\/\/kayak-innovations.com\/#website","url":"https:\/\/kayak-innovations.com\/","name":"KAYAK INNOVATIONS","description":"Conception modulaire du kayak","publisher":{"@id":"https:\/\/kayak-innovations.com\/#organization"},"potentialAction":[{"@type":"SearchAction","target":{"@type":"EntryPoint","urlTemplate":"https:\/\/kayak-innovations.com\/?s={search_term_string}"},"query-input":{"@type":"PropertyValueSpecification","valueRequired":true,"valueName":"search_term_string"}}],"inLanguage":"fr-FR"},{"@type":"Organization","@id":"https:\/\/kayak-innovations.com\/#organization","name":"KAYAK INNOVATIONS","url":"https:\/\/kayak-innovations.com\/","logo":{"@type":"ImageObject","inLanguage":"fr-FR","@id":"https:\/\/kayak-innovations.com\/#\/schema\/logo\/image\/","url":"https:\/\/kayak-innovations.com\/wp-content\/uploads\/2023\/03\/Logo_Kayak_Innovations.png","contentUrl":"https:\/\/kayak-innovations.com\/wp-content\/uploads\/2023\/03\/Logo_Kayak_Innovations.png","width":640,"height":132,"caption":"KAYAK INNOVATIONS"},"image":{"@id":"https:\/\/kayak-innovations.com\/#\/schema\/logo\/image\/"},"sameAs":["https:\/\/www.facebook.com\/NATSEQ-108045581073906","https:\/\/www.instagram.com\/kayak.innovations\/"]}]}},"_links":{"self":[{"href":"https:\/\/kayak-innovations.com\/fr\/wp-json\/wp\/v2\/product\/105642","targetHints":{"allow":["GET"]}}],"collection":[{"href":"https:\/\/kayak-innovations.com\/fr\/wp-json\/wp\/v2\/product"}],"about":[{"href":"https:\/\/kayak-innovations.com\/fr\/wp-json\/wp\/v2\/types\/product"}],"wp:featuredmedia":[{"embeddable":true,"href":"https:\/\/kayak-innovations.com\/fr\/wp-json\/wp\/v2\/media\/111520"}],"wp:attachment":[{"href":"https:\/\/kayak-innovations.com\/fr\/wp-json\/wp\/v2\/media?parent=105642"}],"wp:term":[{"taxonomy":"product_brand","embeddable":true,"href":"https:\/\/kayak-innovations.com\/fr\/wp-json\/wp\/v2\/product_brand?post=105642"},{"taxonomy":"product_cat","embeddable":true,"href":"https:\/\/kayak-innovations.com\/fr\/wp-json\/wp\/v2\/product_cat?post=105642"},{"taxonomy":"product_tag","embeddable":true,"href":"https:\/\/kayak-innovations.com\/fr\/wp-json\/wp\/v2\/product_tag?post=105642"}],"curies":[{"name":"wp","href":"https:\/\/api.w.org\/{rel}","templated":true}]}}