{"id":105645,"date":"2023-03-23T11:36:42","date_gmt":"2023-03-23T10:36:42","guid":{"rendered":"https:\/\/kayak-innovations.com\/product\/natseqpacker-grau\/"},"modified":"2025-12-08T16:03:07","modified_gmt":"2025-12-08T15:03:07","slug":"natseqpacker-grau","status":"publish","type":"product","link":"https:\/\/kayak-innovations.com\/fr\/product\/natseqpacker-grau\/","title":{"rendered":"NATSEQPacker Grau limited edition"},"content":{"rendered":"<p>Le NATSEQPacker est le d\u00e9veloppement logique de l'id\u00e9e d'un kayak modulaire id\u00e9al et le premier de ce type au monde. Notre offre est con\u00e7ue pour les membres de la famille plus petits ou \u00e0 quatre pattes, pour plus de bagages, pour des randonn\u00e9es plus longues ou tout simplement pour tout ce que vous avez toujours voulu emporter en pagayant.<\/p>\n<p>La premi\u00e8re mondiale en mati\u00e8re de kayak de randonn\u00e9e modulaire !<\/p>\n<p>- Rapide et maniable<br \/>\n- Utilisation en solo et en tandem<br \/>\n- Charge utile in\u00e9gal\u00e9e de 50 kg<br \/>\n- Fabriqu\u00e9 en Allemagne<br \/>\n- Kit de tendeurs \u00e0 8 points en option (disponible dans les accessoires d'origine)<br \/>\n- Gouvernail en option (fortement recommand\u00e9)<\/p>\n<p>La repr\u00e9sentation de la couleur peut pr\u00e9senter de l\u00e9g\u00e8res diff\u00e9rences avec le produit r\u00e9el.<\/p>","protected":false},"excerpt":{"rendered":"<p>Das Zusatzmodul f\u00fcr mehr Gep\u00e4ck oder den Hund \u2013 f\u00fcr das NATSEQ Solo und Tandem.<\/p>\n<p>&nbsp;<\/p>","protected":false},"featured_media":111496,"template":"","meta":{"_et_pb_use_builder":"","_et_pb_old_content":"","_et_gb_content_width":""},"product_brand":[],"product_cat":[161],"product_tag":[123,35,36],"class_list":{"0":"post-105645","1":"product","2":"type-product","3":"status-publish","4":"has-post-thumbnail","6":"product_cat-natseqpacker","7":"product_tag-kajak","8":"product_tag-modular","9":"product_tag-natseq","10":"product_shipping_class-paket","12":"first","13":"instock","14":"taxable","15":"shipping-taxable","16":"purchasable","17":"product-type-simple"},"yoast_head":"<!-- This site is optimized with the Yoast SEO plugin v27.1.1 - https:\/\/yoast.com\/product\/yoast-seo-wordpress\/ -->\n<title>NATSEQPacker Grau limited edition - KAYAK INNOVATIONS<\/title>\n<meta name=\"description\" content=\"Der NATSEQPacker ist die konsequente Weiterentwicklung der Idee eines idealen modularen Kajaks und das weltweit Erste seiner Art.\" \/>\n<meta name=\"robots\" content=\"index, follow, max-snippet:-1, max-image-preview:large, max-video-preview:-1\" \/>\n<link rel=\"canonical\" href=\"https:\/\/kayak-innovations.com\/fr\/product\/natseqpacker-grau\/\" \/>\n<meta property=\"og:locale\" content=\"fr_FR\" \/>\n<meta property=\"og:type\" content=\"article\" \/>\n<meta property=\"og:title\" content=\"NATSEQPacker Grau limited edition - KAYAK INNOVATIONS\" \/>\n<meta property=\"og:description\" content=\"Der NATSEQPacker ist die konsequente Weiterentwicklung der Idee eines idealen modularen Kajaks und das weltweit Erste seiner Art.\" \/>\n<meta property=\"og:url\" content=\"https:\/\/kayak-innovations.com\/fr\/product\/natseqpacker-grau\/\" \/>\n<meta property=\"og:site_name\" content=\"KAYAK INNOVATIONS\" \/>\n<meta property=\"article:publisher\" content=\"https:\/\/www.facebook.com\/NATSEQ-108045581073906\" \/>\n<meta property=\"article:modified_time\" content=\"2025-12-08T15:03:07+00:00\" \/>\n<meta property=\"og:image\" content=\"https:\/\/kayak-innovations.com\/wp-content\/uploads\/2023\/03\/Packer_grau_1000x1000_ohneSPannleinen.png\" \/>\n\t<meta property=\"og:image:width\" content=\"1000\" \/>\n\t<meta property=\"og:image:height\" content=\"1000\" \/>\n\t<meta property=\"og:image:type\" content=\"image\/png\" \/>\n<meta name=\"twitter:card\" content=\"summary_large_image\" \/>\n<meta name=\"twitter:label1\" content=\"Dur\u00e9e de lecture estim\u00e9e\" \/>\n\t<meta name=\"twitter:data1\" content=\"1 minute\" \/>\n<script type=\"application\/ld+json\" class=\"yoast-schema-graph\">{\"@context\":\"https:\/\/schema.org\",\"@graph\":[{\"@type\":\"WebPage\",\"@id\":\"https:\/\/kayak-innovations.com\/product\/natseqpacker-grau\/\",\"url\":\"https:\/\/kayak-innovations.com\/product\/natseqpacker-grau\/\",\"name\":\"NATSEQPacker Grau limited edition - KAYAK INNOVATIONS\",\"isPartOf\":{\"@id\":\"https:\/\/kayak-innovations.com\/#website\"},\"primaryImageOfPage\":{\"@id\":\"https:\/\/kayak-innovations.com\/product\/natseqpacker-grau\/#primaryimage\"},\"image\":{\"@id\":\"https:\/\/kayak-innovations.com\/product\/natseqpacker-grau\/#primaryimage\"},\"thumbnailUrl\":\"https:\/\/kayak-innovations.com\/wp-content\/uploads\/2023\/03\/Packer_grau_1000x1000_ohneSPannleinen.png\",\"datePublished\":\"2023-03-23T10:36:42+00:00\",\"dateModified\":\"2025-12-08T15:03:07+00:00\",\"description\":\"Der NATSEQPacker ist die konsequente Weiterentwicklung der Idee eines idealen modularen Kajaks und das weltweit Erste seiner Art.\",\"breadcrumb\":{\"@id\":\"https:\/\/kayak-innovations.com\/product\/natseqpacker-grau\/#breadcrumb\"},\"inLanguage\":\"fr-FR\",\"potentialAction\":[{\"@type\":\"ReadAction\",\"target\":[\"https:\/\/kayak-innovations.com\/product\/natseqpacker-grau\/\"]}]},{\"@type\":\"ImageObject\",\"inLanguage\":\"fr-FR\",\"@id\":\"https:\/\/kayak-innovations.com\/product\/natseqpacker-grau\/#primaryimage\",\"url\":\"https:\/\/kayak-innovations.com\/wp-content\/uploads\/2023\/03\/Packer_grau_1000x1000_ohneSPannleinen.png\",\"contentUrl\":\"https:\/\/kayak-innovations.com\/wp-content\/uploads\/2023\/03\/Packer_grau_1000x1000_ohneSPannleinen.png\",\"width\":1000,\"height\":1000},{\"@type\":\"BreadcrumbList\",\"@id\":\"https:\/\/kayak-innovations.com\/product\/natseqpacker-grau\/#breadcrumb\",\"itemListElement\":[{\"@type\":\"ListItem\",\"position\":1,\"name\":\"Startseite\",\"item\":\"https:\/\/kayak-innovations.com\/\"},{\"@type\":\"ListItem\",\"position\":2,\"name\":\"Shop\",\"item\":\"https:\/\/kayak-innovations.com\/kayak-innovations-online-shop-fuer-zubehoer-ersatzteile-und-mehr\/\"},{\"@type\":\"ListItem\",\"position\":3,\"name\":\"NATSEQ Erweiterungs\u00ad\u00admodule\",\"item\":\"https:\/\/kayak-innovations.com\/product-category\/natseq-erweiterungsmodule\/\"},{\"@type\":\"ListItem\",\"position\":4,\"name\":\"NATSEQPacker\",\"item\":\"https:\/\/kayak-innovations.com\/product-category\/natseq-erweiterungsmodule\/natseqpacker\/\"},{\"@type\":\"ListItem\",\"position\":5,\"name\":\"NATSEQPacker Grau limited edition\"}]},{\"@type\":\"WebSite\",\"@id\":\"https:\/\/kayak-innovations.com\/#website\",\"url\":\"https:\/\/kayak-innovations.com\/\",\"name\":\"KAYAK INNOVATIONS\",\"description\":\"Modulares Kajakdesign\",\"publisher\":{\"@id\":\"https:\/\/kayak-innovations.com\/#organization\"},\"potentialAction\":[{\"@type\":\"SearchAction\",\"target\":{\"@type\":\"EntryPoint\",\"urlTemplate\":\"https:\/\/kayak-innovations.com\/?s={search_term_string}\"},\"query-input\":{\"@type\":\"PropertyValueSpecification\",\"valueRequired\":true,\"valueName\":\"search_term_string\"}}],\"inLanguage\":\"fr-FR\"},{\"@type\":\"Organization\",\"@id\":\"https:\/\/kayak-innovations.com\/#organization\",\"name\":\"KAYAK INNOVATIONS\",\"url\":\"https:\/\/kayak-innovations.com\/\",\"logo\":{\"@type\":\"ImageObject\",\"inLanguage\":\"fr-FR\",\"@id\":\"https:\/\/kayak-innovations.com\/#\/schema\/logo\/image\/\",\"url\":\"https:\/\/kayak-innovations.com\/wp-content\/uploads\/2023\/03\/Logo_Kayak_Innovations.png\",\"contentUrl\":\"https:\/\/kayak-innovations.com\/wp-content\/uploads\/2023\/03\/Logo_Kayak_Innovations.png\",\"width\":640,\"height\":132,\"caption\":\"KAYAK INNOVATIONS\"},\"image\":{\"@id\":\"https:\/\/kayak-innovations.com\/#\/schema\/logo\/image\/\"},\"sameAs\":[\"https:\/\/www.facebook.com\/NATSEQ-108045581073906\",\"https:\/\/www.instagram.com\/kayak.innovations\/\"]}]}<\/script>\n<!-- \/ Yoast SEO plugin. -->","yoast_head_json":{"title":"NATSEQPacker Grau limited edition - KAYAK INNOVATIONS","description":"Der NATSEQPacker ist die konsequente Weiterentwicklung der Idee eines idealen modularen Kajaks und das weltweit Erste seiner Art.","robots":{"index":"index","follow":"follow","max-snippet":"max-snippet:-1","max-image-preview":"max-image-preview:large","max-video-preview":"max-video-preview:-1"},"canonical":"https:\/\/kayak-innovations.com\/fr\/product\/natseqpacker-grau\/","og_locale":"fr_FR","og_type":"article","og_title":"NATSEQPacker Grau limited edition - KAYAK INNOVATIONS","og_description":"Der NATSEQPacker ist die konsequente Weiterentwicklung der Idee eines idealen modularen Kajaks und das weltweit Erste seiner Art.","og_url":"https:\/\/kayak-innovations.com\/fr\/product\/natseqpacker-grau\/","og_site_name":"KAYAK INNOVATIONS","article_publisher":"https:\/\/www.facebook.com\/NATSEQ-108045581073906","article_modified_time":"2025-12-08T15:03:07+00:00","og_image":[{"width":1000,"height":1000,"url":"https:\/\/kayak-innovations.com\/wp-content\/uploads\/2023\/03\/Packer_grau_1000x1000_ohneSPannleinen.png","type":"image\/png"}],"twitter_card":"summary_large_image","twitter_misc":{"Dur\u00e9e de lecture estim\u00e9e":"1 minute"},"schema":{"@context":"https:\/\/schema.org","@graph":[{"@type":"WebPage","@id":"https:\/\/kayak-innovations.com\/product\/natseqpacker-grau\/","url":"https:\/\/kayak-innovations.com\/product\/natseqpacker-grau\/","name":"NATSEQPacker Grau limited edition - KAYAK INNOVATIONS","isPartOf":{"@id":"https:\/\/kayak-innovations.com\/#website"},"primaryImageOfPage":{"@id":"https:\/\/kayak-innovations.com\/product\/natseqpacker-grau\/#primaryimage"},"image":{"@id":"https:\/\/kayak-innovations.com\/product\/natseqpacker-grau\/#primaryimage"},"thumbnailUrl":"https:\/\/kayak-innovations.com\/wp-content\/uploads\/2023\/03\/Packer_grau_1000x1000_ohneSPannleinen.png","datePublished":"2023-03-23T10:36:42+00:00","dateModified":"2025-12-08T15:03:07+00:00","description":"Der NATSEQPacker ist die konsequente Weiterentwicklung der Idee eines idealen modularen Kajaks und das weltweit Erste seiner Art.","breadcrumb":{"@id":"https:\/\/kayak-innovations.com\/product\/natseqpacker-grau\/#breadcrumb"},"inLanguage":"fr-FR","potentialAction":[{"@type":"ReadAction","target":["https:\/\/kayak-innovations.com\/product\/natseqpacker-grau\/"]}]},{"@type":"ImageObject","inLanguage":"fr-FR","@id":"https:\/\/kayak-innovations.com\/product\/natseqpacker-grau\/#primaryimage","url":"https:\/\/kayak-innovations.com\/wp-content\/uploads\/2023\/03\/Packer_grau_1000x1000_ohneSPannleinen.png","contentUrl":"https:\/\/kayak-innovations.com\/wp-content\/uploads\/2023\/03\/Packer_grau_1000x1000_ohneSPannleinen.png","width":1000,"height":1000},{"@type":"BreadcrumbList","@id":"https:\/\/kayak-innovations.com\/product\/natseqpacker-grau\/#breadcrumb","itemListElement":[{"@type":"ListItem","position":1,"name":"Startseite","item":"https:\/\/kayak-innovations.com\/"},{"@type":"ListItem","position":2,"name":"Shop","item":"https:\/\/kayak-innovations.com\/kayak-innovations-online-shop-fuer-zubehoer-ersatzteile-und-mehr\/"},{"@type":"ListItem","position":3,"name":"NATSEQ Erweiterungs\u00ad\u00admodule","item":"https:\/\/kayak-innovations.com\/product-category\/natseq-erweiterungsmodule\/"},{"@type":"ListItem","position":4,"name":"NATSEQPacker","item":"https:\/\/kayak-innovations.com\/product-category\/natseq-erweiterungsmodule\/natseqpacker\/"},{"@type":"ListItem","position":5,"name":"NATSEQPacker Grau limited edition"}]},{"@type":"WebSite","@id":"https:\/\/kayak-innovations.com\/#website","url":"https:\/\/kayak-innovations.com\/","name":"KAYAK INNOVATIONS","description":"Conception modulaire du kayak","publisher":{"@id":"https:\/\/kayak-innovations.com\/#organization"},"potentialAction":[{"@type":"SearchAction","target":{"@type":"EntryPoint","urlTemplate":"https:\/\/kayak-innovations.com\/?s={search_term_string}"},"query-input":{"@type":"PropertyValueSpecification","valueRequired":true,"valueName":"search_term_string"}}],"inLanguage":"fr-FR"},{"@type":"Organization","@id":"https:\/\/kayak-innovations.com\/#organization","name":"KAYAK INNOVATIONS","url":"https:\/\/kayak-innovations.com\/","logo":{"@type":"ImageObject","inLanguage":"fr-FR","@id":"https:\/\/kayak-innovations.com\/#\/schema\/logo\/image\/","url":"https:\/\/kayak-innovations.com\/wp-content\/uploads\/2023\/03\/Logo_Kayak_Innovations.png","contentUrl":"https:\/\/kayak-innovations.com\/wp-content\/uploads\/2023\/03\/Logo_Kayak_Innovations.png","width":640,"height":132,"caption":"KAYAK INNOVATIONS"},"image":{"@id":"https:\/\/kayak-innovations.com\/#\/schema\/logo\/image\/"},"sameAs":["https:\/\/www.facebook.com\/NATSEQ-108045581073906","https:\/\/www.instagram.com\/kayak.innovations\/"]}]}},"_links":{"self":[{"href":"https:\/\/kayak-innovations.com\/fr\/wp-json\/wp\/v2\/product\/105645","targetHints":{"allow":["GET"]}}],"collection":[{"href":"https:\/\/kayak-innovations.com\/fr\/wp-json\/wp\/v2\/product"}],"about":[{"href":"https:\/\/kayak-innovations.com\/fr\/wp-json\/wp\/v2\/types\/product"}],"wp:featuredmedia":[{"embeddable":true,"href":"https:\/\/kayak-innovations.com\/fr\/wp-json\/wp\/v2\/media\/111496"}],"wp:attachment":[{"href":"https:\/\/kayak-innovations.com\/fr\/wp-json\/wp\/v2\/media?parent=105645"}],"wp:term":[{"taxonomy":"product_brand","embeddable":true,"href":"https:\/\/kayak-innovations.com\/fr\/wp-json\/wp\/v2\/product_brand?post=105645"},{"taxonomy":"product_cat","embeddable":true,"href":"https:\/\/kayak-innovations.com\/fr\/wp-json\/wp\/v2\/product_cat?post=105645"},{"taxonomy":"product_tag","embeddable":true,"href":"https:\/\/kayak-innovations.com\/fr\/wp-json\/wp\/v2\/product_tag?post=105645"}],"curies":[{"name":"wp","href":"https:\/\/api.w.org\/{rel}","templated":true}]}}