{"id":105662,"date":"2023-03-23T11:36:44","date_gmt":"2023-03-23T10:36:44","guid":{"rendered":"https:\/\/kayak-innovations.com\/product\/natseq-deckelset-tandem-gruen\/"},"modified":"2025-03-12T09:39:32","modified_gmt":"2025-03-12T08:39:32","slug":"natseq-deckelset-tandem-gruen","status":"publish","type":"product","link":"https:\/\/kayak-innovations.com\/fr\/product\/natseq-deckelset-tandem-gruen\/","title":{"rendered":"NATSEQ - Set de couvercles Tandem vert"},"content":{"rendered":"<p>Pimp your NATSEQ! Ein neues Boot, ein neuer Look? Mit uns geht beides. Wer neue frische Farben an seinem NATSEQ sehen m\u00f6chte, kann dies nun leicht realisieren, ohne gleich ein neues Boot kaufen zu m\u00fcssen.<\/p>\n<p>Et pourquoi pas des panneaux d'\u00e9coutille d'une autre couleur pour changer ?<br \/>\nLe montage est tr\u00e8s simple : il suffit de d\u00e9faire le premier n\u0153ud du couvercle reli\u00e9 au kayak, d'enfiler le nouveau couvercle, de refermer le n\u0153ud et le tour est jou\u00e9 !<\/p>\n<p>Erh\u00e4ltlich in den Farben Rot, Gr\u00fcn, Blau. Bei der Darstellung der Farbe kann es zu leichten Abweichungen zum tats\u00e4chlichen Produkt kommen.<\/p>\n<p>Si vous avez des questions, n'h\u00e9sitez pas \u00e0 nous contacter par e-mail \u00e0 l'adresse suivante <em><span id=\"eeb-155689-965993\"><span id=\"eeb-90164-743965\"><span id=\"eeb-849918-117772\">service@kayak-innovations.com<\/span><\/span><\/span><\/em> \ud83d\ude42<\/p>","protected":false},"excerpt":{"rendered":"<p>NATSEQ Lukendeckelset TANDEM bestehend aus 5 gr\u00fcnen Abdeckungen.<\/p>","protected":false},"featured_media":111736,"template":"","meta":{"_et_pb_use_builder":"","_et_pb_old_content":"","_et_gb_content_width":""},"product_brand":[],"product_cat":[189],"product_tag":[36,148],"class_list":{"0":"post-105662","1":"product","2":"type-product","3":"status-publish","4":"has-post-thumbnail","6":"product_cat-kayak-innovations-original-zubehoer","7":"product_tag-natseq","8":"product_tag-zubehoer","9":"product_shipping_class-paket","11":"first","12":"instock","13":"taxable","14":"shipping-taxable","15":"purchasable","16":"product-type-simple"},"yoast_head":"<!-- This site is optimized with the Yoast SEO plugin v27.1.1 - https:\/\/yoast.com\/product\/yoast-seo-wordpress\/ -->\n<title>NATSEQ - Deckelset Tandem Gr\u00fcn - KAYAK INNOVATIONS<\/title>\n<meta name=\"robots\" content=\"index, follow, max-snippet:-1, max-image-preview:large, max-video-preview:-1\" \/>\n<link rel=\"canonical\" href=\"https:\/\/kayak-innovations.com\/fr\/product\/natseq-deckelset-tandem-gruen\/\" \/>\n<meta property=\"og:locale\" content=\"fr_FR\" \/>\n<meta property=\"og:type\" content=\"article\" \/>\n<meta property=\"og:title\" content=\"NATSEQ - Deckelset Tandem Gr\u00fcn - KAYAK INNOVATIONS\" \/>\n<meta property=\"og:description\" content=\"NATSEQ Lukendeckelset TANDEM bestehend aus 5 gr\u00fcnen Abdeckungen.\" \/>\n<meta property=\"og:url\" content=\"https:\/\/kayak-innovations.com\/fr\/product\/natseq-deckelset-tandem-gruen\/\" \/>\n<meta property=\"og:site_name\" content=\"KAYAK INNOVATIONS\" \/>\n<meta property=\"article:publisher\" content=\"https:\/\/www.facebook.com\/NATSEQ-108045581073906\" \/>\n<meta property=\"article:modified_time\" content=\"2025-03-12T08:39:32+00:00\" \/>\n<meta property=\"og:image\" content=\"https:\/\/kayak-innovations.com\/wp-content\/uploads\/2023\/03\/Deckel_Tandem_gruen.jpg\" \/>\n\t<meta property=\"og:image:width\" content=\"800\" \/>\n\t<meta property=\"og:image:height\" content=\"800\" \/>\n\t<meta property=\"og:image:type\" content=\"image\/jpeg\" \/>\n<meta name=\"twitter:card\" content=\"summary_large_image\" \/>\n<meta name=\"twitter:label1\" content=\"Dur\u00e9e de lecture estim\u00e9e\" \/>\n\t<meta name=\"twitter:data1\" content=\"1 minute\" \/>\n<script type=\"application\/ld+json\" class=\"yoast-schema-graph\">{\"@context\":\"https:\/\/schema.org\",\"@graph\":[{\"@type\":\"WebPage\",\"@id\":\"https:\/\/kayak-innovations.com\/product\/natseq-deckelset-tandem-gruen\/\",\"url\":\"https:\/\/kayak-innovations.com\/product\/natseq-deckelset-tandem-gruen\/\",\"name\":\"NATSEQ - Deckelset Tandem Gr\u00fcn - KAYAK INNOVATIONS\",\"isPartOf\":{\"@id\":\"https:\/\/kayak-innovations.com\/#website\"},\"primaryImageOfPage\":{\"@id\":\"https:\/\/kayak-innovations.com\/product\/natseq-deckelset-tandem-gruen\/#primaryimage\"},\"image\":{\"@id\":\"https:\/\/kayak-innovations.com\/product\/natseq-deckelset-tandem-gruen\/#primaryimage\"},\"thumbnailUrl\":\"https:\/\/kayak-innovations.com\/wp-content\/uploads\/2023\/03\/Deckel_Tandem_gruen.jpg\",\"datePublished\":\"2023-03-23T10:36:44+00:00\",\"dateModified\":\"2025-03-12T08:39:32+00:00\",\"breadcrumb\":{\"@id\":\"https:\/\/kayak-innovations.com\/product\/natseq-deckelset-tandem-gruen\/#breadcrumb\"},\"inLanguage\":\"fr-FR\",\"potentialAction\":[{\"@type\":\"ReadAction\",\"target\":[\"https:\/\/kayak-innovations.com\/product\/natseq-deckelset-tandem-gruen\/\"]}]},{\"@type\":\"ImageObject\",\"inLanguage\":\"fr-FR\",\"@id\":\"https:\/\/kayak-innovations.com\/product\/natseq-deckelset-tandem-gruen\/#primaryimage\",\"url\":\"https:\/\/kayak-innovations.com\/wp-content\/uploads\/2023\/03\/Deckel_Tandem_gruen.jpg\",\"contentUrl\":\"https:\/\/kayak-innovations.com\/wp-content\/uploads\/2023\/03\/Deckel_Tandem_gruen.jpg\",\"width\":800,\"height\":800},{\"@type\":\"BreadcrumbList\",\"@id\":\"https:\/\/kayak-innovations.com\/product\/natseq-deckelset-tandem-gruen\/#breadcrumb\",\"itemListElement\":[{\"@type\":\"ListItem\",\"position\":1,\"name\":\"Startseite\",\"item\":\"https:\/\/kayak-innovations.com\/\"},{\"@type\":\"ListItem\",\"position\":2,\"name\":\"Shop\",\"item\":\"https:\/\/kayak-innovations.com\/kayak-innovations-online-shop-fuer-zubehoer-ersatzteile-und-mehr\/\"},{\"@type\":\"ListItem\",\"position\":3,\"name\":\"Kayak Innovations original Zubeh\u00f6r\",\"item\":\"https:\/\/kayak-innovations.com\/product-category\/kayak-innovations-original-zubehoer\/\"},{\"@type\":\"ListItem\",\"position\":4,\"name\":\"NATSEQ &#8211; Deckelset Tandem Gr\u00fcn\"}]},{\"@type\":\"WebSite\",\"@id\":\"https:\/\/kayak-innovations.com\/#website\",\"url\":\"https:\/\/kayak-innovations.com\/\",\"name\":\"KAYAK INNOVATIONS\",\"description\":\"Modulares Kajakdesign\",\"publisher\":{\"@id\":\"https:\/\/kayak-innovations.com\/#organization\"},\"potentialAction\":[{\"@type\":\"SearchAction\",\"target\":{\"@type\":\"EntryPoint\",\"urlTemplate\":\"https:\/\/kayak-innovations.com\/?s={search_term_string}\"},\"query-input\":{\"@type\":\"PropertyValueSpecification\",\"valueRequired\":true,\"valueName\":\"search_term_string\"}}],\"inLanguage\":\"fr-FR\"},{\"@type\":\"Organization\",\"@id\":\"https:\/\/kayak-innovations.com\/#organization\",\"name\":\"KAYAK INNOVATIONS\",\"url\":\"https:\/\/kayak-innovations.com\/\",\"logo\":{\"@type\":\"ImageObject\",\"inLanguage\":\"fr-FR\",\"@id\":\"https:\/\/kayak-innovations.com\/#\/schema\/logo\/image\/\",\"url\":\"https:\/\/kayak-innovations.com\/wp-content\/uploads\/2023\/03\/Logo_Kayak_Innovations.png\",\"contentUrl\":\"https:\/\/kayak-innovations.com\/wp-content\/uploads\/2023\/03\/Logo_Kayak_Innovations.png\",\"width\":640,\"height\":132,\"caption\":\"KAYAK INNOVATIONS\"},\"image\":{\"@id\":\"https:\/\/kayak-innovations.com\/#\/schema\/logo\/image\/\"},\"sameAs\":[\"https:\/\/www.facebook.com\/NATSEQ-108045581073906\",\"https:\/\/www.instagram.com\/kayak.innovations\/\"]}]}<\/script>\n<!-- \/ Yoast SEO plugin. -->","yoast_head_json":{"title":"NATSEQ - Deckelset Tandem Gr\u00fcn - KAYAK INNOVATIONS","robots":{"index":"index","follow":"follow","max-snippet":"max-snippet:-1","max-image-preview":"max-image-preview:large","max-video-preview":"max-video-preview:-1"},"canonical":"https:\/\/kayak-innovations.com\/fr\/product\/natseq-deckelset-tandem-gruen\/","og_locale":"fr_FR","og_type":"article","og_title":"NATSEQ - Deckelset Tandem Gr\u00fcn - KAYAK INNOVATIONS","og_description":"NATSEQ Lukendeckelset TANDEM bestehend aus 5 gr\u00fcnen Abdeckungen.","og_url":"https:\/\/kayak-innovations.com\/fr\/product\/natseq-deckelset-tandem-gruen\/","og_site_name":"KAYAK INNOVATIONS","article_publisher":"https:\/\/www.facebook.com\/NATSEQ-108045581073906","article_modified_time":"2025-03-12T08:39:32+00:00","og_image":[{"width":800,"height":800,"url":"https:\/\/kayak-innovations.com\/wp-content\/uploads\/2023\/03\/Deckel_Tandem_gruen.jpg","type":"image\/jpeg"}],"twitter_card":"summary_large_image","twitter_misc":{"Dur\u00e9e de lecture estim\u00e9e":"1 minute"},"schema":{"@context":"https:\/\/schema.org","@graph":[{"@type":"WebPage","@id":"https:\/\/kayak-innovations.com\/product\/natseq-deckelset-tandem-gruen\/","url":"https:\/\/kayak-innovations.com\/product\/natseq-deckelset-tandem-gruen\/","name":"NATSEQ - Deckelset Tandem Gr\u00fcn - KAYAK INNOVATIONS","isPartOf":{"@id":"https:\/\/kayak-innovations.com\/#website"},"primaryImageOfPage":{"@id":"https:\/\/kayak-innovations.com\/product\/natseq-deckelset-tandem-gruen\/#primaryimage"},"image":{"@id":"https:\/\/kayak-innovations.com\/product\/natseq-deckelset-tandem-gruen\/#primaryimage"},"thumbnailUrl":"https:\/\/kayak-innovations.com\/wp-content\/uploads\/2023\/03\/Deckel_Tandem_gruen.jpg","datePublished":"2023-03-23T10:36:44+00:00","dateModified":"2025-03-12T08:39:32+00:00","breadcrumb":{"@id":"https:\/\/kayak-innovations.com\/product\/natseq-deckelset-tandem-gruen\/#breadcrumb"},"inLanguage":"fr-FR","potentialAction":[{"@type":"ReadAction","target":["https:\/\/kayak-innovations.com\/product\/natseq-deckelset-tandem-gruen\/"]}]},{"@type":"ImageObject","inLanguage":"fr-FR","@id":"https:\/\/kayak-innovations.com\/product\/natseq-deckelset-tandem-gruen\/#primaryimage","url":"https:\/\/kayak-innovations.com\/wp-content\/uploads\/2023\/03\/Deckel_Tandem_gruen.jpg","contentUrl":"https:\/\/kayak-innovations.com\/wp-content\/uploads\/2023\/03\/Deckel_Tandem_gruen.jpg","width":800,"height":800},{"@type":"BreadcrumbList","@id":"https:\/\/kayak-innovations.com\/product\/natseq-deckelset-tandem-gruen\/#breadcrumb","itemListElement":[{"@type":"ListItem","position":1,"name":"Startseite","item":"https:\/\/kayak-innovations.com\/"},{"@type":"ListItem","position":2,"name":"Shop","item":"https:\/\/kayak-innovations.com\/kayak-innovations-online-shop-fuer-zubehoer-ersatzteile-und-mehr\/"},{"@type":"ListItem","position":3,"name":"Kayak Innovations original Zubeh\u00f6r","item":"https:\/\/kayak-innovations.com\/product-category\/kayak-innovations-original-zubehoer\/"},{"@type":"ListItem","position":4,"name":"NATSEQ &#8211; Deckelset Tandem Gr\u00fcn"}]},{"@type":"WebSite","@id":"https:\/\/kayak-innovations.com\/#website","url":"https:\/\/kayak-innovations.com\/","name":"KAYAK INNOVATIONS","description":"Conception modulaire du kayak","publisher":{"@id":"https:\/\/kayak-innovations.com\/#organization"},"potentialAction":[{"@type":"SearchAction","target":{"@type":"EntryPoint","urlTemplate":"https:\/\/kayak-innovations.com\/?s={search_term_string}"},"query-input":{"@type":"PropertyValueSpecification","valueRequired":true,"valueName":"search_term_string"}}],"inLanguage":"fr-FR"},{"@type":"Organization","@id":"https:\/\/kayak-innovations.com\/#organization","name":"KAYAK INNOVATIONS","url":"https:\/\/kayak-innovations.com\/","logo":{"@type":"ImageObject","inLanguage":"fr-FR","@id":"https:\/\/kayak-innovations.com\/#\/schema\/logo\/image\/","url":"https:\/\/kayak-innovations.com\/wp-content\/uploads\/2023\/03\/Logo_Kayak_Innovations.png","contentUrl":"https:\/\/kayak-innovations.com\/wp-content\/uploads\/2023\/03\/Logo_Kayak_Innovations.png","width":640,"height":132,"caption":"KAYAK INNOVATIONS"},"image":{"@id":"https:\/\/kayak-innovations.com\/#\/schema\/logo\/image\/"},"sameAs":["https:\/\/www.facebook.com\/NATSEQ-108045581073906","https:\/\/www.instagram.com\/kayak.innovations\/"]}]}},"_links":{"self":[{"href":"https:\/\/kayak-innovations.com\/fr\/wp-json\/wp\/v2\/product\/105662","targetHints":{"allow":["GET"]}}],"collection":[{"href":"https:\/\/kayak-innovations.com\/fr\/wp-json\/wp\/v2\/product"}],"about":[{"href":"https:\/\/kayak-innovations.com\/fr\/wp-json\/wp\/v2\/types\/product"}],"wp:featuredmedia":[{"embeddable":true,"href":"https:\/\/kayak-innovations.com\/fr\/wp-json\/wp\/v2\/media\/111736"}],"wp:attachment":[{"href":"https:\/\/kayak-innovations.com\/fr\/wp-json\/wp\/v2\/media?parent=105662"}],"wp:term":[{"taxonomy":"product_brand","embeddable":true,"href":"https:\/\/kayak-innovations.com\/fr\/wp-json\/wp\/v2\/product_brand?post=105662"},{"taxonomy":"product_cat","embeddable":true,"href":"https:\/\/kayak-innovations.com\/fr\/wp-json\/wp\/v2\/product_cat?post=105662"},{"taxonomy":"product_tag","embeddable":true,"href":"https:\/\/kayak-innovations.com\/fr\/wp-json\/wp\/v2\/product_tag?post=105662"}],"curies":[{"name":"wp","href":"https:\/\/api.w.org\/{rel}","templated":true}]}}