{"id":108321,"date":"2023-04-26T13:45:57","date_gmt":"2023-04-26T12:45:57","guid":{"rendered":"https:\/\/kayak-innovations.com\/product\/spannleinenset-tandem-cockpit\/"},"modified":"2025-06-30T17:24:47","modified_gmt":"2025-06-30T16:24:47","slug":"spannleinenset-tandem-cockpit","status":"publish","type":"product","link":"https:\/\/kayak-innovations.com\/fr\/product\/spannleinenset-tandem-cockpit\/","title":{"rendered":"Kit de tendeurs NATSEQ Tandem-Cockpit"},"content":{"rendered":"<p>Si vous avez des questions, n'h\u00e9sitez pas \u00e0 nous contacter par e-mail \u00e0 l'adresse suivante <em><span id=\"eeb-155689-965993\"><span id=\"eeb-612687-898949\">service@kayak-innovations.com<\/span><\/span><\/em> \ud83d\ude42<\/p>","protected":false},"excerpt":{"rendered":"<p>Decksbungees links &amp; rechts inkl. Haken und die Verschlussabdeckung f\u00fcr Tandem-Cockpit<\/p>","protected":false},"featured_media":111801,"template":"","meta":{"_et_pb_use_builder":"","_et_pb_old_content":"","_et_gb_content_width":""},"product_brand":[],"product_cat":[179],"product_tag":[181],"class_list":{"0":"post-108321","1":"product","2":"type-product","3":"status-publish","4":"has-post-thumbnail","6":"product_cat-natseq-ersatzteile","7":"product_tag-natseq-ersatzteil","8":"product_shipping_class-warenpost","10":"first","11":"instock","12":"taxable","13":"shipping-taxable","14":"purchasable","15":"product-type-simple"},"yoast_head":"<!-- This site is optimized with the Yoast SEO plugin v27.1.1 - https:\/\/yoast.com\/product\/yoast-seo-wordpress\/ -->\n<title>NATSEQ Spannleinenset Tandem-Cockpit - KAYAK INNOVATIONS<\/title>\n<meta name=\"robots\" content=\"index, follow, max-snippet:-1, max-image-preview:large, max-video-preview:-1\" \/>\n<link rel=\"canonical\" href=\"https:\/\/kayak-innovations.com\/fr\/product\/spannleinenset-tandem-cockpit\/\" \/>\n<meta property=\"og:locale\" content=\"fr_FR\" \/>\n<meta property=\"og:type\" content=\"article\" \/>\n<meta property=\"og:title\" content=\"NATSEQ Spannleinenset Tandem-Cockpit - KAYAK INNOVATIONS\" \/>\n<meta property=\"og:description\" content=\"Decksbungees links &amp; rechts inkl. Haken und die Verschlussabdeckung f\u00fcr Tandem-Cockpit\" \/>\n<meta property=\"og:url\" content=\"https:\/\/kayak-innovations.com\/fr\/product\/spannleinenset-tandem-cockpit\/\" \/>\n<meta property=\"og:site_name\" content=\"KAYAK INNOVATIONS\" \/>\n<meta property=\"article:publisher\" content=\"https:\/\/www.facebook.com\/NATSEQ-108045581073906\" \/>\n<meta property=\"article:modified_time\" content=\"2025-06-30T16:24:47+00:00\" \/>\n<meta property=\"og:image\" content=\"https:\/\/kayak-innovations.com\/wp-content\/uploads\/2023\/04\/Bungee_schwarz3.jpg\" \/>\n\t<meta property=\"og:image:width\" content=\"800\" \/>\n\t<meta property=\"og:image:height\" content=\"800\" \/>\n\t<meta property=\"og:image:type\" content=\"image\/jpeg\" \/>\n<meta name=\"twitter:card\" content=\"summary_large_image\" \/>\n<meta name=\"twitter:label1\" content=\"Dur\u00e9e de lecture estim\u00e9e\" \/>\n\t<meta name=\"twitter:data1\" content=\"1 minute\" \/>\n<script type=\"application\/ld+json\" class=\"yoast-schema-graph\">{\"@context\":\"https:\/\/schema.org\",\"@graph\":[{\"@type\":\"WebPage\",\"@id\":\"https:\/\/kayak-innovations.com\/product\/spannleinenset-tandem-cockpit\/\",\"url\":\"https:\/\/kayak-innovations.com\/product\/spannleinenset-tandem-cockpit\/\",\"name\":\"NATSEQ Spannleinenset Tandem-Cockpit - KAYAK INNOVATIONS\",\"isPartOf\":{\"@id\":\"https:\/\/kayak-innovations.com\/#website\"},\"primaryImageOfPage\":{\"@id\":\"https:\/\/kayak-innovations.com\/product\/spannleinenset-tandem-cockpit\/#primaryimage\"},\"image\":{\"@id\":\"https:\/\/kayak-innovations.com\/product\/spannleinenset-tandem-cockpit\/#primaryimage\"},\"thumbnailUrl\":\"https:\/\/kayak-innovations.com\/wp-content\/uploads\/2023\/04\/Bungee_schwarz3.jpg\",\"datePublished\":\"2023-04-26T12:45:57+00:00\",\"dateModified\":\"2025-06-30T16:24:47+00:00\",\"breadcrumb\":{\"@id\":\"https:\/\/kayak-innovations.com\/product\/spannleinenset-tandem-cockpit\/#breadcrumb\"},\"inLanguage\":\"fr-FR\",\"potentialAction\":[{\"@type\":\"ReadAction\",\"target\":[\"https:\/\/kayak-innovations.com\/product\/spannleinenset-tandem-cockpit\/\"]}]},{\"@type\":\"ImageObject\",\"inLanguage\":\"fr-FR\",\"@id\":\"https:\/\/kayak-innovations.com\/product\/spannleinenset-tandem-cockpit\/#primaryimage\",\"url\":\"https:\/\/kayak-innovations.com\/wp-content\/uploads\/2023\/04\/Bungee_schwarz3.jpg\",\"contentUrl\":\"https:\/\/kayak-innovations.com\/wp-content\/uploads\/2023\/04\/Bungee_schwarz3.jpg\",\"width\":800,\"height\":800},{\"@type\":\"BreadcrumbList\",\"@id\":\"https:\/\/kayak-innovations.com\/product\/spannleinenset-tandem-cockpit\/#breadcrumb\",\"itemListElement\":[{\"@type\":\"ListItem\",\"position\":1,\"name\":\"Startseite\",\"item\":\"https:\/\/kayak-innovations.com\/\"},{\"@type\":\"ListItem\",\"position\":2,\"name\":\"Shop\",\"item\":\"https:\/\/kayak-innovations.com\/kayak-innovations-online-shop-fuer-zubehoer-ersatzteile-und-mehr\/\"},{\"@type\":\"ListItem\",\"position\":3,\"name\":\"NATSEQ Ersatzteile\",\"item\":\"https:\/\/kayak-innovations.com\/product-category\/natseq-ersatzteile\/\"},{\"@type\":\"ListItem\",\"position\":4,\"name\":\"NATSEQ Spannleinenset Tandem-Cockpit\"}]},{\"@type\":\"WebSite\",\"@id\":\"https:\/\/kayak-innovations.com\/#website\",\"url\":\"https:\/\/kayak-innovations.com\/\",\"name\":\"KAYAK INNOVATIONS\",\"description\":\"Modulares Kajakdesign\",\"publisher\":{\"@id\":\"https:\/\/kayak-innovations.com\/#organization\"},\"potentialAction\":[{\"@type\":\"SearchAction\",\"target\":{\"@type\":\"EntryPoint\",\"urlTemplate\":\"https:\/\/kayak-innovations.com\/?s={search_term_string}\"},\"query-input\":{\"@type\":\"PropertyValueSpecification\",\"valueRequired\":true,\"valueName\":\"search_term_string\"}}],\"inLanguage\":\"fr-FR\"},{\"@type\":\"Organization\",\"@id\":\"https:\/\/kayak-innovations.com\/#organization\",\"name\":\"KAYAK INNOVATIONS\",\"url\":\"https:\/\/kayak-innovations.com\/\",\"logo\":{\"@type\":\"ImageObject\",\"inLanguage\":\"fr-FR\",\"@id\":\"https:\/\/kayak-innovations.com\/#\/schema\/logo\/image\/\",\"url\":\"https:\/\/kayak-innovations.com\/wp-content\/uploads\/2023\/03\/Logo_Kayak_Innovations.png\",\"contentUrl\":\"https:\/\/kayak-innovations.com\/wp-content\/uploads\/2023\/03\/Logo_Kayak_Innovations.png\",\"width\":640,\"height\":132,\"caption\":\"KAYAK INNOVATIONS\"},\"image\":{\"@id\":\"https:\/\/kayak-innovations.com\/#\/schema\/logo\/image\/\"},\"sameAs\":[\"https:\/\/www.facebook.com\/NATSEQ-108045581073906\",\"https:\/\/www.instagram.com\/kayak.innovations\/\"]}]}<\/script>\n<!-- \/ Yoast SEO plugin. -->","yoast_head_json":{"title":"NATSEQ Spannleinenset Tandem-Cockpit - KAYAK INNOVATIONS","robots":{"index":"index","follow":"follow","max-snippet":"max-snippet:-1","max-image-preview":"max-image-preview:large","max-video-preview":"max-video-preview:-1"},"canonical":"https:\/\/kayak-innovations.com\/fr\/product\/spannleinenset-tandem-cockpit\/","og_locale":"fr_FR","og_type":"article","og_title":"NATSEQ Spannleinenset Tandem-Cockpit - KAYAK INNOVATIONS","og_description":"Decksbungees links &amp; rechts inkl. Haken und die Verschlussabdeckung f\u00fcr Tandem-Cockpit","og_url":"https:\/\/kayak-innovations.com\/fr\/product\/spannleinenset-tandem-cockpit\/","og_site_name":"KAYAK INNOVATIONS","article_publisher":"https:\/\/www.facebook.com\/NATSEQ-108045581073906","article_modified_time":"2025-06-30T16:24:47+00:00","og_image":[{"width":800,"height":800,"url":"https:\/\/kayak-innovations.com\/wp-content\/uploads\/2023\/04\/Bungee_schwarz3.jpg","type":"image\/jpeg"}],"twitter_card":"summary_large_image","twitter_misc":{"Dur\u00e9e de lecture estim\u00e9e":"1 minute"},"schema":{"@context":"https:\/\/schema.org","@graph":[{"@type":"WebPage","@id":"https:\/\/kayak-innovations.com\/product\/spannleinenset-tandem-cockpit\/","url":"https:\/\/kayak-innovations.com\/product\/spannleinenset-tandem-cockpit\/","name":"NATSEQ Spannleinenset Tandem-Cockpit - KAYAK INNOVATIONS","isPartOf":{"@id":"https:\/\/kayak-innovations.com\/#website"},"primaryImageOfPage":{"@id":"https:\/\/kayak-innovations.com\/product\/spannleinenset-tandem-cockpit\/#primaryimage"},"image":{"@id":"https:\/\/kayak-innovations.com\/product\/spannleinenset-tandem-cockpit\/#primaryimage"},"thumbnailUrl":"https:\/\/kayak-innovations.com\/wp-content\/uploads\/2023\/04\/Bungee_schwarz3.jpg","datePublished":"2023-04-26T12:45:57+00:00","dateModified":"2025-06-30T16:24:47+00:00","breadcrumb":{"@id":"https:\/\/kayak-innovations.com\/product\/spannleinenset-tandem-cockpit\/#breadcrumb"},"inLanguage":"fr-FR","potentialAction":[{"@type":"ReadAction","target":["https:\/\/kayak-innovations.com\/product\/spannleinenset-tandem-cockpit\/"]}]},{"@type":"ImageObject","inLanguage":"fr-FR","@id":"https:\/\/kayak-innovations.com\/product\/spannleinenset-tandem-cockpit\/#primaryimage","url":"https:\/\/kayak-innovations.com\/wp-content\/uploads\/2023\/04\/Bungee_schwarz3.jpg","contentUrl":"https:\/\/kayak-innovations.com\/wp-content\/uploads\/2023\/04\/Bungee_schwarz3.jpg","width":800,"height":800},{"@type":"BreadcrumbList","@id":"https:\/\/kayak-innovations.com\/product\/spannleinenset-tandem-cockpit\/#breadcrumb","itemListElement":[{"@type":"ListItem","position":1,"name":"Startseite","item":"https:\/\/kayak-innovations.com\/"},{"@type":"ListItem","position":2,"name":"Shop","item":"https:\/\/kayak-innovations.com\/kayak-innovations-online-shop-fuer-zubehoer-ersatzteile-und-mehr\/"},{"@type":"ListItem","position":3,"name":"NATSEQ Ersatzteile","item":"https:\/\/kayak-innovations.com\/product-category\/natseq-ersatzteile\/"},{"@type":"ListItem","position":4,"name":"NATSEQ Spannleinenset Tandem-Cockpit"}]},{"@type":"WebSite","@id":"https:\/\/kayak-innovations.com\/#website","url":"https:\/\/kayak-innovations.com\/","name":"KAYAK INNOVATIONS","description":"Conception modulaire du kayak","publisher":{"@id":"https:\/\/kayak-innovations.com\/#organization"},"potentialAction":[{"@type":"SearchAction","target":{"@type":"EntryPoint","urlTemplate":"https:\/\/kayak-innovations.com\/?s={search_term_string}"},"query-input":{"@type":"PropertyValueSpecification","valueRequired":true,"valueName":"search_term_string"}}],"inLanguage":"fr-FR"},{"@type":"Organization","@id":"https:\/\/kayak-innovations.com\/#organization","name":"KAYAK INNOVATIONS","url":"https:\/\/kayak-innovations.com\/","logo":{"@type":"ImageObject","inLanguage":"fr-FR","@id":"https:\/\/kayak-innovations.com\/#\/schema\/logo\/image\/","url":"https:\/\/kayak-innovations.com\/wp-content\/uploads\/2023\/03\/Logo_Kayak_Innovations.png","contentUrl":"https:\/\/kayak-innovations.com\/wp-content\/uploads\/2023\/03\/Logo_Kayak_Innovations.png","width":640,"height":132,"caption":"KAYAK INNOVATIONS"},"image":{"@id":"https:\/\/kayak-innovations.com\/#\/schema\/logo\/image\/"},"sameAs":["https:\/\/www.facebook.com\/NATSEQ-108045581073906","https:\/\/www.instagram.com\/kayak.innovations\/"]}]}},"_links":{"self":[{"href":"https:\/\/kayak-innovations.com\/fr\/wp-json\/wp\/v2\/product\/108321","targetHints":{"allow":["GET"]}}],"collection":[{"href":"https:\/\/kayak-innovations.com\/fr\/wp-json\/wp\/v2\/product"}],"about":[{"href":"https:\/\/kayak-innovations.com\/fr\/wp-json\/wp\/v2\/types\/product"}],"wp:featuredmedia":[{"embeddable":true,"href":"https:\/\/kayak-innovations.com\/fr\/wp-json\/wp\/v2\/media\/111801"}],"wp:attachment":[{"href":"https:\/\/kayak-innovations.com\/fr\/wp-json\/wp\/v2\/media?parent=108321"}],"wp:term":[{"taxonomy":"product_brand","embeddable":true,"href":"https:\/\/kayak-innovations.com\/fr\/wp-json\/wp\/v2\/product_brand?post=108321"},{"taxonomy":"product_cat","embeddable":true,"href":"https:\/\/kayak-innovations.com\/fr\/wp-json\/wp\/v2\/product_cat?post=108321"},{"taxonomy":"product_tag","embeddable":true,"href":"https:\/\/kayak-innovations.com\/fr\/wp-json\/wp\/v2\/product_tag?post=108321"}],"curies":[{"name":"wp","href":"https:\/\/api.w.org\/{rel}","templated":true}]}}