{"id":109992,"date":"2023-11-01T12:08:34","date_gmt":"2023-11-01T11:08:34","guid":{"rendered":"https:\/\/kayak-innovations.com\/?post_type=product&#038;p=109992"},"modified":"2026-02-13T10:54:53","modified_gmt":"2026-02-13T09:54:53","slug":"natseq-solo-harlekin-aus-2021-austellungsstueck","status":"publish","type":"product","link":"https:\/\/kayak-innovations.com\/fr\/product\/natseq-solo-harlekin-aus-2021-austellungsstueck\/","title":{"rendered":"NATSEQ Solo Arlequin de 2021 - pi\u00e8ce d'exposition"},"content":{"rendered":"<p>NATSEQ est un kayak modulaire unique en son genre, offrant les meilleures performances et sans doute la plus longue ligne de flottaison dans cette longueur de bateau.<\/p>\n<p>Des lignes sportives associ\u00e9es \u00e0 beaucoup d'espace \u00e0 l'avant et \u00e0 l'arri\u00e8re pour un rangement complet et un immense cockpit dans lequel m\u00eame les pagayeurs de plus de 2 m\u00e8tres peuvent s'installer confortablement.<\/p>\n<p>La forme sous-marine hydrodynamique parfaite, compos\u00e9e d'une membrure en U et d'une membrure articul\u00e9e, d'un saut de quille mod\u00e9r\u00e9 et d'une surface mouill\u00e9e r\u00e9duite, gr\u00e2ce \u00e0 un rapport longueur\/largeur parfait et \u00e0 une largeur maximale derri\u00e8re le cockpit, conf\u00e8re au NATSEQ des performances exceptionnelles. La ligne de flottaison est peut-\u00eatre la plus longue de cette longueur de bateau.<\/p>\n<p>NATSEQ convient parfaitement pour les rivi\u00e8res, les lacs et les eaux c\u00f4ti\u00e8res - pour quelques heures ou quelques jours, seul ou \u00e0 deux, trois, ... avec des bagages, un chien ou sans.<\/p>\n<p>Le NATSEQ en solo permet une charge utile de 160 kg, en tandem jusqu'\u00e0 260 kg. Pour des randonn\u00e9es encore plus longues ou pour le chien + ses bagages, le PACKER offre un volume de chargement suppl\u00e9mentaire de 60 l et supporte jusqu'\u00e0 50 kg suppl\u00e9mentaires.<\/p>\n<p>Nous avons con\u00e7u et construit un kayak rapide, maniable et facile \u00e0 man\u0153uvrer qui n'a pas \u00e0 rougir de la comparaison avec d'autres kayaks de qualit\u00e9 et qui vous procurera beaucoup de plaisir et d'heures de d\u00e9tente sur l'eau !<\/p>\n<p>NATSEQ est r\u00e9gional, car 100 % Made in Germany !<\/p>\n<p>Actuellement disponible en 3 couleurs : rouge, vert, bleu<\/p>","protected":false},"excerpt":{"rendered":"<p>NATSEQ Solo Arlequin de 2021 (sans pigmentation)<\/p>\n<p>Pi\u00e8ce d'exposition de notre ancien showroom<\/p>\n<p>&nbsp;<\/p>","protected":false},"featured_media":109993,"template":"","meta":{"_et_pb_use_builder":"","_et_pb_old_content":"","_et_gb_content_width":""},"product_brand":[],"product_cat":[185],"product_tag":[],"class_list":{"0":"post-109992","1":"product","2":"type-product","3":"status-publish","4":"has-post-thumbnail","6":"product_cat-product-category-kayak-innovations-outlet","8":"first","9":"instock","10":"sale","11":"taxable","12":"shipping-taxable","13":"purchasable","14":"product-type-simple"},"yoast_head":"<!-- This site is optimized with the Yoast SEO plugin v27.1.1 - https:\/\/yoast.com\/product\/yoast-seo-wordpress\/ -->\n<title>NATSEQ Solo Harlekin aus 2021 - Austellungsst\u00fcck - KAYAK INNOVATIONS<\/title>\n<meta name=\"description\" content=\"Outletartikel Ausstellungsst\u00fcck\" \/>\n<meta name=\"robots\" content=\"index, follow, max-snippet:-1, max-image-preview:large, max-video-preview:-1\" \/>\n<link rel=\"canonical\" href=\"https:\/\/kayak-innovations.com\/fr\/product\/natseq-solo-harlekin-aus-2021-austellungsstueck\/\" \/>\n<meta property=\"og:locale\" content=\"fr_FR\" \/>\n<meta property=\"og:type\" content=\"article\" \/>\n<meta property=\"og:title\" content=\"NATSEQ Solo Harlekin aus 2021 - Austellungsst\u00fcck - KAYAK INNOVATIONS\" \/>\n<meta property=\"og:description\" content=\"Outletartikel Ausstellungsst\u00fcck\" \/>\n<meta property=\"og:url\" content=\"https:\/\/kayak-innovations.com\/fr\/product\/natseq-solo-harlekin-aus-2021-austellungsstueck\/\" \/>\n<meta property=\"og:site_name\" content=\"KAYAK INNOVATIONS\" \/>\n<meta property=\"article:publisher\" content=\"https:\/\/www.facebook.com\/NATSEQ-108045581073906\" \/>\n<meta property=\"article:modified_time\" content=\"2026-02-13T09:54:53+00:00\" \/>\n<meta property=\"og:image\" content=\"https:\/\/kayak-innovations.com\/wp-content\/uploads\/2023\/11\/IMG_0458-scaled.jpeg\" \/>\n\t<meta property=\"og:image:width\" content=\"1920\" \/>\n\t<meta property=\"og:image:height\" content=\"2560\" \/>\n\t<meta property=\"og:image:type\" content=\"image\/jpeg\" \/>\n<meta name=\"twitter:card\" content=\"summary_large_image\" \/>\n<meta name=\"twitter:label1\" content=\"Dur\u00e9e de lecture estim\u00e9e\" \/>\n\t<meta name=\"twitter:data1\" content=\"2 minutes\" \/>\n<script type=\"application\/ld+json\" class=\"yoast-schema-graph\">{\"@context\":\"https:\/\/schema.org\",\"@graph\":[{\"@type\":\"WebPage\",\"@id\":\"https:\/\/kayak-innovations.com\/product\/natseq-solo-harlekin-aus-2021-austellungsstueck\/\",\"url\":\"https:\/\/kayak-innovations.com\/product\/natseq-solo-harlekin-aus-2021-austellungsstueck\/\",\"name\":\"NATSEQ Solo Harlekin aus 2021 - Austellungsst\u00fcck - KAYAK INNOVATIONS\",\"isPartOf\":{\"@id\":\"https:\/\/kayak-innovations.com\/#website\"},\"primaryImageOfPage\":{\"@id\":\"https:\/\/kayak-innovations.com\/product\/natseq-solo-harlekin-aus-2021-austellungsstueck\/#primaryimage\"},\"image\":{\"@id\":\"https:\/\/kayak-innovations.com\/product\/natseq-solo-harlekin-aus-2021-austellungsstueck\/#primaryimage\"},\"thumbnailUrl\":\"https:\/\/kayak-innovations.com\/wp-content\/uploads\/2023\/11\/IMG_0458-scaled.jpeg\",\"datePublished\":\"2023-11-01T11:08:34+00:00\",\"dateModified\":\"2026-02-13T09:54:53+00:00\",\"description\":\"Outletartikel Ausstellungsst\u00fcck\",\"breadcrumb\":{\"@id\":\"https:\/\/kayak-innovations.com\/product\/natseq-solo-harlekin-aus-2021-austellungsstueck\/#breadcrumb\"},\"inLanguage\":\"fr-FR\",\"potentialAction\":[{\"@type\":\"ReadAction\",\"target\":[\"https:\/\/kayak-innovations.com\/product\/natseq-solo-harlekin-aus-2021-austellungsstueck\/\"]}]},{\"@type\":\"ImageObject\",\"inLanguage\":\"fr-FR\",\"@id\":\"https:\/\/kayak-innovations.com\/product\/natseq-solo-harlekin-aus-2021-austellungsstueck\/#primaryimage\",\"url\":\"https:\/\/kayak-innovations.com\/wp-content\/uploads\/2023\/11\/IMG_0458-scaled.jpeg\",\"contentUrl\":\"https:\/\/kayak-innovations.com\/wp-content\/uploads\/2023\/11\/IMG_0458-scaled.jpeg\",\"width\":1920,\"height\":2560},{\"@type\":\"BreadcrumbList\",\"@id\":\"https:\/\/kayak-innovations.com\/product\/natseq-solo-harlekin-aus-2021-austellungsstueck\/#breadcrumb\",\"itemListElement\":[{\"@type\":\"ListItem\",\"position\":1,\"name\":\"Startseite\",\"item\":\"https:\/\/kayak-innovations.com\/\"},{\"@type\":\"ListItem\",\"position\":2,\"name\":\"Shop\",\"item\":\"https:\/\/kayak-innovations.com\/kayak-innovations-online-shop-fuer-zubehoer-ersatzteile-und-mehr\/\"},{\"@type\":\"ListItem\",\"position\":3,\"name\":\"Kayak Innovations Outlet\",\"item\":\"https:\/\/kayak-innovations.com\/product-category\/product-category-kayak-innovations-outlet\/\"},{\"@type\":\"ListItem\",\"position\":4,\"name\":\"NATSEQ Solo Harlekin aus 2021 &#8211; Austellungsst\u00fcck\"}]},{\"@type\":\"WebSite\",\"@id\":\"https:\/\/kayak-innovations.com\/#website\",\"url\":\"https:\/\/kayak-innovations.com\/\",\"name\":\"KAYAK INNOVATIONS\",\"description\":\"Modulares Kajakdesign\",\"publisher\":{\"@id\":\"https:\/\/kayak-innovations.com\/#organization\"},\"potentialAction\":[{\"@type\":\"SearchAction\",\"target\":{\"@type\":\"EntryPoint\",\"urlTemplate\":\"https:\/\/kayak-innovations.com\/?s={search_term_string}\"},\"query-input\":{\"@type\":\"PropertyValueSpecification\",\"valueRequired\":true,\"valueName\":\"search_term_string\"}}],\"inLanguage\":\"fr-FR\"},{\"@type\":\"Organization\",\"@id\":\"https:\/\/kayak-innovations.com\/#organization\",\"name\":\"KAYAK INNOVATIONS\",\"url\":\"https:\/\/kayak-innovations.com\/\",\"logo\":{\"@type\":\"ImageObject\",\"inLanguage\":\"fr-FR\",\"@id\":\"https:\/\/kayak-innovations.com\/#\/schema\/logo\/image\/\",\"url\":\"https:\/\/kayak-innovations.com\/wp-content\/uploads\/2023\/03\/Logo_Kayak_Innovations.png\",\"contentUrl\":\"https:\/\/kayak-innovations.com\/wp-content\/uploads\/2023\/03\/Logo_Kayak_Innovations.png\",\"width\":640,\"height\":132,\"caption\":\"KAYAK INNOVATIONS\"},\"image\":{\"@id\":\"https:\/\/kayak-innovations.com\/#\/schema\/logo\/image\/\"},\"sameAs\":[\"https:\/\/www.facebook.com\/NATSEQ-108045581073906\",\"https:\/\/www.instagram.com\/kayak.innovations\/\"]}]}<\/script>\n<!-- \/ Yoast SEO plugin. -->","yoast_head_json":{"title":"NATSEQ Solo Harlekin aus 2021 - Austellungsst\u00fcck - KAYAK INNOVATIONS","description":"Outletartikel Ausstellungsst\u00fcck","robots":{"index":"index","follow":"follow","max-snippet":"max-snippet:-1","max-image-preview":"max-image-preview:large","max-video-preview":"max-video-preview:-1"},"canonical":"https:\/\/kayak-innovations.com\/fr\/product\/natseq-solo-harlekin-aus-2021-austellungsstueck\/","og_locale":"fr_FR","og_type":"article","og_title":"NATSEQ Solo Harlekin aus 2021 - Austellungsst\u00fcck - KAYAK INNOVATIONS","og_description":"Outletartikel Ausstellungsst\u00fcck","og_url":"https:\/\/kayak-innovations.com\/fr\/product\/natseq-solo-harlekin-aus-2021-austellungsstueck\/","og_site_name":"KAYAK INNOVATIONS","article_publisher":"https:\/\/www.facebook.com\/NATSEQ-108045581073906","article_modified_time":"2026-02-13T09:54:53+00:00","og_image":[{"width":1920,"height":2560,"url":"https:\/\/kayak-innovations.com\/wp-content\/uploads\/2023\/11\/IMG_0458-scaled.jpeg","type":"image\/jpeg"}],"twitter_card":"summary_large_image","twitter_misc":{"Dur\u00e9e de lecture estim\u00e9e":"2 minutes"},"schema":{"@context":"https:\/\/schema.org","@graph":[{"@type":"WebPage","@id":"https:\/\/kayak-innovations.com\/product\/natseq-solo-harlekin-aus-2021-austellungsstueck\/","url":"https:\/\/kayak-innovations.com\/product\/natseq-solo-harlekin-aus-2021-austellungsstueck\/","name":"NATSEQ Solo Harlekin aus 2021 - Austellungsst\u00fcck - KAYAK INNOVATIONS","isPartOf":{"@id":"https:\/\/kayak-innovations.com\/#website"},"primaryImageOfPage":{"@id":"https:\/\/kayak-innovations.com\/product\/natseq-solo-harlekin-aus-2021-austellungsstueck\/#primaryimage"},"image":{"@id":"https:\/\/kayak-innovations.com\/product\/natseq-solo-harlekin-aus-2021-austellungsstueck\/#primaryimage"},"thumbnailUrl":"https:\/\/kayak-innovations.com\/wp-content\/uploads\/2023\/11\/IMG_0458-scaled.jpeg","datePublished":"2023-11-01T11:08:34+00:00","dateModified":"2026-02-13T09:54:53+00:00","description":"Outletartikel Ausstellungsst\u00fcck","breadcrumb":{"@id":"https:\/\/kayak-innovations.com\/product\/natseq-solo-harlekin-aus-2021-austellungsstueck\/#breadcrumb"},"inLanguage":"fr-FR","potentialAction":[{"@type":"ReadAction","target":["https:\/\/kayak-innovations.com\/product\/natseq-solo-harlekin-aus-2021-austellungsstueck\/"]}]},{"@type":"ImageObject","inLanguage":"fr-FR","@id":"https:\/\/kayak-innovations.com\/product\/natseq-solo-harlekin-aus-2021-austellungsstueck\/#primaryimage","url":"https:\/\/kayak-innovations.com\/wp-content\/uploads\/2023\/11\/IMG_0458-scaled.jpeg","contentUrl":"https:\/\/kayak-innovations.com\/wp-content\/uploads\/2023\/11\/IMG_0458-scaled.jpeg","width":1920,"height":2560},{"@type":"BreadcrumbList","@id":"https:\/\/kayak-innovations.com\/product\/natseq-solo-harlekin-aus-2021-austellungsstueck\/#breadcrumb","itemListElement":[{"@type":"ListItem","position":1,"name":"Startseite","item":"https:\/\/kayak-innovations.com\/"},{"@type":"ListItem","position":2,"name":"Shop","item":"https:\/\/kayak-innovations.com\/kayak-innovations-online-shop-fuer-zubehoer-ersatzteile-und-mehr\/"},{"@type":"ListItem","position":3,"name":"Kayak Innovations Outlet","item":"https:\/\/kayak-innovations.com\/product-category\/product-category-kayak-innovations-outlet\/"},{"@type":"ListItem","position":4,"name":"NATSEQ Solo Harlekin aus 2021 &#8211; Austellungsst\u00fcck"}]},{"@type":"WebSite","@id":"https:\/\/kayak-innovations.com\/#website","url":"https:\/\/kayak-innovations.com\/","name":"KAYAK INNOVATIONS","description":"Conception modulaire du kayak","publisher":{"@id":"https:\/\/kayak-innovations.com\/#organization"},"potentialAction":[{"@type":"SearchAction","target":{"@type":"EntryPoint","urlTemplate":"https:\/\/kayak-innovations.com\/?s={search_term_string}"},"query-input":{"@type":"PropertyValueSpecification","valueRequired":true,"valueName":"search_term_string"}}],"inLanguage":"fr-FR"},{"@type":"Organization","@id":"https:\/\/kayak-innovations.com\/#organization","name":"KAYAK INNOVATIONS","url":"https:\/\/kayak-innovations.com\/","logo":{"@type":"ImageObject","inLanguage":"fr-FR","@id":"https:\/\/kayak-innovations.com\/#\/schema\/logo\/image\/","url":"https:\/\/kayak-innovations.com\/wp-content\/uploads\/2023\/03\/Logo_Kayak_Innovations.png","contentUrl":"https:\/\/kayak-innovations.com\/wp-content\/uploads\/2023\/03\/Logo_Kayak_Innovations.png","width":640,"height":132,"caption":"KAYAK INNOVATIONS"},"image":{"@id":"https:\/\/kayak-innovations.com\/#\/schema\/logo\/image\/"},"sameAs":["https:\/\/www.facebook.com\/NATSEQ-108045581073906","https:\/\/www.instagram.com\/kayak.innovations\/"]}]}},"_links":{"self":[{"href":"https:\/\/kayak-innovations.com\/fr\/wp-json\/wp\/v2\/product\/109992","targetHints":{"allow":["GET"]}}],"collection":[{"href":"https:\/\/kayak-innovations.com\/fr\/wp-json\/wp\/v2\/product"}],"about":[{"href":"https:\/\/kayak-innovations.com\/fr\/wp-json\/wp\/v2\/types\/product"}],"wp:featuredmedia":[{"embeddable":true,"href":"https:\/\/kayak-innovations.com\/fr\/wp-json\/wp\/v2\/media\/109993"}],"wp:attachment":[{"href":"https:\/\/kayak-innovations.com\/fr\/wp-json\/wp\/v2\/media?parent=109992"}],"wp:term":[{"taxonomy":"product_brand","embeddable":true,"href":"https:\/\/kayak-innovations.com\/fr\/wp-json\/wp\/v2\/product_brand?post=109992"},{"taxonomy":"product_cat","embeddable":true,"href":"https:\/\/kayak-innovations.com\/fr\/wp-json\/wp\/v2\/product_cat?post=109992"},{"taxonomy":"product_tag","embeddable":true,"href":"https:\/\/kayak-innovations.com\/fr\/wp-json\/wp\/v2\/product_tag?post=109992"}],"curies":[{"name":"wp","href":"https:\/\/api.w.org\/{rel}","templated":true}]}}