{"id":110503,"date":"2024-06-19T20:29:55","date_gmt":"2024-06-19T19:29:55","guid":{"rendered":"https:\/\/kayak-innovations.com\/?post_type=product&#038;p=110503"},"modified":"2025-09-01T19:40:14","modified_gmt":"2025-09-01T18:40:14","slug":"natseq-starter-set","status":"publish","type":"product","link":"https:\/\/kayak-innovations.com\/fr\/product\/natseq-starter-set\/","title":{"rendered":"Kit de d\u00e9marrage NATSEQ Solo"},"content":{"rendered":"<p>Mit dem <strong>Kit de d\u00e9marrage NATSEQ Solo<\/strong> bist du bestens ausgestattet, um deine ersten Paddelerlebnisse mit unserem modularen Kajak &#8222;NATSEQ&#8220; zu sammeln. Bitte teile uns in den Anmerkungen beim Kauf mit, welche Farbkombi du f\u00fcr dein NATSEQ haben m\u00f6chtest.<\/p>\n<p>Als Solo schafft NATSEQ eine Zuladung von 160kg, als Tandem kommen bis zu 260kg mit an Bord. F\u00fcr noch l\u00e4ngere Touren oder den Hund + Gep\u00e4ck bietet der PACKER weitere 60l an Ladevolumen und tr\u00e4gt nochmal bis zu 50kg.<br \/>\nWir haben ein schnelles, wendiges und leicht zu man\u00f6vrierendes Kajak konstruiert und gebaut, dass den Vergleich mit anderen hochwertigen Kajaks nicht zu scheuen braucht und dir viel Freude und entspannte Stunden auf dem Wasser bereiten wird!<\/p>\n<p>NATSEQ est r\u00e9gional, car 100 % Made in Germany !<\/p>\n<p>Solltest du noch Fragen haben, melde dich gern per Mail an <em>service@kayak-innovations.com<\/em><\/p>\n<p>Weitere NATSEQ Module, Zubeh\u00f6r und Accessoires findest du im Shop Hauptmen\u00fc.<\/p>\n<p>Du \u00fcberlegst noch? Dann schau doch mal nach Erfahrungsberichten im Netz. Einfach &#8222;NATSEQ Kajak&#8220; bei YouTube, facebook oder Instagram eingeben und gespannt sein. \ud83d\ude09<\/p>","protected":false},"excerpt":{"rendered":"<p>Das Starter-Set Solo besteht aus:<br \/>\n1x NATSEQ Solo dans la combinaison de couleurs de ton choix<br \/>\n1x original Kayak Innovations pagaie XLC 215-225cm<br \/>\n1x couverture de protection originale Kayak Innovations<\/p>","protected":false},"featured_media":111351,"template":"","meta":{"_et_pb_use_builder":"","_et_pb_old_content":"","_et_gb_content_width":""},"product_brand":[],"product_cat":[211],"product_tag":[],"class_list":{"0":"post-110503","1":"product","2":"type-product","3":"status-publish","4":"has-post-thumbnail","6":"product_cat-natseq-rundum-sorglos-pakete-2","7":"product_shipping_class-eu-einweg-palette","9":"first","10":"outofstock","11":"taxable","12":"shipping-taxable","13":"purchasable","14":"product-type-simple"},"yoast_head":"<!-- This site is optimized with the Yoast SEO plugin v27.5 - https:\/\/yoast.com\/product\/yoast-seo-wordpress\/ -->\n<title>NATSEQ Starter-Set Solo - KAYAK INNOVATIONS<\/title>\n<meta name=\"robots\" content=\"index, follow, max-snippet:-1, max-image-preview:large, max-video-preview:-1\" \/>\n<link rel=\"canonical\" href=\"https:\/\/kayak-innovations.com\/fr\/product\/natseq-starter-set\/\" \/>\n<meta property=\"og:locale\" content=\"fr_FR\" \/>\n<meta property=\"og:type\" content=\"article\" \/>\n<meta property=\"og:title\" content=\"NATSEQ Starter-Set Solo - KAYAK INNOVATIONS\" \/>\n<meta property=\"og:description\" content=\"Das Starter-Set Solo besteht aus: 1x NATSEQ Solo in der Farbkombination deiner Wahl 1x original Kayak Innovations Paddel XLC 215-225cm 1x original Kayak Innovations Spritzdecke\" \/>\n<meta property=\"og:url\" content=\"https:\/\/kayak-innovations.com\/fr\/product\/natseq-starter-set\/\" \/>\n<meta property=\"og:site_name\" content=\"KAYAK INNOVATIONS\" \/>\n<meta property=\"article:publisher\" content=\"https:\/\/www.facebook.com\/NATSEQ-108045581073906\" \/>\n<meta property=\"article:modified_time\" content=\"2025-09-01T18:40:14+00:00\" \/>\n<meta property=\"og:image\" content=\"https:\/\/kayak-innovations.com\/wp-content\/uploads\/2024\/06\/Set_Einsteiger_Solo_Uebersicht_1600x1600_gruen.jpg\" \/>\n\t<meta property=\"og:image:width\" content=\"1600\" \/>\n\t<meta property=\"og:image:height\" content=\"1600\" \/>\n\t<meta property=\"og:image:type\" content=\"image\/jpeg\" \/>\n<meta name=\"twitter:card\" content=\"summary_large_image\" \/>\n<meta name=\"twitter:label1\" content=\"Dur\u00e9e de lecture estim\u00e9e\" \/>\n\t<meta name=\"twitter:data1\" content=\"2 minutes\" \/>\n<script type=\"application\/ld+json\" class=\"yoast-schema-graph\">{\"@context\":\"https:\\\/\\\/schema.org\",\"@graph\":[{\"@type\":\"WebPage\",\"@id\":\"https:\\\/\\\/kayak-innovations.com\\\/product\\\/natseq-starter-set\\\/\",\"url\":\"https:\\\/\\\/kayak-innovations.com\\\/product\\\/natseq-starter-set\\\/\",\"name\":\"NATSEQ Starter-Set Solo - KAYAK INNOVATIONS\",\"isPartOf\":{\"@id\":\"https:\\\/\\\/kayak-innovations.com\\\/#website\"},\"primaryImageOfPage\":{\"@id\":\"https:\\\/\\\/kayak-innovations.com\\\/product\\\/natseq-starter-set\\\/#primaryimage\"},\"image\":{\"@id\":\"https:\\\/\\\/kayak-innovations.com\\\/product\\\/natseq-starter-set\\\/#primaryimage\"},\"thumbnailUrl\":\"https:\\\/\\\/kayak-innovations.com\\\/wp-content\\\/uploads\\\/2024\\\/06\\\/Set_Einsteiger_Solo_Uebersicht_1600x1600_gruen.jpg\",\"datePublished\":\"2024-06-19T19:29:55+00:00\",\"dateModified\":\"2025-09-01T18:40:14+00:00\",\"breadcrumb\":{\"@id\":\"https:\\\/\\\/kayak-innovations.com\\\/product\\\/natseq-starter-set\\\/#breadcrumb\"},\"inLanguage\":\"fr-FR\",\"potentialAction\":[{\"@type\":\"ReadAction\",\"target\":[\"https:\\\/\\\/kayak-innovations.com\\\/product\\\/natseq-starter-set\\\/\"]}]},{\"@type\":\"ImageObject\",\"inLanguage\":\"fr-FR\",\"@id\":\"https:\\\/\\\/kayak-innovations.com\\\/product\\\/natseq-starter-set\\\/#primaryimage\",\"url\":\"https:\\\/\\\/kayak-innovations.com\\\/wp-content\\\/uploads\\\/2024\\\/06\\\/Set_Einsteiger_Solo_Uebersicht_1600x1600_gruen.jpg\",\"contentUrl\":\"https:\\\/\\\/kayak-innovations.com\\\/wp-content\\\/uploads\\\/2024\\\/06\\\/Set_Einsteiger_Solo_Uebersicht_1600x1600_gruen.jpg\",\"width\":1600,\"height\":1600},{\"@type\":\"BreadcrumbList\",\"@id\":\"https:\\\/\\\/kayak-innovations.com\\\/product\\\/natseq-starter-set\\\/#breadcrumb\",\"itemListElement\":[{\"@type\":\"ListItem\",\"position\":1,\"name\":\"Startseite\",\"item\":\"https:\\\/\\\/kayak-innovations.com\\\/\"},{\"@type\":\"ListItem\",\"position\":2,\"name\":\"Shop\",\"item\":\"https:\\\/\\\/kayak-innovations.com\\\/kayak-innovations-online-shop-fuer-zubehoer-ersatzteile-und-mehr\\\/\"},{\"@type\":\"ListItem\",\"position\":3,\"name\":\"NATSEQ - Sets\",\"item\":\"https:\\\/\\\/kayak-innovations.com\\\/product-category\\\/natseq-rundum-sorglos-pakete-2\\\/\"},{\"@type\":\"ListItem\",\"position\":4,\"name\":\"NATSEQ Starter-Set Solo\"}]},{\"@type\":\"WebSite\",\"@id\":\"https:\\\/\\\/kayak-innovations.com\\\/#website\",\"url\":\"https:\\\/\\\/kayak-innovations.com\\\/\",\"name\":\"KAYAK INNOVATIONS\",\"description\":\"Modulares Kajakdesign\",\"publisher\":{\"@id\":\"https:\\\/\\\/kayak-innovations.com\\\/#organization\"},\"potentialAction\":[{\"@type\":\"SearchAction\",\"target\":{\"@type\":\"EntryPoint\",\"urlTemplate\":\"https:\\\/\\\/kayak-innovations.com\\\/?s={search_term_string}\"},\"query-input\":{\"@type\":\"PropertyValueSpecification\",\"valueRequired\":true,\"valueName\":\"search_term_string\"}}],\"inLanguage\":\"fr-FR\"},{\"@type\":\"Organization\",\"@id\":\"https:\\\/\\\/kayak-innovations.com\\\/#organization\",\"name\":\"KAYAK INNOVATIONS\",\"url\":\"https:\\\/\\\/kayak-innovations.com\\\/\",\"logo\":{\"@type\":\"ImageObject\",\"inLanguage\":\"fr-FR\",\"@id\":\"https:\\\/\\\/kayak-innovations.com\\\/#\\\/schema\\\/logo\\\/image\\\/\",\"url\":\"https:\\\/\\\/kayak-innovations.com\\\/wp-content\\\/uploads\\\/2023\\\/03\\\/Logo_Kayak_Innovations.png\",\"contentUrl\":\"https:\\\/\\\/kayak-innovations.com\\\/wp-content\\\/uploads\\\/2023\\\/03\\\/Logo_Kayak_Innovations.png\",\"width\":640,\"height\":132,\"caption\":\"KAYAK INNOVATIONS\"},\"image\":{\"@id\":\"https:\\\/\\\/kayak-innovations.com\\\/#\\\/schema\\\/logo\\\/image\\\/\"},\"sameAs\":[\"https:\\\/\\\/www.facebook.com\\\/NATSEQ-108045581073906\",\"https:\\\/\\\/www.instagram.com\\\/kayak.innovations\\\/\"]}]}<\/script>\n<!-- \/ Yoast SEO plugin. -->","yoast_head_json":{"title":"NATSEQ Starter-Set Solo - KAYAK INNOVATIONS","robots":{"index":"index","follow":"follow","max-snippet":"max-snippet:-1","max-image-preview":"max-image-preview:large","max-video-preview":"max-video-preview:-1"},"canonical":"https:\/\/kayak-innovations.com\/fr\/product\/natseq-starter-set\/","og_locale":"fr_FR","og_type":"article","og_title":"NATSEQ Starter-Set Solo - KAYAK INNOVATIONS","og_description":"Das Starter-Set Solo besteht aus: 1x NATSEQ Solo in der Farbkombination deiner Wahl 1x original Kayak Innovations Paddel XLC 215-225cm 1x original Kayak Innovations Spritzdecke","og_url":"https:\/\/kayak-innovations.com\/fr\/product\/natseq-starter-set\/","og_site_name":"KAYAK INNOVATIONS","article_publisher":"https:\/\/www.facebook.com\/NATSEQ-108045581073906","article_modified_time":"2025-09-01T18:40:14+00:00","og_image":[{"width":1600,"height":1600,"url":"https:\/\/kayak-innovations.com\/wp-content\/uploads\/2024\/06\/Set_Einsteiger_Solo_Uebersicht_1600x1600_gruen.jpg","type":"image\/jpeg"}],"twitter_card":"summary_large_image","twitter_misc":{"Dur\u00e9e de lecture estim\u00e9e":"2 minutes"},"schema":{"@context":"https:\/\/schema.org","@graph":[{"@type":"WebPage","@id":"https:\/\/kayak-innovations.com\/product\/natseq-starter-set\/","url":"https:\/\/kayak-innovations.com\/product\/natseq-starter-set\/","name":"NATSEQ Starter-Set Solo - KAYAK INNOVATIONS","isPartOf":{"@id":"https:\/\/kayak-innovations.com\/#website"},"primaryImageOfPage":{"@id":"https:\/\/kayak-innovations.com\/product\/natseq-starter-set\/#primaryimage"},"image":{"@id":"https:\/\/kayak-innovations.com\/product\/natseq-starter-set\/#primaryimage"},"thumbnailUrl":"https:\/\/kayak-innovations.com\/wp-content\/uploads\/2024\/06\/Set_Einsteiger_Solo_Uebersicht_1600x1600_gruen.jpg","datePublished":"2024-06-19T19:29:55+00:00","dateModified":"2025-09-01T18:40:14+00:00","breadcrumb":{"@id":"https:\/\/kayak-innovations.com\/product\/natseq-starter-set\/#breadcrumb"},"inLanguage":"fr-FR","potentialAction":[{"@type":"ReadAction","target":["https:\/\/kayak-innovations.com\/product\/natseq-starter-set\/"]}]},{"@type":"ImageObject","inLanguage":"fr-FR","@id":"https:\/\/kayak-innovations.com\/product\/natseq-starter-set\/#primaryimage","url":"https:\/\/kayak-innovations.com\/wp-content\/uploads\/2024\/06\/Set_Einsteiger_Solo_Uebersicht_1600x1600_gruen.jpg","contentUrl":"https:\/\/kayak-innovations.com\/wp-content\/uploads\/2024\/06\/Set_Einsteiger_Solo_Uebersicht_1600x1600_gruen.jpg","width":1600,"height":1600},{"@type":"BreadcrumbList","@id":"https:\/\/kayak-innovations.com\/product\/natseq-starter-set\/#breadcrumb","itemListElement":[{"@type":"ListItem","position":1,"name":"Startseite","item":"https:\/\/kayak-innovations.com\/"},{"@type":"ListItem","position":2,"name":"Shop","item":"https:\/\/kayak-innovations.com\/kayak-innovations-online-shop-fuer-zubehoer-ersatzteile-und-mehr\/"},{"@type":"ListItem","position":3,"name":"NATSEQ - Sets","item":"https:\/\/kayak-innovations.com\/product-category\/natseq-rundum-sorglos-pakete-2\/"},{"@type":"ListItem","position":4,"name":"NATSEQ Starter-Set Solo"}]},{"@type":"WebSite","@id":"https:\/\/kayak-innovations.com\/#website","url":"https:\/\/kayak-innovations.com\/","name":"KAYAK INNOVATIONS","description":"Conception modulaire du kayak","publisher":{"@id":"https:\/\/kayak-innovations.com\/#organization"},"potentialAction":[{"@type":"SearchAction","target":{"@type":"EntryPoint","urlTemplate":"https:\/\/kayak-innovations.com\/?s={search_term_string}"},"query-input":{"@type":"PropertyValueSpecification","valueRequired":true,"valueName":"search_term_string"}}],"inLanguage":"fr-FR"},{"@type":"Organization","@id":"https:\/\/kayak-innovations.com\/#organization","name":"KAYAK INNOVATIONS","url":"https:\/\/kayak-innovations.com\/","logo":{"@type":"ImageObject","inLanguage":"fr-FR","@id":"https:\/\/kayak-innovations.com\/#\/schema\/logo\/image\/","url":"https:\/\/kayak-innovations.com\/wp-content\/uploads\/2023\/03\/Logo_Kayak_Innovations.png","contentUrl":"https:\/\/kayak-innovations.com\/wp-content\/uploads\/2023\/03\/Logo_Kayak_Innovations.png","width":640,"height":132,"caption":"KAYAK INNOVATIONS"},"image":{"@id":"https:\/\/kayak-innovations.com\/#\/schema\/logo\/image\/"},"sameAs":["https:\/\/www.facebook.com\/NATSEQ-108045581073906","https:\/\/www.instagram.com\/kayak.innovations\/"]}]}},"_links":{"self":[{"href":"https:\/\/kayak-innovations.com\/fr\/wp-json\/wp\/v2\/product\/110503","targetHints":{"allow":["GET"]}}],"collection":[{"href":"https:\/\/kayak-innovations.com\/fr\/wp-json\/wp\/v2\/product"}],"about":[{"href":"https:\/\/kayak-innovations.com\/fr\/wp-json\/wp\/v2\/types\/product"}],"wp:featuredmedia":[{"embeddable":true,"href":"https:\/\/kayak-innovations.com\/fr\/wp-json\/wp\/v2\/media\/111351"}],"wp:attachment":[{"href":"https:\/\/kayak-innovations.com\/fr\/wp-json\/wp\/v2\/media?parent=110503"}],"wp:term":[{"taxonomy":"product_brand","embeddable":true,"href":"https:\/\/kayak-innovations.com\/fr\/wp-json\/wp\/v2\/product_brand?post=110503"},{"taxonomy":"product_cat","embeddable":true,"href":"https:\/\/kayak-innovations.com\/fr\/wp-json\/wp\/v2\/product_cat?post=110503"},{"taxonomy":"product_tag","embeddable":true,"href":"https:\/\/kayak-innovations.com\/fr\/wp-json\/wp\/v2\/product_tag?post=110503"}],"curies":[{"name":"wp","href":"https:\/\/api.w.org\/{rel}","templated":true}]}}