{"id":111238,"date":"2024-08-08T12:50:29","date_gmt":"2024-08-08T11:50:29","guid":{"rendered":"https:\/\/kayak-innovations.com\/?post_type=product&#038;p=111238"},"modified":"2026-02-16T15:39:11","modified_gmt":"2026-02-16T14:39:11","slug":"natseq-tragehilfe","status":"publish","type":"product","link":"https:\/\/kayak-innovations.com\/fr\/product\/natseq-tragehilfe\/","title":{"rendered":"Aide au portage NATSEQ"},"content":{"rendered":"<p>Befestigt wird die Hilfe am Haken der Modulverriegelung. Handgefertigt f\u00fcr euch von uns.<br \/>\nLa poign\u00e9e est en plastique l\u00e9ger et robuste, sur laquelle est fix\u00e9 un mousqueton de s\u00e9curit\u00e9 en acier inoxydable.<\/p>\n<p>Si vous avez des questions, n'h\u00e9sitez pas \u00e0 nous contacter par e-mail \u00e0 l'adresse suivante <em><span id=\"eeb-155689-965993\"><span id=\"eeb-90164-743965\"><span id=\"eeb-849918-117772\">service@kayak-innovations.com<\/span><\/span><\/span><\/em> \ud83d\ude42<\/p>","protected":false},"excerpt":{"rendered":"<p>Mit unserer Tragehilfe k\u00f6nnt ihr die NATSEQ Module jetzt noch leichter transportieren.<\/p>","protected":false},"featured_media":111338,"template":"","meta":{"_et_pb_use_builder":"","_et_pb_old_content":"","_et_gb_content_width":""},"product_brand":[],"product_cat":[189],"product_tag":[],"class_list":{"0":"post-111238","1":"product","2":"type-product","3":"status-publish","4":"has-post-thumbnail","6":"product_cat-kayak-innovations-original-zubehoer","7":"product_shipping_class-warenpost","9":"first","10":"instock","11":"taxable","12":"shipping-taxable","13":"purchasable","14":"product-type-simple"},"yoast_head":"<!-- This site is optimized with the Yoast SEO plugin v27.1.1 - https:\/\/yoast.com\/product\/yoast-seo-wordpress\/ -->\n<title>NATSEQ Tragehilfe - KAYAK INNOVATIONS<\/title>\n<meta name=\"description\" content=\"Mit unserer Tragehilfe k\u00f6nnt ihr die NATSEQ Module jetzt noch leichter transportieren. Befestigt wird die Hilfe am Haken der Modulverriegelung. Handgefertigt f\u00fcr euch von uns.Der Griff besteht aus leichtem und robustem Kunststoff, an dem ein Sicherheitskarabiner aus rostfreiem Edelstahl befestigt ist.\" \/>\n<meta name=\"robots\" content=\"index, follow, max-snippet:-1, max-image-preview:large, max-video-preview:-1\" \/>\n<link rel=\"canonical\" href=\"https:\/\/kayak-innovations.com\/fr\/product\/natseq-tragehilfe\/\" \/>\n<meta property=\"og:locale\" content=\"fr_FR\" \/>\n<meta property=\"og:type\" content=\"article\" \/>\n<meta property=\"og:title\" content=\"NATSEQ Tragehilfe - KAYAK INNOVATIONS\" \/>\n<meta property=\"og:description\" content=\"Mit unserer Tragehilfe k\u00f6nnt ihr die NATSEQ Module jetzt noch leichter transportieren. Befestigt wird die Hilfe am Haken der Modulverriegelung. Handgefertigt f\u00fcr euch von uns.Der Griff besteht aus leichtem und robustem Kunststoff, an dem ein Sicherheitskarabiner aus rostfreiem Edelstahl befestigt ist.\" \/>\n<meta property=\"og:url\" content=\"https:\/\/kayak-innovations.com\/fr\/product\/natseq-tragehilfe\/\" \/>\n<meta property=\"og:site_name\" content=\"KAYAK INNOVATIONS\" \/>\n<meta property=\"article:publisher\" content=\"https:\/\/www.facebook.com\/NATSEQ-108045581073906\" \/>\n<meta property=\"article:modified_time\" content=\"2026-02-16T14:39:11+00:00\" \/>\n<meta property=\"og:image\" content=\"https:\/\/kayak-innovations.com\/wp-content\/uploads\/2024\/08\/Tragehilfe_1000x1000_1.jpg\" \/>\n\t<meta property=\"og:image:width\" content=\"1000\" \/>\n\t<meta property=\"og:image:height\" content=\"1000\" \/>\n\t<meta property=\"og:image:type\" content=\"image\/jpeg\" \/>\n<meta name=\"twitter:card\" content=\"summary_large_image\" \/>\n<meta name=\"twitter:label1\" content=\"Dur\u00e9e de lecture estim\u00e9e\" \/>\n\t<meta name=\"twitter:data1\" content=\"1 minute\" \/>\n<script type=\"application\/ld+json\" class=\"yoast-schema-graph\">{\"@context\":\"https:\/\/schema.org\",\"@graph\":[{\"@type\":\"WebPage\",\"@id\":\"https:\/\/kayak-innovations.com\/product\/natseq-tragehilfe\/\",\"url\":\"https:\/\/kayak-innovations.com\/product\/natseq-tragehilfe\/\",\"name\":\"NATSEQ Tragehilfe - KAYAK INNOVATIONS\",\"isPartOf\":{\"@id\":\"https:\/\/kayak-innovations.com\/#website\"},\"primaryImageOfPage\":{\"@id\":\"https:\/\/kayak-innovations.com\/product\/natseq-tragehilfe\/#primaryimage\"},\"image\":{\"@id\":\"https:\/\/kayak-innovations.com\/product\/natseq-tragehilfe\/#primaryimage\"},\"thumbnailUrl\":\"https:\/\/kayak-innovations.com\/wp-content\/uploads\/2024\/08\/Tragehilfe_1000x1000_1.jpg\",\"datePublished\":\"2024-08-08T11:50:29+00:00\",\"dateModified\":\"2026-02-16T14:39:11+00:00\",\"description\":\"Mit unserer Tragehilfe k\u00f6nnt ihr die NATSEQ Module jetzt noch leichter transportieren. Befestigt wird die Hilfe am Haken der Modulverriegelung. Handgefertigt f\u00fcr euch von uns.Der Griff besteht aus leichtem und robustem Kunststoff, an dem ein Sicherheitskarabiner aus rostfreiem Edelstahl befestigt ist.\",\"breadcrumb\":{\"@id\":\"https:\/\/kayak-innovations.com\/product\/natseq-tragehilfe\/#breadcrumb\"},\"inLanguage\":\"fr-FR\",\"potentialAction\":[{\"@type\":\"ReadAction\",\"target\":[\"https:\/\/kayak-innovations.com\/product\/natseq-tragehilfe\/\"]}]},{\"@type\":\"ImageObject\",\"inLanguage\":\"fr-FR\",\"@id\":\"https:\/\/kayak-innovations.com\/product\/natseq-tragehilfe\/#primaryimage\",\"url\":\"https:\/\/kayak-innovations.com\/wp-content\/uploads\/2024\/08\/Tragehilfe_1000x1000_1.jpg\",\"contentUrl\":\"https:\/\/kayak-innovations.com\/wp-content\/uploads\/2024\/08\/Tragehilfe_1000x1000_1.jpg\",\"width\":1000,\"height\":1000},{\"@type\":\"BreadcrumbList\",\"@id\":\"https:\/\/kayak-innovations.com\/product\/natseq-tragehilfe\/#breadcrumb\",\"itemListElement\":[{\"@type\":\"ListItem\",\"position\":1,\"name\":\"Startseite\",\"item\":\"https:\/\/kayak-innovations.com\/\"},{\"@type\":\"ListItem\",\"position\":2,\"name\":\"Shop\",\"item\":\"https:\/\/kayak-innovations.com\/kayak-innovations-online-shop-fuer-zubehoer-ersatzteile-und-mehr\/\"},{\"@type\":\"ListItem\",\"position\":3,\"name\":\"Kayak Innovations original Zubeh\u00f6r\",\"item\":\"https:\/\/kayak-innovations.com\/product-category\/kayak-innovations-original-zubehoer\/\"},{\"@type\":\"ListItem\",\"position\":4,\"name\":\"NATSEQ Tragehilfe\"}]},{\"@type\":\"WebSite\",\"@id\":\"https:\/\/kayak-innovations.com\/#website\",\"url\":\"https:\/\/kayak-innovations.com\/\",\"name\":\"KAYAK INNOVATIONS\",\"description\":\"Modulares Kajakdesign\",\"publisher\":{\"@id\":\"https:\/\/kayak-innovations.com\/#organization\"},\"potentialAction\":[{\"@type\":\"SearchAction\",\"target\":{\"@type\":\"EntryPoint\",\"urlTemplate\":\"https:\/\/kayak-innovations.com\/?s={search_term_string}\"},\"query-input\":{\"@type\":\"PropertyValueSpecification\",\"valueRequired\":true,\"valueName\":\"search_term_string\"}}],\"inLanguage\":\"fr-FR\"},{\"@type\":\"Organization\",\"@id\":\"https:\/\/kayak-innovations.com\/#organization\",\"name\":\"KAYAK INNOVATIONS\",\"url\":\"https:\/\/kayak-innovations.com\/\",\"logo\":{\"@type\":\"ImageObject\",\"inLanguage\":\"fr-FR\",\"@id\":\"https:\/\/kayak-innovations.com\/#\/schema\/logo\/image\/\",\"url\":\"https:\/\/kayak-innovations.com\/wp-content\/uploads\/2023\/03\/Logo_Kayak_Innovations.png\",\"contentUrl\":\"https:\/\/kayak-innovations.com\/wp-content\/uploads\/2023\/03\/Logo_Kayak_Innovations.png\",\"width\":640,\"height\":132,\"caption\":\"KAYAK INNOVATIONS\"},\"image\":{\"@id\":\"https:\/\/kayak-innovations.com\/#\/schema\/logo\/image\/\"},\"sameAs\":[\"https:\/\/www.facebook.com\/NATSEQ-108045581073906\",\"https:\/\/www.instagram.com\/kayak.innovations\/\"]}]}<\/script>\n<!-- \/ Yoast SEO plugin. -->","yoast_head_json":{"title":"NATSEQ Tragehilfe - KAYAK INNOVATIONS","description":"Mit unserer Tragehilfe k\u00f6nnt ihr die NATSEQ Module jetzt noch leichter transportieren. Befestigt wird die Hilfe am Haken der Modulverriegelung. Handgefertigt f\u00fcr euch von uns.Der Griff besteht aus leichtem und robustem Kunststoff, an dem ein Sicherheitskarabiner aus rostfreiem Edelstahl befestigt ist.","robots":{"index":"index","follow":"follow","max-snippet":"max-snippet:-1","max-image-preview":"max-image-preview:large","max-video-preview":"max-video-preview:-1"},"canonical":"https:\/\/kayak-innovations.com\/fr\/product\/natseq-tragehilfe\/","og_locale":"fr_FR","og_type":"article","og_title":"NATSEQ Tragehilfe - KAYAK INNOVATIONS","og_description":"Mit unserer Tragehilfe k\u00f6nnt ihr die NATSEQ Module jetzt noch leichter transportieren. Befestigt wird die Hilfe am Haken der Modulverriegelung. Handgefertigt f\u00fcr euch von uns.Der Griff besteht aus leichtem und robustem Kunststoff, an dem ein Sicherheitskarabiner aus rostfreiem Edelstahl befestigt ist.","og_url":"https:\/\/kayak-innovations.com\/fr\/product\/natseq-tragehilfe\/","og_site_name":"KAYAK INNOVATIONS","article_publisher":"https:\/\/www.facebook.com\/NATSEQ-108045581073906","article_modified_time":"2026-02-16T14:39:11+00:00","og_image":[{"width":1000,"height":1000,"url":"https:\/\/kayak-innovations.com\/wp-content\/uploads\/2024\/08\/Tragehilfe_1000x1000_1.jpg","type":"image\/jpeg"}],"twitter_card":"summary_large_image","twitter_misc":{"Dur\u00e9e de lecture estim\u00e9e":"1 minute"},"schema":{"@context":"https:\/\/schema.org","@graph":[{"@type":"WebPage","@id":"https:\/\/kayak-innovations.com\/product\/natseq-tragehilfe\/","url":"https:\/\/kayak-innovations.com\/product\/natseq-tragehilfe\/","name":"NATSEQ Tragehilfe - KAYAK INNOVATIONS","isPartOf":{"@id":"https:\/\/kayak-innovations.com\/#website"},"primaryImageOfPage":{"@id":"https:\/\/kayak-innovations.com\/product\/natseq-tragehilfe\/#primaryimage"},"image":{"@id":"https:\/\/kayak-innovations.com\/product\/natseq-tragehilfe\/#primaryimage"},"thumbnailUrl":"https:\/\/kayak-innovations.com\/wp-content\/uploads\/2024\/08\/Tragehilfe_1000x1000_1.jpg","datePublished":"2024-08-08T11:50:29+00:00","dateModified":"2026-02-16T14:39:11+00:00","description":"Mit unserer Tragehilfe k\u00f6nnt ihr die NATSEQ Module jetzt noch leichter transportieren. Befestigt wird die Hilfe am Haken der Modulverriegelung. Handgefertigt f\u00fcr euch von uns.Der Griff besteht aus leichtem und robustem Kunststoff, an dem ein Sicherheitskarabiner aus rostfreiem Edelstahl befestigt ist.","breadcrumb":{"@id":"https:\/\/kayak-innovations.com\/product\/natseq-tragehilfe\/#breadcrumb"},"inLanguage":"fr-FR","potentialAction":[{"@type":"ReadAction","target":["https:\/\/kayak-innovations.com\/product\/natseq-tragehilfe\/"]}]},{"@type":"ImageObject","inLanguage":"fr-FR","@id":"https:\/\/kayak-innovations.com\/product\/natseq-tragehilfe\/#primaryimage","url":"https:\/\/kayak-innovations.com\/wp-content\/uploads\/2024\/08\/Tragehilfe_1000x1000_1.jpg","contentUrl":"https:\/\/kayak-innovations.com\/wp-content\/uploads\/2024\/08\/Tragehilfe_1000x1000_1.jpg","width":1000,"height":1000},{"@type":"BreadcrumbList","@id":"https:\/\/kayak-innovations.com\/product\/natseq-tragehilfe\/#breadcrumb","itemListElement":[{"@type":"ListItem","position":1,"name":"Startseite","item":"https:\/\/kayak-innovations.com\/"},{"@type":"ListItem","position":2,"name":"Shop","item":"https:\/\/kayak-innovations.com\/kayak-innovations-online-shop-fuer-zubehoer-ersatzteile-und-mehr\/"},{"@type":"ListItem","position":3,"name":"Kayak Innovations original Zubeh\u00f6r","item":"https:\/\/kayak-innovations.com\/product-category\/kayak-innovations-original-zubehoer\/"},{"@type":"ListItem","position":4,"name":"NATSEQ Tragehilfe"}]},{"@type":"WebSite","@id":"https:\/\/kayak-innovations.com\/#website","url":"https:\/\/kayak-innovations.com\/","name":"KAYAK INNOVATIONS","description":"Conception modulaire du kayak","publisher":{"@id":"https:\/\/kayak-innovations.com\/#organization"},"potentialAction":[{"@type":"SearchAction","target":{"@type":"EntryPoint","urlTemplate":"https:\/\/kayak-innovations.com\/?s={search_term_string}"},"query-input":{"@type":"PropertyValueSpecification","valueRequired":true,"valueName":"search_term_string"}}],"inLanguage":"fr-FR"},{"@type":"Organization","@id":"https:\/\/kayak-innovations.com\/#organization","name":"KAYAK INNOVATIONS","url":"https:\/\/kayak-innovations.com\/","logo":{"@type":"ImageObject","inLanguage":"fr-FR","@id":"https:\/\/kayak-innovations.com\/#\/schema\/logo\/image\/","url":"https:\/\/kayak-innovations.com\/wp-content\/uploads\/2023\/03\/Logo_Kayak_Innovations.png","contentUrl":"https:\/\/kayak-innovations.com\/wp-content\/uploads\/2023\/03\/Logo_Kayak_Innovations.png","width":640,"height":132,"caption":"KAYAK INNOVATIONS"},"image":{"@id":"https:\/\/kayak-innovations.com\/#\/schema\/logo\/image\/"},"sameAs":["https:\/\/www.facebook.com\/NATSEQ-108045581073906","https:\/\/www.instagram.com\/kayak.innovations\/"]}]}},"_links":{"self":[{"href":"https:\/\/kayak-innovations.com\/fr\/wp-json\/wp\/v2\/product\/111238","targetHints":{"allow":["GET"]}}],"collection":[{"href":"https:\/\/kayak-innovations.com\/fr\/wp-json\/wp\/v2\/product"}],"about":[{"href":"https:\/\/kayak-innovations.com\/fr\/wp-json\/wp\/v2\/types\/product"}],"wp:featuredmedia":[{"embeddable":true,"href":"https:\/\/kayak-innovations.com\/fr\/wp-json\/wp\/v2\/media\/111338"}],"wp:attachment":[{"href":"https:\/\/kayak-innovations.com\/fr\/wp-json\/wp\/v2\/media?parent=111238"}],"wp:term":[{"taxonomy":"product_brand","embeddable":true,"href":"https:\/\/kayak-innovations.com\/fr\/wp-json\/wp\/v2\/product_brand?post=111238"},{"taxonomy":"product_cat","embeddable":true,"href":"https:\/\/kayak-innovations.com\/fr\/wp-json\/wp\/v2\/product_cat?post=111238"},{"taxonomy":"product_tag","embeddable":true,"href":"https:\/\/kayak-innovations.com\/fr\/wp-json\/wp\/v2\/product_tag?post=111238"}],"curies":[{"name":"wp","href":"https:\/\/api.w.org\/{rel}","templated":true}]}}