{"id":113657,"date":"2025-08-19T13:00:23","date_gmt":"2025-08-19T12:00:23","guid":{"rendered":"https:\/\/kayak-innovations.com\/?post_type=product&#038;p=113657"},"modified":"2026-04-14T08:57:47","modified_gmt":"2026-04-14T07:57:47","slug":"natseq-solo-dark-forest-special-edition","status":"publish","type":"product","link":"https:\/\/kayak-innovations.com\/fr\/product\/natseq-solo-dark-forest-special-edition\/","title":{"rendered":"NATSEQ Solo &#8211; Blackforest Green"},"content":{"rendered":"<p><strong>NATSEQ - Un kayak divisible unique en son genre :<\/strong><\/p>\n<ul>\n<li>l\u00e4sst sich in Sekunden vom Einer in einen Zweier verwandeln<\/li>\n<li>rapide, maniable et facile \u00e0 man\u0153uvrer<\/li>\n<li>avec un syst\u00e8me de fermeture brevet\u00e9 pour un montage et un d\u00e9montage rapides ainsi qu'un transport et un stockage peu encombrants<\/li>\n<li>pour les d\u00e9butants et les pagayeurs confirm\u00e9s<\/li>\n<li>100% Fabriqu\u00e9 en Allemagne.<\/li>\n<\/ul>\n<p>La repr\u00e9sentation de la couleur peut pr\u00e9senter de l\u00e9g\u00e8res diff\u00e9rences avec le produit r\u00e9el.<\/p>\n<p>Sportliche Linienf\u00fchrung gepaart mit viel Platz in Bug und Heck als komplett nutzbarem Stauraum \u2013 bis zu 160kg kommen beim Solo mit an Bord \u2013 sowie ein riesiges Cockpit, in dem selbst \u00fcber 2 Meter gro\u00dfe Paddler:innen komfortabel Platz nehmen k\u00f6nnen. Die verstellbare R\u00fcckenlehne sowie Fu\u00dfrasten erm\u00f6glichen euch die perfekte bequeme Sitzposition.<\/p>\n<p>NATSEQ est id\u00e9al pour les rivi\u00e8res, les lacs et les eaux c\u00f4ti\u00e8res - pour quelques heures ou quelques jours, seul ou \u00e0 deux en tandem, ... avec des bagages ou un chien, le PACKER offre un volume de chargement suppl\u00e9mentaire de 60l et supporte encore jusqu'\u00e0 50kg.<\/p>\n<p>Si vous avez des questions, n'h\u00e9sitez pas \u00e0 nous contacter par e-mail \u00e0 l'adresse suivante <em><span id=\"eeb-155689-965993\">service@kayak-innovations.com<\/span><\/em><\/p>\n<p>Tu trouveras d'autres modules NATSEQ, des accessoires dans le menu principal de la boutique.<\/p>\n<p>Ihr \u00fcberlegt noch? Dann schaut doch mal nach Erfahrungsberichten im Netz. Einfach \u201cNATSEQ Kajak\u201d bei YouTube, facebook oder Instagram eingeben und gespannt sein. \ud83d\ude09<\/p>","protected":false},"excerpt":{"rendered":"<p><strong>NATSEQ Solo special edition dark forest<\/strong><\/p>\n<p>Die Farbgebung erh\u00e4lt diese Natseq Edition durch die Mischung aus gr\u00fcnem und schwarzem PE-Material. Das tats\u00e4chliche Farbbild ist bei jedem Natseq dieser Serie individuell.<\/p>\n<p>1x Heck mit Lukendeckel<br \/>\n1x Cockpit Solo mit Lukendeckel<br \/>\n1x Bug mit Lukendeckel<\/p>","protected":false},"featured_media":113676,"template":"","meta":{"_et_pb_use_builder":"","_et_pb_old_content":"","_et_gb_content_width":""},"product_brand":[],"product_cat":[153],"product_tag":[],"class_list":{"0":"post-113657","1":"product","2":"type-product","3":"status-publish","4":"has-post-thumbnail","6":"product_cat-natseq-als-solo","7":"product_shipping_class-eu-einweg-palette","9":"first","10":"outofstock","11":"taxable","12":"shipping-taxable","13":"purchasable","14":"product-type-simple"},"yoast_head":"<!-- This site is optimized with the Yoast SEO plugin v27.1.1 - https:\/\/yoast.com\/product\/yoast-seo-wordpress\/ -->\n<title>NATSEQ Solo - Blackforest Green - KAYAK INNOVATIONS<\/title>\n<meta name=\"robots\" content=\"index, follow, max-snippet:-1, max-image-preview:large, max-video-preview:-1\" \/>\n<link rel=\"canonical\" href=\"https:\/\/kayak-innovations.com\/fr\/product\/natseq-solo-dark-forest-special-edition\/\" \/>\n<meta property=\"og:locale\" content=\"fr_FR\" \/>\n<meta property=\"og:type\" content=\"article\" \/>\n<meta property=\"og:title\" content=\"NATSEQ Solo - Blackforest Green - KAYAK INNOVATIONS\" \/>\n<meta property=\"og:description\" content=\"NATSEQ Solo special edition dark forest  Die Farbgebung erh\u00e4lt diese Natseq Edition durch die Mischung aus gr\u00fcnem und schwarzem PE-Material. Das tats\u00e4chliche Farbbild ist bei jedem Natseq dieser Serie individuell.  1x Heck mit Lukendeckel 1x Cockpit Solo mit Lukendeckel 1x Bug mit Lukendeckel\" \/>\n<meta property=\"og:url\" content=\"https:\/\/kayak-innovations.com\/fr\/product\/natseq-solo-dark-forest-special-edition\/\" \/>\n<meta property=\"og:site_name\" content=\"KAYAK INNOVATIONS\" \/>\n<meta property=\"article:publisher\" content=\"https:\/\/www.facebook.com\/NATSEQ-108045581073906\" \/>\n<meta property=\"article:modified_time\" content=\"2026-04-14T07:57:47+00:00\" \/>\n<meta property=\"og:image\" content=\"https:\/\/kayak-innovations.com\/wp-content\/uploads\/2025\/08\/Solo_Forestgreen_modular-1.jpg\" \/>\n\t<meta property=\"og:image:width\" content=\"2000\" \/>\n\t<meta property=\"og:image:height\" content=\"2000\" \/>\n\t<meta property=\"og:image:type\" content=\"image\/jpeg\" \/>\n<meta name=\"twitter:card\" content=\"summary_large_image\" \/>\n<meta name=\"twitter:label1\" content=\"Dur\u00e9e de lecture estim\u00e9e\" \/>\n\t<meta name=\"twitter:data1\" content=\"2 minutes\" \/>\n<script type=\"application\/ld+json\" class=\"yoast-schema-graph\">{\"@context\":\"https:\/\/schema.org\",\"@graph\":[{\"@type\":\"WebPage\",\"@id\":\"https:\/\/kayak-innovations.com\/product\/natseq-solo-dark-forest-special-edition\/\",\"url\":\"https:\/\/kayak-innovations.com\/product\/natseq-solo-dark-forest-special-edition\/\",\"name\":\"NATSEQ Solo - Blackforest Green - KAYAK INNOVATIONS\",\"isPartOf\":{\"@id\":\"https:\/\/kayak-innovations.com\/#website\"},\"primaryImageOfPage\":{\"@id\":\"https:\/\/kayak-innovations.com\/product\/natseq-solo-dark-forest-special-edition\/#primaryimage\"},\"image\":{\"@id\":\"https:\/\/kayak-innovations.com\/product\/natseq-solo-dark-forest-special-edition\/#primaryimage\"},\"thumbnailUrl\":\"https:\/\/kayak-innovations.com\/wp-content\/uploads\/2025\/08\/Solo_Forestgreen_modular-1.jpg\",\"datePublished\":\"2025-08-19T12:00:23+00:00\",\"dateModified\":\"2026-04-14T07:57:47+00:00\",\"breadcrumb\":{\"@id\":\"https:\/\/kayak-innovations.com\/product\/natseq-solo-dark-forest-special-edition\/#breadcrumb\"},\"inLanguage\":\"fr-FR\",\"potentialAction\":[{\"@type\":\"ReadAction\",\"target\":[\"https:\/\/kayak-innovations.com\/product\/natseq-solo-dark-forest-special-edition\/\"]}]},{\"@type\":\"ImageObject\",\"inLanguage\":\"fr-FR\",\"@id\":\"https:\/\/kayak-innovations.com\/product\/natseq-solo-dark-forest-special-edition\/#primaryimage\",\"url\":\"https:\/\/kayak-innovations.com\/wp-content\/uploads\/2025\/08\/Solo_Forestgreen_modular-1.jpg\",\"contentUrl\":\"https:\/\/kayak-innovations.com\/wp-content\/uploads\/2025\/08\/Solo_Forestgreen_modular-1.jpg\",\"width\":2000,\"height\":2000},{\"@type\":\"BreadcrumbList\",\"@id\":\"https:\/\/kayak-innovations.com\/product\/natseq-solo-dark-forest-special-edition\/#breadcrumb\",\"itemListElement\":[{\"@type\":\"ListItem\",\"position\":1,\"name\":\"Startseite\",\"item\":\"https:\/\/kayak-innovations.com\/\"},{\"@type\":\"ListItem\",\"position\":2,\"name\":\"Shop\",\"item\":\"https:\/\/kayak-innovations.com\/kayak-innovations-online-shop-fuer-zubehoer-ersatzteile-und-mehr\/\"},{\"@type\":\"ListItem\",\"position\":3,\"name\":\"NATSEQ modulares Kayak\",\"item\":\"https:\/\/kayak-innovations.com\/product-category\/natseq-modulares-kayak\/\"},{\"@type\":\"ListItem\",\"position\":4,\"name\":\"NATSEQ als Solo\",\"item\":\"https:\/\/kayak-innovations.com\/product-category\/natseq-modulares-kayak\/natseq-als-solo\/\"},{\"@type\":\"ListItem\",\"position\":5,\"name\":\"NATSEQ Solo &#8211; Blackforest Green\"}]},{\"@type\":\"WebSite\",\"@id\":\"https:\/\/kayak-innovations.com\/#website\",\"url\":\"https:\/\/kayak-innovations.com\/\",\"name\":\"KAYAK INNOVATIONS\",\"description\":\"Modulares Kajakdesign\",\"publisher\":{\"@id\":\"https:\/\/kayak-innovations.com\/#organization\"},\"potentialAction\":[{\"@type\":\"SearchAction\",\"target\":{\"@type\":\"EntryPoint\",\"urlTemplate\":\"https:\/\/kayak-innovations.com\/?s={search_term_string}\"},\"query-input\":{\"@type\":\"PropertyValueSpecification\",\"valueRequired\":true,\"valueName\":\"search_term_string\"}}],\"inLanguage\":\"fr-FR\"},{\"@type\":\"Organization\",\"@id\":\"https:\/\/kayak-innovations.com\/#organization\",\"name\":\"KAYAK INNOVATIONS\",\"url\":\"https:\/\/kayak-innovations.com\/\",\"logo\":{\"@type\":\"ImageObject\",\"inLanguage\":\"fr-FR\",\"@id\":\"https:\/\/kayak-innovations.com\/#\/schema\/logo\/image\/\",\"url\":\"https:\/\/kayak-innovations.com\/wp-content\/uploads\/2023\/03\/Logo_Kayak_Innovations.png\",\"contentUrl\":\"https:\/\/kayak-innovations.com\/wp-content\/uploads\/2023\/03\/Logo_Kayak_Innovations.png\",\"width\":640,\"height\":132,\"caption\":\"KAYAK INNOVATIONS\"},\"image\":{\"@id\":\"https:\/\/kayak-innovations.com\/#\/schema\/logo\/image\/\"},\"sameAs\":[\"https:\/\/www.facebook.com\/NATSEQ-108045581073906\",\"https:\/\/www.instagram.com\/kayak.innovations\/\"]}]}<\/script>\n<!-- \/ Yoast SEO plugin. -->","yoast_head_json":{"title":"NATSEQ Solo - Blackforest Green - KAYAK INNOVATIONS","robots":{"index":"index","follow":"follow","max-snippet":"max-snippet:-1","max-image-preview":"max-image-preview:large","max-video-preview":"max-video-preview:-1"},"canonical":"https:\/\/kayak-innovations.com\/fr\/product\/natseq-solo-dark-forest-special-edition\/","og_locale":"fr_FR","og_type":"article","og_title":"NATSEQ Solo - Blackforest Green - KAYAK INNOVATIONS","og_description":"NATSEQ Solo special edition dark forest  Die Farbgebung erh\u00e4lt diese Natseq Edition durch die Mischung aus gr\u00fcnem und schwarzem PE-Material. Das tats\u00e4chliche Farbbild ist bei jedem Natseq dieser Serie individuell.  1x Heck mit Lukendeckel 1x Cockpit Solo mit Lukendeckel 1x Bug mit Lukendeckel","og_url":"https:\/\/kayak-innovations.com\/fr\/product\/natseq-solo-dark-forest-special-edition\/","og_site_name":"KAYAK INNOVATIONS","article_publisher":"https:\/\/www.facebook.com\/NATSEQ-108045581073906","article_modified_time":"2026-04-14T07:57:47+00:00","og_image":[{"width":2000,"height":2000,"url":"https:\/\/kayak-innovations.com\/wp-content\/uploads\/2025\/08\/Solo_Forestgreen_modular-1.jpg","type":"image\/jpeg"}],"twitter_card":"summary_large_image","twitter_misc":{"Dur\u00e9e de lecture estim\u00e9e":"2 minutes"},"schema":{"@context":"https:\/\/schema.org","@graph":[{"@type":"WebPage","@id":"https:\/\/kayak-innovations.com\/product\/natseq-solo-dark-forest-special-edition\/","url":"https:\/\/kayak-innovations.com\/product\/natseq-solo-dark-forest-special-edition\/","name":"NATSEQ Solo - Blackforest Green - KAYAK INNOVATIONS","isPartOf":{"@id":"https:\/\/kayak-innovations.com\/#website"},"primaryImageOfPage":{"@id":"https:\/\/kayak-innovations.com\/product\/natseq-solo-dark-forest-special-edition\/#primaryimage"},"image":{"@id":"https:\/\/kayak-innovations.com\/product\/natseq-solo-dark-forest-special-edition\/#primaryimage"},"thumbnailUrl":"https:\/\/kayak-innovations.com\/wp-content\/uploads\/2025\/08\/Solo_Forestgreen_modular-1.jpg","datePublished":"2025-08-19T12:00:23+00:00","dateModified":"2026-04-14T07:57:47+00:00","breadcrumb":{"@id":"https:\/\/kayak-innovations.com\/product\/natseq-solo-dark-forest-special-edition\/#breadcrumb"},"inLanguage":"fr-FR","potentialAction":[{"@type":"ReadAction","target":["https:\/\/kayak-innovations.com\/product\/natseq-solo-dark-forest-special-edition\/"]}]},{"@type":"ImageObject","inLanguage":"fr-FR","@id":"https:\/\/kayak-innovations.com\/product\/natseq-solo-dark-forest-special-edition\/#primaryimage","url":"https:\/\/kayak-innovations.com\/wp-content\/uploads\/2025\/08\/Solo_Forestgreen_modular-1.jpg","contentUrl":"https:\/\/kayak-innovations.com\/wp-content\/uploads\/2025\/08\/Solo_Forestgreen_modular-1.jpg","width":2000,"height":2000},{"@type":"BreadcrumbList","@id":"https:\/\/kayak-innovations.com\/product\/natseq-solo-dark-forest-special-edition\/#breadcrumb","itemListElement":[{"@type":"ListItem","position":1,"name":"Startseite","item":"https:\/\/kayak-innovations.com\/"},{"@type":"ListItem","position":2,"name":"Shop","item":"https:\/\/kayak-innovations.com\/kayak-innovations-online-shop-fuer-zubehoer-ersatzteile-und-mehr\/"},{"@type":"ListItem","position":3,"name":"NATSEQ modulares Kayak","item":"https:\/\/kayak-innovations.com\/product-category\/natseq-modulares-kayak\/"},{"@type":"ListItem","position":4,"name":"NATSEQ als Solo","item":"https:\/\/kayak-innovations.com\/product-category\/natseq-modulares-kayak\/natseq-als-solo\/"},{"@type":"ListItem","position":5,"name":"NATSEQ Solo &#8211; Blackforest Green"}]},{"@type":"WebSite","@id":"https:\/\/kayak-innovations.com\/#website","url":"https:\/\/kayak-innovations.com\/","name":"KAYAK INNOVATIONS","description":"Conception modulaire du kayak","publisher":{"@id":"https:\/\/kayak-innovations.com\/#organization"},"potentialAction":[{"@type":"SearchAction","target":{"@type":"EntryPoint","urlTemplate":"https:\/\/kayak-innovations.com\/?s={search_term_string}"},"query-input":{"@type":"PropertyValueSpecification","valueRequired":true,"valueName":"search_term_string"}}],"inLanguage":"fr-FR"},{"@type":"Organization","@id":"https:\/\/kayak-innovations.com\/#organization","name":"KAYAK INNOVATIONS","url":"https:\/\/kayak-innovations.com\/","logo":{"@type":"ImageObject","inLanguage":"fr-FR","@id":"https:\/\/kayak-innovations.com\/#\/schema\/logo\/image\/","url":"https:\/\/kayak-innovations.com\/wp-content\/uploads\/2023\/03\/Logo_Kayak_Innovations.png","contentUrl":"https:\/\/kayak-innovations.com\/wp-content\/uploads\/2023\/03\/Logo_Kayak_Innovations.png","width":640,"height":132,"caption":"KAYAK INNOVATIONS"},"image":{"@id":"https:\/\/kayak-innovations.com\/#\/schema\/logo\/image\/"},"sameAs":["https:\/\/www.facebook.com\/NATSEQ-108045581073906","https:\/\/www.instagram.com\/kayak.innovations\/"]}]}},"_links":{"self":[{"href":"https:\/\/kayak-innovations.com\/fr\/wp-json\/wp\/v2\/product\/113657","targetHints":{"allow":["GET"]}}],"collection":[{"href":"https:\/\/kayak-innovations.com\/fr\/wp-json\/wp\/v2\/product"}],"about":[{"href":"https:\/\/kayak-innovations.com\/fr\/wp-json\/wp\/v2\/types\/product"}],"wp:featuredmedia":[{"embeddable":true,"href":"https:\/\/kayak-innovations.com\/fr\/wp-json\/wp\/v2\/media\/113676"}],"wp:attachment":[{"href":"https:\/\/kayak-innovations.com\/fr\/wp-json\/wp\/v2\/media?parent=113657"}],"wp:term":[{"taxonomy":"product_brand","embeddable":true,"href":"https:\/\/kayak-innovations.com\/fr\/wp-json\/wp\/v2\/product_brand?post=113657"},{"taxonomy":"product_cat","embeddable":true,"href":"https:\/\/kayak-innovations.com\/fr\/wp-json\/wp\/v2\/product_cat?post=113657"},{"taxonomy":"product_tag","embeddable":true,"href":"https:\/\/kayak-innovations.com\/fr\/wp-json\/wp\/v2\/product_tag?post=113657"}],"curies":[{"name":"wp","href":"https:\/\/api.w.org\/{rel}","templated":true}]}}