{"id":114189,"date":"2025-12-09T18:17:57","date_gmt":"2025-12-09T17:17:57","guid":{"rendered":"https:\/\/kayak-innovations.com\/?post_type=product&#038;p=114189"},"modified":"2025-12-09T18:20:13","modified_gmt":"2025-12-09T17:20:13","slug":"gutschein-200e","status":"publish","type":"product","link":"https:\/\/kayak-innovations.com\/fr\/product\/gutschein-200e\/","title":{"rendered":"Gutschein 200\u20ac"},"content":{"rendered":"<p>Die Gutscheine sind in verschiedenen Ausf\u00fchrungen im Kayak Innovations Online Shop exklusiv erh\u00e4ltlich. 50\u20ac, 100\u20ac, 150\u20ac, 200\u20ac, 250\u20ac und 300\u20ac<\/p>\n<p>&nbsp;<\/p>","protected":false},"excerpt":{"rendered":"<p>Wertgutschein zur Einl\u00f6sung im Kayak Innovations Online Shop.<\/p>\n<p>Jeder Gutschein wird von uns per Hand beschriftet mit dem Namen der beschenkten Person. Schreibt uns hierzu einfach in die Hinweise zur Bestellung den Namen, f\u00fcr wen der Gutschein sein soll. und weil wir uns so dar\u00fcber freuen, dass ihr euch f\u00fcr einen unserer Gutscheine entscheidet, \u00fcbernehmen wir die Kosten f\u00fcr den Briefversand.<\/p>\n<p>Der Gutschein wird postalisch, an die in der Bestellung hinterlegte Lieferadresse, versendet.<\/p>\n<p>Bei Fragen wendet euch an uns unter service@kayak-innovations.com<\/p>","protected":false},"featured_media":114191,"template":"","meta":{"_et_pb_use_builder":"","_et_pb_old_content":"","_et_gb_content_width":""},"product_brand":[],"product_cat":[217],"product_tag":[],"class_list":{"0":"post-114189","1":"product","2":"type-product","3":"status-publish","4":"has-post-thumbnail","6":"product_cat-gutscheine","8":"first","9":"instock","10":"taxable","11":"shipping-taxable","12":"purchasable","13":"product-type-simple"},"yoast_head":"<!-- This site is optimized with the Yoast SEO plugin v27.1.1 - https:\/\/yoast.com\/product\/yoast-seo-wordpress\/ -->\n<title>Gutschein 200\u20ac - KAYAK INNOVATIONS<\/title>\n<meta name=\"description\" content=\"Mit diesem Gutschein k\u00f6nnen die Empf\u00e4nger in unserem Online-Shop f\u00fcr 50 Euro ein Produkt ihrer Wahl erwerben. Der Paddel-Einkauf kann beginnen!\" \/>\n<meta name=\"robots\" content=\"index, follow, max-snippet:-1, max-image-preview:large, max-video-preview:-1\" \/>\n<link rel=\"canonical\" href=\"https:\/\/kayak-innovations.com\/fr\/product\/gutschein-200e\/\" \/>\n<meta property=\"og:locale\" content=\"fr_FR\" \/>\n<meta property=\"og:type\" content=\"article\" \/>\n<meta property=\"og:title\" content=\"Gutschein 200\u20ac - KAYAK INNOVATIONS\" \/>\n<meta property=\"og:description\" content=\"Mit diesem Gutschein k\u00f6nnen die Empf\u00e4nger in unserem Online-Shop f\u00fcr 50 Euro ein Produkt ihrer Wahl erwerben. Der Paddel-Einkauf kann beginnen!\" \/>\n<meta property=\"og:url\" content=\"https:\/\/kayak-innovations.com\/fr\/product\/gutschein-200e\/\" \/>\n<meta property=\"og:site_name\" content=\"KAYAK INNOVATIONS\" \/>\n<meta property=\"article:publisher\" content=\"https:\/\/www.facebook.com\/NATSEQ-108045581073906\" \/>\n<meta property=\"article:modified_time\" content=\"2025-12-09T17:20:13+00:00\" \/>\n<meta property=\"og:image\" content=\"https:\/\/kayak-innovations.com\/wp-content\/uploads\/2025\/12\/Gutschein_Weihnachten_200-scaled.jpg\" \/>\n\t<meta property=\"og:image:width\" content=\"2560\" \/>\n\t<meta property=\"og:image:height\" content=\"2560\" \/>\n\t<meta property=\"og:image:type\" content=\"image\/jpeg\" \/>\n<meta name=\"twitter:card\" content=\"summary_large_image\" \/>\n<meta name=\"twitter:label1\" content=\"Dur\u00e9e de lecture estim\u00e9e\" \/>\n\t<meta name=\"twitter:data1\" content=\"1 minute\" \/>\n<script type=\"application\/ld+json\" class=\"yoast-schema-graph\">{\"@context\":\"https:\/\/schema.org\",\"@graph\":[{\"@type\":\"WebPage\",\"@id\":\"https:\/\/kayak-innovations.com\/product\/gutschein-200e\/\",\"url\":\"https:\/\/kayak-innovations.com\/product\/gutschein-200e\/\",\"name\":\"Gutschein 200\u20ac - KAYAK INNOVATIONS\",\"isPartOf\":{\"@id\":\"https:\/\/kayak-innovations.com\/#website\"},\"primaryImageOfPage\":{\"@id\":\"https:\/\/kayak-innovations.com\/product\/gutschein-200e\/#primaryimage\"},\"image\":{\"@id\":\"https:\/\/kayak-innovations.com\/product\/gutschein-200e\/#primaryimage\"},\"thumbnailUrl\":\"https:\/\/kayak-innovations.com\/wp-content\/uploads\/2025\/12\/Gutschein_Weihnachten_200-scaled.jpg\",\"datePublished\":\"2025-12-09T17:17:57+00:00\",\"dateModified\":\"2025-12-09T17:20:13+00:00\",\"description\":\"Mit diesem Gutschein k\u00f6nnen die Empf\u00e4nger in unserem Online-Shop f\u00fcr 50 Euro ein Produkt ihrer Wahl erwerben. Der Paddel-Einkauf kann beginnen!\",\"breadcrumb\":{\"@id\":\"https:\/\/kayak-innovations.com\/product\/gutschein-200e\/#breadcrumb\"},\"inLanguage\":\"fr-FR\",\"potentialAction\":[{\"@type\":\"ReadAction\",\"target\":[\"https:\/\/kayak-innovations.com\/product\/gutschein-200e\/\"]}]},{\"@type\":\"ImageObject\",\"inLanguage\":\"fr-FR\",\"@id\":\"https:\/\/kayak-innovations.com\/product\/gutschein-200e\/#primaryimage\",\"url\":\"https:\/\/kayak-innovations.com\/wp-content\/uploads\/2025\/12\/Gutschein_Weihnachten_200-scaled.jpg\",\"contentUrl\":\"https:\/\/kayak-innovations.com\/wp-content\/uploads\/2025\/12\/Gutschein_Weihnachten_200-scaled.jpg\",\"width\":2560,\"height\":2560},{\"@type\":\"BreadcrumbList\",\"@id\":\"https:\/\/kayak-innovations.com\/product\/gutschein-200e\/#breadcrumb\",\"itemListElement\":[{\"@type\":\"ListItem\",\"position\":1,\"name\":\"Startseite\",\"item\":\"https:\/\/kayak-innovations.com\/\"},{\"@type\":\"ListItem\",\"position\":2,\"name\":\"Shop\",\"item\":\"https:\/\/kayak-innovations.com\/kayak-innovations-online-shop-fuer-zubehoer-ersatzteile-und-mehr\/\"},{\"@type\":\"ListItem\",\"position\":3,\"name\":\"Gutscheine\",\"item\":\"https:\/\/kayak-innovations.com\/product-category\/gutscheine\/\"},{\"@type\":\"ListItem\",\"position\":4,\"name\":\"Gutschein > 50 Euro\"}]},{\"@type\":\"WebSite\",\"@id\":\"https:\/\/kayak-innovations.com\/#website\",\"url\":\"https:\/\/kayak-innovations.com\/\",\"name\":\"KAYAK INNOVATIONS\",\"description\":\"Modulares Kajakdesign\",\"publisher\":{\"@id\":\"https:\/\/kayak-innovations.com\/#organization\"},\"potentialAction\":[{\"@type\":\"SearchAction\",\"target\":{\"@type\":\"EntryPoint\",\"urlTemplate\":\"https:\/\/kayak-innovations.com\/?s={search_term_string}\"},\"query-input\":{\"@type\":\"PropertyValueSpecification\",\"valueRequired\":true,\"valueName\":\"search_term_string\"}}],\"inLanguage\":\"fr-FR\"},{\"@type\":\"Organization\",\"@id\":\"https:\/\/kayak-innovations.com\/#organization\",\"name\":\"KAYAK INNOVATIONS\",\"url\":\"https:\/\/kayak-innovations.com\/\",\"logo\":{\"@type\":\"ImageObject\",\"inLanguage\":\"fr-FR\",\"@id\":\"https:\/\/kayak-innovations.com\/#\/schema\/logo\/image\/\",\"url\":\"https:\/\/kayak-innovations.com\/wp-content\/uploads\/2023\/03\/Logo_Kayak_Innovations.png\",\"contentUrl\":\"https:\/\/kayak-innovations.com\/wp-content\/uploads\/2023\/03\/Logo_Kayak_Innovations.png\",\"width\":640,\"height\":132,\"caption\":\"KAYAK INNOVATIONS\"},\"image\":{\"@id\":\"https:\/\/kayak-innovations.com\/#\/schema\/logo\/image\/\"},\"sameAs\":[\"https:\/\/www.facebook.com\/NATSEQ-108045581073906\",\"https:\/\/www.instagram.com\/kayak.innovations\/\"]}]}<\/script>\n<!-- \/ Yoast SEO plugin. -->","yoast_head_json":{"title":"Gutschein 200\u20ac - KAYAK INNOVATIONS","description":"Mit diesem Gutschein k\u00f6nnen die Empf\u00e4nger in unserem Online-Shop f\u00fcr 50 Euro ein Produkt ihrer Wahl erwerben. Der Paddel-Einkauf kann beginnen!","robots":{"index":"index","follow":"follow","max-snippet":"max-snippet:-1","max-image-preview":"max-image-preview:large","max-video-preview":"max-video-preview:-1"},"canonical":"https:\/\/kayak-innovations.com\/fr\/product\/gutschein-200e\/","og_locale":"fr_FR","og_type":"article","og_title":"Gutschein 200\u20ac - KAYAK INNOVATIONS","og_description":"Mit diesem Gutschein k\u00f6nnen die Empf\u00e4nger in unserem Online-Shop f\u00fcr 50 Euro ein Produkt ihrer Wahl erwerben. Der Paddel-Einkauf kann beginnen!","og_url":"https:\/\/kayak-innovations.com\/fr\/product\/gutschein-200e\/","og_site_name":"KAYAK INNOVATIONS","article_publisher":"https:\/\/www.facebook.com\/NATSEQ-108045581073906","article_modified_time":"2025-12-09T17:20:13+00:00","og_image":[{"width":2560,"height":2560,"url":"https:\/\/kayak-innovations.com\/wp-content\/uploads\/2025\/12\/Gutschein_Weihnachten_200-scaled.jpg","type":"image\/jpeg"}],"twitter_card":"summary_large_image","twitter_misc":{"Dur\u00e9e de lecture estim\u00e9e":"1 minute"},"schema":{"@context":"https:\/\/schema.org","@graph":[{"@type":"WebPage","@id":"https:\/\/kayak-innovations.com\/product\/gutschein-200e\/","url":"https:\/\/kayak-innovations.com\/product\/gutschein-200e\/","name":"Gutschein 200\u20ac - KAYAK INNOVATIONS","isPartOf":{"@id":"https:\/\/kayak-innovations.com\/#website"},"primaryImageOfPage":{"@id":"https:\/\/kayak-innovations.com\/product\/gutschein-200e\/#primaryimage"},"image":{"@id":"https:\/\/kayak-innovations.com\/product\/gutschein-200e\/#primaryimage"},"thumbnailUrl":"https:\/\/kayak-innovations.com\/wp-content\/uploads\/2025\/12\/Gutschein_Weihnachten_200-scaled.jpg","datePublished":"2025-12-09T17:17:57+00:00","dateModified":"2025-12-09T17:20:13+00:00","description":"Mit diesem Gutschein k\u00f6nnen die Empf\u00e4nger in unserem Online-Shop f\u00fcr 50 Euro ein Produkt ihrer Wahl erwerben. Der Paddel-Einkauf kann beginnen!","breadcrumb":{"@id":"https:\/\/kayak-innovations.com\/product\/gutschein-200e\/#breadcrumb"},"inLanguage":"fr-FR","potentialAction":[{"@type":"ReadAction","target":["https:\/\/kayak-innovations.com\/product\/gutschein-200e\/"]}]},{"@type":"ImageObject","inLanguage":"fr-FR","@id":"https:\/\/kayak-innovations.com\/product\/gutschein-200e\/#primaryimage","url":"https:\/\/kayak-innovations.com\/wp-content\/uploads\/2025\/12\/Gutschein_Weihnachten_200-scaled.jpg","contentUrl":"https:\/\/kayak-innovations.com\/wp-content\/uploads\/2025\/12\/Gutschein_Weihnachten_200-scaled.jpg","width":2560,"height":2560},{"@type":"BreadcrumbList","@id":"https:\/\/kayak-innovations.com\/product\/gutschein-200e\/#breadcrumb","itemListElement":[{"@type":"ListItem","position":1,"name":"Startseite","item":"https:\/\/kayak-innovations.com\/"},{"@type":"ListItem","position":2,"name":"Shop","item":"https:\/\/kayak-innovations.com\/kayak-innovations-online-shop-fuer-zubehoer-ersatzteile-und-mehr\/"},{"@type":"ListItem","position":3,"name":"Gutscheine","item":"https:\/\/kayak-innovations.com\/product-category\/gutscheine\/"},{"@type":"ListItem","position":4,"name":"Gutschein > 50 Euro"}]},{"@type":"WebSite","@id":"https:\/\/kayak-innovations.com\/#website","url":"https:\/\/kayak-innovations.com\/","name":"KAYAK INNOVATIONS","description":"Conception modulaire du kayak","publisher":{"@id":"https:\/\/kayak-innovations.com\/#organization"},"potentialAction":[{"@type":"SearchAction","target":{"@type":"EntryPoint","urlTemplate":"https:\/\/kayak-innovations.com\/?s={search_term_string}"},"query-input":{"@type":"PropertyValueSpecification","valueRequired":true,"valueName":"search_term_string"}}],"inLanguage":"fr-FR"},{"@type":"Organization","@id":"https:\/\/kayak-innovations.com\/#organization","name":"KAYAK INNOVATIONS","url":"https:\/\/kayak-innovations.com\/","logo":{"@type":"ImageObject","inLanguage":"fr-FR","@id":"https:\/\/kayak-innovations.com\/#\/schema\/logo\/image\/","url":"https:\/\/kayak-innovations.com\/wp-content\/uploads\/2023\/03\/Logo_Kayak_Innovations.png","contentUrl":"https:\/\/kayak-innovations.com\/wp-content\/uploads\/2023\/03\/Logo_Kayak_Innovations.png","width":640,"height":132,"caption":"KAYAK INNOVATIONS"},"image":{"@id":"https:\/\/kayak-innovations.com\/#\/schema\/logo\/image\/"},"sameAs":["https:\/\/www.facebook.com\/NATSEQ-108045581073906","https:\/\/www.instagram.com\/kayak.innovations\/"]}]}},"_links":{"self":[{"href":"https:\/\/kayak-innovations.com\/fr\/wp-json\/wp\/v2\/product\/114189","targetHints":{"allow":["GET"]}}],"collection":[{"href":"https:\/\/kayak-innovations.com\/fr\/wp-json\/wp\/v2\/product"}],"about":[{"href":"https:\/\/kayak-innovations.com\/fr\/wp-json\/wp\/v2\/types\/product"}],"wp:featuredmedia":[{"embeddable":true,"href":"https:\/\/kayak-innovations.com\/fr\/wp-json\/wp\/v2\/media\/114191"}],"wp:attachment":[{"href":"https:\/\/kayak-innovations.com\/fr\/wp-json\/wp\/v2\/media?parent=114189"}],"wp:term":[{"taxonomy":"product_brand","embeddable":true,"href":"https:\/\/kayak-innovations.com\/fr\/wp-json\/wp\/v2\/product_brand?post=114189"},{"taxonomy":"product_cat","embeddable":true,"href":"https:\/\/kayak-innovations.com\/fr\/wp-json\/wp\/v2\/product_cat?post=114189"},{"taxonomy":"product_tag","embeddable":true,"href":"https:\/\/kayak-innovations.com\/fr\/wp-json\/wp\/v2\/product_tag?post=114189"}],"curies":[{"name":"wp","href":"https:\/\/api.w.org\/{rel}","templated":true}]}}