{"id":114941,"date":"2026-04-07T13:18:15","date_gmt":"2026-04-07T12:18:15","guid":{"rendered":"https:\/\/kayak-innovations.com\/?post_type=product&#038;p=114941"},"modified":"2026-04-07T15:28:23","modified_gmt":"2026-04-07T14:28:23","slug":"natseq-solo-harlekin-outlet-2026","status":"publish","type":"product","link":"https:\/\/kayak-innovations.com\/fr\/product\/natseq-solo-harlekin-outlet-2026\/","title":{"rendered":"NATSEQ Solo Harlekin Outlet 2026"},"content":{"rendered":"<p><strong>NATSEQ \u2013 Ein einzigartiges, teilbares Kajak:<\/strong><\/p>\n<ul>\n<li>l\u00e4sst sich in Sekunden vom Einer zum Zweier-Kajak verwandeln<\/li>\n<li>rapide, maniable et facile \u00e0 man\u0153uvrer<\/li>\n<li>avec un syst\u00e8me de fermeture brevet\u00e9 pour un montage et un d\u00e9montage rapides ainsi qu'un transport et un stockage peu encombrants<\/li>\n<li>pour les d\u00e9butants et les pagayeurs confirm\u00e9s<\/li>\n<li>100% Fabriqu\u00e9 en Allemagne.<\/li>\n<\/ul>\n<p>La repr\u00e9sentation de la couleur peut pr\u00e9senter de l\u00e9g\u00e8res diff\u00e9rences avec le produit r\u00e9el.<\/p>\n<p><strong>Stellt euer eigenes NATSEQ Solo zusammen! Mit unserem Konfigurator entscheidet ihr, welche Farbe Bug, Cockpit und Heck haben sollen \u2013 auch die Farbe der Lukendeckel und Bungees k\u00f6nnt ihr individuell festlegen! <a href=\"https:\/\/kayak-innovations.com\/fr\/kayak-konfigurator\/\">zum Konfigurator<\/a><\/strong><\/p>\n<p>Sportliche Linienf\u00fchrung gepaart mit viel Platz in Bug und Heck als komplett nutzbarem Stauraum \u2013 bis zu 160kg kommen beim Solo mit an Bord \u2013 sowie ein riesiges Cockpit, in dem selbst \u00fcber 2 Meter gro\u00dfe Paddler:innen komfortabel Platz nehmen k\u00f6nnen. Die verstellbare R\u00fcckenlehne sowie Fu\u00dfrasten erm\u00f6glichen euch die perfekte bequeme Sitzposition.<\/p>\n<p>NATSEQ est id\u00e9al pour les rivi\u00e8res, les lacs et les eaux c\u00f4ti\u00e8res - pour quelques heures ou quelques jours, seul ou \u00e0 deux en tandem, ... avec des bagages ou un chien, le PACKER offre un volume de chargement suppl\u00e9mentaire de 60l et supporte encore jusqu'\u00e0 50kg.<\/p>\n<p>Tu trouveras d'autres modules NATSEQ, des accessoires dans le menu principal de la boutique.<\/p>\n<p>Ihr \u00fcberlegt noch? Dann schaut doch mal nach Erfahrungsberichten im Netz. Einfach \u201cNATSEQ Kajak\u201d bei YouTube, facebook oder Instagram eingeben und gespannt sein. \ud83d\ude09<\/p>\n<p>&nbsp;<\/p>","protected":false},"excerpt":{"rendered":"<p>Natseq Solo Harlekin Gr\u00fcne &amp; Blaue Module gemischt<\/p>\n<p>Outletware da kleine Sch\u00f6nheitsfehler, die die Funktionsweise und Passform jedoch <strong>pas<\/strong> betreffen<\/p>\n<p>Versand erfolgt auf Palette mit einer Spedition. Bitte stellt sicher, dass ihr an dem von euch zuvor vereinbarten Liefertermin den ganzen Tag durchgehend vor Ort seid.<\/p>","protected":false},"featured_media":114942,"template":"","meta":{"_et_pb_use_builder":"","_et_pb_old_content":"","_et_gb_content_width":""},"product_brand":[],"product_cat":[185],"product_tag":[],"class_list":{"0":"post-114941","1":"product","2":"type-product","3":"status-publish","4":"has-post-thumbnail","6":"product_cat-product-category-kayak-innovations-outlet","7":"product_shipping_class-eu-einweg-palette","9":"first","10":"instock","11":"sale","12":"taxable","13":"shipping-taxable","14":"purchasable","15":"product-type-simple"},"yoast_head":"<!-- This site is optimized with the Yoast SEO plugin v27.1.1 - https:\/\/yoast.com\/product\/yoast-seo-wordpress\/ -->\n<title>NATSEQ Solo Harlekin Outlet 2026 - KAYAK INNOVATIONS<\/title>\n<meta name=\"robots\" content=\"index, follow, max-snippet:-1, max-image-preview:large, max-video-preview:-1\" \/>\n<link rel=\"canonical\" href=\"https:\/\/kayak-innovations.com\/fr\/product\/natseq-solo-harlekin-outlet-2026\/\" \/>\n<meta property=\"og:locale\" content=\"fr_FR\" \/>\n<meta property=\"og:type\" content=\"article\" \/>\n<meta property=\"og:title\" content=\"NATSEQ Solo Harlekin Outlet 2026 - KAYAK INNOVATIONS\" \/>\n<meta property=\"og:description\" content=\"Natseq Solo Harlekin Gr\u00fcne &amp; Blaue Module gemischt  Outletware da kleine Sch\u00f6nheitsfehler, die die Funktionsweise und Passform jedoch nicht betreffen  Versand erfolgt auf Palette mit einer Spedition. Bitte stellt sicher, dass ihr an dem von euch zuvor vereinbarten Liefertermin den ganzen Tag durchgehend vor Ort seid.\" \/>\n<meta property=\"og:url\" content=\"https:\/\/kayak-innovations.com\/fr\/product\/natseq-solo-harlekin-outlet-2026\/\" \/>\n<meta property=\"og:site_name\" content=\"KAYAK INNOVATIONS\" \/>\n<meta property=\"article:publisher\" content=\"https:\/\/www.facebook.com\/NATSEQ-108045581073906\" \/>\n<meta property=\"article:modified_time\" content=\"2026-04-07T14:28:23+00:00\" \/>\n<meta property=\"og:image\" content=\"https:\/\/kayak-innovations.com\/wp-content\/uploads\/2026\/04\/IMG_7744-scaled.jpeg\" \/>\n\t<meta property=\"og:image:width\" content=\"1155\" \/>\n\t<meta property=\"og:image:height\" content=\"2560\" \/>\n\t<meta property=\"og:image:type\" content=\"image\/jpeg\" \/>\n<meta name=\"twitter:card\" content=\"summary_large_image\" \/>\n<meta name=\"twitter:label1\" content=\"Dur\u00e9e de lecture estim\u00e9e\" \/>\n\t<meta name=\"twitter:data1\" content=\"2 minutes\" \/>\n<script type=\"application\/ld+json\" class=\"yoast-schema-graph\">{\"@context\":\"https:\/\/schema.org\",\"@graph\":[{\"@type\":\"WebPage\",\"@id\":\"https:\/\/kayak-innovations.com\/product\/natseq-solo-harlekin-outlet-2026\/\",\"url\":\"https:\/\/kayak-innovations.com\/product\/natseq-solo-harlekin-outlet-2026\/\",\"name\":\"NATSEQ Solo Harlekin Outlet 2026 - KAYAK INNOVATIONS\",\"isPartOf\":{\"@id\":\"https:\/\/kayak-innovations.com\/#website\"},\"primaryImageOfPage\":{\"@id\":\"https:\/\/kayak-innovations.com\/product\/natseq-solo-harlekin-outlet-2026\/#primaryimage\"},\"image\":{\"@id\":\"https:\/\/kayak-innovations.com\/product\/natseq-solo-harlekin-outlet-2026\/#primaryimage\"},\"thumbnailUrl\":\"https:\/\/kayak-innovations.com\/wp-content\/uploads\/2026\/04\/IMG_7744-scaled.jpeg\",\"datePublished\":\"2026-04-07T12:18:15+00:00\",\"dateModified\":\"2026-04-07T14:28:23+00:00\",\"breadcrumb\":{\"@id\":\"https:\/\/kayak-innovations.com\/product\/natseq-solo-harlekin-outlet-2026\/#breadcrumb\"},\"inLanguage\":\"fr-FR\",\"potentialAction\":[{\"@type\":\"ReadAction\",\"target\":[\"https:\/\/kayak-innovations.com\/product\/natseq-solo-harlekin-outlet-2026\/\"]}]},{\"@type\":\"ImageObject\",\"inLanguage\":\"fr-FR\",\"@id\":\"https:\/\/kayak-innovations.com\/product\/natseq-solo-harlekin-outlet-2026\/#primaryimage\",\"url\":\"https:\/\/kayak-innovations.com\/wp-content\/uploads\/2026\/04\/IMG_7744-scaled.jpeg\",\"contentUrl\":\"https:\/\/kayak-innovations.com\/wp-content\/uploads\/2026\/04\/IMG_7744-scaled.jpeg\",\"width\":1155,\"height\":2560},{\"@type\":\"BreadcrumbList\",\"@id\":\"https:\/\/kayak-innovations.com\/product\/natseq-solo-harlekin-outlet-2026\/#breadcrumb\",\"itemListElement\":[{\"@type\":\"ListItem\",\"position\":1,\"name\":\"Startseite\",\"item\":\"https:\/\/kayak-innovations.com\/\"},{\"@type\":\"ListItem\",\"position\":2,\"name\":\"Shop\",\"item\":\"https:\/\/kayak-innovations.com\/kayak-innovations-online-shop-fuer-zubehoer-ersatzteile-und-mehr\/\"},{\"@type\":\"ListItem\",\"position\":3,\"name\":\"Kayak Innovations Outlet\",\"item\":\"https:\/\/kayak-innovations.com\/product-category\/product-category-kayak-innovations-outlet\/\"},{\"@type\":\"ListItem\",\"position\":4,\"name\":\"NATSEQ Solo Harlekin Outlet 2026\"}]},{\"@type\":\"WebSite\",\"@id\":\"https:\/\/kayak-innovations.com\/#website\",\"url\":\"https:\/\/kayak-innovations.com\/\",\"name\":\"KAYAK INNOVATIONS\",\"description\":\"Modulares Kajakdesign\",\"publisher\":{\"@id\":\"https:\/\/kayak-innovations.com\/#organization\"},\"potentialAction\":[{\"@type\":\"SearchAction\",\"target\":{\"@type\":\"EntryPoint\",\"urlTemplate\":\"https:\/\/kayak-innovations.com\/?s={search_term_string}\"},\"query-input\":{\"@type\":\"PropertyValueSpecification\",\"valueRequired\":true,\"valueName\":\"search_term_string\"}}],\"inLanguage\":\"fr-FR\"},{\"@type\":\"Organization\",\"@id\":\"https:\/\/kayak-innovations.com\/#organization\",\"name\":\"KAYAK INNOVATIONS\",\"url\":\"https:\/\/kayak-innovations.com\/\",\"logo\":{\"@type\":\"ImageObject\",\"inLanguage\":\"fr-FR\",\"@id\":\"https:\/\/kayak-innovations.com\/#\/schema\/logo\/image\/\",\"url\":\"https:\/\/kayak-innovations.com\/wp-content\/uploads\/2023\/03\/Logo_Kayak_Innovations.png\",\"contentUrl\":\"https:\/\/kayak-innovations.com\/wp-content\/uploads\/2023\/03\/Logo_Kayak_Innovations.png\",\"width\":640,\"height\":132,\"caption\":\"KAYAK INNOVATIONS\"},\"image\":{\"@id\":\"https:\/\/kayak-innovations.com\/#\/schema\/logo\/image\/\"},\"sameAs\":[\"https:\/\/www.facebook.com\/NATSEQ-108045581073906\",\"https:\/\/www.instagram.com\/kayak.innovations\/\"]}]}<\/script>\n<!-- \/ Yoast SEO plugin. -->","yoast_head_json":{"title":"NATSEQ Solo Harlekin Outlet 2026 - KAYAK INNOVATIONS","robots":{"index":"index","follow":"follow","max-snippet":"max-snippet:-1","max-image-preview":"max-image-preview:large","max-video-preview":"max-video-preview:-1"},"canonical":"https:\/\/kayak-innovations.com\/fr\/product\/natseq-solo-harlekin-outlet-2026\/","og_locale":"fr_FR","og_type":"article","og_title":"NATSEQ Solo Harlekin Outlet 2026 - KAYAK INNOVATIONS","og_description":"Natseq Solo Harlekin Gr\u00fcne &amp; Blaue Module gemischt  Outletware da kleine Sch\u00f6nheitsfehler, die die Funktionsweise und Passform jedoch nicht betreffen  Versand erfolgt auf Palette mit einer Spedition. Bitte stellt sicher, dass ihr an dem von euch zuvor vereinbarten Liefertermin den ganzen Tag durchgehend vor Ort seid.","og_url":"https:\/\/kayak-innovations.com\/fr\/product\/natseq-solo-harlekin-outlet-2026\/","og_site_name":"KAYAK INNOVATIONS","article_publisher":"https:\/\/www.facebook.com\/NATSEQ-108045581073906","article_modified_time":"2026-04-07T14:28:23+00:00","og_image":[{"width":1155,"height":2560,"url":"https:\/\/kayak-innovations.com\/wp-content\/uploads\/2026\/04\/IMG_7744-scaled.jpeg","type":"image\/jpeg"}],"twitter_card":"summary_large_image","twitter_misc":{"Dur\u00e9e de lecture estim\u00e9e":"2 minutes"},"schema":{"@context":"https:\/\/schema.org","@graph":[{"@type":"WebPage","@id":"https:\/\/kayak-innovations.com\/product\/natseq-solo-harlekin-outlet-2026\/","url":"https:\/\/kayak-innovations.com\/product\/natseq-solo-harlekin-outlet-2026\/","name":"NATSEQ Solo Harlekin Outlet 2026 - KAYAK INNOVATIONS","isPartOf":{"@id":"https:\/\/kayak-innovations.com\/#website"},"primaryImageOfPage":{"@id":"https:\/\/kayak-innovations.com\/product\/natseq-solo-harlekin-outlet-2026\/#primaryimage"},"image":{"@id":"https:\/\/kayak-innovations.com\/product\/natseq-solo-harlekin-outlet-2026\/#primaryimage"},"thumbnailUrl":"https:\/\/kayak-innovations.com\/wp-content\/uploads\/2026\/04\/IMG_7744-scaled.jpeg","datePublished":"2026-04-07T12:18:15+00:00","dateModified":"2026-04-07T14:28:23+00:00","breadcrumb":{"@id":"https:\/\/kayak-innovations.com\/product\/natseq-solo-harlekin-outlet-2026\/#breadcrumb"},"inLanguage":"fr-FR","potentialAction":[{"@type":"ReadAction","target":["https:\/\/kayak-innovations.com\/product\/natseq-solo-harlekin-outlet-2026\/"]}]},{"@type":"ImageObject","inLanguage":"fr-FR","@id":"https:\/\/kayak-innovations.com\/product\/natseq-solo-harlekin-outlet-2026\/#primaryimage","url":"https:\/\/kayak-innovations.com\/wp-content\/uploads\/2026\/04\/IMG_7744-scaled.jpeg","contentUrl":"https:\/\/kayak-innovations.com\/wp-content\/uploads\/2026\/04\/IMG_7744-scaled.jpeg","width":1155,"height":2560},{"@type":"BreadcrumbList","@id":"https:\/\/kayak-innovations.com\/product\/natseq-solo-harlekin-outlet-2026\/#breadcrumb","itemListElement":[{"@type":"ListItem","position":1,"name":"Startseite","item":"https:\/\/kayak-innovations.com\/"},{"@type":"ListItem","position":2,"name":"Shop","item":"https:\/\/kayak-innovations.com\/kayak-innovations-online-shop-fuer-zubehoer-ersatzteile-und-mehr\/"},{"@type":"ListItem","position":3,"name":"Kayak Innovations Outlet","item":"https:\/\/kayak-innovations.com\/product-category\/product-category-kayak-innovations-outlet\/"},{"@type":"ListItem","position":4,"name":"NATSEQ Solo Harlekin Outlet 2026"}]},{"@type":"WebSite","@id":"https:\/\/kayak-innovations.com\/#website","url":"https:\/\/kayak-innovations.com\/","name":"KAYAK INNOVATIONS","description":"Conception modulaire du kayak","publisher":{"@id":"https:\/\/kayak-innovations.com\/#organization"},"potentialAction":[{"@type":"SearchAction","target":{"@type":"EntryPoint","urlTemplate":"https:\/\/kayak-innovations.com\/?s={search_term_string}"},"query-input":{"@type":"PropertyValueSpecification","valueRequired":true,"valueName":"search_term_string"}}],"inLanguage":"fr-FR"},{"@type":"Organization","@id":"https:\/\/kayak-innovations.com\/#organization","name":"KAYAK INNOVATIONS","url":"https:\/\/kayak-innovations.com\/","logo":{"@type":"ImageObject","inLanguage":"fr-FR","@id":"https:\/\/kayak-innovations.com\/#\/schema\/logo\/image\/","url":"https:\/\/kayak-innovations.com\/wp-content\/uploads\/2023\/03\/Logo_Kayak_Innovations.png","contentUrl":"https:\/\/kayak-innovations.com\/wp-content\/uploads\/2023\/03\/Logo_Kayak_Innovations.png","width":640,"height":132,"caption":"KAYAK INNOVATIONS"},"image":{"@id":"https:\/\/kayak-innovations.com\/#\/schema\/logo\/image\/"},"sameAs":["https:\/\/www.facebook.com\/NATSEQ-108045581073906","https:\/\/www.instagram.com\/kayak.innovations\/"]}]}},"_links":{"self":[{"href":"https:\/\/kayak-innovations.com\/fr\/wp-json\/wp\/v2\/product\/114941","targetHints":{"allow":["GET"]}}],"collection":[{"href":"https:\/\/kayak-innovations.com\/fr\/wp-json\/wp\/v2\/product"}],"about":[{"href":"https:\/\/kayak-innovations.com\/fr\/wp-json\/wp\/v2\/types\/product"}],"wp:featuredmedia":[{"embeddable":true,"href":"https:\/\/kayak-innovations.com\/fr\/wp-json\/wp\/v2\/media\/114942"}],"wp:attachment":[{"href":"https:\/\/kayak-innovations.com\/fr\/wp-json\/wp\/v2\/media?parent=114941"}],"wp:term":[{"taxonomy":"product_brand","embeddable":true,"href":"https:\/\/kayak-innovations.com\/fr\/wp-json\/wp\/v2\/product_brand?post=114941"},{"taxonomy":"product_cat","embeddable":true,"href":"https:\/\/kayak-innovations.com\/fr\/wp-json\/wp\/v2\/product_cat?post=114941"},{"taxonomy":"product_tag","embeddable":true,"href":"https:\/\/kayak-innovations.com\/fr\/wp-json\/wp\/v2\/product_tag?post=114941"}],"curies":[{"name":"wp","href":"https:\/\/api.w.org\/{rel}","templated":true}]}}