{"id":115086,"date":"2026-04-21T15:17:31","date_gmt":"2026-04-21T14:17:31","guid":{"rendered":"https:\/\/kayak-innovations.com\/?post_type=product&#038;p=115086"},"modified":"2026-04-24T15:14:47","modified_gmt":"2026-04-24T14:14:47","slug":"natseq-solo-set-limited-edition-cool-grey","status":"publish","type":"product","link":"https:\/\/kayak-innovations.com\/fr\/product\/natseq-solo-set-limited-edition-cool-grey\/","title":{"rendered":"NATSEQ Solo Set limited edition cool grey"},"content":{"rendered":"<p>Mit dieser Version unseres Starter-Sets\u00a0bist du bestens ausgestattet, um deine ersten Paddelerlebnisse mit unserem modularen Kajak &#8222;NATSEQ&#8220; zu sammeln.<\/p>\n<p>Als Solo schafft NATSEQ eine Zuladung von 160kg, als Tandem kommen bis zu 260kg mit an Bord. F\u00fcr noch l\u00e4ngere Touren oder den Hund + Gep\u00e4ck bietet der PACKER weitere 60l an Ladevolumen und tr\u00e4gt nochmal bis zu 50kg.<br \/>\nWir haben ein schnelles, wendiges und leicht zu man\u00f6vrierendes Kajak konstruiert und gebaut, dass den Vergleich mit anderen hochwertigen Kajaks nicht zu scheuen braucht und dir viel Freude und entspannte Stunden auf dem Wasser bereiten wird!<\/p>\n<p>NATSEQ ist Made in Germany<\/p>\n<p>Solltest du noch Fragen haben, melde dich gern per Mail an <em>service@kayak-innovations.com<\/em><\/p>\n<p>Weitere NATSEQ Module, Zubeh\u00f6r und Accessoires findest du im Shop Hauptmen\u00fc.<\/p>\n<p>Du \u00fcberlegst noch? Dann schau doch mal nach Erfahrungsberichten im Netz. Einfach &#8222;NATSEQ Kajak&#8220; bei YouTube, facebook oder Instagram eingeben und gespannt sein. \ud83d\ude09<\/p>","protected":false},"excerpt":{"rendered":"<p>L'ensemble comprend<br \/>\n1x NATSEQ Solo Cool Grey UVP 1779,-<br \/>\n1x original NATSEQ Kajakwagen UVP 129,-<br \/>\n1x Hiko Spritzdecke perfekt passend f\u00fcr den NATSEQ S\u00fcllrand exklusiv im Set<\/p>\n<p><strong>Euer Preisvorteil gegen\u00fcber Einzelkauf: 119Euro<\/strong><\/p>","protected":false},"featured_media":115090,"template":"","meta":{"_et_pb_use_builder":"","_et_pb_old_content":"","_et_gb_content_width":""},"product_brand":[],"product_cat":[211],"product_tag":[],"class_list":{"0":"post-115086","1":"product","2":"type-product","3":"status-publish","4":"has-post-thumbnail","6":"product_cat-natseq-rundum-sorglos-pakete-2","7":"product_shipping_class-eu-einweg-palette","9":"first","10":"instock","11":"taxable","12":"shipping-taxable","13":"purchasable","14":"product-type-simple"},"yoast_head":"<!-- This site is optimized with the Yoast SEO plugin v27.5 - https:\/\/yoast.com\/product\/yoast-seo-wordpress\/ -->\n<title>NATSEQ Solo Set limited edition cool grey - KAYAK INNOVATIONS<\/title>\n<meta name=\"robots\" content=\"index, follow, max-snippet:-1, max-image-preview:large, max-video-preview:-1\" \/>\n<link rel=\"canonical\" href=\"https:\/\/kayak-innovations.com\/fr\/product\/natseq-solo-set-limited-edition-cool-grey\/\" \/>\n<meta property=\"og:locale\" content=\"fr_FR\" \/>\n<meta property=\"og:type\" content=\"article\" \/>\n<meta property=\"og:title\" content=\"NATSEQ Solo Set limited edition cool grey - KAYAK INNOVATIONS\" \/>\n<meta property=\"og:description\" content=\"Das Set besteht aus: 1x NATSEQ Solo Cool Grey UVP 1779,- 1x original NATSEQ Kajakwagen UVP 129,- 1x Hiko Spritzdecke perfekt passend f\u00fcr den NATSEQ S\u00fcllrand exklusiv im Set  Euer Preisvorteil gegen\u00fcber Einzelkauf: 119Euro\" \/>\n<meta property=\"og:url\" content=\"https:\/\/kayak-innovations.com\/fr\/product\/natseq-solo-set-limited-edition-cool-grey\/\" \/>\n<meta property=\"og:site_name\" content=\"KAYAK INNOVATIONS\" \/>\n<meta property=\"article:publisher\" content=\"https:\/\/www.facebook.com\/NATSEQ-108045581073906\" \/>\n<meta property=\"article:modified_time\" content=\"2026-04-24T14:14:47+00:00\" \/>\n<meta property=\"og:image\" content=\"https:\/\/kayak-innovations.com\/wp-content\/uploads\/2026\/04\/Set_Grau.jpg\" \/>\n\t<meta property=\"og:image:width\" content=\"2000\" \/>\n\t<meta property=\"og:image:height\" content=\"2000\" \/>\n\t<meta property=\"og:image:type\" content=\"image\/jpeg\" \/>\n<meta name=\"twitter:card\" content=\"summary_large_image\" \/>\n<meta name=\"twitter:label1\" content=\"Dur\u00e9e de lecture estim\u00e9e\" \/>\n\t<meta name=\"twitter:data1\" content=\"2 minutes\" \/>\n<script type=\"application\/ld+json\" class=\"yoast-schema-graph\">{\"@context\":\"https:\\\/\\\/schema.org\",\"@graph\":[{\"@type\":\"WebPage\",\"@id\":\"https:\\\/\\\/kayak-innovations.com\\\/product\\\/natseq-solo-set-limited-edition-cool-grey\\\/\",\"url\":\"https:\\\/\\\/kayak-innovations.com\\\/product\\\/natseq-solo-set-limited-edition-cool-grey\\\/\",\"name\":\"NATSEQ Solo Set limited edition cool grey - KAYAK INNOVATIONS\",\"isPartOf\":{\"@id\":\"https:\\\/\\\/kayak-innovations.com\\\/#website\"},\"primaryImageOfPage\":{\"@id\":\"https:\\\/\\\/kayak-innovations.com\\\/product\\\/natseq-solo-set-limited-edition-cool-grey\\\/#primaryimage\"},\"image\":{\"@id\":\"https:\\\/\\\/kayak-innovations.com\\\/product\\\/natseq-solo-set-limited-edition-cool-grey\\\/#primaryimage\"},\"thumbnailUrl\":\"https:\\\/\\\/kayak-innovations.com\\\/wp-content\\\/uploads\\\/2026\\\/04\\\/Set_Grau.jpg\",\"datePublished\":\"2026-04-21T14:17:31+00:00\",\"dateModified\":\"2026-04-24T14:14:47+00:00\",\"breadcrumb\":{\"@id\":\"https:\\\/\\\/kayak-innovations.com\\\/product\\\/natseq-solo-set-limited-edition-cool-grey\\\/#breadcrumb\"},\"inLanguage\":\"fr-FR\",\"potentialAction\":[{\"@type\":\"ReadAction\",\"target\":[\"https:\\\/\\\/kayak-innovations.com\\\/product\\\/natseq-solo-set-limited-edition-cool-grey\\\/\"]}]},{\"@type\":\"ImageObject\",\"inLanguage\":\"fr-FR\",\"@id\":\"https:\\\/\\\/kayak-innovations.com\\\/product\\\/natseq-solo-set-limited-edition-cool-grey\\\/#primaryimage\",\"url\":\"https:\\\/\\\/kayak-innovations.com\\\/wp-content\\\/uploads\\\/2026\\\/04\\\/Set_Grau.jpg\",\"contentUrl\":\"https:\\\/\\\/kayak-innovations.com\\\/wp-content\\\/uploads\\\/2026\\\/04\\\/Set_Grau.jpg\",\"width\":2000,\"height\":2000},{\"@type\":\"BreadcrumbList\",\"@id\":\"https:\\\/\\\/kayak-innovations.com\\\/product\\\/natseq-solo-set-limited-edition-cool-grey\\\/#breadcrumb\",\"itemListElement\":[{\"@type\":\"ListItem\",\"position\":1,\"name\":\"Startseite\",\"item\":\"https:\\\/\\\/kayak-innovations.com\\\/\"},{\"@type\":\"ListItem\",\"position\":2,\"name\":\"Shop\",\"item\":\"https:\\\/\\\/kayak-innovations.com\\\/kayak-innovations-online-shop-fuer-zubehoer-ersatzteile-und-mehr\\\/\"},{\"@type\":\"ListItem\",\"position\":3,\"name\":\"NATSEQ - Sets\",\"item\":\"https:\\\/\\\/kayak-innovations.com\\\/product-category\\\/natseq-rundum-sorglos-pakete-2\\\/\"},{\"@type\":\"ListItem\",\"position\":4,\"name\":\"NATSEQ Solo Set limited edition cool grey\"}]},{\"@type\":\"WebSite\",\"@id\":\"https:\\\/\\\/kayak-innovations.com\\\/#website\",\"url\":\"https:\\\/\\\/kayak-innovations.com\\\/\",\"name\":\"KAYAK INNOVATIONS\",\"description\":\"Modulares Kajakdesign\",\"publisher\":{\"@id\":\"https:\\\/\\\/kayak-innovations.com\\\/#organization\"},\"potentialAction\":[{\"@type\":\"SearchAction\",\"target\":{\"@type\":\"EntryPoint\",\"urlTemplate\":\"https:\\\/\\\/kayak-innovations.com\\\/?s={search_term_string}\"},\"query-input\":{\"@type\":\"PropertyValueSpecification\",\"valueRequired\":true,\"valueName\":\"search_term_string\"}}],\"inLanguage\":\"fr-FR\"},{\"@type\":\"Organization\",\"@id\":\"https:\\\/\\\/kayak-innovations.com\\\/#organization\",\"name\":\"KAYAK INNOVATIONS\",\"url\":\"https:\\\/\\\/kayak-innovations.com\\\/\",\"logo\":{\"@type\":\"ImageObject\",\"inLanguage\":\"fr-FR\",\"@id\":\"https:\\\/\\\/kayak-innovations.com\\\/#\\\/schema\\\/logo\\\/image\\\/\",\"url\":\"https:\\\/\\\/kayak-innovations.com\\\/wp-content\\\/uploads\\\/2023\\\/03\\\/Logo_Kayak_Innovations.png\",\"contentUrl\":\"https:\\\/\\\/kayak-innovations.com\\\/wp-content\\\/uploads\\\/2023\\\/03\\\/Logo_Kayak_Innovations.png\",\"width\":640,\"height\":132,\"caption\":\"KAYAK INNOVATIONS\"},\"image\":{\"@id\":\"https:\\\/\\\/kayak-innovations.com\\\/#\\\/schema\\\/logo\\\/image\\\/\"},\"sameAs\":[\"https:\\\/\\\/www.facebook.com\\\/NATSEQ-108045581073906\",\"https:\\\/\\\/www.instagram.com\\\/kayak.innovations\\\/\"]}]}<\/script>\n<!-- \/ Yoast SEO plugin. -->","yoast_head_json":{"title":"NATSEQ Solo Set limited edition cool grey - KAYAK INNOVATIONS","robots":{"index":"index","follow":"follow","max-snippet":"max-snippet:-1","max-image-preview":"max-image-preview:large","max-video-preview":"max-video-preview:-1"},"canonical":"https:\/\/kayak-innovations.com\/fr\/product\/natseq-solo-set-limited-edition-cool-grey\/","og_locale":"fr_FR","og_type":"article","og_title":"NATSEQ Solo Set limited edition cool grey - KAYAK INNOVATIONS","og_description":"Das Set besteht aus: 1x NATSEQ Solo Cool Grey UVP 1779,- 1x original NATSEQ Kajakwagen UVP 129,- 1x Hiko Spritzdecke perfekt passend f\u00fcr den NATSEQ S\u00fcllrand exklusiv im Set  Euer Preisvorteil gegen\u00fcber Einzelkauf: 119Euro","og_url":"https:\/\/kayak-innovations.com\/fr\/product\/natseq-solo-set-limited-edition-cool-grey\/","og_site_name":"KAYAK INNOVATIONS","article_publisher":"https:\/\/www.facebook.com\/NATSEQ-108045581073906","article_modified_time":"2026-04-24T14:14:47+00:00","og_image":[{"width":2000,"height":2000,"url":"https:\/\/kayak-innovations.com\/wp-content\/uploads\/2026\/04\/Set_Grau.jpg","type":"image\/jpeg"}],"twitter_card":"summary_large_image","twitter_misc":{"Dur\u00e9e de lecture estim\u00e9e":"2 minutes"},"schema":{"@context":"https:\/\/schema.org","@graph":[{"@type":"WebPage","@id":"https:\/\/kayak-innovations.com\/product\/natseq-solo-set-limited-edition-cool-grey\/","url":"https:\/\/kayak-innovations.com\/product\/natseq-solo-set-limited-edition-cool-grey\/","name":"NATSEQ Solo Set limited edition cool grey - KAYAK INNOVATIONS","isPartOf":{"@id":"https:\/\/kayak-innovations.com\/#website"},"primaryImageOfPage":{"@id":"https:\/\/kayak-innovations.com\/product\/natseq-solo-set-limited-edition-cool-grey\/#primaryimage"},"image":{"@id":"https:\/\/kayak-innovations.com\/product\/natseq-solo-set-limited-edition-cool-grey\/#primaryimage"},"thumbnailUrl":"https:\/\/kayak-innovations.com\/wp-content\/uploads\/2026\/04\/Set_Grau.jpg","datePublished":"2026-04-21T14:17:31+00:00","dateModified":"2026-04-24T14:14:47+00:00","breadcrumb":{"@id":"https:\/\/kayak-innovations.com\/product\/natseq-solo-set-limited-edition-cool-grey\/#breadcrumb"},"inLanguage":"fr-FR","potentialAction":[{"@type":"ReadAction","target":["https:\/\/kayak-innovations.com\/product\/natseq-solo-set-limited-edition-cool-grey\/"]}]},{"@type":"ImageObject","inLanguage":"fr-FR","@id":"https:\/\/kayak-innovations.com\/product\/natseq-solo-set-limited-edition-cool-grey\/#primaryimage","url":"https:\/\/kayak-innovations.com\/wp-content\/uploads\/2026\/04\/Set_Grau.jpg","contentUrl":"https:\/\/kayak-innovations.com\/wp-content\/uploads\/2026\/04\/Set_Grau.jpg","width":2000,"height":2000},{"@type":"BreadcrumbList","@id":"https:\/\/kayak-innovations.com\/product\/natseq-solo-set-limited-edition-cool-grey\/#breadcrumb","itemListElement":[{"@type":"ListItem","position":1,"name":"Startseite","item":"https:\/\/kayak-innovations.com\/"},{"@type":"ListItem","position":2,"name":"Shop","item":"https:\/\/kayak-innovations.com\/kayak-innovations-online-shop-fuer-zubehoer-ersatzteile-und-mehr\/"},{"@type":"ListItem","position":3,"name":"NATSEQ - Sets","item":"https:\/\/kayak-innovations.com\/product-category\/natseq-rundum-sorglos-pakete-2\/"},{"@type":"ListItem","position":4,"name":"NATSEQ Solo Set limited edition cool grey"}]},{"@type":"WebSite","@id":"https:\/\/kayak-innovations.com\/#website","url":"https:\/\/kayak-innovations.com\/","name":"KAYAK INNOVATIONS","description":"Conception modulaire du kayak","publisher":{"@id":"https:\/\/kayak-innovations.com\/#organization"},"potentialAction":[{"@type":"SearchAction","target":{"@type":"EntryPoint","urlTemplate":"https:\/\/kayak-innovations.com\/?s={search_term_string}"},"query-input":{"@type":"PropertyValueSpecification","valueRequired":true,"valueName":"search_term_string"}}],"inLanguage":"fr-FR"},{"@type":"Organization","@id":"https:\/\/kayak-innovations.com\/#organization","name":"KAYAK INNOVATIONS","url":"https:\/\/kayak-innovations.com\/","logo":{"@type":"ImageObject","inLanguage":"fr-FR","@id":"https:\/\/kayak-innovations.com\/#\/schema\/logo\/image\/","url":"https:\/\/kayak-innovations.com\/wp-content\/uploads\/2023\/03\/Logo_Kayak_Innovations.png","contentUrl":"https:\/\/kayak-innovations.com\/wp-content\/uploads\/2023\/03\/Logo_Kayak_Innovations.png","width":640,"height":132,"caption":"KAYAK INNOVATIONS"},"image":{"@id":"https:\/\/kayak-innovations.com\/#\/schema\/logo\/image\/"},"sameAs":["https:\/\/www.facebook.com\/NATSEQ-108045581073906","https:\/\/www.instagram.com\/kayak.innovations\/"]}]}},"_links":{"self":[{"href":"https:\/\/kayak-innovations.com\/fr\/wp-json\/wp\/v2\/product\/115086","targetHints":{"allow":["GET"]}}],"collection":[{"href":"https:\/\/kayak-innovations.com\/fr\/wp-json\/wp\/v2\/product"}],"about":[{"href":"https:\/\/kayak-innovations.com\/fr\/wp-json\/wp\/v2\/types\/product"}],"wp:featuredmedia":[{"embeddable":true,"href":"https:\/\/kayak-innovations.com\/fr\/wp-json\/wp\/v2\/media\/115090"}],"wp:attachment":[{"href":"https:\/\/kayak-innovations.com\/fr\/wp-json\/wp\/v2\/media?parent=115086"}],"wp:term":[{"taxonomy":"product_brand","embeddable":true,"href":"https:\/\/kayak-innovations.com\/fr\/wp-json\/wp\/v2\/product_brand?post=115086"},{"taxonomy":"product_cat","embeddable":true,"href":"https:\/\/kayak-innovations.com\/fr\/wp-json\/wp\/v2\/product_cat?post=115086"},{"taxonomy":"product_tag","embeddable":true,"href":"https:\/\/kayak-innovations.com\/fr\/wp-json\/wp\/v2\/product_tag?post=115086"}],"curies":[{"name":"wp","href":"https:\/\/api.w.org\/{rel}","templated":true}]}}