{"id":114139,"date":"2025-12-08T09:03:58","date_gmt":"2025-12-08T08:03:58","guid":{"rendered":"https:\/\/kayak-innovations.com\/?page_id=114139"},"modified":"2025-12-08T09:13:07","modified_gmt":"2025-12-08T08:13:07","slug":"weihnachtspost","status":"publish","type":"page","link":"https:\/\/kayak-innovations.com\/it\/weihnachtspost\/","title":{"rendered":"Landingpage Weihnachtspost"},"content":{"rendered":"<p>[et_pb_section fb_built=&#8220;1&#8243; custom_padding_last_edited=&#8220;on|phone&#8220; module_id=&#8220;1&#8243; _builder_version=&#8220;4.21.0&#8243; _module_preset=&#8220;default&#8220; background_color=&#8220;#FFFFFF&#8220; module_alignment=&#8220;center&#8220; custom_padding=&#8220;80px||60px||false|false&#8220; custom_padding_tablet=&#8220;40px||40px||false|false&#8220; custom_padding_phone=&#8220;40px||40px||false|false&#8220; top_divider_height=&#8220;20px&#8220; top_divider_flip=&#8220;horizontal&#8220; top_divider_arrangement=&#8220;above_content&#8220; top_divider_style_tablet=&#8220;wave2&#8243; top_divider_style_phone=&#8220;none&#8220; top_divider_style_last_edited=&#8220;off|desktop&#8220; saved_tabs=&#8220;all&#8220; global_colors_info=&#8220;{}&#8220;][et_pb_row column_structure=&#8220;1_2,1_2&#8243; use_custom_gutter=&#8220;on&#8220; make_equal=&#8220;on&#8220; custom_padding_last_edited=&#8220;on|tablet&#8220; _builder_version=&#8220;4.21.0&#8243; _module_preset=&#8220;default&#8220; width_tablet=&#8220;80%&#8220; width_phone=&#8220;80%&#8220; width_last_edited=&#8220;on|phone&#8220; max_width=&#8220;none&#8220; module_alignment=&#8220;center&#8220; custom_margin=&#8220;0px|0px|0px|0px|false|false&#8220; custom_padding=&#8220;0px|0px|0px|0px|false|false&#8220; custom_padding_tablet=&#8220;0px|0px|0px|0px|false|false&#8220; custom_padding_phone=&#8220;|0px||0%|false|false&#8220; module_alignment_tablet=&#8220;center&#8220; module_alignment_phone=&#8220;center&#8220; module_alignment_last_edited=&#8220;on|phone&#8220; custom_css_main_element=&#8220;display:flex;||flex-wrap: wrap;&#8220; global_colors_info=&#8220;{}&#8220; custom_css_main_element_last_edited=&#8220;off|desktop&#8220; custom_css_main_element_tablet=&#8220;display:block;&#8220; custom_css_main_element_phone=&#8220;display:block;&#8220;][et_pb_column type=&#8220;1_2&#8243; _builder_version=&#8220;4.21.0&#8243; _module_preset=&#8220;default&#8220; background_enable_color=&#8220;off&#8220; custom_padding=&#8220;||||false|false&#8220; custom_css_main_element=&#8220;order:1;&#8220; global_colors_info=&#8220;{}&#8220; custom_css_main_element_last_edited=&#8220;on|desktop&#8220; custom_css_main_element_tablet=&#8220;order:2;&#8220; custom_css_main_element_phone=&#8220;order:2;&#8220;][et_pb_text _builder_version=&#8220;4.27.0&#8243; _module_preset=&#8220;default&#8220; header_text_color=&#8220;#383939&#8243; header_2_text_color=&#8220;#383939&#8243; text_font_size_tablet=&#8220;&#8220; text_font_size_phone=&#8220;&#8220; text_font_size_last_edited=&#8220;on|desktop&#8220; global_colors_info=&#8220;{}&#8220;]<\/p>\n<h3>Verschickt zauberhafte Weihnachtsgr\u00fc\u00dfe!<\/h3>\n<p>&nbsp;<\/p>\n<p>Die Weihnachtskarten sind gratis zum Download f\u00fcr eure Weihnachtsgr\u00fc\u00dfe an Familie, Freunde oder Kollegen und Bekannte. Ihr k\u00f6nnt sie sowohl digital verschicken als auch ausdrucken. Selbst als Weihnachtsposter bis DIN A2 k\u00f6nnt ihr unsere Vorlagen verwenden.<\/p>\n<p>[\/et_pb_text][et_pb_button button_url=&#8220;@ET-DC@eyJkeW5hbWljIjp0cnVlLCJjb250ZW50IjoicG9zdF9saW5rX3VybF93cGRtcHJvIiwic2V0dGluZ3MiOnsicG9zdF9pZCI6IjExNDE1MyJ9fQ==@&#8220; url_new_window=&#8220;on&#8220; button_text=&#8220;Adventskranz&#8220; _builder_version=&#8220;4.27.4&#8243; _dynamic_attributes=&#8220;button_url&#8220; _module_preset=&#8220;default&#8220; custom_button=&#8220;on&#8220; button_text_size=&#8220;18px&#8220; button_text_color=&#8220;#FFFFFF&#8220; button_bg_color=&#8220;#222222&#8243; button_font=&#8220;Square_Roman||||||||&#8220; global_colors_info=&#8220;{}&#8220;][\/et_pb_button][et_pb_button button_url=&#8220;@ET-DC@eyJkeW5hbWljIjp0cnVlLCJjb250ZW50IjoicG9zdF9saW5rX3VybF93cGRtcHJvIiwic2V0dGluZ3MiOnsicG9zdF9pZCI6IjExNDE1NCJ9fQ==@&#8220; url_new_window=&#8220;on&#8220; button_text=&#8220;Girlande&#8220; _builder_version=&#8220;4.27.4&#8243; _dynamic_attributes=&#8220;button_url&#8220; _module_preset=&#8220;default&#8220; custom_button=&#8220;on&#8220; button_text_size=&#8220;18px&#8220; button_text_color=&#8220;#FFFFFF&#8220; button_bg_color=&#8220;#222222&#8243; button_font=&#8220;Square_Roman||||||||&#8220; global_colors_info=&#8220;{}&#8220;][\/et_pb_button][et_pb_button button_url=&#8220;@ET-DC@eyJkeW5hbWljIjp0cnVlLCJjb250ZW50IjoicG9zdF9saW5rX3VybF93cGRtcHJvIiwic2V0dGluZ3MiOnsicG9zdF9pZCI6IjExNDE1NSJ9fQ==@&#8220; button_text=&#8220;Ho Ho Ho&#8220; _builder_version=&#8220;4.27.4&#8243; _dynamic_attributes=&#8220;button_url&#8220; _module_preset=&#8220;default&#8220; custom_button=&#8220;on&#8220; button_text_size=&#8220;18px&#8220; button_text_color=&#8220;#FFFFFF&#8220; button_bg_color=&#8220;#222222&#8243; button_font=&#8220;Square_Roman||||||||&#8220; global_colors_info=&#8220;{}&#8220;][\/et_pb_button][et_pb_button button_url=&#8220;@ET-DC@eyJkeW5hbWljIjp0cnVlLCJjb250ZW50IjoicG9zdF9saW5rX3VybF93cGRtcHJvIiwic2V0dGluZ3MiOnsicG9zdF9pZCI6IjExNDE1NiJ9fQ==@&#8220; button_text=&#8220;Geschenke&#8220; _builder_version=&#8220;4.27.4&#8243; _dynamic_attributes=&#8220;button_url&#8220; _module_preset=&#8220;default&#8220; custom_button=&#8220;on&#8220; button_text_size=&#8220;18px&#8220; button_text_color=&#8220;#FFFFFF&#8220; button_bg_color=&#8220;#222222&#8243; button_font=&#8220;Square_Roman||||||||&#8220; global_colors_info=&#8220;{}&#8220;][\/et_pb_button][et_pb_button button_url=&#8220;@ET-DC@eyJkeW5hbWljIjp0cnVlLCJjb250ZW50IjoicG9zdF9saW5rX3VybF93cGRtcHJvIiwic2V0dGluZ3MiOnsicG9zdF9pZCI6IjExNDE1NyJ9fQ==@&#8220; button_text=&#8220;Pl\u00e4tzchen&#8220; _builder_version=&#8220;4.27.4&#8243; _dynamic_attributes=&#8220;button_url&#8220; _module_preset=&#8220;default&#8220; custom_button=&#8220;on&#8220; button_text_size=&#8220;18px&#8220; button_text_color=&#8220;#FFFFFF&#8220; button_bg_color=&#8220;#222222&#8243; button_font=&#8220;Square_Roman||||||||&#8220; global_colors_info=&#8220;{}&#8220;][\/et_pb_button][et_pb_button button_url=&#8220;@ET-DC@eyJkeW5hbWljIjp0cnVlLCJjb250ZW50IjoicG9zdF9saW5rX3VybF93cGRtcHJvIiwic2V0dGluZ3MiOnsicG9zdF9pZCI6IjExNDE2MSJ9fQ==@&#8220; button_text=&#8220;Weihnachtspullover&#8220; _builder_version=&#8220;4.27.4&#8243; _dynamic_attributes=&#8220;button_url&#8220; _module_preset=&#8220;default&#8220; custom_button=&#8220;on&#8220; button_text_size=&#8220;18px&#8220; button_text_color=&#8220;#FFFFFF&#8220; button_bg_color=&#8220;#222222&#8243; button_font=&#8220;Square_Roman||||||||&#8220; global_colors_info=&#8220;{}&#8220;][\/et_pb_button][et_pb_button button_url=&#8220;@ET-DC@eyJkeW5hbWljIjp0cnVlLCJjb250ZW50IjoicG9zdF9saW5rX3VybF93cGRtcHJvIiwic2V0dGluZ3MiOnsicG9zdF9pZCI6IjExNDE2MyJ9fQ==@&#8220; button_text=&#8220;Rodeln&#8220; _builder_version=&#8220;4.27.4&#8243; _dynamic_attributes=&#8220;button_url&#8220; _module_preset=&#8220;default&#8220; custom_button=&#8220;on&#8220; button_text_size=&#8220;18px&#8220; button_text_color=&#8220;#FFFFFF&#8220; button_bg_color=&#8220;#222222&#8243; button_font=&#8220;Square_Roman||||||||&#8220; global_colors_info=&#8220;{}&#8220;][\/et_pb_button][et_pb_button button_url=&#8220;@ET-DC@eyJkeW5hbWljIjp0cnVlLCJjb250ZW50IjoicG9zdF9saW5rX3VybF93cGRtcHJvIiwic2V0dGluZ3MiOnsicG9zdF9pZCI6IjExNDE2NCJ9fQ==@&#8220; url_new_window=&#8220;on&#8220; button_text=&#8220;Schneekugel&#8220; _builder_version=&#8220;4.27.4&#8243; _dynamic_attributes=&#8220;button_url&#8220; _module_preset=&#8220;default&#8220; custom_button=&#8220;on&#8220; button_text_size=&#8220;18px&#8220; button_text_color=&#8220;#FFFFFF&#8220; button_bg_color=&#8220;#222222&#8243; button_font=&#8220;Square_Roman||||||||&#8220; global_colors_info=&#8220;{}&#8220;][\/et_pb_button][et_pb_button button_url=&#8220;@ET-DC@eyJkeW5hbWljIjp0cnVlLCJjb250ZW50IjoicG9zdF9saW5rX3VybF93cGRtcHJvIiwic2V0dGluZ3MiOnsicG9zdF9pZCI6IjExNDE2NSJ9fQ==@&#8220; button_text=&#8220;Schneemann&#8220; _builder_version=&#8220;4.27.4&#8243; _dynamic_attributes=&#8220;button_url&#8220; _module_preset=&#8220;default&#8220; custom_button=&#8220;on&#8220; button_text_size=&#8220;18px&#8220; button_text_color=&#8220;#FFFFFF&#8220; button_bg_color=&#8220;#222222&#8243; button_font=&#8220;Square_Roman||||||||&#8220; global_colors_info=&#8220;{}&#8220;][\/et_pb_button][et_pb_button button_url=&#8220;@ET-DC@eyJkeW5hbWljIjp0cnVlLCJjb250ZW50IjoicG9zdF9saW5rX3VybF93cGRtcHJvIiwic2V0dGluZ3MiOnsicG9zdF9pZCI6IjExNDE2NiJ9fQ==@&#8220; button_text=&#8220;Stern&#8220; _builder_version=&#8220;4.27.4&#8243; _dynamic_attributes=&#8220;button_url&#8220; _module_preset=&#8220;default&#8220; custom_button=&#8220;on&#8220; button_text_size=&#8220;18px&#8220; button_text_color=&#8220;#FFFFFF&#8220; button_bg_color=&#8220;#222222&#8243; button_font=&#8220;Square_Roman||||||||&#8220; global_colors_info=&#8220;{}&#8220;][\/et_pb_button][et_pb_button button_url=&#8220;@ET-DC@eyJkeW5hbWljIjp0cnVlLCJjb250ZW50IjoicG9zdF9saW5rX3VybF93cGRtcHJvIiwic2V0dGluZ3MiOnsicG9zdF9pZCI6IjExNDE2NyJ9fQ==@&#8220; button_text=&#8220;Tannenbaum&#8220; _builder_version=&#8220;4.27.4&#8243; _dynamic_attributes=&#8220;button_url&#8220; _module_preset=&#8220;default&#8220; custom_button=&#8220;on&#8220; button_text_size=&#8220;18px&#8220; button_text_color=&#8220;#FFFFFF&#8220; button_bg_color=&#8220;#222222&#8243; button_font=&#8220;Square_Roman||||||||&#8220; global_colors_info=&#8220;{}&#8220;][\/et_pb_button][et_pb_button button_url=&#8220;@ET-DC@eyJkeW5hbWljIjp0cnVlLCJjb250ZW50IjoicG9zdF9saW5rX3VybF93cGRtcHJvIiwic2V0dGluZ3MiOnsicG9zdF9pZCI6IjExNDE2OCJ9fQ==@&#8220; button_text=&#8220;Weihnachtsschlitten&#8220; _builder_version=&#8220;4.27.4&#8243; _dynamic_attributes=&#8220;button_url&#8220; _module_preset=&#8220;default&#8220; custom_button=&#8220;on&#8220; button_text_size=&#8220;18px&#8220; button_text_color=&#8220;#FFFFFF&#8220; button_bg_color=&#8220;#222222&#8243; button_font=&#8220;Square_Roman||||||||&#8220; global_colors_info=&#8220;{}&#8220;][\/et_pb_button][\/et_pb_column][et_pb_column type=&#8220;1_2&#8243; _builder_version=&#8220;4.21.0&#8243; _module_preset=&#8220;default&#8220; background_enable_color=&#8220;off&#8220; background_enable_image=&#8220;off&#8220; custom_padding=&#8220;||||false|false&#8220; custom_css_main_element=&#8220;order:2;&#8220; global_colors_info=&#8220;{}&#8220; custom_css_main_element_last_edited=&#8220;on|phone&#8220; custom_css_main_element_phone=&#8220;order:1;&#8220; custom_css_main_element_tablet=&#8220;order:1;&#8220;][et_pb_gallery gallery_ids=&#8220;114141,114142,114143,114144,114145,114146,114147,114148,114149,114150,114151,114152&#8243; fullwidth=&#8220;on&#8220; _builder_version=&#8220;4.27.4&#8243; _module_preset=&#8220;default&#8220; width=&#8220;60%&#8220; width_tablet=&#8220;65%&#8220; width_phone=&#8220;65%&#8220; width_last_edited=&#8220;on|phone&#8220; max_width=&#8220;65%&#8220; min_height=&#8220;670px&#8220; min_height_tablet=&#8220;650px&#8220; min_height_phone=&#8220;350px&#8220; min_height_last_edited=&#8220;on|desktop&#8220; height=&#8220;1000px&#8220; max_height=&#8220;670px&#8220; max_height_tablet=&#8220;650px&#8220; max_height_phone=&#8220;350px&#8220; max_height_last_edited=&#8220;on|tablet&#8220; global_colors_info=&#8220;{}&#8220;][\/et_pb_gallery][et_pb_text _builder_version=&#8220;4.27.4&#8243; _module_preset=&#8220;default&#8220; global_colors_info=&#8220;{}&#8220;]<\/p>\n<p>Euch stehen 12 weihnachtslichte Motive zur Auswahl vom Adventskranz \u00fcber den Weihnachtspullover, von Geschenken bis zu Pl\u00e4tzchen, vom Tannenbaum bis zur Weihnachtsgirlande.<\/p>\n<p>Nat\u00fcrlich ist auch unser Wichtel als Motiv dabei. Wusstet ihr, dass man mit dem NATSEQ auch rodeln kann? Zumindest der Weihnachtsmann probiert es aus.\u00a0<\/p>\n<p>W\u00e4hlt euer liebstes Motiv oder ladet alle herunter. Die Freude wird garantiert gro\u00df sein.\u00a0<\/p>\n<p><strong>Frohe Weihnachten allen!<\/strong><\/p>\n<p>[\/et_pb_text][\/et_pb_column][\/et_pb_row][\/et_pb_section]<\/p>\n","protected":false},"excerpt":{"rendered":"<p>Verschickt zauberhafte Weihnachtsgr\u00fc\u00dfe! &nbsp; Die Weihnachtskarten sind gratis zum Download f\u00fcr eure Weihnachtsgr\u00fc\u00dfe an Familie, Freunde oder Kollegen und Bekannte. Ihr k\u00f6nnt sie sowohl digital verschicken als auch ausdrucken. Selbst als Weihnachtsposter bis DIN A2 k\u00f6nnt ihr unsere Vorlagen verwenden.Euch stehen 12 weihnachtslichte Motive zur Auswahl vom Adventskranz \u00fcber den Weihnachtspullover, von Geschenken bis zu [&hellip;]<\/p>\n","protected":false},"author":20,"featured_media":0,"parent":0,"menu_order":0,"comment_status":"closed","ping_status":"closed","template":"","meta":{"_et_pb_use_builder":"on","_et_pb_old_content":"","_et_gb_content_width":"","footnotes":""},"class_list":["post-114139","page","type-page","status-publish","hentry"],"yoast_head":"<!-- This site is optimized with the Yoast SEO plugin v27.5 - https:\/\/yoast.com\/product\/yoast-seo-wordpress\/ -->\n<title>Landingpage Weihnachtspost - KAYAK INNOVATIONS<\/title>\n<meta name=\"description\" content=\"Nur im September: wir schenken euch zu jedem Natseq die original Steueranlage dazu. Bei allen teilnehmenden Handelspartnern und in unserem Shop.\" \/>\n<meta name=\"robots\" content=\"index, follow, max-snippet:-1, max-image-preview:large, max-video-preview:-1\" \/>\n<link rel=\"canonical\" href=\"https:\/\/kayak-innovations.com\/it\/weihnachtspost\/\" \/>\n<meta property=\"og:locale\" content=\"it_IT\" \/>\n<meta property=\"og:type\" content=\"article\" \/>\n<meta property=\"og:title\" content=\"Landingpage Weihnachtspost - KAYAK INNOVATIONS\" \/>\n<meta property=\"og:description\" content=\"Nur im September: wir schenken euch zu jedem Natseq die original Steueranlage dazu. Bei allen teilnehmenden Handelspartnern und in unserem Shop.\" \/>\n<meta property=\"og:url\" content=\"https:\/\/kayak-innovations.com\/it\/weihnachtspost\/\" \/>\n<meta property=\"og:site_name\" content=\"KAYAK INNOVATIONS\" \/>\n<meta property=\"article:publisher\" content=\"https:\/\/www.facebook.com\/NATSEQ-108045581073906\" \/>\n<meta property=\"article:modified_time\" content=\"2025-12-08T08:13:07+00:00\" \/>\n<meta name=\"twitter:card\" content=\"summary_large_image\" \/>\n<meta name=\"twitter:label1\" content=\"Tempo di lettura stimato\" \/>\n\t<meta name=\"twitter:data1\" content=\"4 minuti\" \/>\n<script type=\"application\/ld+json\" class=\"yoast-schema-graph\">{\"@context\":\"https:\\\/\\\/schema.org\",\"@graph\":[{\"@type\":\"WebPage\",\"@id\":\"https:\\\/\\\/kayak-innovations.com\\\/weihnachtspost\\\/\",\"url\":\"https:\\\/\\\/kayak-innovations.com\\\/weihnachtspost\\\/\",\"name\":\"Landingpage Weihnachtspost - KAYAK INNOVATIONS\",\"isPartOf\":{\"@id\":\"https:\\\/\\\/kayak-innovations.com\\\/#website\"},\"datePublished\":\"2025-12-08T08:03:58+00:00\",\"dateModified\":\"2025-12-08T08:13:07+00:00\",\"description\":\"Nur im September: wir schenken euch zu jedem Natseq die original Steueranlage dazu. Bei allen teilnehmenden Handelspartnern und in unserem Shop.\",\"breadcrumb\":{\"@id\":\"https:\\\/\\\/kayak-innovations.com\\\/weihnachtspost\\\/#breadcrumb\"},\"inLanguage\":\"it-IT\",\"potentialAction\":[{\"@type\":\"ReadAction\",\"target\":[\"https:\\\/\\\/kayak-innovations.com\\\/weihnachtspost\\\/\"]}]},{\"@type\":\"BreadcrumbList\",\"@id\":\"https:\\\/\\\/kayak-innovations.com\\\/weihnachtspost\\\/#breadcrumb\",\"itemListElement\":[{\"@type\":\"ListItem\",\"position\":1,\"name\":\"Startseite\",\"item\":\"https:\\\/\\\/kayak-innovations.com\\\/\"},{\"@type\":\"ListItem\",\"position\":2,\"name\":\"Landingpage Weihnachtspost\"}]},{\"@type\":\"WebSite\",\"@id\":\"https:\\\/\\\/kayak-innovations.com\\\/#website\",\"url\":\"https:\\\/\\\/kayak-innovations.com\\\/\",\"name\":\"KAYAK INNOVATIONS\",\"description\":\"Modulares Kajakdesign\",\"publisher\":{\"@id\":\"https:\\\/\\\/kayak-innovations.com\\\/#organization\"},\"potentialAction\":[{\"@type\":\"SearchAction\",\"target\":{\"@type\":\"EntryPoint\",\"urlTemplate\":\"https:\\\/\\\/kayak-innovations.com\\\/?s={search_term_string}\"},\"query-input\":{\"@type\":\"PropertyValueSpecification\",\"valueRequired\":true,\"valueName\":\"search_term_string\"}}],\"inLanguage\":\"it-IT\"},{\"@type\":\"Organization\",\"@id\":\"https:\\\/\\\/kayak-innovations.com\\\/#organization\",\"name\":\"KAYAK INNOVATIONS\",\"url\":\"https:\\\/\\\/kayak-innovations.com\\\/\",\"logo\":{\"@type\":\"ImageObject\",\"inLanguage\":\"it-IT\",\"@id\":\"https:\\\/\\\/kayak-innovations.com\\\/#\\\/schema\\\/logo\\\/image\\\/\",\"url\":\"https:\\\/\\\/kayak-innovations.com\\\/wp-content\\\/uploads\\\/2023\\\/03\\\/Logo_Kayak_Innovations.png\",\"contentUrl\":\"https:\\\/\\\/kayak-innovations.com\\\/wp-content\\\/uploads\\\/2023\\\/03\\\/Logo_Kayak_Innovations.png\",\"width\":640,\"height\":132,\"caption\":\"KAYAK INNOVATIONS\"},\"image\":{\"@id\":\"https:\\\/\\\/kayak-innovations.com\\\/#\\\/schema\\\/logo\\\/image\\\/\"},\"sameAs\":[\"https:\\\/\\\/www.facebook.com\\\/NATSEQ-108045581073906\",\"https:\\\/\\\/www.instagram.com\\\/kayak.innovations\\\/\"]}]}<\/script>\n<!-- \/ Yoast SEO plugin. -->","yoast_head_json":{"title":"Landingpage Weihnachtspost - KAYAK INNOVATIONS","description":"Nur im September: wir schenken euch zu jedem Natseq die original Steueranlage dazu. Bei allen teilnehmenden Handelspartnern und in unserem Shop.","robots":{"index":"index","follow":"follow","max-snippet":"max-snippet:-1","max-image-preview":"max-image-preview:large","max-video-preview":"max-video-preview:-1"},"canonical":"https:\/\/kayak-innovations.com\/it\/weihnachtspost\/","og_locale":"it_IT","og_type":"article","og_title":"Landingpage Weihnachtspost - KAYAK INNOVATIONS","og_description":"Nur im September: wir schenken euch zu jedem Natseq die original Steueranlage dazu. Bei allen teilnehmenden Handelspartnern und in unserem Shop.","og_url":"https:\/\/kayak-innovations.com\/it\/weihnachtspost\/","og_site_name":"KAYAK INNOVATIONS","article_publisher":"https:\/\/www.facebook.com\/NATSEQ-108045581073906","article_modified_time":"2025-12-08T08:13:07+00:00","twitter_card":"summary_large_image","twitter_misc":{"Tempo di lettura stimato":"4 minuti"},"schema":{"@context":"https:\/\/schema.org","@graph":[{"@type":"WebPage","@id":"https:\/\/kayak-innovations.com\/weihnachtspost\/","url":"https:\/\/kayak-innovations.com\/weihnachtspost\/","name":"Landingpage Weihnachtspost - KAYAK INNOVATIONS","isPartOf":{"@id":"https:\/\/kayak-innovations.com\/#website"},"datePublished":"2025-12-08T08:03:58+00:00","dateModified":"2025-12-08T08:13:07+00:00","description":"Nur im September: wir schenken euch zu jedem Natseq die original Steueranlage dazu. Bei allen teilnehmenden Handelspartnern und in unserem Shop.","breadcrumb":{"@id":"https:\/\/kayak-innovations.com\/weihnachtspost\/#breadcrumb"},"inLanguage":"it-IT","potentialAction":[{"@type":"ReadAction","target":["https:\/\/kayak-innovations.com\/weihnachtspost\/"]}]},{"@type":"BreadcrumbList","@id":"https:\/\/kayak-innovations.com\/weihnachtspost\/#breadcrumb","itemListElement":[{"@type":"ListItem","position":1,"name":"Startseite","item":"https:\/\/kayak-innovations.com\/"},{"@type":"ListItem","position":2,"name":"Landingpage Weihnachtspost"}]},{"@type":"WebSite","@id":"https:\/\/kayak-innovations.com\/#website","url":"https:\/\/kayak-innovations.com\/","name":"INNOVAZIONI PER IL KAYAK","description":"Modulares Kajakdesign","publisher":{"@id":"https:\/\/kayak-innovations.com\/#organization"},"potentialAction":[{"@type":"SearchAction","target":{"@type":"EntryPoint","urlTemplate":"https:\/\/kayak-innovations.com\/?s={search_term_string}"},"query-input":{"@type":"PropertyValueSpecification","valueRequired":true,"valueName":"search_term_string"}}],"inLanguage":"it-IT"},{"@type":"Organization","@id":"https:\/\/kayak-innovations.com\/#organization","name":"INNOVAZIONI PER IL KAYAK","url":"https:\/\/kayak-innovations.com\/","logo":{"@type":"ImageObject","inLanguage":"it-IT","@id":"https:\/\/kayak-innovations.com\/#\/schema\/logo\/image\/","url":"https:\/\/kayak-innovations.com\/wp-content\/uploads\/2023\/03\/Logo_Kayak_Innovations.png","contentUrl":"https:\/\/kayak-innovations.com\/wp-content\/uploads\/2023\/03\/Logo_Kayak_Innovations.png","width":640,"height":132,"caption":"KAYAK INNOVATIONS"},"image":{"@id":"https:\/\/kayak-innovations.com\/#\/schema\/logo\/image\/"},"sameAs":["https:\/\/www.facebook.com\/NATSEQ-108045581073906","https:\/\/www.instagram.com\/kayak.innovations\/"]}]}},"_links":{"self":[{"href":"https:\/\/kayak-innovations.com\/it\/wp-json\/wp\/v2\/pages\/114139","targetHints":{"allow":["GET"]}}],"collection":[{"href":"https:\/\/kayak-innovations.com\/it\/wp-json\/wp\/v2\/pages"}],"about":[{"href":"https:\/\/kayak-innovations.com\/it\/wp-json\/wp\/v2\/types\/page"}],"author":[{"embeddable":true,"href":"https:\/\/kayak-innovations.com\/it\/wp-json\/wp\/v2\/users\/20"}],"replies":[{"embeddable":true,"href":"https:\/\/kayak-innovations.com\/it\/wp-json\/wp\/v2\/comments?post=114139"}],"version-history":[{"count":5,"href":"https:\/\/kayak-innovations.com\/it\/wp-json\/wp\/v2\/pages\/114139\/revisions"}],"predecessor-version":[{"id":114170,"href":"https:\/\/kayak-innovations.com\/it\/wp-json\/wp\/v2\/pages\/114139\/revisions\/114170"}],"wp:attachment":[{"href":"https:\/\/kayak-innovations.com\/it\/wp-json\/wp\/v2\/media?parent=114139"}],"curies":[{"name":"wp","href":"https:\/\/api.w.org\/{rel}","templated":true}]}}