{"id":105636,"date":"2023-03-23T11:36:42","date_gmt":"2023-03-23T10:36:42","guid":{"rendered":"https:\/\/kayak-innovations.com\/product\/kajak-natseq-tandem-harlekin\/"},"modified":"2026-02-02T18:05:20","modified_gmt":"2026-02-02T17:05:20","slug":"kajak-natseq-tandem-harlekin-random","status":"publish","type":"product","link":"https:\/\/kayak-innovations.com\/it\/product\/kajak-natseq-tandem-harlekin-random\/","title":{"rendered":"Kajak NATSEQ &#8211; Tandem Harlekin"},"content":{"rendered":"<p><strong>NATSEQ - Un kayak unico e divisibile:<\/strong><\/p>\n<ul>\n<li>pu\u00f2 essere convertito da un doppio a un singolo in pochi secondi<\/li>\n<li>Veloce, agile e facile da manovrare<\/li>\n<li>con sistema di bloccaggio brevettato per un rapido montaggio e smontaggio, nonch\u00e9 per un trasporto e uno stoccaggio di minimo ingombro<\/li>\n<li>per principianti e avanzati<\/li>\n<li>100% Prodotto in Germania.<\/li>\n<\/ul>\n<p>I colori mostrati possono differire leggermente dal prodotto reale.<\/p>\n<p><strong>Stellt euer eigenes NATSEQ Solo zusammen! Mit unserem Konfigurator entscheidet ihr, welche Farbe Bug, Cockpit und Heck haben sollen \u2013 auch die Farbe der Lukendeckel und Bungees k\u00f6nnt ihr individuell festlegen! <a href=\"https:\/\/kayak-innovations.com\/it\/kayak-konfigurator\/\">zum Konfigurator<\/a><\/strong><\/p>\n<p>Sportliche Linienf\u00fchrung gepaart mit viel Platz in Bug und Heck als komplett nutzbarem Stauraum \u2013 bis zu 260kg kommen beim Tandem mit an Bord \u2013 sowie zwei riesige Cockpits, in denen selbst \u00fcber 2 Meter gro\u00dfe Paddler:innen komfortabel Platz nehmen k\u00f6nnen. Die verstellbare R\u00fcckenlehne sowie Fu\u00dfrasten erm\u00f6glichen euch die perfekte bequeme Sitzposition.<\/p>\n<p>NATSEQ \u00e8 ideale per fiumi, laghi e acque costiere - per poche ore o giorni, da soli o in coppia in tandem, ... con bagagli o cane, il PACKER offre altri 60 litri di volume di carico e trasporta fino a 50 kg.<\/p>\n<p>In caso di domande, vi preghiamo di contattarci via e-mail <em><span id=\"eeb-155689-965993\"><span id=\"eeb-9534-138432\">service@kayak-innovations.com<\/span><\/span><\/em><\/p>\n<p>Potete trovare altri moduli NATSEQ, accessori e accessori nel menu principale del negozio.<\/p>\n<p>Ihr \u00fcberlegt noch? Dann schaut doch mal nach Erfahrungsberichten im Netz. Einfach \u201cNATSEQ Kajak\u201d bei YouTube, facebook oder Instagram eingeben und gespannt sein. \ud83d\ude09<\/p>","protected":false},"excerpt":{"rendered":"<div class=\"et_pb_module et_pb_wc_description et_pb_wc_description_0_tb_body et_pb_bg_layout_light et_pb_text_align_left\">\n<div class=\"et_pb_module_inner\">\n<p><strong>NATSEQ Tandem:<br \/>\n<\/strong>1x Heck mit Lukendeckel<br \/>\n1x Cockpit Solo mit Lukendeckel<br \/>\n1x Cockpit Tandem mit Lukendeckel<br \/>\n1x Bug mit Lukendeckel<\/p>\n<p>Die Farbkombination wird von uns zuf\u00e4llig zusammengestellt. Solltet ihr W\u00fcnsche haben werden wir immer versuchen diese m\u00f6glich zu machen. Schreibt uns hierzu einfach in die Anmerkungen zur Bestellung.<\/p>\n<\/div>\n<\/div>","protected":false},"featured_media":111613,"template":"","meta":{"_et_pb_use_builder":"","_et_pb_old_content":"","_et_gb_content_width":""},"product_brand":[],"product_cat":[156],"product_tag":[123,35,36],"class_list":{"0":"post-105636","1":"product","2":"type-product","3":"status-publish","4":"has-post-thumbnail","6":"product_cat-natseq-als-tandem","7":"product_tag-kajak","8":"product_tag-modular","9":"product_tag-natseq","10":"product_shipping_class-eu-einweg-palette","12":"first","13":"instock","14":"taxable","15":"shipping-taxable","16":"purchasable","17":"product-type-simple"},"yoast_head":"<!-- This site is optimized with the Yoast SEO plugin v27.1.1 - https:\/\/yoast.com\/product\/yoast-seo-wordpress\/ -->\n<title>Kajak NATSEQ - Tandem Harlekin - KAYAK INNOVATIONS<\/title>\n<meta name=\"robots\" content=\"index, follow, max-snippet:-1, max-image-preview:large, max-video-preview:-1\" \/>\n<link rel=\"canonical\" href=\"https:\/\/kayak-innovations.com\/it\/product\/kajak-natseq-tandem-harlekin-random\/\" \/>\n<meta property=\"og:locale\" content=\"it_IT\" \/>\n<meta property=\"og:type\" content=\"article\" \/>\n<meta property=\"og:title\" content=\"Kajak NATSEQ - Tandem Harlekin - KAYAK INNOVATIONS\" \/>\n<meta property=\"og:description\" content=\"NATSEQ Tandem: 1x Heck mit Lukendeckel 1x Cockpit Solo mit Lukendeckel 1x Cockpit Tandem mit Lukendeckel 1x Bug mit Lukendeckel  Die Farbkombination wird von uns zuf\u00e4llig zusammengestellt. Solltet ihr W\u00fcnsche haben werden wir immer versuchen diese m\u00f6glich zu machen. Schreibt uns hierzu einfach in die Anmerkungen zur Bestellung.\" \/>\n<meta property=\"og:url\" content=\"https:\/\/kayak-innovations.com\/it\/product\/kajak-natseq-tandem-harlekin-random\/\" \/>\n<meta property=\"og:site_name\" content=\"KAYAK INNOVATIONS\" \/>\n<meta property=\"article:publisher\" content=\"https:\/\/www.facebook.com\/NATSEQ-108045581073906\" \/>\n<meta property=\"article:modified_time\" content=\"2026-02-02T17:05:20+00:00\" \/>\n<meta property=\"og:image\" content=\"https:\/\/kayak-innovations.com\/wp-content\/uploads\/2023\/04\/Kayak-Tandem-Harlekin-GBRG-1.jpg\" \/>\n\t<meta property=\"og:image:width\" content=\"800\" \/>\n\t<meta property=\"og:image:height\" content=\"800\" \/>\n\t<meta property=\"og:image:type\" content=\"image\/jpeg\" \/>\n<meta name=\"twitter:card\" content=\"summary_large_image\" \/>\n<meta name=\"twitter:label1\" content=\"Tempo di lettura stimato\" \/>\n\t<meta name=\"twitter:data1\" content=\"2 minuti\" \/>\n<script type=\"application\/ld+json\" class=\"yoast-schema-graph\">{\"@context\":\"https:\/\/schema.org\",\"@graph\":[{\"@type\":\"WebPage\",\"@id\":\"https:\/\/kayak-innovations.com\/product\/kajak-natseq-tandem-harlekin-random\/\",\"url\":\"https:\/\/kayak-innovations.com\/product\/kajak-natseq-tandem-harlekin-random\/\",\"name\":\"Kajak NATSEQ - Tandem Harlekin - KAYAK INNOVATIONS\",\"isPartOf\":{\"@id\":\"https:\/\/kayak-innovations.com\/#website\"},\"primaryImageOfPage\":{\"@id\":\"https:\/\/kayak-innovations.com\/product\/kajak-natseq-tandem-harlekin-random\/#primaryimage\"},\"image\":{\"@id\":\"https:\/\/kayak-innovations.com\/product\/kajak-natseq-tandem-harlekin-random\/#primaryimage\"},\"thumbnailUrl\":\"https:\/\/kayak-innovations.com\/wp-content\/uploads\/2023\/04\/Kayak-Tandem-Harlekin-GBRG-1.jpg\",\"datePublished\":\"2023-03-23T10:36:42+00:00\",\"dateModified\":\"2026-02-02T17:05:20+00:00\",\"breadcrumb\":{\"@id\":\"https:\/\/kayak-innovations.com\/product\/kajak-natseq-tandem-harlekin-random\/#breadcrumb\"},\"inLanguage\":\"it-IT\",\"potentialAction\":[{\"@type\":\"ReadAction\",\"target\":[\"https:\/\/kayak-innovations.com\/product\/kajak-natseq-tandem-harlekin-random\/\"]}]},{\"@type\":\"ImageObject\",\"inLanguage\":\"it-IT\",\"@id\":\"https:\/\/kayak-innovations.com\/product\/kajak-natseq-tandem-harlekin-random\/#primaryimage\",\"url\":\"https:\/\/kayak-innovations.com\/wp-content\/uploads\/2023\/04\/Kayak-Tandem-Harlekin-GBRG-1.jpg\",\"contentUrl\":\"https:\/\/kayak-innovations.com\/wp-content\/uploads\/2023\/04\/Kayak-Tandem-Harlekin-GBRG-1.jpg\",\"width\":800,\"height\":800},{\"@type\":\"BreadcrumbList\",\"@id\":\"https:\/\/kayak-innovations.com\/product\/kajak-natseq-tandem-harlekin-random\/#breadcrumb\",\"itemListElement\":[{\"@type\":\"ListItem\",\"position\":1,\"name\":\"Startseite\",\"item\":\"https:\/\/kayak-innovations.com\/\"},{\"@type\":\"ListItem\",\"position\":2,\"name\":\"Shop\",\"item\":\"https:\/\/kayak-innovations.com\/kayak-innovations-online-shop-fuer-zubehoer-ersatzteile-und-mehr\/\"},{\"@type\":\"ListItem\",\"position\":3,\"name\":\"NATSEQ modulares Kayak\",\"item\":\"https:\/\/kayak-innovations.com\/product-category\/natseq-modulares-kayak\/\"},{\"@type\":\"ListItem\",\"position\":4,\"name\":\"NATSEQ als Tandem\",\"item\":\"https:\/\/kayak-innovations.com\/product-category\/natseq-modulares-kayak\/natseq-als-tandem\/\"},{\"@type\":\"ListItem\",\"position\":5,\"name\":\"Kajak NATSEQ &#8211; Tandem Harlekin\"}]},{\"@type\":\"WebSite\",\"@id\":\"https:\/\/kayak-innovations.com\/#website\",\"url\":\"https:\/\/kayak-innovations.com\/\",\"name\":\"KAYAK INNOVATIONS\",\"description\":\"Modulares Kajakdesign\",\"publisher\":{\"@id\":\"https:\/\/kayak-innovations.com\/#organization\"},\"potentialAction\":[{\"@type\":\"SearchAction\",\"target\":{\"@type\":\"EntryPoint\",\"urlTemplate\":\"https:\/\/kayak-innovations.com\/?s={search_term_string}\"},\"query-input\":{\"@type\":\"PropertyValueSpecification\",\"valueRequired\":true,\"valueName\":\"search_term_string\"}}],\"inLanguage\":\"it-IT\"},{\"@type\":\"Organization\",\"@id\":\"https:\/\/kayak-innovations.com\/#organization\",\"name\":\"KAYAK INNOVATIONS\",\"url\":\"https:\/\/kayak-innovations.com\/\",\"logo\":{\"@type\":\"ImageObject\",\"inLanguage\":\"it-IT\",\"@id\":\"https:\/\/kayak-innovations.com\/#\/schema\/logo\/image\/\",\"url\":\"https:\/\/kayak-innovations.com\/wp-content\/uploads\/2023\/03\/Logo_Kayak_Innovations.png\",\"contentUrl\":\"https:\/\/kayak-innovations.com\/wp-content\/uploads\/2023\/03\/Logo_Kayak_Innovations.png\",\"width\":640,\"height\":132,\"caption\":\"KAYAK INNOVATIONS\"},\"image\":{\"@id\":\"https:\/\/kayak-innovations.com\/#\/schema\/logo\/image\/\"},\"sameAs\":[\"https:\/\/www.facebook.com\/NATSEQ-108045581073906\",\"https:\/\/www.instagram.com\/kayak.innovations\/\"]}]}<\/script>\n<!-- \/ Yoast SEO plugin. -->","yoast_head_json":{"title":"Kajak NATSEQ - Tandem Harlekin - KAYAK INNOVATIONS","robots":{"index":"index","follow":"follow","max-snippet":"max-snippet:-1","max-image-preview":"max-image-preview:large","max-video-preview":"max-video-preview:-1"},"canonical":"https:\/\/kayak-innovations.com\/it\/product\/kajak-natseq-tandem-harlekin-random\/","og_locale":"it_IT","og_type":"article","og_title":"Kajak NATSEQ - Tandem Harlekin - KAYAK INNOVATIONS","og_description":"NATSEQ Tandem: 1x Heck mit Lukendeckel 1x Cockpit Solo mit Lukendeckel 1x Cockpit Tandem mit Lukendeckel 1x Bug mit Lukendeckel  Die Farbkombination wird von uns zuf\u00e4llig zusammengestellt. Solltet ihr W\u00fcnsche haben werden wir immer versuchen diese m\u00f6glich zu machen. Schreibt uns hierzu einfach in die Anmerkungen zur Bestellung.","og_url":"https:\/\/kayak-innovations.com\/it\/product\/kajak-natseq-tandem-harlekin-random\/","og_site_name":"KAYAK INNOVATIONS","article_publisher":"https:\/\/www.facebook.com\/NATSEQ-108045581073906","article_modified_time":"2026-02-02T17:05:20+00:00","og_image":[{"width":800,"height":800,"url":"https:\/\/kayak-innovations.com\/wp-content\/uploads\/2023\/04\/Kayak-Tandem-Harlekin-GBRG-1.jpg","type":"image\/jpeg"}],"twitter_card":"summary_large_image","twitter_misc":{"Tempo di lettura stimato":"2 minuti"},"schema":{"@context":"https:\/\/schema.org","@graph":[{"@type":"WebPage","@id":"https:\/\/kayak-innovations.com\/product\/kajak-natseq-tandem-harlekin-random\/","url":"https:\/\/kayak-innovations.com\/product\/kajak-natseq-tandem-harlekin-random\/","name":"Kajak NATSEQ - Tandem Harlekin - KAYAK INNOVATIONS","isPartOf":{"@id":"https:\/\/kayak-innovations.com\/#website"},"primaryImageOfPage":{"@id":"https:\/\/kayak-innovations.com\/product\/kajak-natseq-tandem-harlekin-random\/#primaryimage"},"image":{"@id":"https:\/\/kayak-innovations.com\/product\/kajak-natseq-tandem-harlekin-random\/#primaryimage"},"thumbnailUrl":"https:\/\/kayak-innovations.com\/wp-content\/uploads\/2023\/04\/Kayak-Tandem-Harlekin-GBRG-1.jpg","datePublished":"2023-03-23T10:36:42+00:00","dateModified":"2026-02-02T17:05:20+00:00","breadcrumb":{"@id":"https:\/\/kayak-innovations.com\/product\/kajak-natseq-tandem-harlekin-random\/#breadcrumb"},"inLanguage":"it-IT","potentialAction":[{"@type":"ReadAction","target":["https:\/\/kayak-innovations.com\/product\/kajak-natseq-tandem-harlekin-random\/"]}]},{"@type":"ImageObject","inLanguage":"it-IT","@id":"https:\/\/kayak-innovations.com\/product\/kajak-natseq-tandem-harlekin-random\/#primaryimage","url":"https:\/\/kayak-innovations.com\/wp-content\/uploads\/2023\/04\/Kayak-Tandem-Harlekin-GBRG-1.jpg","contentUrl":"https:\/\/kayak-innovations.com\/wp-content\/uploads\/2023\/04\/Kayak-Tandem-Harlekin-GBRG-1.jpg","width":800,"height":800},{"@type":"BreadcrumbList","@id":"https:\/\/kayak-innovations.com\/product\/kajak-natseq-tandem-harlekin-random\/#breadcrumb","itemListElement":[{"@type":"ListItem","position":1,"name":"Startseite","item":"https:\/\/kayak-innovations.com\/"},{"@type":"ListItem","position":2,"name":"Shop","item":"https:\/\/kayak-innovations.com\/kayak-innovations-online-shop-fuer-zubehoer-ersatzteile-und-mehr\/"},{"@type":"ListItem","position":3,"name":"NATSEQ modulares Kayak","item":"https:\/\/kayak-innovations.com\/product-category\/natseq-modulares-kayak\/"},{"@type":"ListItem","position":4,"name":"NATSEQ als Tandem","item":"https:\/\/kayak-innovations.com\/product-category\/natseq-modulares-kayak\/natseq-als-tandem\/"},{"@type":"ListItem","position":5,"name":"Kajak NATSEQ &#8211; Tandem Harlekin"}]},{"@type":"WebSite","@id":"https:\/\/kayak-innovations.com\/#website","url":"https:\/\/kayak-innovations.com\/","name":"INNOVAZIONI PER IL KAYAK","description":"Modulares Kajakdesign","publisher":{"@id":"https:\/\/kayak-innovations.com\/#organization"},"potentialAction":[{"@type":"SearchAction","target":{"@type":"EntryPoint","urlTemplate":"https:\/\/kayak-innovations.com\/?s={search_term_string}"},"query-input":{"@type":"PropertyValueSpecification","valueRequired":true,"valueName":"search_term_string"}}],"inLanguage":"it-IT"},{"@type":"Organization","@id":"https:\/\/kayak-innovations.com\/#organization","name":"INNOVAZIONI PER IL KAYAK","url":"https:\/\/kayak-innovations.com\/","logo":{"@type":"ImageObject","inLanguage":"it-IT","@id":"https:\/\/kayak-innovations.com\/#\/schema\/logo\/image\/","url":"https:\/\/kayak-innovations.com\/wp-content\/uploads\/2023\/03\/Logo_Kayak_Innovations.png","contentUrl":"https:\/\/kayak-innovations.com\/wp-content\/uploads\/2023\/03\/Logo_Kayak_Innovations.png","width":640,"height":132,"caption":"KAYAK INNOVATIONS"},"image":{"@id":"https:\/\/kayak-innovations.com\/#\/schema\/logo\/image\/"},"sameAs":["https:\/\/www.facebook.com\/NATSEQ-108045581073906","https:\/\/www.instagram.com\/kayak.innovations\/"]}]}},"_links":{"self":[{"href":"https:\/\/kayak-innovations.com\/it\/wp-json\/wp\/v2\/product\/105636","targetHints":{"allow":["GET"]}}],"collection":[{"href":"https:\/\/kayak-innovations.com\/it\/wp-json\/wp\/v2\/product"}],"about":[{"href":"https:\/\/kayak-innovations.com\/it\/wp-json\/wp\/v2\/types\/product"}],"wp:featuredmedia":[{"embeddable":true,"href":"https:\/\/kayak-innovations.com\/it\/wp-json\/wp\/v2\/media\/111613"}],"wp:attachment":[{"href":"https:\/\/kayak-innovations.com\/it\/wp-json\/wp\/v2\/media?parent=105636"}],"wp:term":[{"taxonomy":"product_brand","embeddable":true,"href":"https:\/\/kayak-innovations.com\/it\/wp-json\/wp\/v2\/product_brand?post=105636"},{"taxonomy":"product_cat","embeddable":true,"href":"https:\/\/kayak-innovations.com\/it\/wp-json\/wp\/v2\/product_cat?post=105636"},{"taxonomy":"product_tag","embeddable":true,"href":"https:\/\/kayak-innovations.com\/it\/wp-json\/wp\/v2\/product_tag?post=105636"}],"curies":[{"name":"wp","href":"https:\/\/api.w.org\/{rel}","templated":true}]}}