{"id":105643,"date":"2023-03-23T11:36:42","date_gmt":"2023-03-23T10:36:42","guid":{"rendered":"https:\/\/kayak-innovations.com\/product\/natseqpacker-blau\/"},"modified":"2025-12-08T16:03:06","modified_gmt":"2025-12-08T15:03:06","slug":"black-week-deal-natseqpacker-2","status":"publish","type":"product","link":"https:\/\/kayak-innovations.com\/it\/product\/black-week-deal-natseqpacker-2\/","title":{"rendered":"NATSEQPacker Blu"},"content":{"rendered":"<p>Il NATSEQPacker \u00e8 il logico sviluppo dell'idea di un kayak modulare ideale e il primo del suo genere al mondo. La nostra gamma \u00e8 pensata per i membri della famiglia pi\u00f9 piccoli o a quattro zampe, per i bagagli pi\u00f9 numerosi, per i tour pi\u00f9 lunghi o semplicemente per tutto ci\u00f2 che avete sempre voluto portare con voi quando pagaiate.<\/p>\n<p>Il primo kayak da turismo modulare al mondo!<br \/>\n- Corsa rettilinea di classe<br \/>\n- Veloce e agile<br \/>\n- Utilizzo in solitaria e in tandem<br \/>\n- Carico utile ineguagliabile di 50 kg<br \/>\n- Prodotto in Germania<br \/>\n- Set di tensionatori a 8 punti opzionale (disponibile tra gli accessori originali)<br \/>\n- Sistema di timone opzionale (altamente raccomandato)<\/p>\n<p>I colori mostrati possono differire leggermente dal prodotto reale.<\/p>","protected":false},"excerpt":{"rendered":"<p>Das Zusatzmodul f\u00fcr mehr Gep\u00e4ck oder den Hund \u2013 f\u00fcr das NATSEQ Solo und Tandem.<\/p>\n<p>&nbsp;<\/p>","protected":false},"featured_media":111514,"template":"","meta":{"_et_pb_use_builder":"","_et_pb_old_content":"","_et_gb_content_width":""},"product_brand":[],"product_cat":[161],"product_tag":[123,35,36,165,130,166],"class_list":{"0":"post-105643","1":"product","2":"type-product","3":"status-publish","4":"has-post-thumbnail","6":"product_cat-natseqpacker","7":"product_tag-kajak","8":"product_tag-modular","9":"product_tag-natseq","10":"product_tag-natseq-packer","11":"product_tag-natseqpacker","12":"product_tag-natseqpacker-blau","13":"product_shipping_class-sperrgut","15":"first","16":"instock","17":"taxable","18":"shipping-taxable","19":"purchasable","20":"product-type-simple"},"yoast_head":"<!-- This site is optimized with the Yoast SEO plugin v27.1.1 - https:\/\/yoast.com\/product\/yoast-seo-wordpress\/ -->\n<title>NATSEQPacker Blau - KAYAK INNOVATIONS<\/title>\n<meta name=\"robots\" content=\"index, follow, max-snippet:-1, max-image-preview:large, max-video-preview:-1\" \/>\n<link rel=\"canonical\" href=\"https:\/\/kayak-innovations.com\/it\/product\/black-week-deal-natseqpacker-2\/\" \/>\n<meta property=\"og:locale\" content=\"it_IT\" \/>\n<meta property=\"og:type\" content=\"article\" \/>\n<meta property=\"og:title\" content=\"NATSEQPacker Blau - KAYAK INNOVATIONS\" \/>\n<meta property=\"og:description\" content=\"Das Zusatzmodul f\u00fcr mehr Gep\u00e4ck oder den Hund \u2013 f\u00fcr das NATSEQ Solo und Tandem.  &nbsp;\" \/>\n<meta property=\"og:url\" content=\"https:\/\/kayak-innovations.com\/it\/product\/black-week-deal-natseqpacker-2\/\" \/>\n<meta property=\"og:site_name\" content=\"KAYAK INNOVATIONS\" \/>\n<meta property=\"article:publisher\" content=\"https:\/\/www.facebook.com\/NATSEQ-108045581073906\" \/>\n<meta property=\"article:modified_time\" content=\"2025-12-08T15:03:06+00:00\" \/>\n<meta property=\"og:image\" content=\"https:\/\/kayak-innovations.com\/wp-content\/uploads\/2023\/03\/Packer_blau_1000x1000.png\" \/>\n\t<meta property=\"og:image:width\" content=\"1000\" \/>\n\t<meta property=\"og:image:height\" content=\"1000\" \/>\n\t<meta property=\"og:image:type\" content=\"image\/png\" \/>\n<meta name=\"twitter:card\" content=\"summary_large_image\" \/>\n<meta name=\"twitter:label1\" content=\"Tempo di lettura stimato\" \/>\n\t<meta name=\"twitter:data1\" content=\"1 minuto\" \/>\n<script type=\"application\/ld+json\" class=\"yoast-schema-graph\">{\"@context\":\"https:\/\/schema.org\",\"@graph\":[{\"@type\":\"WebPage\",\"@id\":\"https:\/\/kayak-innovations.com\/product\/black-week-deal-natseqpacker-2\/\",\"url\":\"https:\/\/kayak-innovations.com\/product\/black-week-deal-natseqpacker-2\/\",\"name\":\"NATSEQPacker Blau - KAYAK INNOVATIONS\",\"isPartOf\":{\"@id\":\"https:\/\/kayak-innovations.com\/#website\"},\"primaryImageOfPage\":{\"@id\":\"https:\/\/kayak-innovations.com\/product\/black-week-deal-natseqpacker-2\/#primaryimage\"},\"image\":{\"@id\":\"https:\/\/kayak-innovations.com\/product\/black-week-deal-natseqpacker-2\/#primaryimage\"},\"thumbnailUrl\":\"https:\/\/kayak-innovations.com\/wp-content\/uploads\/2023\/03\/Packer_blau_1000x1000.png\",\"datePublished\":\"2023-03-23T10:36:42+00:00\",\"dateModified\":\"2025-12-08T15:03:06+00:00\",\"breadcrumb\":{\"@id\":\"https:\/\/kayak-innovations.com\/product\/black-week-deal-natseqpacker-2\/#breadcrumb\"},\"inLanguage\":\"it-IT\",\"potentialAction\":[{\"@type\":\"ReadAction\",\"target\":[\"https:\/\/kayak-innovations.com\/product\/black-week-deal-natseqpacker-2\/\"]}]},{\"@type\":\"ImageObject\",\"inLanguage\":\"it-IT\",\"@id\":\"https:\/\/kayak-innovations.com\/product\/black-week-deal-natseqpacker-2\/#primaryimage\",\"url\":\"https:\/\/kayak-innovations.com\/wp-content\/uploads\/2023\/03\/Packer_blau_1000x1000.png\",\"contentUrl\":\"https:\/\/kayak-innovations.com\/wp-content\/uploads\/2023\/03\/Packer_blau_1000x1000.png\",\"width\":1000,\"height\":1000},{\"@type\":\"BreadcrumbList\",\"@id\":\"https:\/\/kayak-innovations.com\/product\/black-week-deal-natseqpacker-2\/#breadcrumb\",\"itemListElement\":[{\"@type\":\"ListItem\",\"position\":1,\"name\":\"Startseite\",\"item\":\"https:\/\/kayak-innovations.com\/\"},{\"@type\":\"ListItem\",\"position\":2,\"name\":\"Shop\",\"item\":\"https:\/\/kayak-innovations.com\/kayak-innovations-online-shop-fuer-zubehoer-ersatzteile-und-mehr\/\"},{\"@type\":\"ListItem\",\"position\":3,\"name\":\"NATSEQ Erweiterungs\u00ad\u00admodule\",\"item\":\"https:\/\/kayak-innovations.com\/product-category\/natseq-erweiterungsmodule\/\"},{\"@type\":\"ListItem\",\"position\":4,\"name\":\"NATSEQPacker\",\"item\":\"https:\/\/kayak-innovations.com\/product-category\/natseq-erweiterungsmodule\/natseqpacker\/\"},{\"@type\":\"ListItem\",\"position\":5,\"name\":\"NATSEQPacker Blau\"}]},{\"@type\":\"WebSite\",\"@id\":\"https:\/\/kayak-innovations.com\/#website\",\"url\":\"https:\/\/kayak-innovations.com\/\",\"name\":\"KAYAK INNOVATIONS\",\"description\":\"Modulares Kajakdesign\",\"publisher\":{\"@id\":\"https:\/\/kayak-innovations.com\/#organization\"},\"potentialAction\":[{\"@type\":\"SearchAction\",\"target\":{\"@type\":\"EntryPoint\",\"urlTemplate\":\"https:\/\/kayak-innovations.com\/?s={search_term_string}\"},\"query-input\":{\"@type\":\"PropertyValueSpecification\",\"valueRequired\":true,\"valueName\":\"search_term_string\"}}],\"inLanguage\":\"it-IT\"},{\"@type\":\"Organization\",\"@id\":\"https:\/\/kayak-innovations.com\/#organization\",\"name\":\"KAYAK INNOVATIONS\",\"url\":\"https:\/\/kayak-innovations.com\/\",\"logo\":{\"@type\":\"ImageObject\",\"inLanguage\":\"it-IT\",\"@id\":\"https:\/\/kayak-innovations.com\/#\/schema\/logo\/image\/\",\"url\":\"https:\/\/kayak-innovations.com\/wp-content\/uploads\/2023\/03\/Logo_Kayak_Innovations.png\",\"contentUrl\":\"https:\/\/kayak-innovations.com\/wp-content\/uploads\/2023\/03\/Logo_Kayak_Innovations.png\",\"width\":640,\"height\":132,\"caption\":\"KAYAK INNOVATIONS\"},\"image\":{\"@id\":\"https:\/\/kayak-innovations.com\/#\/schema\/logo\/image\/\"},\"sameAs\":[\"https:\/\/www.facebook.com\/NATSEQ-108045581073906\",\"https:\/\/www.instagram.com\/kayak.innovations\/\"]}]}<\/script>\n<!-- \/ Yoast SEO plugin. -->","yoast_head_json":{"title":"NATSEQPacker Blau - KAYAK INNOVATIONS","robots":{"index":"index","follow":"follow","max-snippet":"max-snippet:-1","max-image-preview":"max-image-preview:large","max-video-preview":"max-video-preview:-1"},"canonical":"https:\/\/kayak-innovations.com\/it\/product\/black-week-deal-natseqpacker-2\/","og_locale":"it_IT","og_type":"article","og_title":"NATSEQPacker Blau - KAYAK INNOVATIONS","og_description":"Das Zusatzmodul f\u00fcr mehr Gep\u00e4ck oder den Hund \u2013 f\u00fcr das NATSEQ Solo und Tandem.  &nbsp;","og_url":"https:\/\/kayak-innovations.com\/it\/product\/black-week-deal-natseqpacker-2\/","og_site_name":"KAYAK INNOVATIONS","article_publisher":"https:\/\/www.facebook.com\/NATSEQ-108045581073906","article_modified_time":"2025-12-08T15:03:06+00:00","og_image":[{"width":1000,"height":1000,"url":"https:\/\/kayak-innovations.com\/wp-content\/uploads\/2023\/03\/Packer_blau_1000x1000.png","type":"image\/png"}],"twitter_card":"summary_large_image","twitter_misc":{"Tempo di lettura stimato":"1 minuto"},"schema":{"@context":"https:\/\/schema.org","@graph":[{"@type":"WebPage","@id":"https:\/\/kayak-innovations.com\/product\/black-week-deal-natseqpacker-2\/","url":"https:\/\/kayak-innovations.com\/product\/black-week-deal-natseqpacker-2\/","name":"NATSEQPacker Blau - KAYAK INNOVATIONS","isPartOf":{"@id":"https:\/\/kayak-innovations.com\/#website"},"primaryImageOfPage":{"@id":"https:\/\/kayak-innovations.com\/product\/black-week-deal-natseqpacker-2\/#primaryimage"},"image":{"@id":"https:\/\/kayak-innovations.com\/product\/black-week-deal-natseqpacker-2\/#primaryimage"},"thumbnailUrl":"https:\/\/kayak-innovations.com\/wp-content\/uploads\/2023\/03\/Packer_blau_1000x1000.png","datePublished":"2023-03-23T10:36:42+00:00","dateModified":"2025-12-08T15:03:06+00:00","breadcrumb":{"@id":"https:\/\/kayak-innovations.com\/product\/black-week-deal-natseqpacker-2\/#breadcrumb"},"inLanguage":"it-IT","potentialAction":[{"@type":"ReadAction","target":["https:\/\/kayak-innovations.com\/product\/black-week-deal-natseqpacker-2\/"]}]},{"@type":"ImageObject","inLanguage":"it-IT","@id":"https:\/\/kayak-innovations.com\/product\/black-week-deal-natseqpacker-2\/#primaryimage","url":"https:\/\/kayak-innovations.com\/wp-content\/uploads\/2023\/03\/Packer_blau_1000x1000.png","contentUrl":"https:\/\/kayak-innovations.com\/wp-content\/uploads\/2023\/03\/Packer_blau_1000x1000.png","width":1000,"height":1000},{"@type":"BreadcrumbList","@id":"https:\/\/kayak-innovations.com\/product\/black-week-deal-natseqpacker-2\/#breadcrumb","itemListElement":[{"@type":"ListItem","position":1,"name":"Startseite","item":"https:\/\/kayak-innovations.com\/"},{"@type":"ListItem","position":2,"name":"Shop","item":"https:\/\/kayak-innovations.com\/kayak-innovations-online-shop-fuer-zubehoer-ersatzteile-und-mehr\/"},{"@type":"ListItem","position":3,"name":"NATSEQ Erweiterungs\u00ad\u00admodule","item":"https:\/\/kayak-innovations.com\/product-category\/natseq-erweiterungsmodule\/"},{"@type":"ListItem","position":4,"name":"NATSEQPacker","item":"https:\/\/kayak-innovations.com\/product-category\/natseq-erweiterungsmodule\/natseqpacker\/"},{"@type":"ListItem","position":5,"name":"NATSEQPacker Blau"}]},{"@type":"WebSite","@id":"https:\/\/kayak-innovations.com\/#website","url":"https:\/\/kayak-innovations.com\/","name":"INNOVAZIONI PER IL KAYAK","description":"Modulares Kajakdesign","publisher":{"@id":"https:\/\/kayak-innovations.com\/#organization"},"potentialAction":[{"@type":"SearchAction","target":{"@type":"EntryPoint","urlTemplate":"https:\/\/kayak-innovations.com\/?s={search_term_string}"},"query-input":{"@type":"PropertyValueSpecification","valueRequired":true,"valueName":"search_term_string"}}],"inLanguage":"it-IT"},{"@type":"Organization","@id":"https:\/\/kayak-innovations.com\/#organization","name":"INNOVAZIONI PER IL KAYAK","url":"https:\/\/kayak-innovations.com\/","logo":{"@type":"ImageObject","inLanguage":"it-IT","@id":"https:\/\/kayak-innovations.com\/#\/schema\/logo\/image\/","url":"https:\/\/kayak-innovations.com\/wp-content\/uploads\/2023\/03\/Logo_Kayak_Innovations.png","contentUrl":"https:\/\/kayak-innovations.com\/wp-content\/uploads\/2023\/03\/Logo_Kayak_Innovations.png","width":640,"height":132,"caption":"KAYAK INNOVATIONS"},"image":{"@id":"https:\/\/kayak-innovations.com\/#\/schema\/logo\/image\/"},"sameAs":["https:\/\/www.facebook.com\/NATSEQ-108045581073906","https:\/\/www.instagram.com\/kayak.innovations\/"]}]}},"_links":{"self":[{"href":"https:\/\/kayak-innovations.com\/it\/wp-json\/wp\/v2\/product\/105643","targetHints":{"allow":["GET"]}}],"collection":[{"href":"https:\/\/kayak-innovations.com\/it\/wp-json\/wp\/v2\/product"}],"about":[{"href":"https:\/\/kayak-innovations.com\/it\/wp-json\/wp\/v2\/types\/product"}],"wp:featuredmedia":[{"embeddable":true,"href":"https:\/\/kayak-innovations.com\/it\/wp-json\/wp\/v2\/media\/111514"}],"wp:attachment":[{"href":"https:\/\/kayak-innovations.com\/it\/wp-json\/wp\/v2\/media?parent=105643"}],"wp:term":[{"taxonomy":"product_brand","embeddable":true,"href":"https:\/\/kayak-innovations.com\/it\/wp-json\/wp\/v2\/product_brand?post=105643"},{"taxonomy":"product_cat","embeddable":true,"href":"https:\/\/kayak-innovations.com\/it\/wp-json\/wp\/v2\/product_cat?post=105643"},{"taxonomy":"product_tag","embeddable":true,"href":"https:\/\/kayak-innovations.com\/it\/wp-json\/wp\/v2\/product_tag?post=105643"}],"curies":[{"name":"wp","href":"https:\/\/api.w.org\/{rel}","templated":true}]}}