{"id":105652,"date":"2023-03-23T11:36:43","date_gmt":"2023-03-23T10:36:43","guid":{"rendered":"https:\/\/kayak-innovations.com\/product\/paddel-neptun-x-205-ha\/"},"modified":"2026-02-14T12:32:03","modified_gmt":"2026-02-14T11:32:03","slug":"paddel-neptun-x-205-ha","status":"publish","type":"product","link":"https:\/\/kayak-innovations.com\/it\/product\/paddel-neptun-x-205-ha\/","title":{"rendered":"Paddel &#8222;NEPTUN X&#8220; 205-215cm High Angle"},"content":{"rendered":"<p>Das NEPTUN X ist das ideale Paddel f\u00fcr Paddler, die ihren Paddelschlag gern im High Angle Stil f\u00fchren \u2013 eine etwas steilere Paddelf\u00fchrung. Diese ist f\u00fcr dynamischere Touren, unruhigere Gew\u00e4sser geeignet.<\/p>\n<p>Es verf\u00fcgt \u00fcber sehr d\u00fcnne, gebogene Bl\u00e4tter aus Fiberglas, die in Form und Gr\u00f6\u00dfe dem Original NEPTUN Holzpaddel entsprechen. Der Schaft besteht aus einem Fiberglas-Karbon-Composite. Dank des innovativen Quick-Lock-Systemverschluss l\u00e4sst sich das Paddel um bis zu 10cm in der L\u00e4nge sowie beliebig im Winkel verstellen.<\/p>\n<p>\"Nettuno X\" di KAYAK INNOVATIONS<\/p>\n<p>&#8211; ein High Angle GFKC Paddel<br \/>\n- Albero Vario in 2 parti in composito GFKC<br \/>\n- Lama di medie dimensioni in vetroresina nel design dell'originale \"Neptun\".<br \/>\n&#8211; verf\u00fcgbare L\u00e4nge: 205-215cm<br \/>\n- Peso: 860 g<\/p>","protected":false},"excerpt":{"rendered":"<p>High Angle Paddel &#8222;NEPTUN X&#8220; in Leichtbauweise mit verstellbarem Schaft aus GFKC-Mix und d\u00fcnnen, gebogenen Bl\u00e4ttern aus GFK<\/p>","protected":false},"featured_media":111745,"template":"","meta":{"_et_pb_use_builder":"off","_et_pb_old_content":"Das NEPTUN X ist das ideale Paddel f\u00fcr Paddler, die ihren Paddelschlag gern im High Angle Stil f\u00fchren \u2013 eine etwas steilere Paddelf\u00fchrung. Diese ist f\u00fcr dynamischere Touren, unruhigere Gew\u00e4sser geeignet.\r\n\r\nEs verf\u00fcgt \u00fcber sehr d\u00fcnne, gebogene Bl\u00e4tter aus Fiberglas, die in Form und Gr\u00f6\u00dfe dem Original NEPTUN Holzpaddel entsprechen. Der Schaft besteht aus einem Fiberglas-Karbon-Composite. Dank des innovativen Quick-Lock-Systemverschluss l\u00e4sst sich das Paddel um bis zu 10cm in der L\u00e4nge sowie beliebig im Winkel verstellen.\r\n\r\n\u201cNeptun X\u201d by KAYAK INNOVATIONS\r\n\r\n- ein High Angle GFKC Paddel\r\n- 2-teiliger Vario Schaft aus GFKC Composite\r\n- Blatt GFK midsized aus GFK im Design des Original \u201cNeptun\u201d\r\n- verf\u00fcgbare L\u00e4nge: 205-215cm\r\n- Gewicht: 860g","_et_gb_content_width":""},"product_brand":[],"product_cat":[189],"product_tag":[125,126,124],"class_list":{"0":"post-105652","1":"product","2":"type-product","3":"status-publish","4":"has-post-thumbnail","6":"product_cat-kayak-innovations-original-zubehoer","7":"product_tag-kajakpaddel","8":"product_tag-leicht","9":"product_tag-paddel","10":"product_shipping_class-sperrgut","12":"first","13":"instock","14":"sale","15":"taxable","16":"shipping-taxable","17":"purchasable","18":"product-type-simple"},"yoast_head":"<!-- This site is optimized with the Yoast SEO plugin v27.1.1 - https:\/\/yoast.com\/product\/yoast-seo-wordpress\/ -->\n<title>Paddel &quot;NEPTUN X&quot; 205-215cm High Angle - KAYAK INNOVATIONS<\/title>\n<meta name=\"robots\" content=\"index, follow, max-snippet:-1, max-image-preview:large, max-video-preview:-1\" \/>\n<link rel=\"canonical\" href=\"https:\/\/kayak-innovations.com\/it\/product\/paddel-neptun-x-205-ha\/\" \/>\n<meta property=\"og:locale\" content=\"it_IT\" \/>\n<meta property=\"og:type\" content=\"article\" \/>\n<meta property=\"og:title\" content=\"Paddel &quot;NEPTUN X&quot; 205-215cm High Angle - KAYAK INNOVATIONS\" \/>\n<meta property=\"og:description\" content=\"High Angle Paddel &quot;NEPTUN X&quot; in Leichtbauweise mit verstellbarem Schaft aus GFKC-Mix und d\u00fcnnen, gebogenen Bl\u00e4ttern aus GFK\" \/>\n<meta property=\"og:url\" content=\"https:\/\/kayak-innovations.com\/it\/product\/paddel-neptun-x-205-ha\/\" \/>\n<meta property=\"og:site_name\" content=\"KAYAK INNOVATIONS\" \/>\n<meta property=\"article:publisher\" content=\"https:\/\/www.facebook.com\/NATSEQ-108045581073906\" \/>\n<meta property=\"article:modified_time\" content=\"2026-02-14T11:32:03+00:00\" \/>\n<meta property=\"og:image\" content=\"https:\/\/kayak-innovations.com\/wp-content\/uploads\/2023\/03\/Neptun_X_1000x1000_4.jpg\" \/>\n\t<meta property=\"og:image:width\" content=\"800\" \/>\n\t<meta property=\"og:image:height\" content=\"800\" \/>\n\t<meta property=\"og:image:type\" content=\"image\/jpeg\" \/>\n<meta name=\"twitter:card\" content=\"summary_large_image\" \/>\n<meta name=\"twitter:label1\" content=\"Tempo di lettura stimato\" \/>\n\t<meta name=\"twitter:data1\" content=\"1 minuto\" \/>\n<script type=\"application\/ld+json\" class=\"yoast-schema-graph\">{\"@context\":\"https:\/\/schema.org\",\"@graph\":[{\"@type\":\"WebPage\",\"@id\":\"https:\/\/kayak-innovations.com\/product\/paddel-neptun-x-205-ha\/\",\"url\":\"https:\/\/kayak-innovations.com\/product\/paddel-neptun-x-205-ha\/\",\"name\":\"Paddel \\\"NEPTUN X\\\" 205-215cm High Angle - KAYAK INNOVATIONS\",\"isPartOf\":{\"@id\":\"https:\/\/kayak-innovations.com\/#website\"},\"primaryImageOfPage\":{\"@id\":\"https:\/\/kayak-innovations.com\/product\/paddel-neptun-x-205-ha\/#primaryimage\"},\"image\":{\"@id\":\"https:\/\/kayak-innovations.com\/product\/paddel-neptun-x-205-ha\/#primaryimage\"},\"thumbnailUrl\":\"https:\/\/kayak-innovations.com\/wp-content\/uploads\/2023\/03\/Neptun_X_1000x1000_4.jpg\",\"datePublished\":\"2023-03-23T10:36:43+00:00\",\"dateModified\":\"2026-02-14T11:32:03+00:00\",\"breadcrumb\":{\"@id\":\"https:\/\/kayak-innovations.com\/product\/paddel-neptun-x-205-ha\/#breadcrumb\"},\"inLanguage\":\"it-IT\",\"potentialAction\":[{\"@type\":\"ReadAction\",\"target\":[\"https:\/\/kayak-innovations.com\/product\/paddel-neptun-x-205-ha\/\"]}]},{\"@type\":\"ImageObject\",\"inLanguage\":\"it-IT\",\"@id\":\"https:\/\/kayak-innovations.com\/product\/paddel-neptun-x-205-ha\/#primaryimage\",\"url\":\"https:\/\/kayak-innovations.com\/wp-content\/uploads\/2023\/03\/Neptun_X_1000x1000_4.jpg\",\"contentUrl\":\"https:\/\/kayak-innovations.com\/wp-content\/uploads\/2023\/03\/Neptun_X_1000x1000_4.jpg\",\"width\":800,\"height\":800},{\"@type\":\"BreadcrumbList\",\"@id\":\"https:\/\/kayak-innovations.com\/product\/paddel-neptun-x-205-ha\/#breadcrumb\",\"itemListElement\":[{\"@type\":\"ListItem\",\"position\":1,\"name\":\"Startseite\",\"item\":\"https:\/\/kayak-innovations.com\/\"},{\"@type\":\"ListItem\",\"position\":2,\"name\":\"Shop\",\"item\":\"https:\/\/kayak-innovations.com\/kayak-innovations-online-shop-fuer-zubehoer-ersatzteile-und-mehr\/\"},{\"@type\":\"ListItem\",\"position\":3,\"name\":\"Kayak Innovations original Zubeh\u00f6r\",\"item\":\"https:\/\/kayak-innovations.com\/product-category\/kayak-innovations-original-zubehoer\/\"},{\"@type\":\"ListItem\",\"position\":4,\"name\":\"Paddel &#8222;NEPTUN X&#8220; 205-215cm High Angle\"}]},{\"@type\":\"WebSite\",\"@id\":\"https:\/\/kayak-innovations.com\/#website\",\"url\":\"https:\/\/kayak-innovations.com\/\",\"name\":\"KAYAK INNOVATIONS\",\"description\":\"Modulares Kajakdesign\",\"publisher\":{\"@id\":\"https:\/\/kayak-innovations.com\/#organization\"},\"potentialAction\":[{\"@type\":\"SearchAction\",\"target\":{\"@type\":\"EntryPoint\",\"urlTemplate\":\"https:\/\/kayak-innovations.com\/?s={search_term_string}\"},\"query-input\":{\"@type\":\"PropertyValueSpecification\",\"valueRequired\":true,\"valueName\":\"search_term_string\"}}],\"inLanguage\":\"it-IT\"},{\"@type\":\"Organization\",\"@id\":\"https:\/\/kayak-innovations.com\/#organization\",\"name\":\"KAYAK INNOVATIONS\",\"url\":\"https:\/\/kayak-innovations.com\/\",\"logo\":{\"@type\":\"ImageObject\",\"inLanguage\":\"it-IT\",\"@id\":\"https:\/\/kayak-innovations.com\/#\/schema\/logo\/image\/\",\"url\":\"https:\/\/kayak-innovations.com\/wp-content\/uploads\/2023\/03\/Logo_Kayak_Innovations.png\",\"contentUrl\":\"https:\/\/kayak-innovations.com\/wp-content\/uploads\/2023\/03\/Logo_Kayak_Innovations.png\",\"width\":640,\"height\":132,\"caption\":\"KAYAK INNOVATIONS\"},\"image\":{\"@id\":\"https:\/\/kayak-innovations.com\/#\/schema\/logo\/image\/\"},\"sameAs\":[\"https:\/\/www.facebook.com\/NATSEQ-108045581073906\",\"https:\/\/www.instagram.com\/kayak.innovations\/\"]}]}<\/script>\n<!-- \/ Yoast SEO plugin. -->","yoast_head_json":{"title":"Paddel \"NEPTUN X\" 205-215cm High Angle - KAYAK INNOVATIONS","robots":{"index":"index","follow":"follow","max-snippet":"max-snippet:-1","max-image-preview":"max-image-preview:large","max-video-preview":"max-video-preview:-1"},"canonical":"https:\/\/kayak-innovations.com\/it\/product\/paddel-neptun-x-205-ha\/","og_locale":"it_IT","og_type":"article","og_title":"Paddel \"NEPTUN X\" 205-215cm High Angle - KAYAK INNOVATIONS","og_description":"High Angle Paddel \"NEPTUN X\" in Leichtbauweise mit verstellbarem Schaft aus GFKC-Mix und d\u00fcnnen, gebogenen Bl\u00e4ttern aus GFK","og_url":"https:\/\/kayak-innovations.com\/it\/product\/paddel-neptun-x-205-ha\/","og_site_name":"KAYAK INNOVATIONS","article_publisher":"https:\/\/www.facebook.com\/NATSEQ-108045581073906","article_modified_time":"2026-02-14T11:32:03+00:00","og_image":[{"width":800,"height":800,"url":"https:\/\/kayak-innovations.com\/wp-content\/uploads\/2023\/03\/Neptun_X_1000x1000_4.jpg","type":"image\/jpeg"}],"twitter_card":"summary_large_image","twitter_misc":{"Tempo di lettura stimato":"1 minuto"},"schema":{"@context":"https:\/\/schema.org","@graph":[{"@type":"WebPage","@id":"https:\/\/kayak-innovations.com\/product\/paddel-neptun-x-205-ha\/","url":"https:\/\/kayak-innovations.com\/product\/paddel-neptun-x-205-ha\/","name":"Paddel \"NEPTUN X\" 205-215cm High Angle - KAYAK INNOVATIONS","isPartOf":{"@id":"https:\/\/kayak-innovations.com\/#website"},"primaryImageOfPage":{"@id":"https:\/\/kayak-innovations.com\/product\/paddel-neptun-x-205-ha\/#primaryimage"},"image":{"@id":"https:\/\/kayak-innovations.com\/product\/paddel-neptun-x-205-ha\/#primaryimage"},"thumbnailUrl":"https:\/\/kayak-innovations.com\/wp-content\/uploads\/2023\/03\/Neptun_X_1000x1000_4.jpg","datePublished":"2023-03-23T10:36:43+00:00","dateModified":"2026-02-14T11:32:03+00:00","breadcrumb":{"@id":"https:\/\/kayak-innovations.com\/product\/paddel-neptun-x-205-ha\/#breadcrumb"},"inLanguage":"it-IT","potentialAction":[{"@type":"ReadAction","target":["https:\/\/kayak-innovations.com\/product\/paddel-neptun-x-205-ha\/"]}]},{"@type":"ImageObject","inLanguage":"it-IT","@id":"https:\/\/kayak-innovations.com\/product\/paddel-neptun-x-205-ha\/#primaryimage","url":"https:\/\/kayak-innovations.com\/wp-content\/uploads\/2023\/03\/Neptun_X_1000x1000_4.jpg","contentUrl":"https:\/\/kayak-innovations.com\/wp-content\/uploads\/2023\/03\/Neptun_X_1000x1000_4.jpg","width":800,"height":800},{"@type":"BreadcrumbList","@id":"https:\/\/kayak-innovations.com\/product\/paddel-neptun-x-205-ha\/#breadcrumb","itemListElement":[{"@type":"ListItem","position":1,"name":"Startseite","item":"https:\/\/kayak-innovations.com\/"},{"@type":"ListItem","position":2,"name":"Shop","item":"https:\/\/kayak-innovations.com\/kayak-innovations-online-shop-fuer-zubehoer-ersatzteile-und-mehr\/"},{"@type":"ListItem","position":3,"name":"Kayak Innovations original Zubeh\u00f6r","item":"https:\/\/kayak-innovations.com\/product-category\/kayak-innovations-original-zubehoer\/"},{"@type":"ListItem","position":4,"name":"Paddel &#8222;NEPTUN X&#8220; 205-215cm High Angle"}]},{"@type":"WebSite","@id":"https:\/\/kayak-innovations.com\/#website","url":"https:\/\/kayak-innovations.com\/","name":"INNOVAZIONI PER IL KAYAK","description":"Modulares Kajakdesign","publisher":{"@id":"https:\/\/kayak-innovations.com\/#organization"},"potentialAction":[{"@type":"SearchAction","target":{"@type":"EntryPoint","urlTemplate":"https:\/\/kayak-innovations.com\/?s={search_term_string}"},"query-input":{"@type":"PropertyValueSpecification","valueRequired":true,"valueName":"search_term_string"}}],"inLanguage":"it-IT"},{"@type":"Organization","@id":"https:\/\/kayak-innovations.com\/#organization","name":"INNOVAZIONI PER IL KAYAK","url":"https:\/\/kayak-innovations.com\/","logo":{"@type":"ImageObject","inLanguage":"it-IT","@id":"https:\/\/kayak-innovations.com\/#\/schema\/logo\/image\/","url":"https:\/\/kayak-innovations.com\/wp-content\/uploads\/2023\/03\/Logo_Kayak_Innovations.png","contentUrl":"https:\/\/kayak-innovations.com\/wp-content\/uploads\/2023\/03\/Logo_Kayak_Innovations.png","width":640,"height":132,"caption":"KAYAK INNOVATIONS"},"image":{"@id":"https:\/\/kayak-innovations.com\/#\/schema\/logo\/image\/"},"sameAs":["https:\/\/www.facebook.com\/NATSEQ-108045581073906","https:\/\/www.instagram.com\/kayak.innovations\/"]}]}},"_links":{"self":[{"href":"https:\/\/kayak-innovations.com\/it\/wp-json\/wp\/v2\/product\/105652","targetHints":{"allow":["GET"]}}],"collection":[{"href":"https:\/\/kayak-innovations.com\/it\/wp-json\/wp\/v2\/product"}],"about":[{"href":"https:\/\/kayak-innovations.com\/it\/wp-json\/wp\/v2\/types\/product"}],"wp:featuredmedia":[{"embeddable":true,"href":"https:\/\/kayak-innovations.com\/it\/wp-json\/wp\/v2\/media\/111745"}],"wp:attachment":[{"href":"https:\/\/kayak-innovations.com\/it\/wp-json\/wp\/v2\/media?parent=105652"}],"wp:term":[{"taxonomy":"product_brand","embeddable":true,"href":"https:\/\/kayak-innovations.com\/it\/wp-json\/wp\/v2\/product_brand?post=105652"},{"taxonomy":"product_cat","embeddable":true,"href":"https:\/\/kayak-innovations.com\/it\/wp-json\/wp\/v2\/product_cat?post=105652"},{"taxonomy":"product_tag","embeddable":true,"href":"https:\/\/kayak-innovations.com\/it\/wp-json\/wp\/v2\/product_tag?post=105652"}],"curies":[{"name":"wp","href":"https:\/\/api.w.org\/{rel}","templated":true}]}}