{"id":105664,"date":"2023-03-23T11:36:44","date_gmt":"2023-03-23T10:36:44","guid":{"rendered":"https:\/\/kayak-innovations.com\/product\/natseq-kajak-spannleinen-set-rot\/"},"modified":"2025-12-08T15:59:06","modified_gmt":"2025-12-08T14:59:06","slug":"natseq-kajak-spannleinen-set-rot","status":"publish","type":"product","link":"https:\/\/kayak-innovations.com\/it\/product\/natseq-kajak-spannleinen-set-rot\/","title":{"rendered":"NATSEQ - Set di lenze per kayak rosso"},"content":{"rendered":"<p>Pimp your NATSEQ! Ein neues Boot, ein neuer Look? Mit uns geht beides. Wer neue frische Farben an seinem NATSEQ sehen m\u00f6chte, kann dies nun leicht realisieren, ohne gleich ein neues Boot kaufen zu m\u00fcssen.<\/p>\n<p>Che ne dite di corde elastiche di colori diversi per cambiare?<br \/>\nIl montaggio \u00e8 molto semplice:<br \/>\n1. sciogliere il primo nodo del coperchio collegato al kayak<br \/>\n2 Allentare le viti delle linee di tensione nere sul rispettivo portello.<br \/>\n3. avvitare la stessa vite nello stesso punto con il nuovo bungee, facendo attenzione a sinistra e a destra.<br \/>\n4 Infilare la nuova copertura, chiudere di nuovo il nodo - fatto!<\/p>\n<p>Erh\u00e4ltlich in den Farben Rot, Gr\u00fcn, Blau. Bei der Darstellung der Farbe kann es zu leichten Abweichungen zum tats\u00e4chlichen Produkt kommen.<\/p>","protected":false},"excerpt":{"rendered":"<p>Original farbiges Decksbungee-Set f\u00fcr SOLO &amp; Tandem in Rot<\/p>","protected":false},"featured_media":111712,"template":"","meta":{"_et_pb_use_builder":"","_et_pb_old_content":"","_et_gb_content_width":""},"product_brand":[],"product_cat":[189],"product_tag":[150,36,148],"class_list":{"0":"post-105664","1":"product","2":"type-product","3":"status-publish","4":"has-post-thumbnail","6":"product_cat-kayak-innovations-original-zubehoer","7":"product_tag-bungees","8":"product_tag-natseq","9":"product_tag-zubehoer","10":"product_shipping_class-warenpost","12":"first","13":"instock","14":"taxable","15":"shipping-taxable","16":"purchasable","17":"product-type-simple"},"yoast_head":"<!-- This site is optimized with the Yoast SEO plugin v27.1.1 - https:\/\/yoast.com\/product\/yoast-seo-wordpress\/ -->\n<title>NATSEQ - Kajak Spannleinen Set Rot - KAYAK INNOVATIONS<\/title>\n<meta name=\"robots\" content=\"index, follow, max-snippet:-1, max-image-preview:large, max-video-preview:-1\" \/>\n<link rel=\"canonical\" href=\"https:\/\/kayak-innovations.com\/it\/product\/natseq-kajak-spannleinen-set-rot\/\" \/>\n<meta property=\"og:locale\" content=\"it_IT\" \/>\n<meta property=\"og:type\" content=\"article\" \/>\n<meta property=\"og:title\" content=\"NATSEQ - Kajak Spannleinen Set Rot - KAYAK INNOVATIONS\" \/>\n<meta property=\"og:description\" content=\"Original farbiges Decksbungee-Set f\u00fcr SOLO &amp; Tandem in Rot\" \/>\n<meta property=\"og:url\" content=\"https:\/\/kayak-innovations.com\/it\/product\/natseq-kajak-spannleinen-set-rot\/\" \/>\n<meta property=\"og:site_name\" content=\"KAYAK INNOVATIONS\" \/>\n<meta property=\"article:publisher\" content=\"https:\/\/www.facebook.com\/NATSEQ-108045581073906\" \/>\n<meta property=\"article:modified_time\" content=\"2025-12-08T14:59:06+00:00\" \/>\n<meta property=\"og:image\" content=\"https:\/\/kayak-innovations.com\/wp-content\/uploads\/2023\/03\/Bungees_rot.jpg\" \/>\n\t<meta property=\"og:image:width\" content=\"800\" \/>\n\t<meta property=\"og:image:height\" content=\"800\" \/>\n\t<meta property=\"og:image:type\" content=\"image\/jpeg\" \/>\n<meta name=\"twitter:card\" content=\"summary_large_image\" \/>\n<meta name=\"twitter:label1\" content=\"Tempo di lettura stimato\" \/>\n\t<meta name=\"twitter:data1\" content=\"1 minuto\" \/>\n<script type=\"application\/ld+json\" class=\"yoast-schema-graph\">{\"@context\":\"https:\/\/schema.org\",\"@graph\":[{\"@type\":\"WebPage\",\"@id\":\"https:\/\/kayak-innovations.com\/product\/natseq-kajak-spannleinen-set-rot\/\",\"url\":\"https:\/\/kayak-innovations.com\/product\/natseq-kajak-spannleinen-set-rot\/\",\"name\":\"NATSEQ - Kajak Spannleinen Set Rot - KAYAK INNOVATIONS\",\"isPartOf\":{\"@id\":\"https:\/\/kayak-innovations.com\/#website\"},\"primaryImageOfPage\":{\"@id\":\"https:\/\/kayak-innovations.com\/product\/natseq-kajak-spannleinen-set-rot\/#primaryimage\"},\"image\":{\"@id\":\"https:\/\/kayak-innovations.com\/product\/natseq-kajak-spannleinen-set-rot\/#primaryimage\"},\"thumbnailUrl\":\"https:\/\/kayak-innovations.com\/wp-content\/uploads\/2023\/03\/Bungees_rot.jpg\",\"datePublished\":\"2023-03-23T10:36:44+00:00\",\"dateModified\":\"2025-12-08T14:59:06+00:00\",\"breadcrumb\":{\"@id\":\"https:\/\/kayak-innovations.com\/product\/natseq-kajak-spannleinen-set-rot\/#breadcrumb\"},\"inLanguage\":\"it-IT\",\"potentialAction\":[{\"@type\":\"ReadAction\",\"target\":[\"https:\/\/kayak-innovations.com\/product\/natseq-kajak-spannleinen-set-rot\/\"]}]},{\"@type\":\"ImageObject\",\"inLanguage\":\"it-IT\",\"@id\":\"https:\/\/kayak-innovations.com\/product\/natseq-kajak-spannleinen-set-rot\/#primaryimage\",\"url\":\"https:\/\/kayak-innovations.com\/wp-content\/uploads\/2023\/03\/Bungees_rot.jpg\",\"contentUrl\":\"https:\/\/kayak-innovations.com\/wp-content\/uploads\/2023\/03\/Bungees_rot.jpg\",\"width\":800,\"height\":800},{\"@type\":\"BreadcrumbList\",\"@id\":\"https:\/\/kayak-innovations.com\/product\/natseq-kajak-spannleinen-set-rot\/#breadcrumb\",\"itemListElement\":[{\"@type\":\"ListItem\",\"position\":1,\"name\":\"Startseite\",\"item\":\"https:\/\/kayak-innovations.com\/\"},{\"@type\":\"ListItem\",\"position\":2,\"name\":\"Shop\",\"item\":\"https:\/\/kayak-innovations.com\/kayak-innovations-online-shop-fuer-zubehoer-ersatzteile-und-mehr\/\"},{\"@type\":\"ListItem\",\"position\":3,\"name\":\"Kayak Innovations original Zubeh\u00f6r\",\"item\":\"https:\/\/kayak-innovations.com\/product-category\/kayak-innovations-original-zubehoer\/\"},{\"@type\":\"ListItem\",\"position\":4,\"name\":\"NATSEQ &#8211; Kajak Spannleinen Set Rot\"}]},{\"@type\":\"WebSite\",\"@id\":\"https:\/\/kayak-innovations.com\/#website\",\"url\":\"https:\/\/kayak-innovations.com\/\",\"name\":\"KAYAK INNOVATIONS\",\"description\":\"Modulares Kajakdesign\",\"publisher\":{\"@id\":\"https:\/\/kayak-innovations.com\/#organization\"},\"potentialAction\":[{\"@type\":\"SearchAction\",\"target\":{\"@type\":\"EntryPoint\",\"urlTemplate\":\"https:\/\/kayak-innovations.com\/?s={search_term_string}\"},\"query-input\":{\"@type\":\"PropertyValueSpecification\",\"valueRequired\":true,\"valueName\":\"search_term_string\"}}],\"inLanguage\":\"it-IT\"},{\"@type\":\"Organization\",\"@id\":\"https:\/\/kayak-innovations.com\/#organization\",\"name\":\"KAYAK INNOVATIONS\",\"url\":\"https:\/\/kayak-innovations.com\/\",\"logo\":{\"@type\":\"ImageObject\",\"inLanguage\":\"it-IT\",\"@id\":\"https:\/\/kayak-innovations.com\/#\/schema\/logo\/image\/\",\"url\":\"https:\/\/kayak-innovations.com\/wp-content\/uploads\/2023\/03\/Logo_Kayak_Innovations.png\",\"contentUrl\":\"https:\/\/kayak-innovations.com\/wp-content\/uploads\/2023\/03\/Logo_Kayak_Innovations.png\",\"width\":640,\"height\":132,\"caption\":\"KAYAK INNOVATIONS\"},\"image\":{\"@id\":\"https:\/\/kayak-innovations.com\/#\/schema\/logo\/image\/\"},\"sameAs\":[\"https:\/\/www.facebook.com\/NATSEQ-108045581073906\",\"https:\/\/www.instagram.com\/kayak.innovations\/\"]}]}<\/script>\n<!-- \/ Yoast SEO plugin. -->","yoast_head_json":{"title":"NATSEQ - Kajak Spannleinen Set Rot - KAYAK INNOVATIONS","robots":{"index":"index","follow":"follow","max-snippet":"max-snippet:-1","max-image-preview":"max-image-preview:large","max-video-preview":"max-video-preview:-1"},"canonical":"https:\/\/kayak-innovations.com\/it\/product\/natseq-kajak-spannleinen-set-rot\/","og_locale":"it_IT","og_type":"article","og_title":"NATSEQ - Kajak Spannleinen Set Rot - KAYAK INNOVATIONS","og_description":"Original farbiges Decksbungee-Set f\u00fcr SOLO &amp; Tandem in Rot","og_url":"https:\/\/kayak-innovations.com\/it\/product\/natseq-kajak-spannleinen-set-rot\/","og_site_name":"KAYAK INNOVATIONS","article_publisher":"https:\/\/www.facebook.com\/NATSEQ-108045581073906","article_modified_time":"2025-12-08T14:59:06+00:00","og_image":[{"width":800,"height":800,"url":"https:\/\/kayak-innovations.com\/wp-content\/uploads\/2023\/03\/Bungees_rot.jpg","type":"image\/jpeg"}],"twitter_card":"summary_large_image","twitter_misc":{"Tempo di lettura stimato":"1 minuto"},"schema":{"@context":"https:\/\/schema.org","@graph":[{"@type":"WebPage","@id":"https:\/\/kayak-innovations.com\/product\/natseq-kajak-spannleinen-set-rot\/","url":"https:\/\/kayak-innovations.com\/product\/natseq-kajak-spannleinen-set-rot\/","name":"NATSEQ - Kajak Spannleinen Set Rot - KAYAK INNOVATIONS","isPartOf":{"@id":"https:\/\/kayak-innovations.com\/#website"},"primaryImageOfPage":{"@id":"https:\/\/kayak-innovations.com\/product\/natseq-kajak-spannleinen-set-rot\/#primaryimage"},"image":{"@id":"https:\/\/kayak-innovations.com\/product\/natseq-kajak-spannleinen-set-rot\/#primaryimage"},"thumbnailUrl":"https:\/\/kayak-innovations.com\/wp-content\/uploads\/2023\/03\/Bungees_rot.jpg","datePublished":"2023-03-23T10:36:44+00:00","dateModified":"2025-12-08T14:59:06+00:00","breadcrumb":{"@id":"https:\/\/kayak-innovations.com\/product\/natseq-kajak-spannleinen-set-rot\/#breadcrumb"},"inLanguage":"it-IT","potentialAction":[{"@type":"ReadAction","target":["https:\/\/kayak-innovations.com\/product\/natseq-kajak-spannleinen-set-rot\/"]}]},{"@type":"ImageObject","inLanguage":"it-IT","@id":"https:\/\/kayak-innovations.com\/product\/natseq-kajak-spannleinen-set-rot\/#primaryimage","url":"https:\/\/kayak-innovations.com\/wp-content\/uploads\/2023\/03\/Bungees_rot.jpg","contentUrl":"https:\/\/kayak-innovations.com\/wp-content\/uploads\/2023\/03\/Bungees_rot.jpg","width":800,"height":800},{"@type":"BreadcrumbList","@id":"https:\/\/kayak-innovations.com\/product\/natseq-kajak-spannleinen-set-rot\/#breadcrumb","itemListElement":[{"@type":"ListItem","position":1,"name":"Startseite","item":"https:\/\/kayak-innovations.com\/"},{"@type":"ListItem","position":2,"name":"Shop","item":"https:\/\/kayak-innovations.com\/kayak-innovations-online-shop-fuer-zubehoer-ersatzteile-und-mehr\/"},{"@type":"ListItem","position":3,"name":"Kayak Innovations original Zubeh\u00f6r","item":"https:\/\/kayak-innovations.com\/product-category\/kayak-innovations-original-zubehoer\/"},{"@type":"ListItem","position":4,"name":"NATSEQ &#8211; Kajak Spannleinen Set Rot"}]},{"@type":"WebSite","@id":"https:\/\/kayak-innovations.com\/#website","url":"https:\/\/kayak-innovations.com\/","name":"INNOVAZIONI PER IL KAYAK","description":"Modulares Kajakdesign","publisher":{"@id":"https:\/\/kayak-innovations.com\/#organization"},"potentialAction":[{"@type":"SearchAction","target":{"@type":"EntryPoint","urlTemplate":"https:\/\/kayak-innovations.com\/?s={search_term_string}"},"query-input":{"@type":"PropertyValueSpecification","valueRequired":true,"valueName":"search_term_string"}}],"inLanguage":"it-IT"},{"@type":"Organization","@id":"https:\/\/kayak-innovations.com\/#organization","name":"INNOVAZIONI PER IL KAYAK","url":"https:\/\/kayak-innovations.com\/","logo":{"@type":"ImageObject","inLanguage":"it-IT","@id":"https:\/\/kayak-innovations.com\/#\/schema\/logo\/image\/","url":"https:\/\/kayak-innovations.com\/wp-content\/uploads\/2023\/03\/Logo_Kayak_Innovations.png","contentUrl":"https:\/\/kayak-innovations.com\/wp-content\/uploads\/2023\/03\/Logo_Kayak_Innovations.png","width":640,"height":132,"caption":"KAYAK INNOVATIONS"},"image":{"@id":"https:\/\/kayak-innovations.com\/#\/schema\/logo\/image\/"},"sameAs":["https:\/\/www.facebook.com\/NATSEQ-108045581073906","https:\/\/www.instagram.com\/kayak.innovations\/"]}]}},"_links":{"self":[{"href":"https:\/\/kayak-innovations.com\/it\/wp-json\/wp\/v2\/product\/105664","targetHints":{"allow":["GET"]}}],"collection":[{"href":"https:\/\/kayak-innovations.com\/it\/wp-json\/wp\/v2\/product"}],"about":[{"href":"https:\/\/kayak-innovations.com\/it\/wp-json\/wp\/v2\/types\/product"}],"wp:featuredmedia":[{"embeddable":true,"href":"https:\/\/kayak-innovations.com\/it\/wp-json\/wp\/v2\/media\/111712"}],"wp:attachment":[{"href":"https:\/\/kayak-innovations.com\/it\/wp-json\/wp\/v2\/media?parent=105664"}],"wp:term":[{"taxonomy":"product_brand","embeddable":true,"href":"https:\/\/kayak-innovations.com\/it\/wp-json\/wp\/v2\/product_brand?post=105664"},{"taxonomy":"product_cat","embeddable":true,"href":"https:\/\/kayak-innovations.com\/it\/wp-json\/wp\/v2\/product_cat?post=105664"},{"taxonomy":"product_tag","embeddable":true,"href":"https:\/\/kayak-innovations.com\/it\/wp-json\/wp\/v2\/product_tag?post=105664"}],"curies":[{"name":"wp","href":"https:\/\/api.w.org\/{rel}","templated":true}]}}