{"id":109992,"date":"2023-11-01T12:08:34","date_gmt":"2023-11-01T11:08:34","guid":{"rendered":"https:\/\/kayak-innovations.com\/?post_type=product&#038;p=109992"},"modified":"2026-02-13T10:54:53","modified_gmt":"2026-02-13T09:54:53","slug":"natseq-solo-harlekin-aus-2021-austellungsstueck","status":"publish","type":"product","link":"https:\/\/kayak-innovations.com\/it\/product\/natseq-solo-harlekin-aus-2021-austellungsstueck\/","title":{"rendered":"NATSEQ Solo Arlecchino dal 2021 - pezzo da esposizione"},"content":{"rendered":"<p>Il NATSEQ \u00e8 un kayak modulare unico nel suo genere, con le migliori prestazioni e probabilmente la linea di galleggiamento pi\u00f9 lunga in questa lunghezza di barca.<\/p>\n<p>Linee sportive abbinate a tanto spazio a prua e a poppa come spazio di stivaggio completamente utilizzabile e un pozzetto enorme in cui possono sedersi comodamente anche i canoisti di oltre 2 metri di altezza.<\/p>\n<p>La forma subacquea idrodinamicamente perfezionata, che va dal telaio a U al telaio curvo, il moderato salto di chiglia e la bassa superficie bagnata, grazie al perfetto rapporto lunghezza\/larghezza e alla massima larghezza a poppa del pozzetto, conferiscono al NATSEQ prestazioni eccezionali. La linea di galleggiamento \u00e8 forse la pi\u00f9 lunga in questa lunghezza di barca.<\/p>\n<p>NATSEQ \u00e8 ideale per fiumi, laghi e acque costiere - per poche ore o giorni, da soli o in coppia, a tre, ... con bagagli, cane o senza.<\/p>\n<p>NATSEQ in solitaria pu\u00f2 trasportare un carico di 160 kg, in tandem fino a 260 kg. Per escursioni ancora pi\u00f9 lunghe o per il cane + bagagli, il PACKER offre un ulteriore volume di carico di 60 l e trasporta fino a 50 kg.<\/p>\n<p>Abbiamo progettato e costruito un kayak veloce, agile e facile da manovrare che regge il confronto con altri kayak di alta qualit\u00e0 e che vi regaler\u00e0 molte ore di piacere e relax in acqua!<\/p>\n<p>NATSEQ \u00e8 regionale perch\u00e9 \u00e8 100% Made in Germany!<\/p>\n<p>Attualmente disponibile in 3 colori: rosso, verde e blu.<\/p>","protected":false},"excerpt":{"rendered":"<p>NATSEQ Solo Harlequin dal 2021 (senza pigmentazione)<\/p>\n<p>Pezzo da esposizione del nostro ex showroom<\/p>\n<p>&nbsp;<\/p>","protected":false},"featured_media":109993,"template":"","meta":{"_et_pb_use_builder":"","_et_pb_old_content":"","_et_gb_content_width":""},"product_brand":[],"product_cat":[185],"product_tag":[],"class_list":{"0":"post-109992","1":"product","2":"type-product","3":"status-publish","4":"has-post-thumbnail","6":"product_cat-product-category-kayak-innovations-outlet","8":"first","9":"instock","10":"sale","11":"taxable","12":"shipping-taxable","13":"purchasable","14":"product-type-simple"},"yoast_head":"<!-- This site is optimized with the Yoast SEO plugin v27.1.1 - https:\/\/yoast.com\/product\/yoast-seo-wordpress\/ -->\n<title>NATSEQ Solo Harlekin aus 2021 - Austellungsst\u00fcck - KAYAK INNOVATIONS<\/title>\n<meta name=\"description\" content=\"Outletartikel Ausstellungsst\u00fcck\" \/>\n<meta name=\"robots\" content=\"index, follow, max-snippet:-1, max-image-preview:large, max-video-preview:-1\" \/>\n<link rel=\"canonical\" href=\"https:\/\/kayak-innovations.com\/it\/product\/natseq-solo-harlekin-aus-2021-austellungsstueck\/\" \/>\n<meta property=\"og:locale\" content=\"it_IT\" \/>\n<meta property=\"og:type\" content=\"article\" \/>\n<meta property=\"og:title\" content=\"NATSEQ Solo Harlekin aus 2021 - Austellungsst\u00fcck - KAYAK INNOVATIONS\" \/>\n<meta property=\"og:description\" content=\"Outletartikel Ausstellungsst\u00fcck\" \/>\n<meta property=\"og:url\" content=\"https:\/\/kayak-innovations.com\/it\/product\/natseq-solo-harlekin-aus-2021-austellungsstueck\/\" \/>\n<meta property=\"og:site_name\" content=\"KAYAK INNOVATIONS\" \/>\n<meta property=\"article:publisher\" content=\"https:\/\/www.facebook.com\/NATSEQ-108045581073906\" \/>\n<meta property=\"article:modified_time\" content=\"2026-02-13T09:54:53+00:00\" \/>\n<meta property=\"og:image\" content=\"https:\/\/kayak-innovations.com\/wp-content\/uploads\/2023\/11\/IMG_0458-scaled.jpeg\" \/>\n\t<meta property=\"og:image:width\" content=\"1920\" \/>\n\t<meta property=\"og:image:height\" content=\"2560\" \/>\n\t<meta property=\"og:image:type\" content=\"image\/jpeg\" \/>\n<meta name=\"twitter:card\" content=\"summary_large_image\" \/>\n<meta name=\"twitter:label1\" content=\"Tempo di lettura stimato\" \/>\n\t<meta name=\"twitter:data1\" content=\"2 minuti\" \/>\n<script type=\"application\/ld+json\" class=\"yoast-schema-graph\">{\"@context\":\"https:\/\/schema.org\",\"@graph\":[{\"@type\":\"WebPage\",\"@id\":\"https:\/\/kayak-innovations.com\/product\/natseq-solo-harlekin-aus-2021-austellungsstueck\/\",\"url\":\"https:\/\/kayak-innovations.com\/product\/natseq-solo-harlekin-aus-2021-austellungsstueck\/\",\"name\":\"NATSEQ Solo Harlekin aus 2021 - Austellungsst\u00fcck - KAYAK INNOVATIONS\",\"isPartOf\":{\"@id\":\"https:\/\/kayak-innovations.com\/#website\"},\"primaryImageOfPage\":{\"@id\":\"https:\/\/kayak-innovations.com\/product\/natseq-solo-harlekin-aus-2021-austellungsstueck\/#primaryimage\"},\"image\":{\"@id\":\"https:\/\/kayak-innovations.com\/product\/natseq-solo-harlekin-aus-2021-austellungsstueck\/#primaryimage\"},\"thumbnailUrl\":\"https:\/\/kayak-innovations.com\/wp-content\/uploads\/2023\/11\/IMG_0458-scaled.jpeg\",\"datePublished\":\"2023-11-01T11:08:34+00:00\",\"dateModified\":\"2026-02-13T09:54:53+00:00\",\"description\":\"Outletartikel Ausstellungsst\u00fcck\",\"breadcrumb\":{\"@id\":\"https:\/\/kayak-innovations.com\/product\/natseq-solo-harlekin-aus-2021-austellungsstueck\/#breadcrumb\"},\"inLanguage\":\"it-IT\",\"potentialAction\":[{\"@type\":\"ReadAction\",\"target\":[\"https:\/\/kayak-innovations.com\/product\/natseq-solo-harlekin-aus-2021-austellungsstueck\/\"]}]},{\"@type\":\"ImageObject\",\"inLanguage\":\"it-IT\",\"@id\":\"https:\/\/kayak-innovations.com\/product\/natseq-solo-harlekin-aus-2021-austellungsstueck\/#primaryimage\",\"url\":\"https:\/\/kayak-innovations.com\/wp-content\/uploads\/2023\/11\/IMG_0458-scaled.jpeg\",\"contentUrl\":\"https:\/\/kayak-innovations.com\/wp-content\/uploads\/2023\/11\/IMG_0458-scaled.jpeg\",\"width\":1920,\"height\":2560},{\"@type\":\"BreadcrumbList\",\"@id\":\"https:\/\/kayak-innovations.com\/product\/natseq-solo-harlekin-aus-2021-austellungsstueck\/#breadcrumb\",\"itemListElement\":[{\"@type\":\"ListItem\",\"position\":1,\"name\":\"Startseite\",\"item\":\"https:\/\/kayak-innovations.com\/\"},{\"@type\":\"ListItem\",\"position\":2,\"name\":\"Shop\",\"item\":\"https:\/\/kayak-innovations.com\/kayak-innovations-online-shop-fuer-zubehoer-ersatzteile-und-mehr\/\"},{\"@type\":\"ListItem\",\"position\":3,\"name\":\"Kayak Innovations Outlet\",\"item\":\"https:\/\/kayak-innovations.com\/product-category\/product-category-kayak-innovations-outlet\/\"},{\"@type\":\"ListItem\",\"position\":4,\"name\":\"NATSEQ Solo Harlekin aus 2021 &#8211; Austellungsst\u00fcck\"}]},{\"@type\":\"WebSite\",\"@id\":\"https:\/\/kayak-innovations.com\/#website\",\"url\":\"https:\/\/kayak-innovations.com\/\",\"name\":\"KAYAK INNOVATIONS\",\"description\":\"Modulares Kajakdesign\",\"publisher\":{\"@id\":\"https:\/\/kayak-innovations.com\/#organization\"},\"potentialAction\":[{\"@type\":\"SearchAction\",\"target\":{\"@type\":\"EntryPoint\",\"urlTemplate\":\"https:\/\/kayak-innovations.com\/?s={search_term_string}\"},\"query-input\":{\"@type\":\"PropertyValueSpecification\",\"valueRequired\":true,\"valueName\":\"search_term_string\"}}],\"inLanguage\":\"it-IT\"},{\"@type\":\"Organization\",\"@id\":\"https:\/\/kayak-innovations.com\/#organization\",\"name\":\"KAYAK INNOVATIONS\",\"url\":\"https:\/\/kayak-innovations.com\/\",\"logo\":{\"@type\":\"ImageObject\",\"inLanguage\":\"it-IT\",\"@id\":\"https:\/\/kayak-innovations.com\/#\/schema\/logo\/image\/\",\"url\":\"https:\/\/kayak-innovations.com\/wp-content\/uploads\/2023\/03\/Logo_Kayak_Innovations.png\",\"contentUrl\":\"https:\/\/kayak-innovations.com\/wp-content\/uploads\/2023\/03\/Logo_Kayak_Innovations.png\",\"width\":640,\"height\":132,\"caption\":\"KAYAK INNOVATIONS\"},\"image\":{\"@id\":\"https:\/\/kayak-innovations.com\/#\/schema\/logo\/image\/\"},\"sameAs\":[\"https:\/\/www.facebook.com\/NATSEQ-108045581073906\",\"https:\/\/www.instagram.com\/kayak.innovations\/\"]}]}<\/script>\n<!-- \/ Yoast SEO plugin. -->","yoast_head_json":{"title":"NATSEQ Solo Harlekin aus 2021 - Austellungsst\u00fcck - KAYAK INNOVATIONS","description":"Outletartikel Ausstellungsst\u00fcck","robots":{"index":"index","follow":"follow","max-snippet":"max-snippet:-1","max-image-preview":"max-image-preview:large","max-video-preview":"max-video-preview:-1"},"canonical":"https:\/\/kayak-innovations.com\/it\/product\/natseq-solo-harlekin-aus-2021-austellungsstueck\/","og_locale":"it_IT","og_type":"article","og_title":"NATSEQ Solo Harlekin aus 2021 - Austellungsst\u00fcck - KAYAK INNOVATIONS","og_description":"Outletartikel Ausstellungsst\u00fcck","og_url":"https:\/\/kayak-innovations.com\/it\/product\/natseq-solo-harlekin-aus-2021-austellungsstueck\/","og_site_name":"KAYAK INNOVATIONS","article_publisher":"https:\/\/www.facebook.com\/NATSEQ-108045581073906","article_modified_time":"2026-02-13T09:54:53+00:00","og_image":[{"width":1920,"height":2560,"url":"https:\/\/kayak-innovations.com\/wp-content\/uploads\/2023\/11\/IMG_0458-scaled.jpeg","type":"image\/jpeg"}],"twitter_card":"summary_large_image","twitter_misc":{"Tempo di lettura stimato":"2 minuti"},"schema":{"@context":"https:\/\/schema.org","@graph":[{"@type":"WebPage","@id":"https:\/\/kayak-innovations.com\/product\/natseq-solo-harlekin-aus-2021-austellungsstueck\/","url":"https:\/\/kayak-innovations.com\/product\/natseq-solo-harlekin-aus-2021-austellungsstueck\/","name":"NATSEQ Solo Harlekin aus 2021 - Austellungsst\u00fcck - KAYAK INNOVATIONS","isPartOf":{"@id":"https:\/\/kayak-innovations.com\/#website"},"primaryImageOfPage":{"@id":"https:\/\/kayak-innovations.com\/product\/natseq-solo-harlekin-aus-2021-austellungsstueck\/#primaryimage"},"image":{"@id":"https:\/\/kayak-innovations.com\/product\/natseq-solo-harlekin-aus-2021-austellungsstueck\/#primaryimage"},"thumbnailUrl":"https:\/\/kayak-innovations.com\/wp-content\/uploads\/2023\/11\/IMG_0458-scaled.jpeg","datePublished":"2023-11-01T11:08:34+00:00","dateModified":"2026-02-13T09:54:53+00:00","description":"Outletartikel Ausstellungsst\u00fcck","breadcrumb":{"@id":"https:\/\/kayak-innovations.com\/product\/natseq-solo-harlekin-aus-2021-austellungsstueck\/#breadcrumb"},"inLanguage":"it-IT","potentialAction":[{"@type":"ReadAction","target":["https:\/\/kayak-innovations.com\/product\/natseq-solo-harlekin-aus-2021-austellungsstueck\/"]}]},{"@type":"ImageObject","inLanguage":"it-IT","@id":"https:\/\/kayak-innovations.com\/product\/natseq-solo-harlekin-aus-2021-austellungsstueck\/#primaryimage","url":"https:\/\/kayak-innovations.com\/wp-content\/uploads\/2023\/11\/IMG_0458-scaled.jpeg","contentUrl":"https:\/\/kayak-innovations.com\/wp-content\/uploads\/2023\/11\/IMG_0458-scaled.jpeg","width":1920,"height":2560},{"@type":"BreadcrumbList","@id":"https:\/\/kayak-innovations.com\/product\/natseq-solo-harlekin-aus-2021-austellungsstueck\/#breadcrumb","itemListElement":[{"@type":"ListItem","position":1,"name":"Startseite","item":"https:\/\/kayak-innovations.com\/"},{"@type":"ListItem","position":2,"name":"Shop","item":"https:\/\/kayak-innovations.com\/kayak-innovations-online-shop-fuer-zubehoer-ersatzteile-und-mehr\/"},{"@type":"ListItem","position":3,"name":"Kayak Innovations Outlet","item":"https:\/\/kayak-innovations.com\/product-category\/product-category-kayak-innovations-outlet\/"},{"@type":"ListItem","position":4,"name":"NATSEQ Solo Harlekin aus 2021 &#8211; Austellungsst\u00fcck"}]},{"@type":"WebSite","@id":"https:\/\/kayak-innovations.com\/#website","url":"https:\/\/kayak-innovations.com\/","name":"INNOVAZIONI PER IL KAYAK","description":"Modulares Kajakdesign","publisher":{"@id":"https:\/\/kayak-innovations.com\/#organization"},"potentialAction":[{"@type":"SearchAction","target":{"@type":"EntryPoint","urlTemplate":"https:\/\/kayak-innovations.com\/?s={search_term_string}"},"query-input":{"@type":"PropertyValueSpecification","valueRequired":true,"valueName":"search_term_string"}}],"inLanguage":"it-IT"},{"@type":"Organization","@id":"https:\/\/kayak-innovations.com\/#organization","name":"INNOVAZIONI PER IL KAYAK","url":"https:\/\/kayak-innovations.com\/","logo":{"@type":"ImageObject","inLanguage":"it-IT","@id":"https:\/\/kayak-innovations.com\/#\/schema\/logo\/image\/","url":"https:\/\/kayak-innovations.com\/wp-content\/uploads\/2023\/03\/Logo_Kayak_Innovations.png","contentUrl":"https:\/\/kayak-innovations.com\/wp-content\/uploads\/2023\/03\/Logo_Kayak_Innovations.png","width":640,"height":132,"caption":"KAYAK INNOVATIONS"},"image":{"@id":"https:\/\/kayak-innovations.com\/#\/schema\/logo\/image\/"},"sameAs":["https:\/\/www.facebook.com\/NATSEQ-108045581073906","https:\/\/www.instagram.com\/kayak.innovations\/"]}]}},"_links":{"self":[{"href":"https:\/\/kayak-innovations.com\/it\/wp-json\/wp\/v2\/product\/109992","targetHints":{"allow":["GET"]}}],"collection":[{"href":"https:\/\/kayak-innovations.com\/it\/wp-json\/wp\/v2\/product"}],"about":[{"href":"https:\/\/kayak-innovations.com\/it\/wp-json\/wp\/v2\/types\/product"}],"wp:featuredmedia":[{"embeddable":true,"href":"https:\/\/kayak-innovations.com\/it\/wp-json\/wp\/v2\/media\/109993"}],"wp:attachment":[{"href":"https:\/\/kayak-innovations.com\/it\/wp-json\/wp\/v2\/media?parent=109992"}],"wp:term":[{"taxonomy":"product_brand","embeddable":true,"href":"https:\/\/kayak-innovations.com\/it\/wp-json\/wp\/v2\/product_brand?post=109992"},{"taxonomy":"product_cat","embeddable":true,"href":"https:\/\/kayak-innovations.com\/it\/wp-json\/wp\/v2\/product_cat?post=109992"},{"taxonomy":"product_tag","embeddable":true,"href":"https:\/\/kayak-innovations.com\/it\/wp-json\/wp\/v2\/product_tag?post=109992"}],"curies":[{"name":"wp","href":"https:\/\/api.w.org\/{rel}","templated":true}]}}