{"id":110304,"date":"2024-04-19T16:28:48","date_gmt":"2024-04-19T15:28:48","guid":{"rendered":"https:\/\/kayak-innovations.com\/?post_type=product&#038;p=110304"},"modified":"2026-02-26T10:09:53","modified_gmt":"2026-02-26T09:09:53","slug":"natseq-spritzdecke-2024","status":"publish","type":"product","link":"https:\/\/kayak-innovations.com\/it\/product\/natseq-spritzdecke-2024\/","title":{"rendered":"NATSEQ Spritzdecke"},"content":{"rendered":"<p>Spraydeck originale di Kayak Innovations per kayak NATSEQ.<\/p>\n<ul>\n<li>nuovo design<\/li>\n<li>Perfettamente abbinato alla mastra NATSEQ<\/li>\n<li>Protezione dei bordi rinforzata<\/li>\n<li>adatto alle taglie S-XL<\/li>\n<li>neoprene di alta qualit\u00e0<\/li>\n<li>prodotti nell'UE<\/li>\n<\/ul>\n<p>In caso di domande, vi preghiamo di contattarci via e-mail <em><span id=\"eeb-155689-965993\"><span id=\"eeb-90164-743965\">service@kayak-innovations.com<\/span><\/span><\/em> \ud83d\ude42<\/p>","protected":false},"excerpt":{"rendered":"<p>Original Kayak Innovations Spritzdecke perfekt auf den NATSEQ S\u00fcllrand abgestimmt.<\/p>","protected":false},"featured_media":111410,"template":"","meta":{"_et_pb_use_builder":"off","_et_pb_old_content":"Original Kayak Innovations Spritzdecke f\u00fcr NATSEQ Kajak.\r\n<ul>\r\n \t<li>neues Design<\/li>\r\n \t<li>perfekt auf den NATSEQ S\u00fcllrand abgestimmt<\/li>\r\n \t<li>verst\u00e4rkter Kantenschutz<\/li>\r\n \t<li>passend f\u00fcr Konfektionsgr\u00f6\u00dfen S-XL<\/li>\r\n \t<li>hochwertiges Neopren<\/li>\r\n \t<li>produziert in der EU<\/li>\r\n<\/ul>\r\nSolltet ihr noch Fragen haben, meldet euch gern per Mail an <em><span id=\"eeb-155689-965993\"><span id=\"eeb-90164-743965\">service@kayak-innovations.com<\/span><\/span><\/em> :)","_et_gb_content_width":""},"product_brand":[],"product_cat":[189],"product_tag":[],"class_list":{"0":"post-110304","1":"product","2":"type-product","3":"status-publish","4":"has-post-thumbnail","6":"product_cat-kayak-innovations-original-zubehoer","7":"product_shipping_class-paket","9":"first","10":"onbackorder","11":"taxable","12":"shipping-taxable","13":"purchasable","14":"product-type-simple"},"yoast_head":"<!-- This site is optimized with the Yoast SEO plugin v27.1.1 - https:\/\/yoast.com\/product\/yoast-seo-wordpress\/ -->\n<title>NATSEQ Spritzdecke - KAYAK INNOVATIONS<\/title>\n<meta name=\"robots\" content=\"index, follow, max-snippet:-1, max-image-preview:large, max-video-preview:-1\" \/>\n<link rel=\"canonical\" href=\"https:\/\/kayak-innovations.com\/it\/product\/natseq-spritzdecke-2024\/\" \/>\n<meta property=\"og:locale\" content=\"it_IT\" \/>\n<meta property=\"og:type\" content=\"article\" \/>\n<meta property=\"og:title\" content=\"NATSEQ Spritzdecke - KAYAK INNOVATIONS\" \/>\n<meta property=\"og:description\" content=\"Original Kayak Innovations Spritzdecke perfekt auf den NATSEQ S\u00fcllrand abgestimmt.\" \/>\n<meta property=\"og:url\" content=\"https:\/\/kayak-innovations.com\/it\/product\/natseq-spritzdecke-2024\/\" \/>\n<meta property=\"og:site_name\" content=\"KAYAK INNOVATIONS\" \/>\n<meta property=\"article:publisher\" content=\"https:\/\/www.facebook.com\/NATSEQ-108045581073906\" \/>\n<meta property=\"article:modified_time\" content=\"2026-02-26T09:09:53+00:00\" \/>\n<meta property=\"og:image\" content=\"https:\/\/kayak-innovations.com\/wp-content\/uploads\/2024\/04\/Spritzdecke_1000x1000_3.jpg\" \/>\n\t<meta property=\"og:image:width\" content=\"1000\" \/>\n\t<meta property=\"og:image:height\" content=\"1000\" \/>\n\t<meta property=\"og:image:type\" content=\"image\/jpeg\" \/>\n<meta name=\"twitter:card\" content=\"summary_large_image\" \/>\n<meta name=\"twitter:label1\" content=\"Tempo di lettura stimato\" \/>\n\t<meta name=\"twitter:data1\" content=\"1 minuto\" \/>\n<script type=\"application\/ld+json\" class=\"yoast-schema-graph\">{\"@context\":\"https:\/\/schema.org\",\"@graph\":[{\"@type\":\"WebPage\",\"@id\":\"https:\/\/kayak-innovations.com\/product\/natseq-spritzdecke-2024\/\",\"url\":\"https:\/\/kayak-innovations.com\/product\/natseq-spritzdecke-2024\/\",\"name\":\"NATSEQ Spritzdecke - KAYAK INNOVATIONS\",\"isPartOf\":{\"@id\":\"https:\/\/kayak-innovations.com\/#website\"},\"primaryImageOfPage\":{\"@id\":\"https:\/\/kayak-innovations.com\/product\/natseq-spritzdecke-2024\/#primaryimage\"},\"image\":{\"@id\":\"https:\/\/kayak-innovations.com\/product\/natseq-spritzdecke-2024\/#primaryimage\"},\"thumbnailUrl\":\"https:\/\/kayak-innovations.com\/wp-content\/uploads\/2024\/04\/Spritzdecke_1000x1000_3.jpg\",\"datePublished\":\"2024-04-19T15:28:48+00:00\",\"dateModified\":\"2026-02-26T09:09:53+00:00\",\"breadcrumb\":{\"@id\":\"https:\/\/kayak-innovations.com\/product\/natseq-spritzdecke-2024\/#breadcrumb\"},\"inLanguage\":\"it-IT\",\"potentialAction\":[{\"@type\":\"ReadAction\",\"target\":[\"https:\/\/kayak-innovations.com\/product\/natseq-spritzdecke-2024\/\"]}]},{\"@type\":\"ImageObject\",\"inLanguage\":\"it-IT\",\"@id\":\"https:\/\/kayak-innovations.com\/product\/natseq-spritzdecke-2024\/#primaryimage\",\"url\":\"https:\/\/kayak-innovations.com\/wp-content\/uploads\/2024\/04\/Spritzdecke_1000x1000_3.jpg\",\"contentUrl\":\"https:\/\/kayak-innovations.com\/wp-content\/uploads\/2024\/04\/Spritzdecke_1000x1000_3.jpg\",\"width\":1000,\"height\":1000},{\"@type\":\"BreadcrumbList\",\"@id\":\"https:\/\/kayak-innovations.com\/product\/natseq-spritzdecke-2024\/#breadcrumb\",\"itemListElement\":[{\"@type\":\"ListItem\",\"position\":1,\"name\":\"Startseite\",\"item\":\"https:\/\/kayak-innovations.com\/\"},{\"@type\":\"ListItem\",\"position\":2,\"name\":\"Shop\",\"item\":\"https:\/\/kayak-innovations.com\/kayak-innovations-online-shop-fuer-zubehoer-ersatzteile-und-mehr\/\"},{\"@type\":\"ListItem\",\"position\":3,\"name\":\"Kayak Innovations original Zubeh\u00f6r\",\"item\":\"https:\/\/kayak-innovations.com\/product-category\/kayak-innovations-original-zubehoer\/\"},{\"@type\":\"ListItem\",\"position\":4,\"name\":\"NATSEQ Spritzdecke\"}]},{\"@type\":\"WebSite\",\"@id\":\"https:\/\/kayak-innovations.com\/#website\",\"url\":\"https:\/\/kayak-innovations.com\/\",\"name\":\"KAYAK INNOVATIONS\",\"description\":\"Modulares Kajakdesign\",\"publisher\":{\"@id\":\"https:\/\/kayak-innovations.com\/#organization\"},\"potentialAction\":[{\"@type\":\"SearchAction\",\"target\":{\"@type\":\"EntryPoint\",\"urlTemplate\":\"https:\/\/kayak-innovations.com\/?s={search_term_string}\"},\"query-input\":{\"@type\":\"PropertyValueSpecification\",\"valueRequired\":true,\"valueName\":\"search_term_string\"}}],\"inLanguage\":\"it-IT\"},{\"@type\":\"Organization\",\"@id\":\"https:\/\/kayak-innovations.com\/#organization\",\"name\":\"KAYAK INNOVATIONS\",\"url\":\"https:\/\/kayak-innovations.com\/\",\"logo\":{\"@type\":\"ImageObject\",\"inLanguage\":\"it-IT\",\"@id\":\"https:\/\/kayak-innovations.com\/#\/schema\/logo\/image\/\",\"url\":\"https:\/\/kayak-innovations.com\/wp-content\/uploads\/2023\/03\/Logo_Kayak_Innovations.png\",\"contentUrl\":\"https:\/\/kayak-innovations.com\/wp-content\/uploads\/2023\/03\/Logo_Kayak_Innovations.png\",\"width\":640,\"height\":132,\"caption\":\"KAYAK INNOVATIONS\"},\"image\":{\"@id\":\"https:\/\/kayak-innovations.com\/#\/schema\/logo\/image\/\"},\"sameAs\":[\"https:\/\/www.facebook.com\/NATSEQ-108045581073906\",\"https:\/\/www.instagram.com\/kayak.innovations\/\"]}]}<\/script>\n<!-- \/ Yoast SEO plugin. -->","yoast_head_json":{"title":"NATSEQ Spritzdecke - KAYAK INNOVATIONS","robots":{"index":"index","follow":"follow","max-snippet":"max-snippet:-1","max-image-preview":"max-image-preview:large","max-video-preview":"max-video-preview:-1"},"canonical":"https:\/\/kayak-innovations.com\/it\/product\/natseq-spritzdecke-2024\/","og_locale":"it_IT","og_type":"article","og_title":"NATSEQ Spritzdecke - KAYAK INNOVATIONS","og_description":"Original Kayak Innovations Spritzdecke perfekt auf den NATSEQ S\u00fcllrand abgestimmt.","og_url":"https:\/\/kayak-innovations.com\/it\/product\/natseq-spritzdecke-2024\/","og_site_name":"KAYAK INNOVATIONS","article_publisher":"https:\/\/www.facebook.com\/NATSEQ-108045581073906","article_modified_time":"2026-02-26T09:09:53+00:00","og_image":[{"width":1000,"height":1000,"url":"https:\/\/kayak-innovations.com\/wp-content\/uploads\/2024\/04\/Spritzdecke_1000x1000_3.jpg","type":"image\/jpeg"}],"twitter_card":"summary_large_image","twitter_misc":{"Tempo di lettura stimato":"1 minuto"},"schema":{"@context":"https:\/\/schema.org","@graph":[{"@type":"WebPage","@id":"https:\/\/kayak-innovations.com\/product\/natseq-spritzdecke-2024\/","url":"https:\/\/kayak-innovations.com\/product\/natseq-spritzdecke-2024\/","name":"NATSEQ Spritzdecke - KAYAK INNOVATIONS","isPartOf":{"@id":"https:\/\/kayak-innovations.com\/#website"},"primaryImageOfPage":{"@id":"https:\/\/kayak-innovations.com\/product\/natseq-spritzdecke-2024\/#primaryimage"},"image":{"@id":"https:\/\/kayak-innovations.com\/product\/natseq-spritzdecke-2024\/#primaryimage"},"thumbnailUrl":"https:\/\/kayak-innovations.com\/wp-content\/uploads\/2024\/04\/Spritzdecke_1000x1000_3.jpg","datePublished":"2024-04-19T15:28:48+00:00","dateModified":"2026-02-26T09:09:53+00:00","breadcrumb":{"@id":"https:\/\/kayak-innovations.com\/product\/natseq-spritzdecke-2024\/#breadcrumb"},"inLanguage":"it-IT","potentialAction":[{"@type":"ReadAction","target":["https:\/\/kayak-innovations.com\/product\/natseq-spritzdecke-2024\/"]}]},{"@type":"ImageObject","inLanguage":"it-IT","@id":"https:\/\/kayak-innovations.com\/product\/natseq-spritzdecke-2024\/#primaryimage","url":"https:\/\/kayak-innovations.com\/wp-content\/uploads\/2024\/04\/Spritzdecke_1000x1000_3.jpg","contentUrl":"https:\/\/kayak-innovations.com\/wp-content\/uploads\/2024\/04\/Spritzdecke_1000x1000_3.jpg","width":1000,"height":1000},{"@type":"BreadcrumbList","@id":"https:\/\/kayak-innovations.com\/product\/natseq-spritzdecke-2024\/#breadcrumb","itemListElement":[{"@type":"ListItem","position":1,"name":"Startseite","item":"https:\/\/kayak-innovations.com\/"},{"@type":"ListItem","position":2,"name":"Shop","item":"https:\/\/kayak-innovations.com\/kayak-innovations-online-shop-fuer-zubehoer-ersatzteile-und-mehr\/"},{"@type":"ListItem","position":3,"name":"Kayak Innovations original Zubeh\u00f6r","item":"https:\/\/kayak-innovations.com\/product-category\/kayak-innovations-original-zubehoer\/"},{"@type":"ListItem","position":4,"name":"NATSEQ Spritzdecke"}]},{"@type":"WebSite","@id":"https:\/\/kayak-innovations.com\/#website","url":"https:\/\/kayak-innovations.com\/","name":"INNOVAZIONI PER IL KAYAK","description":"Modulares Kajakdesign","publisher":{"@id":"https:\/\/kayak-innovations.com\/#organization"},"potentialAction":[{"@type":"SearchAction","target":{"@type":"EntryPoint","urlTemplate":"https:\/\/kayak-innovations.com\/?s={search_term_string}"},"query-input":{"@type":"PropertyValueSpecification","valueRequired":true,"valueName":"search_term_string"}}],"inLanguage":"it-IT"},{"@type":"Organization","@id":"https:\/\/kayak-innovations.com\/#organization","name":"INNOVAZIONI PER IL KAYAK","url":"https:\/\/kayak-innovations.com\/","logo":{"@type":"ImageObject","inLanguage":"it-IT","@id":"https:\/\/kayak-innovations.com\/#\/schema\/logo\/image\/","url":"https:\/\/kayak-innovations.com\/wp-content\/uploads\/2023\/03\/Logo_Kayak_Innovations.png","contentUrl":"https:\/\/kayak-innovations.com\/wp-content\/uploads\/2023\/03\/Logo_Kayak_Innovations.png","width":640,"height":132,"caption":"KAYAK INNOVATIONS"},"image":{"@id":"https:\/\/kayak-innovations.com\/#\/schema\/logo\/image\/"},"sameAs":["https:\/\/www.facebook.com\/NATSEQ-108045581073906","https:\/\/www.instagram.com\/kayak.innovations\/"]}]}},"_links":{"self":[{"href":"https:\/\/kayak-innovations.com\/it\/wp-json\/wp\/v2\/product\/110304","targetHints":{"allow":["GET"]}}],"collection":[{"href":"https:\/\/kayak-innovations.com\/it\/wp-json\/wp\/v2\/product"}],"about":[{"href":"https:\/\/kayak-innovations.com\/it\/wp-json\/wp\/v2\/types\/product"}],"wp:featuredmedia":[{"embeddable":true,"href":"https:\/\/kayak-innovations.com\/it\/wp-json\/wp\/v2\/media\/111410"}],"wp:attachment":[{"href":"https:\/\/kayak-innovations.com\/it\/wp-json\/wp\/v2\/media?parent=110304"}],"wp:term":[{"taxonomy":"product_brand","embeddable":true,"href":"https:\/\/kayak-innovations.com\/it\/wp-json\/wp\/v2\/product_brand?post=110304"},{"taxonomy":"product_cat","embeddable":true,"href":"https:\/\/kayak-innovations.com\/it\/wp-json\/wp\/v2\/product_cat?post=110304"},{"taxonomy":"product_tag","embeddable":true,"href":"https:\/\/kayak-innovations.com\/it\/wp-json\/wp\/v2\/product_tag?post=110304"}],"curies":[{"name":"wp","href":"https:\/\/api.w.org\/{rel}","templated":true}]}}