{"id":110777,"date":"2024-06-26T15:23:25","date_gmt":"2024-06-26T14:23:25","guid":{"rendered":"https:\/\/kayak-innovations.com\/?post_type=product&#038;p=110777"},"modified":"2025-11-06T10:47:31","modified_gmt":"2025-11-06T09:47:31","slug":"natseq-starter-set-tandem-2","status":"publish","type":"product","link":"https:\/\/kayak-innovations.com\/it\/product\/natseq-starter-set-tandem-2\/","title":{"rendered":"NATSEQ Starter Set Tandem"},"content":{"rendered":"<p>Mit dem <strong>NATSEQ Starter Set Tandem<\/strong> seid ihr bestens ausgestattet, um eure ersten Paddelerlebnisse mit unserem modularen Kajak &#8222;NATSEQ&#8220; zu sammeln.Das Tandem kann in wenigen Sekunden zum Solo umgebaut werden. Ihr entscheidet, ob es allein oder gemeinsam aufs Wasser geht. Bitte teilt uns in den Anmerkungen beim Kauf mit, welche Farbkombi ihr f\u00fcr euer NATSEQ haben m\u00f6chtet. NATSEQ als Solo schafft eine Zuladung von 160kg, als Tandem kommen bis zu 260kg mit an Bord. F\u00fcr noch l\u00e4ngere Touren oder den Hund + Gep\u00e4ck bietet der PACKER weitere 60l an Ladevolumen und tr\u00e4gt nochmal bis zu 50kg. Wir haben ein schnelles, wendiges und leicht zu man\u00f6vrierendes Kajak konstruiert und gebaut, dass Euch viel Freude und entspannte Stunden auf dem Wasser bereiten wird! NATSEQ ist regional, weil zu 100 Prozent Made in Germany! Solltet ihr noch Fragen haben, meldet euch gern per Mail an <em>service@kayak-innovations.com<\/em> Weitere NATSEQ Module, Zubeh\u00f6r und Accessoires findet ihr im Shop Hauptmen\u00fc. Ihr \u00fcberlegt noch? Dann schaut doch mal nach Erfahrungsberichten im Netz. Einfach &#8222;NATSEQ Kajak&#8220; bei YouTube, facebook oder Instagram eingeben und gespannt sein. \ud83d\ude09<\/p>","protected":false},"excerpt":{"rendered":"<p>Das Starter-Set Tandem besteht aus:<br \/>\n1x NATSEQ Tandem in der Farbkombination deiner Wahl<br \/>\n2x original Kayak Innovations Paddel XLC LA 215-225cm<br \/>\n2x spraydeck originale Kayak Innovations<br \/>\n1x sistema di timone originale Kayak Innovations<\/p>","protected":false},"featured_media":111342,"template":"","meta":{"_et_pb_use_builder":"off","_et_pb_old_content":"Mit dem <strong>NATSEQ Starter-Set Tandem<\/strong> seid ihr bestens ausgestattet, um eure ersten Paddelerlebnisse mit unserem modularen Kajak \"NATSEQ\" zu sammeln.Das Tandem kann in wenigen Sekunden zum Solo umgebaut werden. Ihr entscheidet, ob es allein oder gemeinsam aufs Wasser geht.\r\nBitte teilt uns in den Anmerkungen beim Kauf mit, welche Farbkombi ihr f\u00fcr euer NATSEQ haben m\u00f6chtet.\r\n\r\nNATSEQ als Solo schafft eine Zuladung von 160kg, als Tandem kommen bis zu 260kg mit an Bord. F\u00fcr noch l\u00e4ngere Touren oder den Hund + Gep\u00e4ck bietet der PACKER weitere 60l an Ladevolumen und tr\u00e4gt nochmal bis zu 50kg. Wir haben ein schnelles, wendiges und leicht zu man\u00f6vrierendes Kajak konstruiert und gebaut, dass Euch viel Freude und entspannte Stunden auf dem Wasser bereiten wird!\r\n\r\nNATSEQ ist regional, weil zu 100 Prozent Made in Germany!\r\n\r\nSolltet ihr noch Fragen haben, meldet euch gern per Mail an <em>service@kayak-innovations.com<\/em>\r\n\r\nWeitere NATSEQ Module, Zubeh\u00f6r und Accessoires findet ihr im Shop Hauptmen\u00fc.\r\n\r\nIhr \u00fcberlegt noch? Dann schaut doch mal nach Erfahrungsberichten im Netz. Einfach \"NATSEQ Kajak\" bei YouTube, facebook oder Instagram eingeben und gespannt sein. ;)","_et_gb_content_width":""},"product_brand":[],"product_cat":[211],"product_tag":[],"class_list":{"0":"post-110777","1":"product","2":"type-product","3":"status-publish","4":"has-post-thumbnail","6":"product_cat-natseq-rundum-sorglos-pakete-2","7":"product_shipping_class-eu-einweg-palette","9":"first","10":"outofstock","11":"taxable","12":"shipping-taxable","13":"purchasable","14":"product-type-simple"},"yoast_head":"<!-- This site is optimized with the Yoast SEO plugin v27.1.1 - https:\/\/yoast.com\/product\/yoast-seo-wordpress\/ -->\n<title>NATSEQ Starter-Set Tandem - KAYAK INNOVATIONS<\/title>\n<meta name=\"robots\" content=\"index, follow, max-snippet:-1, max-image-preview:large, max-video-preview:-1\" \/>\n<link rel=\"canonical\" href=\"https:\/\/kayak-innovations.com\/it\/product\/natseq-starter-set-tandem-2\/\" \/>\n<meta property=\"og:locale\" content=\"it_IT\" \/>\n<meta property=\"og:type\" content=\"article\" \/>\n<meta property=\"og:title\" content=\"NATSEQ Starter-Set Tandem - KAYAK INNOVATIONS\" \/>\n<meta property=\"og:description\" content=\"Das Starter-Set Tandem besteht aus: 1x NATSEQ Tandem in der Farbkombination deiner Wahl 2x original Kayak Innovations Paddel XLC LA 215-225cm 2x original Kayak Innovations Spritzdecke 1x original Kayak Innovations Ruderanlage\" \/>\n<meta property=\"og:url\" content=\"https:\/\/kayak-innovations.com\/it\/product\/natseq-starter-set-tandem-2\/\" \/>\n<meta property=\"og:site_name\" content=\"KAYAK INNOVATIONS\" \/>\n<meta property=\"article:publisher\" content=\"https:\/\/www.facebook.com\/NATSEQ-108045581073906\" \/>\n<meta property=\"article:modified_time\" content=\"2025-11-06T09:47:31+00:00\" \/>\n<meta property=\"og:image\" content=\"https:\/\/kayak-innovations.com\/wp-content\/uploads\/2024\/06\/Set_Einsteiger_Trandem_Uebersicht_1600x1600_blau.jpg\" \/>\n\t<meta property=\"og:image:width\" content=\"1600\" \/>\n\t<meta property=\"og:image:height\" content=\"1600\" \/>\n\t<meta property=\"og:image:type\" content=\"image\/jpeg\" \/>\n<meta name=\"twitter:card\" content=\"summary_large_image\" \/>\n<meta name=\"twitter:label1\" content=\"Tempo di lettura stimato\" \/>\n\t<meta name=\"twitter:data1\" content=\"2 minuti\" \/>\n<script type=\"application\/ld+json\" class=\"yoast-schema-graph\">{\"@context\":\"https:\/\/schema.org\",\"@graph\":[{\"@type\":\"WebPage\",\"@id\":\"https:\/\/kayak-innovations.com\/product\/natseq-starter-set-tandem-2\/\",\"url\":\"https:\/\/kayak-innovations.com\/product\/natseq-starter-set-tandem-2\/\",\"name\":\"NATSEQ Starter-Set Tandem - KAYAK INNOVATIONS\",\"isPartOf\":{\"@id\":\"https:\/\/kayak-innovations.com\/#website\"},\"primaryImageOfPage\":{\"@id\":\"https:\/\/kayak-innovations.com\/product\/natseq-starter-set-tandem-2\/#primaryimage\"},\"image\":{\"@id\":\"https:\/\/kayak-innovations.com\/product\/natseq-starter-set-tandem-2\/#primaryimage\"},\"thumbnailUrl\":\"https:\/\/kayak-innovations.com\/wp-content\/uploads\/2024\/06\/Set_Einsteiger_Trandem_Uebersicht_1600x1600_blau.jpg\",\"datePublished\":\"2024-06-26T14:23:25+00:00\",\"dateModified\":\"2025-11-06T09:47:31+00:00\",\"breadcrumb\":{\"@id\":\"https:\/\/kayak-innovations.com\/product\/natseq-starter-set-tandem-2\/#breadcrumb\"},\"inLanguage\":\"it-IT\",\"potentialAction\":[{\"@type\":\"ReadAction\",\"target\":[\"https:\/\/kayak-innovations.com\/product\/natseq-starter-set-tandem-2\/\"]}]},{\"@type\":\"ImageObject\",\"inLanguage\":\"it-IT\",\"@id\":\"https:\/\/kayak-innovations.com\/product\/natseq-starter-set-tandem-2\/#primaryimage\",\"url\":\"https:\/\/kayak-innovations.com\/wp-content\/uploads\/2024\/06\/Set_Einsteiger_Trandem_Uebersicht_1600x1600_blau.jpg\",\"contentUrl\":\"https:\/\/kayak-innovations.com\/wp-content\/uploads\/2024\/06\/Set_Einsteiger_Trandem_Uebersicht_1600x1600_blau.jpg\",\"width\":1600,\"height\":1600},{\"@type\":\"BreadcrumbList\",\"@id\":\"https:\/\/kayak-innovations.com\/product\/natseq-starter-set-tandem-2\/#breadcrumb\",\"itemListElement\":[{\"@type\":\"ListItem\",\"position\":1,\"name\":\"Startseite\",\"item\":\"https:\/\/kayak-innovations.com\/\"},{\"@type\":\"ListItem\",\"position\":2,\"name\":\"Shop\",\"item\":\"https:\/\/kayak-innovations.com\/kayak-innovations-online-shop-fuer-zubehoer-ersatzteile-und-mehr\/\"},{\"@type\":\"ListItem\",\"position\":3,\"name\":\"NATSEQ - Sets\",\"item\":\"https:\/\/kayak-innovations.com\/product-category\/natseq-rundum-sorglos-pakete-2\/\"},{\"@type\":\"ListItem\",\"position\":4,\"name\":\"NATSEQ Starter-Set Tandem\"}]},{\"@type\":\"WebSite\",\"@id\":\"https:\/\/kayak-innovations.com\/#website\",\"url\":\"https:\/\/kayak-innovations.com\/\",\"name\":\"KAYAK INNOVATIONS\",\"description\":\"Modulares Kajakdesign\",\"publisher\":{\"@id\":\"https:\/\/kayak-innovations.com\/#organization\"},\"potentialAction\":[{\"@type\":\"SearchAction\",\"target\":{\"@type\":\"EntryPoint\",\"urlTemplate\":\"https:\/\/kayak-innovations.com\/?s={search_term_string}\"},\"query-input\":{\"@type\":\"PropertyValueSpecification\",\"valueRequired\":true,\"valueName\":\"search_term_string\"}}],\"inLanguage\":\"it-IT\"},{\"@type\":\"Organization\",\"@id\":\"https:\/\/kayak-innovations.com\/#organization\",\"name\":\"KAYAK INNOVATIONS\",\"url\":\"https:\/\/kayak-innovations.com\/\",\"logo\":{\"@type\":\"ImageObject\",\"inLanguage\":\"it-IT\",\"@id\":\"https:\/\/kayak-innovations.com\/#\/schema\/logo\/image\/\",\"url\":\"https:\/\/kayak-innovations.com\/wp-content\/uploads\/2023\/03\/Logo_Kayak_Innovations.png\",\"contentUrl\":\"https:\/\/kayak-innovations.com\/wp-content\/uploads\/2023\/03\/Logo_Kayak_Innovations.png\",\"width\":640,\"height\":132,\"caption\":\"KAYAK INNOVATIONS\"},\"image\":{\"@id\":\"https:\/\/kayak-innovations.com\/#\/schema\/logo\/image\/\"},\"sameAs\":[\"https:\/\/www.facebook.com\/NATSEQ-108045581073906\",\"https:\/\/www.instagram.com\/kayak.innovations\/\"]}]}<\/script>\n<!-- \/ Yoast SEO plugin. -->","yoast_head_json":{"title":"NATSEQ Starter-Set Tandem - KAYAK INNOVATIONS","robots":{"index":"index","follow":"follow","max-snippet":"max-snippet:-1","max-image-preview":"max-image-preview:large","max-video-preview":"max-video-preview:-1"},"canonical":"https:\/\/kayak-innovations.com\/it\/product\/natseq-starter-set-tandem-2\/","og_locale":"it_IT","og_type":"article","og_title":"NATSEQ Starter-Set Tandem - KAYAK INNOVATIONS","og_description":"Das Starter-Set Tandem besteht aus: 1x NATSEQ Tandem in der Farbkombination deiner Wahl 2x original Kayak Innovations Paddel XLC LA 215-225cm 2x original Kayak Innovations Spritzdecke 1x original Kayak Innovations Ruderanlage","og_url":"https:\/\/kayak-innovations.com\/it\/product\/natseq-starter-set-tandem-2\/","og_site_name":"KAYAK INNOVATIONS","article_publisher":"https:\/\/www.facebook.com\/NATSEQ-108045581073906","article_modified_time":"2025-11-06T09:47:31+00:00","og_image":[{"width":1600,"height":1600,"url":"https:\/\/kayak-innovations.com\/wp-content\/uploads\/2024\/06\/Set_Einsteiger_Trandem_Uebersicht_1600x1600_blau.jpg","type":"image\/jpeg"}],"twitter_card":"summary_large_image","twitter_misc":{"Tempo di lettura stimato":"2 minuti"},"schema":{"@context":"https:\/\/schema.org","@graph":[{"@type":"WebPage","@id":"https:\/\/kayak-innovations.com\/product\/natseq-starter-set-tandem-2\/","url":"https:\/\/kayak-innovations.com\/product\/natseq-starter-set-tandem-2\/","name":"NATSEQ Starter-Set Tandem - KAYAK INNOVATIONS","isPartOf":{"@id":"https:\/\/kayak-innovations.com\/#website"},"primaryImageOfPage":{"@id":"https:\/\/kayak-innovations.com\/product\/natseq-starter-set-tandem-2\/#primaryimage"},"image":{"@id":"https:\/\/kayak-innovations.com\/product\/natseq-starter-set-tandem-2\/#primaryimage"},"thumbnailUrl":"https:\/\/kayak-innovations.com\/wp-content\/uploads\/2024\/06\/Set_Einsteiger_Trandem_Uebersicht_1600x1600_blau.jpg","datePublished":"2024-06-26T14:23:25+00:00","dateModified":"2025-11-06T09:47:31+00:00","breadcrumb":{"@id":"https:\/\/kayak-innovations.com\/product\/natseq-starter-set-tandem-2\/#breadcrumb"},"inLanguage":"it-IT","potentialAction":[{"@type":"ReadAction","target":["https:\/\/kayak-innovations.com\/product\/natseq-starter-set-tandem-2\/"]}]},{"@type":"ImageObject","inLanguage":"it-IT","@id":"https:\/\/kayak-innovations.com\/product\/natseq-starter-set-tandem-2\/#primaryimage","url":"https:\/\/kayak-innovations.com\/wp-content\/uploads\/2024\/06\/Set_Einsteiger_Trandem_Uebersicht_1600x1600_blau.jpg","contentUrl":"https:\/\/kayak-innovations.com\/wp-content\/uploads\/2024\/06\/Set_Einsteiger_Trandem_Uebersicht_1600x1600_blau.jpg","width":1600,"height":1600},{"@type":"BreadcrumbList","@id":"https:\/\/kayak-innovations.com\/product\/natseq-starter-set-tandem-2\/#breadcrumb","itemListElement":[{"@type":"ListItem","position":1,"name":"Startseite","item":"https:\/\/kayak-innovations.com\/"},{"@type":"ListItem","position":2,"name":"Shop","item":"https:\/\/kayak-innovations.com\/kayak-innovations-online-shop-fuer-zubehoer-ersatzteile-und-mehr\/"},{"@type":"ListItem","position":3,"name":"NATSEQ - Sets","item":"https:\/\/kayak-innovations.com\/product-category\/natseq-rundum-sorglos-pakete-2\/"},{"@type":"ListItem","position":4,"name":"NATSEQ Starter-Set Tandem"}]},{"@type":"WebSite","@id":"https:\/\/kayak-innovations.com\/#website","url":"https:\/\/kayak-innovations.com\/","name":"INNOVAZIONI PER IL KAYAK","description":"Modulares Kajakdesign","publisher":{"@id":"https:\/\/kayak-innovations.com\/#organization"},"potentialAction":[{"@type":"SearchAction","target":{"@type":"EntryPoint","urlTemplate":"https:\/\/kayak-innovations.com\/?s={search_term_string}"},"query-input":{"@type":"PropertyValueSpecification","valueRequired":true,"valueName":"search_term_string"}}],"inLanguage":"it-IT"},{"@type":"Organization","@id":"https:\/\/kayak-innovations.com\/#organization","name":"INNOVAZIONI PER IL KAYAK","url":"https:\/\/kayak-innovations.com\/","logo":{"@type":"ImageObject","inLanguage":"it-IT","@id":"https:\/\/kayak-innovations.com\/#\/schema\/logo\/image\/","url":"https:\/\/kayak-innovations.com\/wp-content\/uploads\/2023\/03\/Logo_Kayak_Innovations.png","contentUrl":"https:\/\/kayak-innovations.com\/wp-content\/uploads\/2023\/03\/Logo_Kayak_Innovations.png","width":640,"height":132,"caption":"KAYAK INNOVATIONS"},"image":{"@id":"https:\/\/kayak-innovations.com\/#\/schema\/logo\/image\/"},"sameAs":["https:\/\/www.facebook.com\/NATSEQ-108045581073906","https:\/\/www.instagram.com\/kayak.innovations\/"]}]}},"_links":{"self":[{"href":"https:\/\/kayak-innovations.com\/it\/wp-json\/wp\/v2\/product\/110777","targetHints":{"allow":["GET"]}}],"collection":[{"href":"https:\/\/kayak-innovations.com\/it\/wp-json\/wp\/v2\/product"}],"about":[{"href":"https:\/\/kayak-innovations.com\/it\/wp-json\/wp\/v2\/types\/product"}],"wp:featuredmedia":[{"embeddable":true,"href":"https:\/\/kayak-innovations.com\/it\/wp-json\/wp\/v2\/media\/111342"}],"wp:attachment":[{"href":"https:\/\/kayak-innovations.com\/it\/wp-json\/wp\/v2\/media?parent=110777"}],"wp:term":[{"taxonomy":"product_brand","embeddable":true,"href":"https:\/\/kayak-innovations.com\/it\/wp-json\/wp\/v2\/product_brand?post=110777"},{"taxonomy":"product_cat","embeddable":true,"href":"https:\/\/kayak-innovations.com\/it\/wp-json\/wp\/v2\/product_cat?post=110777"},{"taxonomy":"product_tag","embeddable":true,"href":"https:\/\/kayak-innovations.com\/it\/wp-json\/wp\/v2\/product_tag?post=110777"}],"curies":[{"name":"wp","href":"https:\/\/api.w.org\/{rel}","templated":true}]}}